{"id":6679,"date":"2026-05-06T11:37:42","date_gmt":"2026-05-06T08:37:42","guid":{"rendered":"https:\/\/patsid.ee\/?post_type=product&#038;p=6679"},"modified":"2026-05-06T11:54:50","modified_gmt":"2026-05-06T08:54:50","slug":"midnight-magic-sugavpuhastav-tahke-sampoon-100g","status":"publish","type":"product","link":"https:\/\/patsid.ee\/en\/product\/midnight-magic-sugavpuhastav-tahke-sampoon-100g\/","title":{"rendered":"Midnight Magic s\u00fcgavpuhastav tahke \u0161ampoon &#8211; 100g"},"content":{"rendered":"<p>\u00d5rn ja s\u00fcgavpuhastav tahke \u0161ampoon rastapatsidele ja tundlikule peanahale.<\/p>\n<p data-start=\"0\" data-end=\"41\">Siin on p\u00f5hjused, miks see sulle meeldib:<\/p>\n<p data-start=\"43\" data-end=\"245\" data-is-last-node=\"\" data-is-only-node=\"\">\u2022 Puhastab s\u00fcgavuti, kuid \u00f5rnalt, austades sinu peanahka<br data-start=\"99\" data-end=\"102\" \/>\u2022 Detox-efektiga hooldus, mis toidab juukseid p\u00e4rast rastapatside puhastust<br data-start=\"177\" data-end=\"180\" \/>\u2022 J\u00e4tab juuksed v\u00e4rskeks, kergeks ja loomulikult tasakaalustatuks<\/p>\n<p data-start=\"0\" data-end=\"266\">Midnight Magic Cleansing Shampoo on uus ja innovaatiline tahke \u0161ampoon, mis erineb traditsioonilistest seebitahvlitest, kuna on valmistatud \u00f5rna pindaktiivse ainega ning sellel on madal pH-tase. See muudab selle eriti sobivaks tundlikule peanahale ja rastapatsidele.<\/p>\n<p data-start=\"268\" data-end=\"453\">Unikaalne koostis tagab t\u00f5husa ja s\u00fcgavpuhastava toime, kahjustamata rastapatside struktuuri. Juuksed j\u00e4\u00e4vad v\u00e4rsked, tasakaalus ja hooldatud t\u00e4nu harmoonilisele eeterlike \u00f5lide segule.<\/p>\n<p data-start=\"455\" data-end=\"652\">Ideaalne neile, kes pesevad juukseid harvemini \u2013 ning suurep\u00e4rane valik p\u00e4rast rastapatside puhastust. Kasuta seda p\u00e4rast detox-protseduuri, et eemaldada j\u00e4\u00e4gid ja anda juustele vajalikku hooldust.<\/p>\n<p data-start=\"654\" data-end=\"731\" data-is-last-node=\"\" data-is-only-node=\"\"><strong>M\u00e4rkus<\/strong>: Toode on k\u00e4sitsi l\u00f5igatud, mist\u00f5ttu v\u00f5ib selle kaal veidi varieeruda.<\/p>\n<p data-start=\"0\" data-end=\"11\"><strong data-start=\"0\" data-end=\"11\">Eelised<\/strong><\/p>\n<p data-start=\"13\" data-end=\"521\" data-is-last-node=\"\" data-is-only-node=\"\">\u2022 Madala pH-ga, \u00f5rn pindaktiivsete ainete s\u00fcsteem \u2013 sobib ideaalselt tundlikule peanahale<br data-start=\"102\" data-end=\"105\" \/>\u2022 Eemaldab t\u00f5husalt mustuse, ladestused ja liigse rasu<br data-start=\"159\" data-end=\"162\" \/>\u2022 Tasakaalustab peanahka ja annab loomuliku l\u00e4ike t\u00e4nu \u00f5unasiidri\u00e4\u00e4dikale<br data-start=\"235\" data-end=\"238\" \/>\u2022 Aktiivs\u00fcsi detox-efektiga j\u00e4tab juuksed v\u00e4rskeks ja kergeks<br data-start=\"299\" data-end=\"302\" \/>\u2022 Kanepiseemne\u00f5li ja riisiproteiin toidavad ja tugevdavad juukseid<br data-start=\"368\" data-end=\"371\" \/>\u2022 K\u00e4sitsi valmistatud, vegan ja plastivaba<br data-start=\"413\" data-end=\"416\" \/>\u2022 Rahustav viiruki ja v\u00e4rske sidrunheina l\u00f5hn<br data-start=\"461\" data-end=\"464\" \/>\u2022 Kauakestev \u2013 kuni 50 pesukorda \u00fche tahke \u0161ampooni kohta<\/p>\n<p data-start=\"13\" data-end=\"521\" data-is-last-node=\"\" data-is-only-node=\"\">Koostis:<\/p>\n<p data-start=\"0\" data-end=\"542\">Naatriumkoko\u00fc\u00fclisethionaad (kookosp\u00e4hklist saadud), vesi, kanepi (<span class=\"hover:entity-accent entity-underline inline cursor-pointer align-baseline\"><span class=\"whitespace-normal\">Cannabis sativa<\/span><\/span>) seemne\u00f5li*, betaiin (suhkrupeedist), s\u00f6epulber, paju (<span class=\"hover:entity-accent entity-underline inline cursor-pointer align-baseline\"><span class=\"whitespace-normal\">Salix purpurea<\/span><\/span>) kooreekstrakt*, \u00f5unasiidri\u00e4\u00e4dikas*, h\u00fcdrol\u00fc\u00fcsitud riisiproteiin, viiruki (<span class=\"hover:entity-accent entity-underline inline cursor-pointer align-baseline\"><span class=\"whitespace-normal\">Boswellia serrata<\/span><\/span>) \u00f5li*, naatriumbensoaat, kaaliumsorbaat, sidrunheina (<span class=\"hover:entity-accent entity-underline inline cursor-pointer align-baseline\"><span class=\"whitespace-normal\">Cymbopogon citratus<\/span><\/span>) lehe\u00f5li*, salvei (<span class=\"hover:entity-accent entity-underline inline cursor-pointer align-baseline\"><span class=\"whitespace-normal\">Salvia officinalis<\/span><\/span>) \u00f5li*, tsitraal**, geraniool**, linalool**, tsitronellool**, limoneen**, eugenool**<\/p>\n<p data-start=\"544\" data-end=\"619\" data-is-last-node=\"\" data-is-only-node=\"\">* = Mahep\u00f5llumajanduslikud koostisosad<br data-start=\"583\" data-end=\"586\" \/>** = Eeterlike \u00f5lide koostisosad<\/p>\n<p data-start=\"544\" data-end=\"619\" data-is-last-node=\"\" data-is-only-node=\"\">Kasutusjuhend:<\/p>\n<ol>\n<li data-start=\"0\" data-end=\"275\">Niisuta oma juuksed v\u00f5i rastapatsid p\u00f5hjalikult.<\/li>\n<li data-start=\"0\" data-end=\"275\">Tekita vaht, h\u00f5\u00f5rudes tahket \u0161ampooni k\u00e4te vahel, v\u00f5i kanna see otse peanahale.<\/li>\n<li data-start=\"0\" data-end=\"275\">Masseeri \u00f5rnalt juuksejuurtesse ja kogu juuste pikkusesse.<\/li>\n<li data-start=\"0\" data-end=\"275\">Loputa hoolikalt veega.<\/li>\n<li data-start=\"0\" data-end=\"275\">Hoia tahke \u0161ampoon kasutuskordade vahel kuivas kohas.<\/li>\n<\/ol>\n<p data-start=\"277\" data-end=\"372\" data-is-last-node=\"\" data-is-only-node=\"\">Nipp: ideaalne kasutamiseks p\u00e4rast detox-protseduuri, et eemaldada j\u00e4\u00e4gid ja taastada tasakaal.<\/p>","protected":false},"excerpt":{"rendered":"<p data-start=\"44\" data-end=\"185\">\u00d5rn ja s\u00fcgavpuhastav tahke \u0161ampoon rastapatsidele ja tundlikule peanahale.<\/p>\n<p data-start=\"0\" data-end=\"41\">Siin on p\u00f5hjused, miks see sulle meeldib:<\/p>\n<p data-start=\"43\" data-end=\"245\" data-is-last-node=\"\" data-is-only-node=\"\">\u2022 Puhastab s\u00fcgavuti, kuid \u00f5rnalt, austades sinu peanahka<br data-start=\"99\" data-end=\"102\" \/>\u2022 Detox-efektiga hooldus, mis toidab juukseid p\u00e4rast rastapatside puhastust<br data-start=\"177\" data-end=\"180\" \/>\u2022 J\u00e4tab juuksed v\u00e4rskeks, kergeks ja loomulikult tasakaalustatuks<\/p>","protected":false},"featured_media":6680,"template":"","meta":{"site-sidebar-layout":"default","site-content-layout":"","ast-site-content-layout":"default","site-content-style":"default","site-sidebar-style":"default","ast-global-header-display":"","ast-banner-title-visibility":"","ast-main-header-display":"","ast-hfb-above-header-display":"","ast-hfb-below-header-display":"","ast-hfb-mobile-header-display":"","site-post-title":"","ast-breadcrumbs-content":"","ast-featured-img":"","footer-sml-layout":"","ast-disable-related-posts":"","theme-transparent-header-meta":"default","adv-header-id-meta":"","stick-header-meta":"","header-above-stick-meta":"","header-main-stick-meta":"","header-below-stick-meta":"","astra-migrate-meta-layouts":"set","ast-page-background-enabled":"default","ast-page-background-meta":{"desktop":{"background-color":"","background-image":"","background-repeat":"repeat","background-position":"center center","background-size":"auto","background-attachment":"scroll","background-type":"","background-media":"","overlay-type":"","overlay-color":"","overlay-opacity":"","overlay-gradient":""},"tablet":{"background-color":"","background-image":"","background-repeat":"repeat","background-position":"center center","background-size":"auto","background-attachment":"scroll","background-type":"","background-media":"","overlay-type":"","overlay-color":"","overlay-opacity":"","overlay-gradient":""},"mobile":{"background-color":"","background-image":"","background-repeat":"repeat","background-position":"center center","background-size":"auto","background-attachment":"scroll","background-type":"","background-media":"","overlay-type":"","overlay-color":"","overlay-opacity":"","overlay-gradient":""}},"ast-content-background-meta":{"desktop":{"background-color":"var(--ast-global-color-5)","background-image":"","background-repeat":"repeat","background-position":"center center","background-size":"auto","background-attachment":"scroll","background-type":"","background-media":"","overlay-type":"","overlay-color":"","overlay-opacity":"","overlay-gradient":""},"tablet":{"background-color":"var(--ast-global-color-5)","background-image":"","background-repeat":"repeat","background-position":"center center","background-size":"auto","background-attachment":"scroll","background-type":"","background-media":"","overlay-type":"","overlay-color":"","overlay-opacity":"","overlay-gradient":""},"mobile":{"background-color":"var(--ast-global-color-5)","background-image":"","background-repeat":"repeat","background-position":"center center","background-size":"auto","background-attachment":"scroll","background-type":"","background-media":"","overlay-type":"","overlay-color":"","overlay-opacity":"","overlay-gradient":""}},"iawp_total_views":0},"product_brand":[],"product_cat":[54],"product_tag":[],"class_list":{"0":"post-6679","1":"product","2":"type-product","3":"status-publish","4":"has-post-thumbnail","6":"product_cat-rawroots-patsihooldustooted","7":"desktop-align-left","8":"tablet-align-left","9":"mobile-align-left","11":"first","12":"instock","13":"taxable","14":"shipping-taxable","15":"purchasable","16":"product-type-simple"},"yoast_head":"<!-- This site is optimized with the Yoast SEO plugin v27.6 - https:\/\/yoast.com\/product\/yoast-seo-wordpress\/ -->\n<title>Midnight Magic s\u00fcgavpuhastav tahke \u0161ampoon - 100g | patsid.ee<\/title>\n<meta name=\"robots\" content=\"index, follow, max-snippet:-1, max-image-preview:large, max-video-preview:-1\" \/>\n<link rel=\"canonical\" href=\"https:\/\/patsid.ee\/en\/product\/midnight-magic-sugavpuhastav-tahke-sampoon-100g\/\" \/>\n<meta property=\"og:locale\" content=\"en_US\" \/>\n<meta property=\"og:type\" content=\"article\" \/>\n<meta property=\"og:title\" content=\"Midnight Magic s\u00fcgavpuhastav tahke \u0161ampoon - 100g | patsid.ee\" \/>\n<meta property=\"og:description\" content=\"\u00d5rn ja s\u00fcgavpuhastav tahke \u0161ampoon rastapatsidele ja tundlikule peanahale. Siin on p\u00f5hjused, miks see sulle meeldib: \u2022 Puhastab s\u00fcgavuti, kuid \u00f5rnalt, austades sinu peanahka\u2022 Detox-efektiga hooldus, mis toidab juukseid p\u00e4rast rastapatside puhastust\u2022 J\u00e4tab juuksed v\u00e4rskeks, kergeks ja loomulikult tasakaalustatuks\" \/>\n<meta property=\"og:url\" content=\"https:\/\/patsid.ee\/en\/product\/midnight-magic-sugavpuhastav-tahke-sampoon-100g\/\" \/>\n<meta property=\"og:site_name\" content=\"patsid.ee\" \/>\n<meta property=\"article:publisher\" content=\"https:\/\/www.facebook.com\/rastadehooldus\" \/>\n<meta property=\"article:modified_time\" content=\"2026-05-06T08:54:50+00:00\" \/>\n<meta property=\"og:image\" content=\"https:\/\/patsid.ee\/wp-content\/uploads\/2026\/05\/MidnightMagic-CleansingDreadlockShampooBarfullsize.webp\" \/>\n\t<meta property=\"og:image:width\" content=\"600\" \/>\n\t<meta property=\"og:image:height\" content=\"600\" \/>\n\t<meta property=\"og:image:type\" content=\"image\/webp\" \/>\n<meta name=\"twitter:card\" content=\"summary_large_image\" \/>\n<meta name=\"twitter:label1\" content=\"Est. reading time\" \/>\n\t<meta name=\"twitter:data1\" content=\"2 minutes\" \/>\n<script type=\"application\/ld+json\" class=\"yoast-schema-graph\">{\"@context\":\"https:\\\/\\\/schema.org\",\"@graph\":[{\"@type\":\"WebPage\",\"@id\":\"https:\\\/\\\/patsid.ee\\\/product\\\/midnight-magic-sugavpuhastav-tahke-sampoon-100g\\\/\",\"url\":\"https:\\\/\\\/patsid.ee\\\/product\\\/midnight-magic-sugavpuhastav-tahke-sampoon-100g\\\/\",\"name\":\"Midnight Magic s\u00fcgavpuhastav tahke \u0161ampoon - 100g | patsid.ee\",\"isPartOf\":{\"@id\":\"https:\\\/\\\/patsid.ee\\\/#website\"},\"primaryImageOfPage\":{\"@id\":\"https:\\\/\\\/patsid.ee\\\/product\\\/midnight-magic-sugavpuhastav-tahke-sampoon-100g\\\/#primaryimage\"},\"image\":{\"@id\":\"https:\\\/\\\/patsid.ee\\\/product\\\/midnight-magic-sugavpuhastav-tahke-sampoon-100g\\\/#primaryimage\"},\"thumbnailUrl\":\"https:\\\/\\\/patsid.ee\\\/wp-content\\\/uploads\\\/2026\\\/05\\\/MidnightMagic-CleansingDreadlockShampooBarfullsize.webp\",\"datePublished\":\"2026-05-06T08:37:42+00:00\",\"dateModified\":\"2026-05-06T08:54:50+00:00\",\"breadcrumb\":{\"@id\":\"https:\\\/\\\/patsid.ee\\\/product\\\/midnight-magic-sugavpuhastav-tahke-sampoon-100g\\\/#breadcrumb\"},\"inLanguage\":\"en-US\",\"potentialAction\":[{\"@type\":\"ReadAction\",\"target\":[\"https:\\\/\\\/patsid.ee\\\/product\\\/midnight-magic-sugavpuhastav-tahke-sampoon-100g\\\/\"]}]},{\"@type\":\"ImageObject\",\"inLanguage\":\"en-US\",\"@id\":\"https:\\\/\\\/patsid.ee\\\/product\\\/midnight-magic-sugavpuhastav-tahke-sampoon-100g\\\/#primaryimage\",\"url\":\"https:\\\/\\\/patsid.ee\\\/wp-content\\\/uploads\\\/2026\\\/05\\\/MidnightMagic-CleansingDreadlockShampooBarfullsize.webp\",\"contentUrl\":\"https:\\\/\\\/patsid.ee\\\/wp-content\\\/uploads\\\/2026\\\/05\\\/MidnightMagic-CleansingDreadlockShampooBarfullsize.webp\",\"width\":600,\"height\":600,\"caption\":\"Midnight Magic s\u00fcgavpuhastav tahke \u0161ampoon - 100g\"},{\"@type\":\"BreadcrumbList\",\"@id\":\"https:\\\/\\\/patsid.ee\\\/product\\\/midnight-magic-sugavpuhastav-tahke-sampoon-100g\\\/#breadcrumb\",\"itemListElement\":[{\"@type\":\"ListItem\",\"position\":1,\"name\":\"Home\",\"item\":\"https:\\\/\\\/patsid.ee\\\/\"},{\"@type\":\"ListItem\",\"position\":2,\"name\":\"Midnight Magic s\u00fcgavpuhastav tahke \u0161ampoon &#8211; 100g\"}]},{\"@type\":\"WebSite\",\"@id\":\"https:\\\/\\\/patsid.ee\\\/#website\",\"url\":\"https:\\\/\\\/patsid.ee\\\/\",\"name\":\"RAP Rastade hooldus\",\"description\":\"Afropatsid, lokipatsid ja rastapatsid \u2014 teenused, kursused ja e-pood\",\"publisher\":{\"@id\":\"https:\\\/\\\/patsid.ee\\\/#organization\"},\"potentialAction\":[{\"@type\":\"SearchAction\",\"target\":{\"@type\":\"EntryPoint\",\"urlTemplate\":\"https:\\\/\\\/patsid.ee\\\/?s={search_term_string}\"},\"query-input\":{\"@type\":\"PropertyValueSpecification\",\"valueRequired\":true,\"valueName\":\"search_term_string\"}}],\"inLanguage\":\"en-US\"},{\"@type\":\"Organization\",\"@id\":\"https:\\\/\\\/patsid.ee\\\/#organization\",\"name\":\"RAP Rastade hooldus\",\"url\":\"https:\\\/\\\/patsid.ee\\\/\",\"logo\":{\"@type\":\"ImageObject\",\"inLanguage\":\"en-US\",\"@id\":\"https:\\\/\\\/patsid.ee\\\/#\\\/schema\\\/logo\\\/image\\\/\",\"url\":\"https:\\\/\\\/patsid.ee\\\/wp-content\\\/uploads\\\/2025\\\/08\\\/cropped-5.png\",\"contentUrl\":\"https:\\\/\\\/patsid.ee\\\/wp-content\\\/uploads\\\/2025\\\/08\\\/cropped-5.png\",\"width\":500,\"height\":500,\"caption\":\"RAP Rastade hooldus\"},\"image\":{\"@id\":\"https:\\\/\\\/patsid.ee\\\/#\\\/schema\\\/logo\\\/image\\\/\"},\"sameAs\":[\"https:\\\/\\\/www.facebook.com\\\/rastadehooldus\",\"https:\\\/\\\/www.instagram.com\\\/raprastadafrodpunutised\\\/\"]}]}<\/script>\n<!-- \/ Yoast SEO plugin. -->","yoast_head_json":{"title":"Midnight Magic s\u00fcgavpuhastav tahke \u0161ampoon - 100g | patsid.ee","robots":{"index":"index","follow":"follow","max-snippet":"max-snippet:-1","max-image-preview":"max-image-preview:large","max-video-preview":"max-video-preview:-1"},"canonical":"https:\/\/patsid.ee\/en\/product\/midnight-magic-sugavpuhastav-tahke-sampoon-100g\/","og_locale":"en_US","og_type":"article","og_title":"Midnight Magic s\u00fcgavpuhastav tahke \u0161ampoon - 100g | patsid.ee","og_description":"\u00d5rn ja s\u00fcgavpuhastav tahke \u0161ampoon rastapatsidele ja tundlikule peanahale. Siin on p\u00f5hjused, miks see sulle meeldib: \u2022 Puhastab s\u00fcgavuti, kuid \u00f5rnalt, austades sinu peanahka\u2022 Detox-efektiga hooldus, mis toidab juukseid p\u00e4rast rastapatside puhastust\u2022 J\u00e4tab juuksed v\u00e4rskeks, kergeks ja loomulikult tasakaalustatuks","og_url":"https:\/\/patsid.ee\/en\/product\/midnight-magic-sugavpuhastav-tahke-sampoon-100g\/","og_site_name":"patsid.ee","article_publisher":"https:\/\/www.facebook.com\/rastadehooldus","article_modified_time":"2026-05-06T08:54:50+00:00","og_image":[{"width":600,"height":600,"url":"https:\/\/patsid.ee\/wp-content\/uploads\/2026\/05\/MidnightMagic-CleansingDreadlockShampooBarfullsize.webp","type":"image\/webp"}],"twitter_card":"summary_large_image","twitter_misc":{"Est. reading time":"2 minutes"},"schema":{"@context":"https:\/\/schema.org","@graph":[{"@type":"WebPage","@id":"https:\/\/patsid.ee\/product\/midnight-magic-sugavpuhastav-tahke-sampoon-100g\/","url":"https:\/\/patsid.ee\/product\/midnight-magic-sugavpuhastav-tahke-sampoon-100g\/","name":"Midnight Magic s\u00fcgavpuhastav tahke \u0161ampoon - 100g | patsid.ee","isPartOf":{"@id":"https:\/\/patsid.ee\/#website"},"primaryImageOfPage":{"@id":"https:\/\/patsid.ee\/product\/midnight-magic-sugavpuhastav-tahke-sampoon-100g\/#primaryimage"},"image":{"@id":"https:\/\/patsid.ee\/product\/midnight-magic-sugavpuhastav-tahke-sampoon-100g\/#primaryimage"},"thumbnailUrl":"https:\/\/patsid.ee\/wp-content\/uploads\/2026\/05\/MidnightMagic-CleansingDreadlockShampooBarfullsize.webp","datePublished":"2026-05-06T08:37:42+00:00","dateModified":"2026-05-06T08:54:50+00:00","breadcrumb":{"@id":"https:\/\/patsid.ee\/product\/midnight-magic-sugavpuhastav-tahke-sampoon-100g\/#breadcrumb"},"inLanguage":"en-US","potentialAction":[{"@type":"ReadAction","target":["https:\/\/patsid.ee\/product\/midnight-magic-sugavpuhastav-tahke-sampoon-100g\/"]}]},{"@type":"ImageObject","inLanguage":"en-US","@id":"https:\/\/patsid.ee\/product\/midnight-magic-sugavpuhastav-tahke-sampoon-100g\/#primaryimage","url":"https:\/\/patsid.ee\/wp-content\/uploads\/2026\/05\/MidnightMagic-CleansingDreadlockShampooBarfullsize.webp","contentUrl":"https:\/\/patsid.ee\/wp-content\/uploads\/2026\/05\/MidnightMagic-CleansingDreadlockShampooBarfullsize.webp","width":600,"height":600,"caption":"Midnight Magic s\u00fcgavpuhastav tahke \u0161ampoon - 100g"},{"@type":"BreadcrumbList","@id":"https:\/\/patsid.ee\/product\/midnight-magic-sugavpuhastav-tahke-sampoon-100g\/#breadcrumb","itemListElement":[{"@type":"ListItem","position":1,"name":"Home","item":"https:\/\/patsid.ee\/"},{"@type":"ListItem","position":2,"name":"Midnight Magic s\u00fcgavpuhastav tahke \u0161ampoon &#8211; 100g"}]},{"@type":"WebSite","@id":"https:\/\/patsid.ee\/#website","url":"https:\/\/patsid.ee\/","name":"RAP Rastade hooldus","description":"Afropatsid, lokipatsid ja rastapatsid \u2014 teenused, kursused ja e-pood","publisher":{"@id":"https:\/\/patsid.ee\/#organization"},"potentialAction":[{"@type":"SearchAction","target":{"@type":"EntryPoint","urlTemplate":"https:\/\/patsid.ee\/?s={search_term_string}"},"query-input":{"@type":"PropertyValueSpecification","valueRequired":true,"valueName":"search_term_string"}}],"inLanguage":"en-US"},{"@type":"Organization","@id":"https:\/\/patsid.ee\/#organization","name":"RAP Rastade hooldus","url":"https:\/\/patsid.ee\/","logo":{"@type":"ImageObject","inLanguage":"en-US","@id":"https:\/\/patsid.ee\/#\/schema\/logo\/image\/","url":"https:\/\/patsid.ee\/wp-content\/uploads\/2025\/08\/cropped-5.png","contentUrl":"https:\/\/patsid.ee\/wp-content\/uploads\/2025\/08\/cropped-5.png","width":500,"height":500,"caption":"RAP Rastade hooldus"},"image":{"@id":"https:\/\/patsid.ee\/#\/schema\/logo\/image\/"},"sameAs":["https:\/\/www.facebook.com\/rastadehooldus","https:\/\/www.instagram.com\/raprastadafrodpunutised\/"]}]}},"_links":{"self":[{"href":"https:\/\/patsid.ee\/en\/wp-json\/wp\/v2\/product\/6679","targetHints":{"allow":["GET"]}}],"collection":[{"href":"https:\/\/patsid.ee\/en\/wp-json\/wp\/v2\/product"}],"about":[{"href":"https:\/\/patsid.ee\/en\/wp-json\/wp\/v2\/types\/product"}],"wp:featuredmedia":[{"embeddable":true,"href":"https:\/\/patsid.ee\/en\/wp-json\/wp\/v2\/media\/6680"}],"wp:attachment":[{"href":"https:\/\/patsid.ee\/en\/wp-json\/wp\/v2\/media?parent=6679"}],"wp:term":[{"taxonomy":"product_brand","embeddable":true,"href":"https:\/\/patsid.ee\/en\/wp-json\/wp\/v2\/product_brand?post=6679"},{"taxonomy":"product_cat","embeddable":true,"href":"https:\/\/patsid.ee\/en\/wp-json\/wp\/v2\/product_cat?post=6679"},{"taxonomy":"product_tag","embeddable":true,"href":"https:\/\/patsid.ee\/en\/wp-json\/wp\/v2\/product_tag?post=6679"}],"curies":[{"name":"wp","href":"https:\/\/api.w.org\/{rel}","templated":true}]}}