{"id":6676,"date":"2026-05-06T11:23:51","date_gmt":"2026-05-06T08:23:51","guid":{"rendered":"https:\/\/patsid.ee\/?post_type=product&#038;p=6676"},"modified":"2026-05-06T11:36:27","modified_gmt":"2026-05-06T08:36:27","slug":"creeps-tinktuur-65g","status":"publish","type":"product","link":"https:\/\/patsid.ee\/en\/product\/creeps-tinktuur-65g\/","title":{"rendered":"Creeps tinktuur &#8211; 100ml"},"content":{"rendered":"<p data-start=\"44\" data-end=\"185\">Creeps tinktuur on kvaasia koorel p\u00f5hinev looduslik ekstrakt, mis on t\u00f5hus vahend peat\u00e4ide eemaldamiseks ning v\u00f5ib aidata h\u00e4vitada ka tingud.<\/p>\n<p data-start=\"187\" data-end=\"310\">Tinktuuri on lihtne kasutada \u2013 vedel koostis ja mugav pihustuspump v\u00f5imaldavad seda \u00fchtlaselt juustesse ja peanahale kanda.<\/p>\n<p data-start=\"312\" data-end=\"451\">Creeps tinktuur sisaldab kvaasia koore ekstrakti ning orgaanilisi teepuu- ja sidrunieukal\u00fcpti eeterlikke \u00f5lisid, mis toetavad selle toimet.<\/p>\n<p data-start=\"53\" data-end=\"301\">Kvaasia on Amazonase vihmametsast p\u00e4rit puu. Selle koorest valmistatud ekstrakt sisaldab \u00fchendeid, mida nimetatakse kvassinoidideks. Neil on tuntud insektitsiidsed omadused, mis aitavad t\u00f5husalt v\u00f5idelda erinevate putukatega, sealhulgas peat\u00e4idega.<\/p>\n<p data-start=\"303\" data-end=\"533\">Creeps tinktuur on t\u00f5hus ja lihtsasti kasutatav lahendus. P\u00e4rast kasutamist ei ole vaja juukseid l\u00e4bi kammida ega pesta. Tinktuuri ei pea v\u00e4lja loputama ning juba kahe t\u00f6\u00f6tluse j\u00e4rel v\u00f5ib olla kindel, et t\u00e4id ja tingud on h\u00e4vinud.<\/p>\n<p data-start=\"535\" data-end=\"749\">Toode aitab eemaldada olemasolevad t\u00e4id ning ennetada uute teket. See sobib eriti h\u00e4sti lastele, kes ei talu tavap\u00e4raseid keemilisi ravimeid, v\u00f5i olukordades, kus soovitakse v\u00e4ltida liigsete kemikaalide kasutamist.<\/p>\n<p data-start=\"0\" data-end=\"230\">Vesi, etanool, kvaasia (<span class=\"hover:entity-accent entity-underline inline cursor-pointer align-baseline\"><span class=\"whitespace-normal\">Quassia amara<\/span><\/span>) kooreekstrakt, teepuu (<span class=\"hover:entity-accent entity-underline inline cursor-pointer align-baseline\"><span class=\"whitespace-normal\">Melaleuca alternifolia<\/span><\/span>) lehe\u00f5li*, sidrun-eukal\u00fcpti (<span class=\"hover:entity-accent entity-underline inline cursor-pointer align-baseline\"><span class=\"whitespace-normal\">Eucalyptus citriodora<\/span><\/span>) lehe\u00f5li*, limoneen**, tsitronellool**.<\/p>\n<p data-start=\"232\" data-end=\"314\" data-is-last-node=\"\" data-is-only-node=\"\">* Mahep\u00f5llumajanduslik koostisosa.<br data-start=\"267\" data-end=\"270\" \/>** Eeterlike \u00f5lide looduslikud koostisosad.<\/p>\n<p data-start=\"232\" data-end=\"314\" data-is-last-node=\"\" data-is-only-node=\"\">Kasutusjuhend:<\/p>\n<ul>\n<li data-section-id=\"1mhn00\" data-start=\"0\" data-end=\"150\"><strong data-start=\"3\" data-end=\"20\" data-is-only-node=\"\">Ettevalmistus<\/strong><br data-start=\"20\" data-end=\"23\" \/>Kandke kindaid (toode on v\u00e4ga m\u00f5ru). Kandke ainult kuivadele juustele, kuna vesi lahjendab koostist ja v\u00e4hendab selle t\u00f5husust.<\/li>\n<li data-section-id=\"1ve9m8a\" data-start=\"152\" data-end=\"367\"><strong data-start=\"155\" data-end=\"177\" data-is-only-node=\"\">Peanahale kandmine<\/strong><br data-start=\"177\" data-end=\"180\" \/>Pihustage hoolikalt peanahale, kuni juuksed on t\u00e4ielikult niisutatud.<br data-start=\"249\" data-end=\"252\" \/>Masseerige \u00f5rnalt s\u00f5rmeotstega, et tagada \u00fchtlane jaotumine \u2013 eriti kukla piirkonnas, k\u00f5rvade taga ja juuksepiiril.<\/li>\n<li data-section-id=\"m50fvo\" data-start=\"369\" data-end=\"533\"><strong data-start=\"372\" data-end=\"399\" data-is-only-node=\"\">Rastapatsidele kandmine<\/strong><br data-start=\"399\" data-end=\"402\" \/>Pihustage umbes 10 cm ulatuses m\u00f6\u00f6da rastapatside pikkust, et toimeaine j\u00f5uaks pinnal v\u00f5i selle l\u00e4hedal olevate t\u00e4ide ja tingudeni.<\/li>\n<li data-section-id=\"19zugk2\" data-start=\"535\" data-end=\"613\"><strong data-start=\"538\" data-end=\"550\" data-is-only-node=\"\">Toimeaeg<\/strong><br data-start=\"550\" data-end=\"553\" \/>Katke juuksed tihedalt plastm\u00fctsiga.<br data-start=\"589\" data-end=\"592\" \/>Laske toimida 1 tund.<\/li>\n<li data-section-id=\"41j6g6\" data-start=\"615\" data-end=\"721\"><strong data-start=\"618\" data-end=\"640\" data-is-only-node=\"\">Loputamine ja pesu<\/strong><br data-start=\"640\" data-end=\"643\" \/>Loputage ja peske juuksed \u0161ampooniga, et eemaldada tootej\u00e4\u00e4gid ja surnud t\u00e4id.<\/li>\n<li data-section-id=\"7iv7xf\" data-start=\"723\" data-end=\"816\"><strong data-start=\"726\" data-end=\"740\" data-is-only-node=\"\">Kordusravi<\/strong><br data-start=\"740\" data-end=\"743\" \/>Korrake protseduuri 5 p\u00e4eva p\u00e4rast, et h\u00e4vitada vahepeal koorunud tingud.<\/li>\n<li data-section-id=\"1u1qlj0\" data-start=\"818\" data-end=\"901\" data-is-last-node=\"\"><strong data-start=\"821\" data-end=\"832\" data-is-only-node=\"\">Ennetus<\/strong><br data-start=\"832\" data-end=\"835\" \/>Kasutage 1\u20132 pihustust kord n\u00e4dalas, et ennetada uute t\u00e4ide teket.<\/li>\n<\/ul>","protected":false},"excerpt":{"rendered":"<p data-start=\"44\" data-end=\"185\">Creeps tinktuur on kvaasia koorel p\u00f5hinev looduslik ekstrakt, mis on t\u00f5hus vahend peat\u00e4ide eemaldamiseks ning v\u00f5ib aidata h\u00e4vitada ka tingud.<\/p>\n<p data-start=\"187\" data-end=\"310\">Tinktuuri on lihtne kasutada \u2013 vedel koostis ja mugav pihustuspump v\u00f5imaldavad seda \u00fchtlaselt juustesse ja peanahale kanda.<\/p>\n<p data-start=\"312\" data-end=\"451\">Creeps tinktuur sisaldab kvaasia koore ekstrakti ning orgaanilisi teepuu- ja sidrunieukal\u00fcpti eeterlikke \u00f5lisid, mis toetavad selle toimet.<\/p>","protected":false},"featured_media":6677,"template":"","meta":{"site-sidebar-layout":"default","site-content-layout":"","ast-site-content-layout":"default","site-content-style":"default","site-sidebar-style":"default","ast-global-header-display":"","ast-banner-title-visibility":"","ast-main-header-display":"","ast-hfb-above-header-display":"","ast-hfb-below-header-display":"","ast-hfb-mobile-header-display":"","site-post-title":"","ast-breadcrumbs-content":"","ast-featured-img":"","footer-sml-layout":"","ast-disable-related-posts":"","theme-transparent-header-meta":"default","adv-header-id-meta":"","stick-header-meta":"","header-above-stick-meta":"","header-main-stick-meta":"","header-below-stick-meta":"","astra-migrate-meta-layouts":"set","ast-page-background-enabled":"default","ast-page-background-meta":{"desktop":{"background-color":"","background-image":"","background-repeat":"repeat","background-position":"center center","background-size":"auto","background-attachment":"scroll","background-type":"","background-media":"","overlay-type":"","overlay-color":"","overlay-opacity":"","overlay-gradient":""},"tablet":{"background-color":"","background-image":"","background-repeat":"repeat","background-position":"center center","background-size":"auto","background-attachment":"scroll","background-type":"","background-media":"","overlay-type":"","overlay-color":"","overlay-opacity":"","overlay-gradient":""},"mobile":{"background-color":"","background-image":"","background-repeat":"repeat","background-position":"center center","background-size":"auto","background-attachment":"scroll","background-type":"","background-media":"","overlay-type":"","overlay-color":"","overlay-opacity":"","overlay-gradient":""}},"ast-content-background-meta":{"desktop":{"background-color":"var(--ast-global-color-5)","background-image":"","background-repeat":"repeat","background-position":"center center","background-size":"auto","background-attachment":"scroll","background-type":"","background-media":"","overlay-type":"","overlay-color":"","overlay-opacity":"","overlay-gradient":""},"tablet":{"background-color":"var(--ast-global-color-5)","background-image":"","background-repeat":"repeat","background-position":"center center","background-size":"auto","background-attachment":"scroll","background-type":"","background-media":"","overlay-type":"","overlay-color":"","overlay-opacity":"","overlay-gradient":""},"mobile":{"background-color":"var(--ast-global-color-5)","background-image":"","background-repeat":"repeat","background-position":"center center","background-size":"auto","background-attachment":"scroll","background-type":"","background-media":"","overlay-type":"","overlay-color":"","overlay-opacity":"","overlay-gradient":""}},"iawp_total_views":0},"product_brand":[],"product_cat":[54],"product_tag":[],"class_list":{"0":"post-6676","1":"product","2":"type-product","3":"status-publish","4":"has-post-thumbnail","6":"product_cat-rawroots-patsihooldustooted","7":"desktop-align-left","8":"tablet-align-left","9":"mobile-align-left","11":"first","12":"instock","13":"taxable","14":"shipping-taxable","15":"purchasable","16":"product-type-simple"},"yoast_head":"<!-- This site is optimized with the Yoast SEO plugin v27.6 - https:\/\/yoast.com\/product\/yoast-seo-wordpress\/ -->\n<title>Creeps tinktuur - 100ml | patsid.ee<\/title>\n<meta name=\"robots\" content=\"index, follow, max-snippet:-1, max-image-preview:large, max-video-preview:-1\" \/>\n<link rel=\"canonical\" href=\"https:\/\/patsid.ee\/en\/product\/creeps-tinktuur-65g\/\" \/>\n<meta property=\"og:locale\" content=\"en_US\" \/>\n<meta property=\"og:type\" content=\"article\" \/>\n<meta property=\"og:title\" content=\"Creeps tinktuur - 100ml | patsid.ee\" \/>\n<meta property=\"og:description\" content=\"Creeps tinktuur on kvaasia koorel p\u00f5hinev looduslik ekstrakt, mis on t\u00f5hus vahend peat\u00e4ide eemaldamiseks ning v\u00f5ib aidata h\u00e4vitada ka tingud. Tinktuuri on lihtne kasutada \u2013 vedel koostis ja mugav pihustuspump v\u00f5imaldavad seda \u00fchtlaselt juustesse ja peanahale kanda. Creeps tinktuur sisaldab kvaasia koore ekstrakti ning orgaanilisi teepuu- ja sidrunieukal\u00fcpti eeterlikke \u00f5lisid, mis toetavad selle toimet.\" \/>\n<meta property=\"og:url\" content=\"https:\/\/patsid.ee\/en\/product\/creeps-tinktuur-65g\/\" \/>\n<meta property=\"og:site_name\" content=\"patsid.ee\" \/>\n<meta property=\"article:publisher\" content=\"https:\/\/www.facebook.com\/rastadehooldus\" \/>\n<meta property=\"article:modified_time\" content=\"2026-05-06T08:36:27+00:00\" \/>\n<meta property=\"og:image\" content=\"https:\/\/patsid.ee\/wp-content\/uploads\/2026\/05\/raw_roots_creeps_tincture.jpg\" \/>\n\t<meta property=\"og:image:width\" content=\"1000\" \/>\n\t<meta property=\"og:image:height\" content=\"1000\" \/>\n\t<meta property=\"og:image:type\" content=\"image\/jpeg\" \/>\n<meta name=\"twitter:card\" content=\"summary_large_image\" \/>\n<meta name=\"twitter:label1\" content=\"Est. reading time\" \/>\n\t<meta name=\"twitter:data1\" content=\"2 minutes\" \/>\n<script type=\"application\/ld+json\" class=\"yoast-schema-graph\">{\"@context\":\"https:\\\/\\\/schema.org\",\"@graph\":[{\"@type\":\"WebPage\",\"@id\":\"https:\\\/\\\/patsid.ee\\\/product\\\/creeps-tinktuur-65g\\\/\",\"url\":\"https:\\\/\\\/patsid.ee\\\/product\\\/creeps-tinktuur-65g\\\/\",\"name\":\"Creeps tinktuur - 100ml | patsid.ee\",\"isPartOf\":{\"@id\":\"https:\\\/\\\/patsid.ee\\\/#website\"},\"primaryImageOfPage\":{\"@id\":\"https:\\\/\\\/patsid.ee\\\/product\\\/creeps-tinktuur-65g\\\/#primaryimage\"},\"image\":{\"@id\":\"https:\\\/\\\/patsid.ee\\\/product\\\/creeps-tinktuur-65g\\\/#primaryimage\"},\"thumbnailUrl\":\"https:\\\/\\\/patsid.ee\\\/wp-content\\\/uploads\\\/2026\\\/05\\\/raw_roots_creeps_tincture.jpg\",\"datePublished\":\"2026-05-06T08:23:51+00:00\",\"dateModified\":\"2026-05-06T08:36:27+00:00\",\"breadcrumb\":{\"@id\":\"https:\\\/\\\/patsid.ee\\\/product\\\/creeps-tinktuur-65g\\\/#breadcrumb\"},\"inLanguage\":\"en-US\",\"potentialAction\":[{\"@type\":\"ReadAction\",\"target\":[\"https:\\\/\\\/patsid.ee\\\/product\\\/creeps-tinktuur-65g\\\/\"]}]},{\"@type\":\"ImageObject\",\"inLanguage\":\"en-US\",\"@id\":\"https:\\\/\\\/patsid.ee\\\/product\\\/creeps-tinktuur-65g\\\/#primaryimage\",\"url\":\"https:\\\/\\\/patsid.ee\\\/wp-content\\\/uploads\\\/2026\\\/05\\\/raw_roots_creeps_tincture.jpg\",\"contentUrl\":\"https:\\\/\\\/patsid.ee\\\/wp-content\\\/uploads\\\/2026\\\/05\\\/raw_roots_creeps_tincture.jpg\",\"width\":1000,\"height\":1000,\"caption\":\"Creeps tinktuur, t\u00e4id\"},{\"@type\":\"BreadcrumbList\",\"@id\":\"https:\\\/\\\/patsid.ee\\\/product\\\/creeps-tinktuur-65g\\\/#breadcrumb\",\"itemListElement\":[{\"@type\":\"ListItem\",\"position\":1,\"name\":\"Home\",\"item\":\"https:\\\/\\\/patsid.ee\\\/\"},{\"@type\":\"ListItem\",\"position\":2,\"name\":\"Creeps tinktuur &#8211; 100ml\"}]},{\"@type\":\"WebSite\",\"@id\":\"https:\\\/\\\/patsid.ee\\\/#website\",\"url\":\"https:\\\/\\\/patsid.ee\\\/\",\"name\":\"RAP Rastade hooldus\",\"description\":\"Afropatsid, lokipatsid ja rastapatsid \u2014 teenused, kursused ja e-pood\",\"publisher\":{\"@id\":\"https:\\\/\\\/patsid.ee\\\/#organization\"},\"potentialAction\":[{\"@type\":\"SearchAction\",\"target\":{\"@type\":\"EntryPoint\",\"urlTemplate\":\"https:\\\/\\\/patsid.ee\\\/?s={search_term_string}\"},\"query-input\":{\"@type\":\"PropertyValueSpecification\",\"valueRequired\":true,\"valueName\":\"search_term_string\"}}],\"inLanguage\":\"en-US\"},{\"@type\":\"Organization\",\"@id\":\"https:\\\/\\\/patsid.ee\\\/#organization\",\"name\":\"RAP Rastade hooldus\",\"url\":\"https:\\\/\\\/patsid.ee\\\/\",\"logo\":{\"@type\":\"ImageObject\",\"inLanguage\":\"en-US\",\"@id\":\"https:\\\/\\\/patsid.ee\\\/#\\\/schema\\\/logo\\\/image\\\/\",\"url\":\"https:\\\/\\\/patsid.ee\\\/wp-content\\\/uploads\\\/2025\\\/08\\\/cropped-5.png\",\"contentUrl\":\"https:\\\/\\\/patsid.ee\\\/wp-content\\\/uploads\\\/2025\\\/08\\\/cropped-5.png\",\"width\":500,\"height\":500,\"caption\":\"RAP Rastade hooldus\"},\"image\":{\"@id\":\"https:\\\/\\\/patsid.ee\\\/#\\\/schema\\\/logo\\\/image\\\/\"},\"sameAs\":[\"https:\\\/\\\/www.facebook.com\\\/rastadehooldus\",\"https:\\\/\\\/www.instagram.com\\\/raprastadafrodpunutised\\\/\"]}]}<\/script>\n<!-- \/ Yoast SEO plugin. -->","yoast_head_json":{"title":"Creeps tinktuur - 100ml | patsid.ee","robots":{"index":"index","follow":"follow","max-snippet":"max-snippet:-1","max-image-preview":"max-image-preview:large","max-video-preview":"max-video-preview:-1"},"canonical":"https:\/\/patsid.ee\/en\/product\/creeps-tinktuur-65g\/","og_locale":"en_US","og_type":"article","og_title":"Creeps tinktuur - 100ml | patsid.ee","og_description":"Creeps tinktuur on kvaasia koorel p\u00f5hinev looduslik ekstrakt, mis on t\u00f5hus vahend peat\u00e4ide eemaldamiseks ning v\u00f5ib aidata h\u00e4vitada ka tingud. Tinktuuri on lihtne kasutada \u2013 vedel koostis ja mugav pihustuspump v\u00f5imaldavad seda \u00fchtlaselt juustesse ja peanahale kanda. Creeps tinktuur sisaldab kvaasia koore ekstrakti ning orgaanilisi teepuu- ja sidrunieukal\u00fcpti eeterlikke \u00f5lisid, mis toetavad selle toimet.","og_url":"https:\/\/patsid.ee\/en\/product\/creeps-tinktuur-65g\/","og_site_name":"patsid.ee","article_publisher":"https:\/\/www.facebook.com\/rastadehooldus","article_modified_time":"2026-05-06T08:36:27+00:00","og_image":[{"width":1000,"height":1000,"url":"https:\/\/patsid.ee\/wp-content\/uploads\/2026\/05\/raw_roots_creeps_tincture.jpg","type":"image\/jpeg"}],"twitter_card":"summary_large_image","twitter_misc":{"Est. reading time":"2 minutes"},"schema":{"@context":"https:\/\/schema.org","@graph":[{"@type":"WebPage","@id":"https:\/\/patsid.ee\/product\/creeps-tinktuur-65g\/","url":"https:\/\/patsid.ee\/product\/creeps-tinktuur-65g\/","name":"Creeps tinktuur - 100ml | patsid.ee","isPartOf":{"@id":"https:\/\/patsid.ee\/#website"},"primaryImageOfPage":{"@id":"https:\/\/patsid.ee\/product\/creeps-tinktuur-65g\/#primaryimage"},"image":{"@id":"https:\/\/patsid.ee\/product\/creeps-tinktuur-65g\/#primaryimage"},"thumbnailUrl":"https:\/\/patsid.ee\/wp-content\/uploads\/2026\/05\/raw_roots_creeps_tincture.jpg","datePublished":"2026-05-06T08:23:51+00:00","dateModified":"2026-05-06T08:36:27+00:00","breadcrumb":{"@id":"https:\/\/patsid.ee\/product\/creeps-tinktuur-65g\/#breadcrumb"},"inLanguage":"en-US","potentialAction":[{"@type":"ReadAction","target":["https:\/\/patsid.ee\/product\/creeps-tinktuur-65g\/"]}]},{"@type":"ImageObject","inLanguage":"en-US","@id":"https:\/\/patsid.ee\/product\/creeps-tinktuur-65g\/#primaryimage","url":"https:\/\/patsid.ee\/wp-content\/uploads\/2026\/05\/raw_roots_creeps_tincture.jpg","contentUrl":"https:\/\/patsid.ee\/wp-content\/uploads\/2026\/05\/raw_roots_creeps_tincture.jpg","width":1000,"height":1000,"caption":"Creeps tinktuur, t\u00e4id"},{"@type":"BreadcrumbList","@id":"https:\/\/patsid.ee\/product\/creeps-tinktuur-65g\/#breadcrumb","itemListElement":[{"@type":"ListItem","position":1,"name":"Home","item":"https:\/\/patsid.ee\/"},{"@type":"ListItem","position":2,"name":"Creeps tinktuur &#8211; 100ml"}]},{"@type":"WebSite","@id":"https:\/\/patsid.ee\/#website","url":"https:\/\/patsid.ee\/","name":"RAP Rastade hooldus","description":"Afropatsid, lokipatsid ja rastapatsid \u2014 teenused, kursused ja e-pood","publisher":{"@id":"https:\/\/patsid.ee\/#organization"},"potentialAction":[{"@type":"SearchAction","target":{"@type":"EntryPoint","urlTemplate":"https:\/\/patsid.ee\/?s={search_term_string}"},"query-input":{"@type":"PropertyValueSpecification","valueRequired":true,"valueName":"search_term_string"}}],"inLanguage":"en-US"},{"@type":"Organization","@id":"https:\/\/patsid.ee\/#organization","name":"RAP Rastade hooldus","url":"https:\/\/patsid.ee\/","logo":{"@type":"ImageObject","inLanguage":"en-US","@id":"https:\/\/patsid.ee\/#\/schema\/logo\/image\/","url":"https:\/\/patsid.ee\/wp-content\/uploads\/2025\/08\/cropped-5.png","contentUrl":"https:\/\/patsid.ee\/wp-content\/uploads\/2025\/08\/cropped-5.png","width":500,"height":500,"caption":"RAP Rastade hooldus"},"image":{"@id":"https:\/\/patsid.ee\/#\/schema\/logo\/image\/"},"sameAs":["https:\/\/www.facebook.com\/rastadehooldus","https:\/\/www.instagram.com\/raprastadafrodpunutised\/"]}]}},"_links":{"self":[{"href":"https:\/\/patsid.ee\/en\/wp-json\/wp\/v2\/product\/6676","targetHints":{"allow":["GET"]}}],"collection":[{"href":"https:\/\/patsid.ee\/en\/wp-json\/wp\/v2\/product"}],"about":[{"href":"https:\/\/patsid.ee\/en\/wp-json\/wp\/v2\/types\/product"}],"wp:featuredmedia":[{"embeddable":true,"href":"https:\/\/patsid.ee\/en\/wp-json\/wp\/v2\/media\/6677"}],"wp:attachment":[{"href":"https:\/\/patsid.ee\/en\/wp-json\/wp\/v2\/media?parent=6676"}],"wp:term":[{"taxonomy":"product_brand","embeddable":true,"href":"https:\/\/patsid.ee\/en\/wp-json\/wp\/v2\/product_brand?post=6676"},{"taxonomy":"product_cat","embeddable":true,"href":"https:\/\/patsid.ee\/en\/wp-json\/wp\/v2\/product_cat?post=6676"},{"taxonomy":"product_tag","embeddable":true,"href":"https:\/\/patsid.ee\/en\/wp-json\/wp\/v2\/product_tag?post=6676"}],"curies":[{"name":"wp","href":"https:\/\/api.w.org\/{rel}","templated":true}]}}