{"id":6552,"date":"2026-04-17T09:33:13","date_gmt":"2026-04-17T07:33:13","guid":{"rendered":"https:\/\/patsid.ee\/?post_type=product&#038;p=6552"},"modified":"2026-04-18T10:43:26","modified_gmt":"2026-04-18T08:43:26","slug":"tahke-palsam-65g","status":"publish","type":"product","link":"https:\/\/patsid.ee\/en\/product\/tahke-palsam-65g\/","title":{"rendered":"Tahke palsam &#8211; 65g"},"content":{"rendered":"<p>Looduslike vegan koostisosade ja orgaaniliste \u00f5lide segust valmistatud palsam tihendab juuksekarva, pakkudes elastsust ja pehmust. Rikastatud toitvate elementidega nagu kakaov\u00f5i, jojoba- ja brokoliseemne\u00f5li. Palsam niisutab ja tugevdab juukseid, andes neile l\u00e4ikiva ja kergesti k\u00e4sitletava tekstuuri.<br \/>\nYlang Ylangi, pat\u0161uli ja viiruki orgaaniliste eeterlike \u00f5lidega rikastatud tahke palsam j\u00e4tab juustele meeldiva l\u00f5hna.<\/p>\n<p>&nbsp;<\/p>\n<p>Koostis: <em>(INCI): tsetear\u00fc\u00fclalkohol (ja) behentrimooniummetosulfaat (ja) tset\u00fc\u00fclalkohol (taimne konditsioneer),<\/em><br \/>\n<em>Theobroma kakaoseemne (kakao) v\u00f5i*, Cocos nucifera (kookosp\u00e4hkli) \u00f5li*, brassica oleracea italica (brokkoli),<\/em><br \/>\n<em>simondi\u00f5li* (brokkoli) vt. \u00f5li*, \u00e4\u00e4dikas (\u00f5unasiider)*, pantenool, vesi, Linum usitatissimum (linaseemned)<\/em><br \/>\n<em>seemne ekstrakt, Salvia hispanica (Chia) seemne ekstrakt, bens\u00fc\u00fclalkohol (ja) deh\u00fcdro\u00e4\u00e4dikhape, Helianthus<\/em><br \/>\n<em>annuus (p\u00e4evalille) seemne\u00f5li*, Rosmarinus officinalis*, rosmariini ekstrakt*, bosmariini ekstrakt*. Cananga<\/em><br \/>\n<em>odorata lille (Ylang Ylang) \u00f5li*, Pogostemon cablin leaf (pat\u0161uli) \u00f5li*, Limonene**, Linalool**, Geraniol**, Citral**.<\/em><br \/>\n<em>* = Orgaanilised koostisosad ** = Eeterliku \u00f5li sisaldus<\/em><\/p>\n<p>&nbsp;<\/p>\n<p>Kasutusjuhend: H\u00f5\u00f5ruge tahket palsamit \u00fchtlaselt rastapatside lahtistesse otstesse v\u00f5i lahtistesse juustesse.<br \/>\nPeanahk ja rastapatsid tuleks v\u00e4lja j\u00e4tta. J\u00e4tke see m\u00f5neks minutiks m\u00f5juma ja seej\u00e4rel loputage hoolikalt.<\/p>\n<p>N\u00d5UANNE: Riivi ja lahusta osa tahkest palsamist soojas veepudelis ning kasuta seda edaspidi ka n\u00e4iteks pihustatava palsamina.<\/p>","protected":false},"excerpt":{"rendered":"<p>Palsam, mis on m\u00f5eldud nii lahtistele juustele kui ka lahtiste otstega rastapatsidele, samuti osaliste rastapatside vabade salkude hooldamiseks. See mitmek\u00fclgne palsam on eriti t\u00f5hus lahtistesse juustesse tekkivate pusade vastu. Palsam aitab rastapatside lahtikammimisel ja s\u00fcnteetiliste rastapatsi pikenduste eemaldamisel.<\/p>","protected":false},"featured_media":6553,"template":"","meta":{"site-sidebar-layout":"default","site-content-layout":"","ast-site-content-layout":"default","site-content-style":"default","site-sidebar-style":"default","ast-global-header-display":"","ast-banner-title-visibility":"","ast-main-header-display":"","ast-hfb-above-header-display":"","ast-hfb-below-header-display":"","ast-hfb-mobile-header-display":"","site-post-title":"","ast-breadcrumbs-content":"","ast-featured-img":"","footer-sml-layout":"","ast-disable-related-posts":"","theme-transparent-header-meta":"default","adv-header-id-meta":"","stick-header-meta":"","header-above-stick-meta":"","header-main-stick-meta":"","header-below-stick-meta":"","astra-migrate-meta-layouts":"set","ast-page-background-enabled":"default","ast-page-background-meta":{"desktop":{"background-color":"","background-image":"","background-repeat":"repeat","background-position":"center center","background-size":"auto","background-attachment":"scroll","background-type":"","background-media":"","overlay-type":"","overlay-color":"","overlay-opacity":"","overlay-gradient":""},"tablet":{"background-color":"","background-image":"","background-repeat":"repeat","background-position":"center center","background-size":"auto","background-attachment":"scroll","background-type":"","background-media":"","overlay-type":"","overlay-color":"","overlay-opacity":"","overlay-gradient":""},"mobile":{"background-color":"","background-image":"","background-repeat":"repeat","background-position":"center center","background-size":"auto","background-attachment":"scroll","background-type":"","background-media":"","overlay-type":"","overlay-color":"","overlay-opacity":"","overlay-gradient":""}},"ast-content-background-meta":{"desktop":{"background-color":"var(--ast-global-color-5)","background-image":"","background-repeat":"repeat","background-position":"center center","background-size":"auto","background-attachment":"scroll","background-type":"","background-media":"","overlay-type":"","overlay-color":"","overlay-opacity":"","overlay-gradient":""},"tablet":{"background-color":"var(--ast-global-color-5)","background-image":"","background-repeat":"repeat","background-position":"center center","background-size":"auto","background-attachment":"scroll","background-type":"","background-media":"","overlay-type":"","overlay-color":"","overlay-opacity":"","overlay-gradient":""},"mobile":{"background-color":"var(--ast-global-color-5)","background-image":"","background-repeat":"repeat","background-position":"center center","background-size":"auto","background-attachment":"scroll","background-type":"","background-media":"","overlay-type":"","overlay-color":"","overlay-opacity":"","overlay-gradient":""}},"iawp_total_views":0},"product_brand":[],"product_cat":[54],"product_tag":[],"class_list":{"0":"post-6552","1":"product","2":"type-product","3":"status-publish","4":"has-post-thumbnail","6":"product_cat-rawroots-patsihooldustooted","7":"desktop-align-left","8":"tablet-align-left","9":"mobile-align-left","11":"first","12":"instock","13":"taxable","14":"shipping-taxable","15":"purchasable","16":"product-type-simple"},"yoast_head":"<!-- This site is optimized with the Yoast SEO plugin v27.4 - https:\/\/yoast.com\/product\/yoast-seo-wordpress\/ -->\n<title>Tahke palsam - 65g | patsid.ee<\/title>\n<meta name=\"robots\" content=\"index, follow, max-snippet:-1, max-image-preview:large, max-video-preview:-1\" \/>\n<link rel=\"canonical\" href=\"https:\/\/patsid.ee\/en\/product\/tahke-palsam-65g\/\" \/>\n<meta property=\"og:locale\" content=\"en_US\" \/>\n<meta property=\"og:type\" content=\"article\" \/>\n<meta property=\"og:title\" content=\"Tahke palsam - 65g | patsid.ee\" \/>\n<meta property=\"og:description\" content=\"Palsam, mis on m\u00f5eldud nii lahtistele juustele kui ka lahtiste otstega rastapatsidele, samuti osaliste rastapatside vabade salkude hooldamiseks. See mitmek\u00fclgne palsam on eriti t\u00f5hus lahtistesse juustesse tekkivate pusade vastu. Palsam aitab rastapatside lahtikammimisel ja s\u00fcnteetiliste rastapatsi pikenduste eemaldamisel.\" \/>\n<meta property=\"og:url\" content=\"https:\/\/patsid.ee\/en\/product\/tahke-palsam-65g\/\" \/>\n<meta property=\"og:site_name\" content=\"patsid.ee\" \/>\n<meta property=\"article:publisher\" content=\"https:\/\/www.facebook.com\/rastadehooldus\" \/>\n<meta property=\"article:modified_time\" content=\"2026-04-18T08:43:26+00:00\" \/>\n<meta property=\"og:image\" content=\"https:\/\/patsid.ee\/wp-content\/uploads\/2026\/04\/ConditionerBar2.webp\" \/>\n\t<meta property=\"og:image:width\" content=\"1000\" \/>\n\t<meta property=\"og:image:height\" content=\"1000\" \/>\n\t<meta property=\"og:image:type\" content=\"image\/webp\" \/>\n<meta name=\"twitter:card\" content=\"summary_large_image\" \/>\n<meta name=\"twitter:label1\" content=\"Est. reading time\" \/>\n\t<meta name=\"twitter:data1\" content=\"2 minutes\" \/>\n<script type=\"application\/ld+json\" class=\"yoast-schema-graph\">{\"@context\":\"https:\\\/\\\/schema.org\",\"@graph\":[{\"@type\":\"WebPage\",\"@id\":\"https:\\\/\\\/patsid.ee\\\/product\\\/tahke-palsam-65g\\\/\",\"url\":\"https:\\\/\\\/patsid.ee\\\/product\\\/tahke-palsam-65g\\\/\",\"name\":\"Tahke palsam - 65g | patsid.ee\",\"isPartOf\":{\"@id\":\"https:\\\/\\\/patsid.ee\\\/#website\"},\"primaryImageOfPage\":{\"@id\":\"https:\\\/\\\/patsid.ee\\\/product\\\/tahke-palsam-65g\\\/#primaryimage\"},\"image\":{\"@id\":\"https:\\\/\\\/patsid.ee\\\/product\\\/tahke-palsam-65g\\\/#primaryimage\"},\"thumbnailUrl\":\"https:\\\/\\\/patsid.ee\\\/wp-content\\\/uploads\\\/2026\\\/04\\\/ConditionerBar2.webp\",\"datePublished\":\"2026-04-17T07:33:13+00:00\",\"dateModified\":\"2026-04-18T08:43:26+00:00\",\"breadcrumb\":{\"@id\":\"https:\\\/\\\/patsid.ee\\\/product\\\/tahke-palsam-65g\\\/#breadcrumb\"},\"inLanguage\":\"en-US\",\"potentialAction\":[{\"@type\":\"ReadAction\",\"target\":[\"https:\\\/\\\/patsid.ee\\\/product\\\/tahke-palsam-65g\\\/\"]}]},{\"@type\":\"ImageObject\",\"inLanguage\":\"en-US\",\"@id\":\"https:\\\/\\\/patsid.ee\\\/product\\\/tahke-palsam-65g\\\/#primaryimage\",\"url\":\"https:\\\/\\\/patsid.ee\\\/wp-content\\\/uploads\\\/2026\\\/04\\\/ConditionerBar2.webp\",\"contentUrl\":\"https:\\\/\\\/patsid.ee\\\/wp-content\\\/uploads\\\/2026\\\/04\\\/ConditionerBar2.webp\",\"width\":1000,\"height\":1000,\"caption\":\"Tahke palsam\"},{\"@type\":\"BreadcrumbList\",\"@id\":\"https:\\\/\\\/patsid.ee\\\/product\\\/tahke-palsam-65g\\\/#breadcrumb\",\"itemListElement\":[{\"@type\":\"ListItem\",\"position\":1,\"name\":\"Home\",\"item\":\"https:\\\/\\\/patsid.ee\\\/\"},{\"@type\":\"ListItem\",\"position\":2,\"name\":\"Tahke palsam &#8211; 65g\"}]},{\"@type\":\"WebSite\",\"@id\":\"https:\\\/\\\/patsid.ee\\\/#website\",\"url\":\"https:\\\/\\\/patsid.ee\\\/\",\"name\":\"RAP Rastade hooldus\",\"description\":\"Afropatsid, lokipatsid ja rastapatsid \u2014 teenused, kursused ja e-pood\",\"publisher\":{\"@id\":\"https:\\\/\\\/patsid.ee\\\/#organization\"},\"potentialAction\":[{\"@type\":\"SearchAction\",\"target\":{\"@type\":\"EntryPoint\",\"urlTemplate\":\"https:\\\/\\\/patsid.ee\\\/?s={search_term_string}\"},\"query-input\":{\"@type\":\"PropertyValueSpecification\",\"valueRequired\":true,\"valueName\":\"search_term_string\"}}],\"inLanguage\":\"en-US\"},{\"@type\":\"Organization\",\"@id\":\"https:\\\/\\\/patsid.ee\\\/#organization\",\"name\":\"RAP Rastade hooldus\",\"url\":\"https:\\\/\\\/patsid.ee\\\/\",\"logo\":{\"@type\":\"ImageObject\",\"inLanguage\":\"en-US\",\"@id\":\"https:\\\/\\\/patsid.ee\\\/#\\\/schema\\\/logo\\\/image\\\/\",\"url\":\"https:\\\/\\\/patsid.ee\\\/wp-content\\\/uploads\\\/2025\\\/08\\\/cropped-5.png\",\"contentUrl\":\"https:\\\/\\\/patsid.ee\\\/wp-content\\\/uploads\\\/2025\\\/08\\\/cropped-5.png\",\"width\":500,\"height\":500,\"caption\":\"RAP Rastade hooldus\"},\"image\":{\"@id\":\"https:\\\/\\\/patsid.ee\\\/#\\\/schema\\\/logo\\\/image\\\/\"},\"sameAs\":[\"https:\\\/\\\/www.facebook.com\\\/rastadehooldus\",\"https:\\\/\\\/www.instagram.com\\\/raprastadafrodpunutised\\\/\"]}]}<\/script>\n<!-- \/ Yoast SEO plugin. -->","yoast_head_json":{"title":"Tahke palsam - 65g | patsid.ee","robots":{"index":"index","follow":"follow","max-snippet":"max-snippet:-1","max-image-preview":"max-image-preview:large","max-video-preview":"max-video-preview:-1"},"canonical":"https:\/\/patsid.ee\/en\/product\/tahke-palsam-65g\/","og_locale":"en_US","og_type":"article","og_title":"Tahke palsam - 65g | patsid.ee","og_description":"Palsam, mis on m\u00f5eldud nii lahtistele juustele kui ka lahtiste otstega rastapatsidele, samuti osaliste rastapatside vabade salkude hooldamiseks. See mitmek\u00fclgne palsam on eriti t\u00f5hus lahtistesse juustesse tekkivate pusade vastu. Palsam aitab rastapatside lahtikammimisel ja s\u00fcnteetiliste rastapatsi pikenduste eemaldamisel.","og_url":"https:\/\/patsid.ee\/en\/product\/tahke-palsam-65g\/","og_site_name":"patsid.ee","article_publisher":"https:\/\/www.facebook.com\/rastadehooldus","article_modified_time":"2026-04-18T08:43:26+00:00","og_image":[{"width":1000,"height":1000,"url":"https:\/\/patsid.ee\/wp-content\/uploads\/2026\/04\/ConditionerBar2.webp","type":"image\/webp"}],"twitter_card":"summary_large_image","twitter_misc":{"Est. reading time":"2 minutes"},"schema":{"@context":"https:\/\/schema.org","@graph":[{"@type":"WebPage","@id":"https:\/\/patsid.ee\/product\/tahke-palsam-65g\/","url":"https:\/\/patsid.ee\/product\/tahke-palsam-65g\/","name":"Tahke palsam - 65g | patsid.ee","isPartOf":{"@id":"https:\/\/patsid.ee\/#website"},"primaryImageOfPage":{"@id":"https:\/\/patsid.ee\/product\/tahke-palsam-65g\/#primaryimage"},"image":{"@id":"https:\/\/patsid.ee\/product\/tahke-palsam-65g\/#primaryimage"},"thumbnailUrl":"https:\/\/patsid.ee\/wp-content\/uploads\/2026\/04\/ConditionerBar2.webp","datePublished":"2026-04-17T07:33:13+00:00","dateModified":"2026-04-18T08:43:26+00:00","breadcrumb":{"@id":"https:\/\/patsid.ee\/product\/tahke-palsam-65g\/#breadcrumb"},"inLanguage":"en-US","potentialAction":[{"@type":"ReadAction","target":["https:\/\/patsid.ee\/product\/tahke-palsam-65g\/"]}]},{"@type":"ImageObject","inLanguage":"en-US","@id":"https:\/\/patsid.ee\/product\/tahke-palsam-65g\/#primaryimage","url":"https:\/\/patsid.ee\/wp-content\/uploads\/2026\/04\/ConditionerBar2.webp","contentUrl":"https:\/\/patsid.ee\/wp-content\/uploads\/2026\/04\/ConditionerBar2.webp","width":1000,"height":1000,"caption":"Tahke palsam"},{"@type":"BreadcrumbList","@id":"https:\/\/patsid.ee\/product\/tahke-palsam-65g\/#breadcrumb","itemListElement":[{"@type":"ListItem","position":1,"name":"Home","item":"https:\/\/patsid.ee\/"},{"@type":"ListItem","position":2,"name":"Tahke palsam &#8211; 65g"}]},{"@type":"WebSite","@id":"https:\/\/patsid.ee\/#website","url":"https:\/\/patsid.ee\/","name":"RAP Rastade hooldus","description":"Afropatsid, lokipatsid ja rastapatsid \u2014 teenused, kursused ja e-pood","publisher":{"@id":"https:\/\/patsid.ee\/#organization"},"potentialAction":[{"@type":"SearchAction","target":{"@type":"EntryPoint","urlTemplate":"https:\/\/patsid.ee\/?s={search_term_string}"},"query-input":{"@type":"PropertyValueSpecification","valueRequired":true,"valueName":"search_term_string"}}],"inLanguage":"en-US"},{"@type":"Organization","@id":"https:\/\/patsid.ee\/#organization","name":"RAP Rastade hooldus","url":"https:\/\/patsid.ee\/","logo":{"@type":"ImageObject","inLanguage":"en-US","@id":"https:\/\/patsid.ee\/#\/schema\/logo\/image\/","url":"https:\/\/patsid.ee\/wp-content\/uploads\/2025\/08\/cropped-5.png","contentUrl":"https:\/\/patsid.ee\/wp-content\/uploads\/2025\/08\/cropped-5.png","width":500,"height":500,"caption":"RAP Rastade hooldus"},"image":{"@id":"https:\/\/patsid.ee\/#\/schema\/logo\/image\/"},"sameAs":["https:\/\/www.facebook.com\/rastadehooldus","https:\/\/www.instagram.com\/raprastadafrodpunutised\/"]}]}},"_links":{"self":[{"href":"https:\/\/patsid.ee\/en\/wp-json\/wp\/v2\/product\/6552","targetHints":{"allow":["GET"]}}],"collection":[{"href":"https:\/\/patsid.ee\/en\/wp-json\/wp\/v2\/product"}],"about":[{"href":"https:\/\/patsid.ee\/en\/wp-json\/wp\/v2\/types\/product"}],"wp:featuredmedia":[{"embeddable":true,"href":"https:\/\/patsid.ee\/en\/wp-json\/wp\/v2\/media\/6553"}],"wp:attachment":[{"href":"https:\/\/patsid.ee\/en\/wp-json\/wp\/v2\/media?parent=6552"}],"wp:term":[{"taxonomy":"product_brand","embeddable":true,"href":"https:\/\/patsid.ee\/en\/wp-json\/wp\/v2\/product_brand?post=6552"},{"taxonomy":"product_cat","embeddable":true,"href":"https:\/\/patsid.ee\/en\/wp-json\/wp\/v2\/product_cat?post=6552"},{"taxonomy":"product_tag","embeddable":true,"href":"https:\/\/patsid.ee\/en\/wp-json\/wp\/v2\/product_tag?post=6552"}],"curies":[{"name":"wp","href":"https:\/\/api.w.org\/{rel}","templated":true}]}}