{"id":6550,"date":"2026-04-17T09:24:06","date_gmt":"2026-04-17T07:24:06","guid":{"rendered":"https:\/\/patsid.ee\/?post_type=product&#038;p=6550"},"modified":"2026-04-18T10:42:16","modified_gmt":"2026-04-18T08:42:16","slug":"sugavpuhastav-komplekt","status":"publish","type":"product","link":"https:\/\/patsid.ee\/en\/product\/sugavpuhastav-komplekt\/","title":{"rendered":"s\u00fcgavpuhastav pomm"},"content":{"rendered":"<p>Puhastage oma rastapatsid p\u00f5hjalikult ja saage tervemad juuksed ja peanahk.<br \/>\nAja jooksul koguneb juustesse mustus ja tootej\u00e4\u00e4gid, mille puhastamine \u0161ampooniga v\u00f5ib<br \/>\nosutuda keeruliseks.<br \/>\nSee rastapatside detox on spetsiaalselt v\u00e4lja t\u00f6\u00f6tatud selleks, et eemaldada teie rastadelt<br \/>\ntoodetelt kogunevad j\u00e4\u00e4gid, higi ja saaste.<br \/>\nSee on ainulaadne looduslike koostisosade segu, mis j\u00e4tab teie rastapatsid kergeks, puhtaks ja<br \/>\nv\u00e4rskeks.<br \/>\nSoovitame oma rastapatsid selle seguga puhastada iga 3-4 kuu tagant.<br \/>\nkomplekt sisaldab s\u00fcgavpuhastav pomm koosneb s\u00f6\u00f6gisoodast, orgaanilisest n\u00f5iapuust,<br \/>\norgaanilisest \u00f5unasiidri \u00e4\u00e4dikast, orgaanilisest rosmariini\u00f5list, orgaanilisest teepuust ja<br \/>\nsidrunhappest. S\u00f6\u00f6gisooda, \u00f5unasiidri \u00e4\u00e4dikas ja n\u00f5iapuu ekstrakt puhastavad juustest<br \/>\n\u0161ampooni, rasu ja toodete kogunemist (j\u00e4\u00e4gid), teepuu eeterlikel \u00f5lidel on aga antiseptilised<br \/>\nja seenevastased omadused ning rosmariin sisaldab antioks\u00fcdante, mis v\u00f5ivad aidata k\u00f5\u00f5ma ja<br \/>\npeanaha probleemide korral.<br \/>\n\u00d5unasiidri \u00e4\u00e4dikas aitab sulgeda ka k\u00fc\u00fcnenaha kihti juuksevarrel ning pH neutraliseerib<br \/>\njuukseid ja peanahka.<br \/>\nJuuksed muutuvad l\u00e4ikivaks, pehmeks ja kuivavad kiiremini.<\/p>\n<p>Komplekt sisaldab: 1x Detox Bomb 65g + 1x ACV Rinse taimne loputusvahend (\u00f5unasiidri \u00e4\u00e4dikas) 200ml<\/p>\n<p>Koostis: Rosmarinus Officinalis lehe (rosmariini) \u00f5li*, Melaleuca Alternifolia lehe (teepuu) \u00f5li*, limonen**,<br \/>\nlinalool**.<\/p>\n<p>* = Organic ingredient. ** = Content of essential oil.<\/p>\n<p>Kasutusjuhend:<\/p>\n<p><strong>1. samm: \u2013<\/strong>\u00a0Kuidas kasutada s\u00fcgavpuhastavat pommi.<br \/>\nT\u00e4itke vann\/ kauss sooja veega ja pange Detox Bomb sisse.<br \/>\nValige piisavalt suur vann, et k\u00f5ik teie rastapatsid mahuksid sinna t\u00e4ielikult.<br \/>\nKui aine on lahustunud ja ilma t\u00fckkideta, kastke juuksed vanni ja laske neil v\u00e4hemalt 5 minutit<br \/>\nvees olla. Pigista v\u00e4lja mustus ja sinna kogunenud j\u00e4\u00e4gid ning loputa rohke veega. Soovi korral pese juuksed \u0161ampooniga.<br \/>\n<strong>2. samm: \u2013<\/strong>\u00a0kuidas kasutada ACV loputust.<br \/>\nT\u00fchjendage vann ja valage ACV Rinse Taimne loputusvahend.<br \/>\n*Kui soovite l\u00f5hna lisada, v\u00f5ite lisada 10 tilka teepuu\u00f5li, 20 tilka rosmariini v\u00f5i 20 tilka lavendli<br \/>\neeterlikku \u00f5li. Lisa v\u00f5imalikult kuum, kuid nahale talutav vesi, kuni vann on t\u00e4is.<br \/>\nLaske oma juustel 3-5 minutit leotada.<br \/>\nLoputage rohke veega.<br \/>\n*L\u00f5hnaainet pole vaja lisada. \u00c4\u00e4dika l\u00f5hn kaob, kui juuksed on kuivad.<\/p>\n<p>&nbsp;<\/p>","protected":false},"excerpt":{"rendered":"<p>Puhastage oma rastapatsid p\u00f5hjalikult ja saage tervemad juuksed ja peanahk.<br \/>\nAja jooksul kogunevad juustesse mustus ja tootej\u00e4\u00e4gid, mille puhastamine \u0161ampooniga v\u00f5ib<br \/>\nosutuda keeruliseks.<\/p>","protected":false},"featured_media":6559,"template":"","meta":{"site-sidebar-layout":"default","site-content-layout":"","ast-site-content-layout":"default","site-content-style":"default","site-sidebar-style":"default","ast-global-header-display":"","ast-banner-title-visibility":"","ast-main-header-display":"","ast-hfb-above-header-display":"","ast-hfb-below-header-display":"","ast-hfb-mobile-header-display":"","site-post-title":"","ast-breadcrumbs-content":"","ast-featured-img":"","footer-sml-layout":"","ast-disable-related-posts":"","theme-transparent-header-meta":"default","adv-header-id-meta":"","stick-header-meta":"","header-above-stick-meta":"","header-main-stick-meta":"","header-below-stick-meta":"","astra-migrate-meta-layouts":"set","ast-page-background-enabled":"default","ast-page-background-meta":{"desktop":{"background-color":"","background-image":"","background-repeat":"repeat","background-position":"center center","background-size":"auto","background-attachment":"scroll","background-type":"","background-media":"","overlay-type":"","overlay-color":"","overlay-opacity":"","overlay-gradient":""},"tablet":{"background-color":"","background-image":"","background-repeat":"repeat","background-position":"center center","background-size":"auto","background-attachment":"scroll","background-type":"","background-media":"","overlay-type":"","overlay-color":"","overlay-opacity":"","overlay-gradient":""},"mobile":{"background-color":"","background-image":"","background-repeat":"repeat","background-position":"center center","background-size":"auto","background-attachment":"scroll","background-type":"","background-media":"","overlay-type":"","overlay-color":"","overlay-opacity":"","overlay-gradient":""}},"ast-content-background-meta":{"desktop":{"background-color":"var(--ast-global-color-5)","background-image":"","background-repeat":"repeat","background-position":"center center","background-size":"auto","background-attachment":"scroll","background-type":"","background-media":"","overlay-type":"","overlay-color":"","overlay-opacity":"","overlay-gradient":""},"tablet":{"background-color":"var(--ast-global-color-5)","background-image":"","background-repeat":"repeat","background-position":"center center","background-size":"auto","background-attachment":"scroll","background-type":"","background-media":"","overlay-type":"","overlay-color":"","overlay-opacity":"","overlay-gradient":""},"mobile":{"background-color":"var(--ast-global-color-5)","background-image":"","background-repeat":"repeat","background-position":"center center","background-size":"auto","background-attachment":"scroll","background-type":"","background-media":"","overlay-type":"","overlay-color":"","overlay-opacity":"","overlay-gradient":""}},"iawp_total_views":1},"product_brand":[],"product_cat":[54],"product_tag":[],"class_list":{"0":"post-6550","1":"product","2":"type-product","3":"status-publish","4":"has-post-thumbnail","6":"product_cat-rawroots-patsihooldustooted","7":"desktop-align-left","8":"tablet-align-left","9":"mobile-align-left","11":"first","12":"instock","13":"taxable","14":"shipping-taxable","15":"purchasable","16":"product-type-simple"},"yoast_head":"<!-- This site is optimized with the Yoast SEO plugin v27.4 - https:\/\/yoast.com\/product\/yoast-seo-wordpress\/ -->\n<title>s\u00fcgavpuhastav pomm | patsid.ee<\/title>\n<meta name=\"robots\" content=\"index, follow, max-snippet:-1, max-image-preview:large, max-video-preview:-1\" \/>\n<link rel=\"canonical\" href=\"https:\/\/patsid.ee\/en\/product\/sugavpuhastav-komplekt\/\" \/>\n<meta property=\"og:locale\" content=\"en_US\" \/>\n<meta property=\"og:type\" content=\"article\" \/>\n<meta property=\"og:title\" content=\"s\u00fcgavpuhastav pomm | patsid.ee\" \/>\n<meta property=\"og:description\" content=\"Puhastage oma rastapatsid p\u00f5hjalikult ja saage tervemad juuksed ja peanahk. Aja jooksul kogunevad juustesse mustus ja tootej\u00e4\u00e4gid, mille puhastamine \u0161ampooniga v\u00f5ib osutuda keeruliseks.\" \/>\n<meta property=\"og:url\" content=\"https:\/\/patsid.ee\/en\/product\/sugavpuhastav-komplekt\/\" \/>\n<meta property=\"og:site_name\" content=\"patsid.ee\" \/>\n<meta property=\"article:publisher\" content=\"https:\/\/www.facebook.com\/rastadehooldus\" \/>\n<meta property=\"article:modified_time\" content=\"2026-04-18T08:42:16+00:00\" \/>\n<meta property=\"og:image\" content=\"https:\/\/patsid.ee\/wp-content\/uploads\/2026\/04\/DreadlockDetoxBomb_2.Sortering_1piece.webp\" \/>\n\t<meta property=\"og:image:width\" content=\"700\" \/>\n\t<meta property=\"og:image:height\" content=\"700\" \/>\n\t<meta property=\"og:image:type\" content=\"image\/webp\" \/>\n<meta name=\"twitter:card\" content=\"summary_large_image\" \/>\n<meta name=\"twitter:label1\" content=\"Est. reading time\" \/>\n\t<meta name=\"twitter:data1\" content=\"2 minutes\" \/>\n<script type=\"application\/ld+json\" class=\"yoast-schema-graph\">{\"@context\":\"https:\\\/\\\/schema.org\",\"@graph\":[{\"@type\":\"WebPage\",\"@id\":\"https:\\\/\\\/patsid.ee\\\/product\\\/sugavpuhastav-komplekt\\\/\",\"url\":\"https:\\\/\\\/patsid.ee\\\/product\\\/sugavpuhastav-komplekt\\\/\",\"name\":\"s\u00fcgavpuhastav pomm | patsid.ee\",\"isPartOf\":{\"@id\":\"https:\\\/\\\/patsid.ee\\\/#website\"},\"primaryImageOfPage\":{\"@id\":\"https:\\\/\\\/patsid.ee\\\/product\\\/sugavpuhastav-komplekt\\\/#primaryimage\"},\"image\":{\"@id\":\"https:\\\/\\\/patsid.ee\\\/product\\\/sugavpuhastav-komplekt\\\/#primaryimage\"},\"thumbnailUrl\":\"https:\\\/\\\/patsid.ee\\\/wp-content\\\/uploads\\\/2026\\\/04\\\/DreadlockDetoxBomb_2.Sortering_1piece.webp\",\"datePublished\":\"2026-04-17T07:24:06+00:00\",\"dateModified\":\"2026-04-18T08:42:16+00:00\",\"breadcrumb\":{\"@id\":\"https:\\\/\\\/patsid.ee\\\/product\\\/sugavpuhastav-komplekt\\\/#breadcrumb\"},\"inLanguage\":\"en-US\",\"potentialAction\":[{\"@type\":\"ReadAction\",\"target\":[\"https:\\\/\\\/patsid.ee\\\/product\\\/sugavpuhastav-komplekt\\\/\"]}]},{\"@type\":\"ImageObject\",\"inLanguage\":\"en-US\",\"@id\":\"https:\\\/\\\/patsid.ee\\\/product\\\/sugavpuhastav-komplekt\\\/#primaryimage\",\"url\":\"https:\\\/\\\/patsid.ee\\\/wp-content\\\/uploads\\\/2026\\\/04\\\/DreadlockDetoxBomb_2.Sortering_1piece.webp\",\"contentUrl\":\"https:\\\/\\\/patsid.ee\\\/wp-content\\\/uploads\\\/2026\\\/04\\\/DreadlockDetoxBomb_2.Sortering_1piece.webp\",\"width\":700,\"height\":700,\"caption\":\"S\u00fcgavpuhastav pomm\"},{\"@type\":\"BreadcrumbList\",\"@id\":\"https:\\\/\\\/patsid.ee\\\/product\\\/sugavpuhastav-komplekt\\\/#breadcrumb\",\"itemListElement\":[{\"@type\":\"ListItem\",\"position\":1,\"name\":\"Home\",\"item\":\"https:\\\/\\\/patsid.ee\\\/\"},{\"@type\":\"ListItem\",\"position\":2,\"name\":\"s\u00fcgavpuhastav pomm\"}]},{\"@type\":\"WebSite\",\"@id\":\"https:\\\/\\\/patsid.ee\\\/#website\",\"url\":\"https:\\\/\\\/patsid.ee\\\/\",\"name\":\"RAP Rastade hooldus\",\"description\":\"Afropatsid, lokipatsid ja rastapatsid \u2014 teenused, kursused ja e-pood\",\"publisher\":{\"@id\":\"https:\\\/\\\/patsid.ee\\\/#organization\"},\"potentialAction\":[{\"@type\":\"SearchAction\",\"target\":{\"@type\":\"EntryPoint\",\"urlTemplate\":\"https:\\\/\\\/patsid.ee\\\/?s={search_term_string}\"},\"query-input\":{\"@type\":\"PropertyValueSpecification\",\"valueRequired\":true,\"valueName\":\"search_term_string\"}}],\"inLanguage\":\"en-US\"},{\"@type\":\"Organization\",\"@id\":\"https:\\\/\\\/patsid.ee\\\/#organization\",\"name\":\"RAP Rastade hooldus\",\"url\":\"https:\\\/\\\/patsid.ee\\\/\",\"logo\":{\"@type\":\"ImageObject\",\"inLanguage\":\"en-US\",\"@id\":\"https:\\\/\\\/patsid.ee\\\/#\\\/schema\\\/logo\\\/image\\\/\",\"url\":\"https:\\\/\\\/patsid.ee\\\/wp-content\\\/uploads\\\/2025\\\/08\\\/cropped-5.png\",\"contentUrl\":\"https:\\\/\\\/patsid.ee\\\/wp-content\\\/uploads\\\/2025\\\/08\\\/cropped-5.png\",\"width\":500,\"height\":500,\"caption\":\"RAP Rastade hooldus\"},\"image\":{\"@id\":\"https:\\\/\\\/patsid.ee\\\/#\\\/schema\\\/logo\\\/image\\\/\"},\"sameAs\":[\"https:\\\/\\\/www.facebook.com\\\/rastadehooldus\",\"https:\\\/\\\/www.instagram.com\\\/raprastadafrodpunutised\\\/\"]}]}<\/script>\n<!-- \/ Yoast SEO plugin. -->","yoast_head_json":{"title":"s\u00fcgavpuhastav pomm | patsid.ee","robots":{"index":"index","follow":"follow","max-snippet":"max-snippet:-1","max-image-preview":"max-image-preview:large","max-video-preview":"max-video-preview:-1"},"canonical":"https:\/\/patsid.ee\/en\/product\/sugavpuhastav-komplekt\/","og_locale":"en_US","og_type":"article","og_title":"s\u00fcgavpuhastav pomm | patsid.ee","og_description":"Puhastage oma rastapatsid p\u00f5hjalikult ja saage tervemad juuksed ja peanahk. Aja jooksul kogunevad juustesse mustus ja tootej\u00e4\u00e4gid, mille puhastamine \u0161ampooniga v\u00f5ib osutuda keeruliseks.","og_url":"https:\/\/patsid.ee\/en\/product\/sugavpuhastav-komplekt\/","og_site_name":"patsid.ee","article_publisher":"https:\/\/www.facebook.com\/rastadehooldus","article_modified_time":"2026-04-18T08:42:16+00:00","og_image":[{"width":700,"height":700,"url":"https:\/\/patsid.ee\/wp-content\/uploads\/2026\/04\/DreadlockDetoxBomb_2.Sortering_1piece.webp","type":"image\/webp"}],"twitter_card":"summary_large_image","twitter_misc":{"Est. reading time":"2 minutes"},"schema":{"@context":"https:\/\/schema.org","@graph":[{"@type":"WebPage","@id":"https:\/\/patsid.ee\/product\/sugavpuhastav-komplekt\/","url":"https:\/\/patsid.ee\/product\/sugavpuhastav-komplekt\/","name":"s\u00fcgavpuhastav pomm | patsid.ee","isPartOf":{"@id":"https:\/\/patsid.ee\/#website"},"primaryImageOfPage":{"@id":"https:\/\/patsid.ee\/product\/sugavpuhastav-komplekt\/#primaryimage"},"image":{"@id":"https:\/\/patsid.ee\/product\/sugavpuhastav-komplekt\/#primaryimage"},"thumbnailUrl":"https:\/\/patsid.ee\/wp-content\/uploads\/2026\/04\/DreadlockDetoxBomb_2.Sortering_1piece.webp","datePublished":"2026-04-17T07:24:06+00:00","dateModified":"2026-04-18T08:42:16+00:00","breadcrumb":{"@id":"https:\/\/patsid.ee\/product\/sugavpuhastav-komplekt\/#breadcrumb"},"inLanguage":"en-US","potentialAction":[{"@type":"ReadAction","target":["https:\/\/patsid.ee\/product\/sugavpuhastav-komplekt\/"]}]},{"@type":"ImageObject","inLanguage":"en-US","@id":"https:\/\/patsid.ee\/product\/sugavpuhastav-komplekt\/#primaryimage","url":"https:\/\/patsid.ee\/wp-content\/uploads\/2026\/04\/DreadlockDetoxBomb_2.Sortering_1piece.webp","contentUrl":"https:\/\/patsid.ee\/wp-content\/uploads\/2026\/04\/DreadlockDetoxBomb_2.Sortering_1piece.webp","width":700,"height":700,"caption":"S\u00fcgavpuhastav pomm"},{"@type":"BreadcrumbList","@id":"https:\/\/patsid.ee\/product\/sugavpuhastav-komplekt\/#breadcrumb","itemListElement":[{"@type":"ListItem","position":1,"name":"Home","item":"https:\/\/patsid.ee\/"},{"@type":"ListItem","position":2,"name":"s\u00fcgavpuhastav pomm"}]},{"@type":"WebSite","@id":"https:\/\/patsid.ee\/#website","url":"https:\/\/patsid.ee\/","name":"RAP Rastade hooldus","description":"Afropatsid, lokipatsid ja rastapatsid \u2014 teenused, kursused ja e-pood","publisher":{"@id":"https:\/\/patsid.ee\/#organization"},"potentialAction":[{"@type":"SearchAction","target":{"@type":"EntryPoint","urlTemplate":"https:\/\/patsid.ee\/?s={search_term_string}"},"query-input":{"@type":"PropertyValueSpecification","valueRequired":true,"valueName":"search_term_string"}}],"inLanguage":"en-US"},{"@type":"Organization","@id":"https:\/\/patsid.ee\/#organization","name":"RAP Rastade hooldus","url":"https:\/\/patsid.ee\/","logo":{"@type":"ImageObject","inLanguage":"en-US","@id":"https:\/\/patsid.ee\/#\/schema\/logo\/image\/","url":"https:\/\/patsid.ee\/wp-content\/uploads\/2025\/08\/cropped-5.png","contentUrl":"https:\/\/patsid.ee\/wp-content\/uploads\/2025\/08\/cropped-5.png","width":500,"height":500,"caption":"RAP Rastade hooldus"},"image":{"@id":"https:\/\/patsid.ee\/#\/schema\/logo\/image\/"},"sameAs":["https:\/\/www.facebook.com\/rastadehooldus","https:\/\/www.instagram.com\/raprastadafrodpunutised\/"]}]}},"_links":{"self":[{"href":"https:\/\/patsid.ee\/en\/wp-json\/wp\/v2\/product\/6550","targetHints":{"allow":["GET"]}}],"collection":[{"href":"https:\/\/patsid.ee\/en\/wp-json\/wp\/v2\/product"}],"about":[{"href":"https:\/\/patsid.ee\/en\/wp-json\/wp\/v2\/types\/product"}],"wp:featuredmedia":[{"embeddable":true,"href":"https:\/\/patsid.ee\/en\/wp-json\/wp\/v2\/media\/6559"}],"wp:attachment":[{"href":"https:\/\/patsid.ee\/en\/wp-json\/wp\/v2\/media?parent=6550"}],"wp:term":[{"taxonomy":"product_brand","embeddable":true,"href":"https:\/\/patsid.ee\/en\/wp-json\/wp\/v2\/product_brand?post=6550"},{"taxonomy":"product_cat","embeddable":true,"href":"https:\/\/patsid.ee\/en\/wp-json\/wp\/v2\/product_cat?post=6550"},{"taxonomy":"product_tag","embeddable":true,"href":"https:\/\/patsid.ee\/en\/wp-json\/wp\/v2\/product_tag?post=6550"}],"curies":[{"name":"wp","href":"https:\/\/api.w.org\/{rel}","templated":true}]}}