{"id":6542,"date":"2026-04-17T09:11:39","date_gmt":"2026-04-17T07:11:39","guid":{"rendered":"https:\/\/patsid.ee\/?post_type=product&#038;p=6542"},"modified":"2026-04-18T13:21:56","modified_gmt":"2026-04-18T11:21:56","slug":"pinguldav-sprei-200ml","status":"publish","type":"product","link":"https:\/\/patsid.ee\/en\/product\/pinguldav-sprei-200ml\/","title":{"rendered":"Pinguldav sprei &#8211; 200ml"},"content":{"rendered":"<p>RAW ROOT's Tightening Spray can be used for making or maintenance (e.g. tightening) of dreadlocks.<\/p>\n<p>See v\u00e4hendab lahtiste, s\u00e4bruliste juuste hulka ning pinguldab ja v\u00e4rskendab teie rastapatsid<br \/>\nloomuliku imelise l\u00f5hnaga.<br \/>\nPinguldav sprei sisaldab aaloed ja meresoola, mis annavad juustele tekstuuri, nii et tunned end nagu p\u00e4rast p\u00e4eva merel.<br \/>\nPingutusspreiga peopesas patse rullides saavad taltsutatud lahtised lendlevad juuksed ja intensiivistub uute rastapatside rastastumine.<\/p>\n<p>Lisaks saab RAW ROOTsi pinguldavat spreid h\u00f5lpsasti kasutada nagu tavalist soolaveepihustit, et<br \/>\nanda juustele p\u00fcsivust ja see toimib uskumatult h\u00e4sti ka lokkide puhul v\u00f5i lihtsalt juustele vol\u00fc\u00fcmi andmiseks.<\/p>\n<p>Aloe verat on h\u00f5imlased ja rastafarid kasutanud sajandeid rastapatside pinguldamiseks ning<br \/>\noma hooldavate omadustega annab see niisutust ning hoiab juukseid ja rastapatse.<br \/>\nH\u00fcdrol\u00fc\u00fcsitud maisit\u00e4rklis on fantastiline vol\u00fc\u00fcmi andja, mis lisab paksust ja kindlat p\u00fcsivust.<br \/>\nRoheline tee turgutab teie juukseid antioks\u00fcdantidega ning kaitseb ja toidab, et teie juuksed ei<br \/>\nsaaks rastapatside tegemise ja kandmise ajal kahjustada.<\/p>\n<p>See toode on vees lahustuv ja j\u00e4\u00e4kidevaba, mis t\u00e4hendab, et \u0161ampoon peseb selle juustest t\u00e4ielikult v\u00e4lja.<\/p>\n<p>Toode on saadaval nelja erineva l\u00f5hnaga:<\/p>\n<p><strong>Naq Champa<\/strong>\u00a0: lilleline, soe ja maal\u00e4hedane l\u00f5hn nagu h\u00e4sti tuntud viiruk.<br \/>\n<strong>N\u00f5iutud mets<\/strong>\u00a0: Nagu jalutusk\u00e4ik s\u00fcgavas metsas pat\u0161uli, seedripuu ja sandlipuu eeterlike<br \/>\n\u00f5lidega.<br \/>\n<strong>Herbal Breeze<\/strong>\u00a0: Piparm\u00fcndi, salvei, teepuu ja seedripuu eeterlike \u00f5lide v\u00e4rskendav l\u00f5hn.<br \/>\n<strong>Suvekuu<\/strong> : Magus, puuviljane ja eksootiline, lillelise s\u00fcdamega.<\/p>\n<p>Koostis: Aloe Barbadensise lehtede (aloe vera) ekstrakt*, Camellia Sinensise lehtede (roheline tee) vesi*,<br \/>\nhept\u00fc\u00fclgl\u00fckosiid (suhkru\/ritsinuseseemnest saadud), naatriumklolriid (meresool), h\u00fcdrol\u00fc\u00fcsitud maisit\u00e4rklis,<br \/>\nurtika dioka (parf\u00fc\u00fcmi) ekstrakt* , naatriumbensoaat ja kaaliumsorbaat (konserveerimine),<br \/>\nsidrunhape. Am\u00fc\u00fclkanamal**, bens\u00fc\u00fclalkohol**, bens\u00fc\u00fclbensoaat**, tsitraal**, tsitronellool**, kumariin**,<br \/>\ngeraniool**, h\u00fcdroks\u00fctsitronellaal**, limoneen**, linalool**.<\/p>\n<p>* Organic ingredients ** Constituent of fragrance oils listed<\/p>\n<p>Kasutusjuhend: Enne kasutamist loksutada. Pihustage pinguldavat spreid v\u00e4rskelt pestud patsidesse. V\u00f5i kui hakkate rastapatse tegema, pihustage enne juustesse pinguldavat spreid, et t\u00f6\u00f6 sujuks paremini.<br \/>\nKui kasutate seda hoolduseks, pihustage ja laske kuivada (v\u00f5i kuivata f\u00f6\u00f6niga) enne, kui<br \/>\nhakkate rastapatse hooldama v\u00f5i peopesas rullima.<br \/>\nKui sul ei ole rastapatse \u2013 kasuta pinguldavat spreid nagu kasutaksid tavalist soolase<br \/>\nvee pihustit.<br \/>\nKui pump ummistub, loputa seda sooja vee all.<\/p>","protected":false},"excerpt":{"rendered":"<p>RAW ROOT's Tightening Spray can be used for making or maintenance (e.g. tightening) of dreadlocks.<\/p>\n<p>See v\u00e4hendab lahtiste, s\u00e4bruliste juuste hulka ning pinguldab ja v\u00e4rskendab teie rastapatsid<br \/>\nloomuliku imelise l\u00f5hnaga.<br \/>\nPinguldav sprei sisaldab aaloed ja meresoola, mis annavad juustele tekstuuri, nii et tunned end nagu p\u00e4rast p\u00e4eva merel.<br \/>\nPingutusspreiga peopesas patse rullides saavad taltsutatud lahtised lendlevad juuksed ja intensiivistub uute rastapatside rastastumine.<\/p>","protected":false},"featured_media":6543,"template":"","meta":{"site-sidebar-layout":"default","site-content-layout":"","ast-site-content-layout":"default","site-content-style":"default","site-sidebar-style":"default","ast-global-header-display":"","ast-banner-title-visibility":"","ast-main-header-display":"","ast-hfb-above-header-display":"","ast-hfb-below-header-display":"","ast-hfb-mobile-header-display":"","site-post-title":"","ast-breadcrumbs-content":"","ast-featured-img":"","footer-sml-layout":"","ast-disable-related-posts":"","theme-transparent-header-meta":"default","adv-header-id-meta":"","stick-header-meta":"","header-above-stick-meta":"","header-main-stick-meta":"","header-below-stick-meta":"","astra-migrate-meta-layouts":"set","ast-page-background-enabled":"default","ast-page-background-meta":{"desktop":{"background-color":"","background-image":"","background-repeat":"repeat","background-position":"center center","background-size":"auto","background-attachment":"scroll","background-type":"","background-media":"","overlay-type":"","overlay-color":"","overlay-opacity":"","overlay-gradient":""},"tablet":{"background-color":"","background-image":"","background-repeat":"repeat","background-position":"center center","background-size":"auto","background-attachment":"scroll","background-type":"","background-media":"","overlay-type":"","overlay-color":"","overlay-opacity":"","overlay-gradient":""},"mobile":{"background-color":"","background-image":"","background-repeat":"repeat","background-position":"center center","background-size":"auto","background-attachment":"scroll","background-type":"","background-media":"","overlay-type":"","overlay-color":"","overlay-opacity":"","overlay-gradient":""}},"ast-content-background-meta":{"desktop":{"background-color":"var(--ast-global-color-5)","background-image":"","background-repeat":"repeat","background-position":"center center","background-size":"auto","background-attachment":"scroll","background-type":"","background-media":"","overlay-type":"","overlay-color":"","overlay-opacity":"","overlay-gradient":""},"tablet":{"background-color":"var(--ast-global-color-5)","background-image":"","background-repeat":"repeat","background-position":"center center","background-size":"auto","background-attachment":"scroll","background-type":"","background-media":"","overlay-type":"","overlay-color":"","overlay-opacity":"","overlay-gradient":""},"mobile":{"background-color":"var(--ast-global-color-5)","background-image":"","background-repeat":"repeat","background-position":"center center","background-size":"auto","background-attachment":"scroll","background-type":"","background-media":"","overlay-type":"","overlay-color":"","overlay-opacity":"","overlay-gradient":""}},"iawp_total_views":3},"product_brand":[],"product_cat":[54],"product_tag":[],"class_list":{"0":"post-6542","1":"product","2":"type-product","3":"status-publish","4":"has-post-thumbnail","6":"product_cat-rawroots-patsihooldustooted","7":"desktop-align-left","8":"tablet-align-left","9":"mobile-align-left","11":"first","12":"instock","13":"taxable","14":"shipping-taxable","15":"purchasable","16":"product-type-simple"},"yoast_head":"<!-- This site is optimized with the Yoast SEO plugin v27.4 - https:\/\/yoast.com\/product\/yoast-seo-wordpress\/ -->\n<title>Pinguldav sprei - 200ml | patsid.ee<\/title>\n<meta name=\"robots\" content=\"index, follow, max-snippet:-1, max-image-preview:large, max-video-preview:-1\" \/>\n<link rel=\"canonical\" href=\"https:\/\/patsid.ee\/en\/product\/pinguldav-sprei-200ml\/\" \/>\n<meta property=\"og:locale\" content=\"en_US\" \/>\n<meta property=\"og:type\" content=\"article\" \/>\n<meta property=\"og:title\" content=\"Pinguldav sprei - 200ml | patsid.ee\" \/>\n<meta property=\"og:description\" content=\"Pinguldavat spreid saab kasutada rastapatside valmistamiseks v\u00f5i hooldamiseks.  See v\u00e4hendab lahtiste, s\u00e4bruliste juuste hulka ning pinguldab ja v\u00e4rskendab teie rastapatsid loomuliku imelise l\u00f5hnaga. Pinguldav sprei sisaldab aaloed ja meresoola, mis annavad juustele tekstuuri, nii et tunned end nagu p\u00e4rast p\u00e4eva merel. Pingutusspreiga peopesas patse rullides saavad taltsutatud lahtised lendlevad juuksed ja intensiivistub uute rastapatside rastastumine.\" \/>\n<meta property=\"og:url\" content=\"https:\/\/patsid.ee\/en\/product\/pinguldav-sprei-200ml\/\" \/>\n<meta property=\"og:site_name\" content=\"patsid.ee\" \/>\n<meta property=\"article:publisher\" content=\"https:\/\/www.facebook.com\/rastadehooldus\" \/>\n<meta property=\"article:modified_time\" content=\"2026-04-18T11:21:56+00:00\" \/>\n<meta property=\"og:image\" content=\"https:\/\/patsid.ee\/wp-content\/uploads\/2026\/04\/4-x-tightening-spray.webp\" \/>\n\t<meta property=\"og:image:width\" content=\"1200\" \/>\n\t<meta property=\"og:image:height\" content=\"1200\" \/>\n\t<meta property=\"og:image:type\" content=\"image\/webp\" \/>\n<meta name=\"twitter:card\" content=\"summary_large_image\" \/>\n<meta name=\"twitter:label1\" content=\"Est. reading time\" \/>\n\t<meta name=\"twitter:data1\" content=\"2 minutes\" \/>\n<script type=\"application\/ld+json\" class=\"yoast-schema-graph\">{\"@context\":\"https:\\\/\\\/schema.org\",\"@graph\":[{\"@type\":\"WebPage\",\"@id\":\"https:\\\/\\\/patsid.ee\\\/product\\\/pinguldav-sprei-200ml\\\/\",\"url\":\"https:\\\/\\\/patsid.ee\\\/product\\\/pinguldav-sprei-200ml\\\/\",\"name\":\"Pinguldav sprei - 200ml | patsid.ee\",\"isPartOf\":{\"@id\":\"https:\\\/\\\/patsid.ee\\\/#website\"},\"primaryImageOfPage\":{\"@id\":\"https:\\\/\\\/patsid.ee\\\/product\\\/pinguldav-sprei-200ml\\\/#primaryimage\"},\"image\":{\"@id\":\"https:\\\/\\\/patsid.ee\\\/product\\\/pinguldav-sprei-200ml\\\/#primaryimage\"},\"thumbnailUrl\":\"https:\\\/\\\/patsid.ee\\\/wp-content\\\/uploads\\\/2026\\\/04\\\/4-x-tightening-spray.webp\",\"datePublished\":\"2026-04-17T07:11:39+00:00\",\"dateModified\":\"2026-04-18T11:21:56+00:00\",\"breadcrumb\":{\"@id\":\"https:\\\/\\\/patsid.ee\\\/product\\\/pinguldav-sprei-200ml\\\/#breadcrumb\"},\"inLanguage\":\"en-US\",\"potentialAction\":[{\"@type\":\"ReadAction\",\"target\":[\"https:\\\/\\\/patsid.ee\\\/product\\\/pinguldav-sprei-200ml\\\/\"]}]},{\"@type\":\"ImageObject\",\"inLanguage\":\"en-US\",\"@id\":\"https:\\\/\\\/patsid.ee\\\/product\\\/pinguldav-sprei-200ml\\\/#primaryimage\",\"url\":\"https:\\\/\\\/patsid.ee\\\/wp-content\\\/uploads\\\/2026\\\/04\\\/4-x-tightening-spray.webp\",\"contentUrl\":\"https:\\\/\\\/patsid.ee\\\/wp-content\\\/uploads\\\/2026\\\/04\\\/4-x-tightening-spray.webp\",\"width\":1200,\"height\":1200,\"caption\":\"Pinguldav sprei\"},{\"@type\":\"BreadcrumbList\",\"@id\":\"https:\\\/\\\/patsid.ee\\\/product\\\/pinguldav-sprei-200ml\\\/#breadcrumb\",\"itemListElement\":[{\"@type\":\"ListItem\",\"position\":1,\"name\":\"Home\",\"item\":\"https:\\\/\\\/patsid.ee\\\/\"},{\"@type\":\"ListItem\",\"position\":2,\"name\":\"Pinguldav sprei &#8211; 200ml\"}]},{\"@type\":\"WebSite\",\"@id\":\"https:\\\/\\\/patsid.ee\\\/#website\",\"url\":\"https:\\\/\\\/patsid.ee\\\/\",\"name\":\"RAP Rastade hooldus\",\"description\":\"Afropatsid, lokipatsid ja rastapatsid \u2014 teenused, kursused ja e-pood\",\"publisher\":{\"@id\":\"https:\\\/\\\/patsid.ee\\\/#organization\"},\"potentialAction\":[{\"@type\":\"SearchAction\",\"target\":{\"@type\":\"EntryPoint\",\"urlTemplate\":\"https:\\\/\\\/patsid.ee\\\/?s={search_term_string}\"},\"query-input\":{\"@type\":\"PropertyValueSpecification\",\"valueRequired\":true,\"valueName\":\"search_term_string\"}}],\"inLanguage\":\"en-US\"},{\"@type\":\"Organization\",\"@id\":\"https:\\\/\\\/patsid.ee\\\/#organization\",\"name\":\"RAP Rastade hooldus\",\"url\":\"https:\\\/\\\/patsid.ee\\\/\",\"logo\":{\"@type\":\"ImageObject\",\"inLanguage\":\"en-US\",\"@id\":\"https:\\\/\\\/patsid.ee\\\/#\\\/schema\\\/logo\\\/image\\\/\",\"url\":\"https:\\\/\\\/patsid.ee\\\/wp-content\\\/uploads\\\/2025\\\/08\\\/cropped-5.png\",\"contentUrl\":\"https:\\\/\\\/patsid.ee\\\/wp-content\\\/uploads\\\/2025\\\/08\\\/cropped-5.png\",\"width\":500,\"height\":500,\"caption\":\"RAP Rastade hooldus\"},\"image\":{\"@id\":\"https:\\\/\\\/patsid.ee\\\/#\\\/schema\\\/logo\\\/image\\\/\"},\"sameAs\":[\"https:\\\/\\\/www.facebook.com\\\/rastadehooldus\",\"https:\\\/\\\/www.instagram.com\\\/raprastadafrodpunutised\\\/\"]}]}<\/script>\n<!-- \/ Yoast SEO plugin. -->","yoast_head_json":{"title":"Pinguldav sprei - 200ml | patsid.ee","robots":{"index":"index","follow":"follow","max-snippet":"max-snippet:-1","max-image-preview":"max-image-preview:large","max-video-preview":"max-video-preview:-1"},"canonical":"https:\/\/patsid.ee\/en\/product\/pinguldav-sprei-200ml\/","og_locale":"en_US","og_type":"article","og_title":"Pinguldav sprei - 200ml | patsid.ee","og_description":"Pinguldavat spreid saab kasutada rastapatside valmistamiseks v\u00f5i hooldamiseks.  See v\u00e4hendab lahtiste, s\u00e4bruliste juuste hulka ning pinguldab ja v\u00e4rskendab teie rastapatsid loomuliku imelise l\u00f5hnaga. Pinguldav sprei sisaldab aaloed ja meresoola, mis annavad juustele tekstuuri, nii et tunned end nagu p\u00e4rast p\u00e4eva merel. Pingutusspreiga peopesas patse rullides saavad taltsutatud lahtised lendlevad juuksed ja intensiivistub uute rastapatside rastastumine.","og_url":"https:\/\/patsid.ee\/en\/product\/pinguldav-sprei-200ml\/","og_site_name":"patsid.ee","article_publisher":"https:\/\/www.facebook.com\/rastadehooldus","article_modified_time":"2026-04-18T11:21:56+00:00","og_image":[{"width":1200,"height":1200,"url":"https:\/\/patsid.ee\/wp-content\/uploads\/2026\/04\/4-x-tightening-spray.webp","type":"image\/webp"}],"twitter_card":"summary_large_image","twitter_misc":{"Est. reading time":"2 minutes"},"schema":{"@context":"https:\/\/schema.org","@graph":[{"@type":"WebPage","@id":"https:\/\/patsid.ee\/product\/pinguldav-sprei-200ml\/","url":"https:\/\/patsid.ee\/product\/pinguldav-sprei-200ml\/","name":"Pinguldav sprei - 200ml | patsid.ee","isPartOf":{"@id":"https:\/\/patsid.ee\/#website"},"primaryImageOfPage":{"@id":"https:\/\/patsid.ee\/product\/pinguldav-sprei-200ml\/#primaryimage"},"image":{"@id":"https:\/\/patsid.ee\/product\/pinguldav-sprei-200ml\/#primaryimage"},"thumbnailUrl":"https:\/\/patsid.ee\/wp-content\/uploads\/2026\/04\/4-x-tightening-spray.webp","datePublished":"2026-04-17T07:11:39+00:00","dateModified":"2026-04-18T11:21:56+00:00","breadcrumb":{"@id":"https:\/\/patsid.ee\/product\/pinguldav-sprei-200ml\/#breadcrumb"},"inLanguage":"en-US","potentialAction":[{"@type":"ReadAction","target":["https:\/\/patsid.ee\/product\/pinguldav-sprei-200ml\/"]}]},{"@type":"ImageObject","inLanguage":"en-US","@id":"https:\/\/patsid.ee\/product\/pinguldav-sprei-200ml\/#primaryimage","url":"https:\/\/patsid.ee\/wp-content\/uploads\/2026\/04\/4-x-tightening-spray.webp","contentUrl":"https:\/\/patsid.ee\/wp-content\/uploads\/2026\/04\/4-x-tightening-spray.webp","width":1200,"height":1200,"caption":"Pinguldav sprei"},{"@type":"BreadcrumbList","@id":"https:\/\/patsid.ee\/product\/pinguldav-sprei-200ml\/#breadcrumb","itemListElement":[{"@type":"ListItem","position":1,"name":"Home","item":"https:\/\/patsid.ee\/"},{"@type":"ListItem","position":2,"name":"Pinguldav sprei &#8211; 200ml"}]},{"@type":"WebSite","@id":"https:\/\/patsid.ee\/#website","url":"https:\/\/patsid.ee\/","name":"RAP Rastade hooldus","description":"Afropatsid, lokipatsid ja rastapatsid \u2014 teenused, kursused ja e-pood","publisher":{"@id":"https:\/\/patsid.ee\/#organization"},"potentialAction":[{"@type":"SearchAction","target":{"@type":"EntryPoint","urlTemplate":"https:\/\/patsid.ee\/?s={search_term_string}"},"query-input":{"@type":"PropertyValueSpecification","valueRequired":true,"valueName":"search_term_string"}}],"inLanguage":"en-US"},{"@type":"Organization","@id":"https:\/\/patsid.ee\/#organization","name":"RAP Rastade hooldus","url":"https:\/\/patsid.ee\/","logo":{"@type":"ImageObject","inLanguage":"en-US","@id":"https:\/\/patsid.ee\/#\/schema\/logo\/image\/","url":"https:\/\/patsid.ee\/wp-content\/uploads\/2025\/08\/cropped-5.png","contentUrl":"https:\/\/patsid.ee\/wp-content\/uploads\/2025\/08\/cropped-5.png","width":500,"height":500,"caption":"RAP Rastade hooldus"},"image":{"@id":"https:\/\/patsid.ee\/#\/schema\/logo\/image\/"},"sameAs":["https:\/\/www.facebook.com\/rastadehooldus","https:\/\/www.instagram.com\/raprastadafrodpunutised\/"]}]}},"_links":{"self":[{"href":"https:\/\/patsid.ee\/en\/wp-json\/wp\/v2\/product\/6542","targetHints":{"allow":["GET"]}}],"collection":[{"href":"https:\/\/patsid.ee\/en\/wp-json\/wp\/v2\/product"}],"about":[{"href":"https:\/\/patsid.ee\/en\/wp-json\/wp\/v2\/types\/product"}],"wp:featuredmedia":[{"embeddable":true,"href":"https:\/\/patsid.ee\/en\/wp-json\/wp\/v2\/media\/6543"}],"wp:attachment":[{"href":"https:\/\/patsid.ee\/en\/wp-json\/wp\/v2\/media?parent=6542"}],"wp:term":[{"taxonomy":"product_brand","embeddable":true,"href":"https:\/\/patsid.ee\/en\/wp-json\/wp\/v2\/product_brand?post=6542"},{"taxonomy":"product_cat","embeddable":true,"href":"https:\/\/patsid.ee\/en\/wp-json\/wp\/v2\/product_cat?post=6542"},{"taxonomy":"product_tag","embeddable":true,"href":"https:\/\/patsid.ee\/en\/wp-json\/wp\/v2\/product_tag?post=6542"}],"curies":[{"name":"wp","href":"https:\/\/api.w.org\/{rel}","templated":true}]}}