{"id":6537,"date":"2026-04-17T08:45:22","date_gmt":"2026-04-17T06:45:22","guid":{"rendered":"https:\/\/patsid.ee\/?post_type=product&#038;p=6537"},"modified":"2026-04-18T13:21:22","modified_gmt":"2026-04-18T11:21:22","slug":"niisutav-oli","status":"publish","type":"product","link":"https:\/\/patsid.ee\/en\/product\/niisutav-oli\/","title":{"rendered":"Niisutav \u00f5li &#8211; 100ml"},"content":{"rendered":"<p>Raw Roots Niisutav \u00f5li on 100% orgaaniline ja intensiivne naha- ning juuksehooldustoode. Taastab peanaha loomuliku tasakaalu ning leevendab ja ennetab peanaha s\u00fcgelust, kuivust v\u00f5i ketendamist ja muid naha\u00e4rritusi. Niisutava \u00f5li aluseks on puhtad orgaanilised taimsed \u00f5lid, mis sisaldavad asendamatuid rasvhappeid, mis on vajalikud naha optimaalseks toimimiseks. Orgaaniline jojoba-, avokaado- ja priimula\u00f5li ravivad ja rahustab peanahka ning sobivad eriti h\u00e4sti tundlikule ja probleemsele nahale. Selle \u00f5liga on juuksed tugevdatud, pehmendatud ja toidetud looduslike antioks\u00fcdantide, vitamiinide ja mineraalidega. Brokkoliseemne\u00f5li toidab nahka ja juukseid, hoides \u00e4ra niiskuskadu. \u00d5li sulgeb juuksekutiikula ja kaitseb seda kuivamise eest. Ravensara ja sandlipuu eeterlikud \u00f5lid on peanaha teraapia, mis stimuleerib vereringet ja on tugeva antiseptilise toimega. Lisaks sellele, et see reguleerib rasvasisaldust, l\u00f5hnab see kui jalutusk\u00e4ik s\u00fcgavas metsas.<\/p>\n<p>Koostis: Ohaka\u00f5li*, kanepiseemne\u00f5li*, jojoba\u00f5li*, avokaado\u00f5li*, priimula\u00f5li*, brokkoli\u00f5li*, sandlipuu\u00f5li*, pat\u0161uli\u00f5li*,<br \/>\np\u00e4evalille\u00f5li*, rosmariini\u00f5li*, ravensara\u00f5li*.\u00a0 Carthamus Tinctorius\u2019e seemne\u00f5li*, kanepiseemne\u00f5li*, kanepiseemne\u00f5li*, simmondsia chinensise seemne\u00f5li (jojoba\u00f5li*), p\u00e4rsea gratissima (avokaado\u00f5li)*, Oenothera Biennis\u2019e (\u00f5htupriimula) \u00f5li, oleracea italica seeme*,<br \/>\nbrassica seeme Brokkoli) \u00f5li*, Amyris Balsamifera koore (santelipuu) \u00f5li*, Pogostemon Cablin Leaf (pat\u0161uli)<br \/>\n\u00f5li*, Helianthus Annuus seemne (p\u00e4evalille) \u00f5li*, Rosmarinus Officinalis lehe (rosmariini) \u00f5li*, Ravensara<br \/>\nOilRavensaraf (*Ravensara,* Ravensaraf) Linalool**.<\/p>\n<p>* = Organic ingredient. ** = Content of essential oil.<\/p>\n<p>&nbsp;<\/p>\n<p>Kasutusjuhend:<\/p>\n<p>Niisutavat \u00f5li saab kasutada mitmel otstarbel:<br \/>\n<strong>Juukse\u00f5lina<\/strong>\u2013 see \u00f5li aitab taastada peanaha loomulikku tasakaalu. See leevendab ja hoiab \u00e4ra<br \/>\ns\u00fcgeluse, kuiva peanaha ja muud naha\u00e4rritused.<br \/>\n<strong>Habeme\u00f5lina<\/strong>\u2013 t\u00e4pselt nagu juukse\u00f5li toidab see habet ning hoiab \u00e4ra naha s\u00fcgeluse ja<br \/>\n\u00e4rrituse.<br \/>\n<strong>Keha\u00f5lina<\/strong>\u2013 \u00fclitoitev keha\u00f5li. See mitte ainult ei toida, vaid Ravensara abiga leevendab ka<br \/>\nvalulikke lihaseid. See on eriti hea nahaprobleemide korral nagu kuiv ja s\u00fcgelev nahk.<\/p>\n<p>Kasutamine:<br \/>\nProbleemse peanaha korral: Kandke niisutavat \u00f5li pipetiga otse peanahale, masseerige<br \/>\nkergelt ja laske enne \u0161ampooniga pesemist pool kuni 2 tundi seista.<\/p>\n<p>Habemele ja juustele: kandke paar tilka \u00f5li k\u00e4te vahele ja hajutage see l\u00e4bi<br \/>\njuuste\/habeme. Parima tulemuse saavutamiseks kasutage niisketel juustel\/habemel.<\/p>\n<p>Kehal: kasutage luksusliku keha\u00f5lina v\u00f5i kui teil on probleeme kuiva naha, ekseemi v\u00f5i<br \/>\npsoriaasiga. Kanna paremaks imandumiseks niiskele nahale ja nii toidab see nahka<br \/>\np\u00f5hjalikumalt.<\/p>","protected":false},"excerpt":{"rendered":"<p>Raw Roots Niisutav \u00f5li on 100% orgaaniline ja intensiivne naha- ning juuksehooldustoode. Taastab peanaha loomuliku tasakaalu ning leevendab ja ennetab peanaha s\u00fcgelust, kuivust v\u00f5i ketendamist ja muid naha\u00e4rritusi. Niisutava \u00f5li aluseks on puhtad orgaanilised taimsed \u00f5lid, mis sisaldavad asendamatuid rasvhappeid, mis on vajalikud naha optimaalseks toimimiseks. Orgaaniline jojoba-, avokaado- ja priimula\u00f5li ravivad ja rahustab peanahka ning sobivad eriti h\u00e4sti tundlikule ja probleemsele nahale. Selle \u00f5liga on juuksed tugevdatud, pehmendatud ja toidetud looduslike antioks\u00fcdantide, vitamiinide ja mineraalidega.<\/p>","protected":false},"featured_media":6538,"template":"","meta":{"site-sidebar-layout":"default","site-content-layout":"","ast-site-content-layout":"default","site-content-style":"default","site-sidebar-style":"default","ast-global-header-display":"","ast-banner-title-visibility":"","ast-main-header-display":"","ast-hfb-above-header-display":"","ast-hfb-below-header-display":"","ast-hfb-mobile-header-display":"","site-post-title":"","ast-breadcrumbs-content":"","ast-featured-img":"","footer-sml-layout":"","ast-disable-related-posts":"","theme-transparent-header-meta":"default","adv-header-id-meta":"","stick-header-meta":"","header-above-stick-meta":"","header-main-stick-meta":"","header-below-stick-meta":"","astra-migrate-meta-layouts":"set","ast-page-background-enabled":"default","ast-page-background-meta":{"desktop":{"background-color":"","background-image":"","background-repeat":"repeat","background-position":"center center","background-size":"auto","background-attachment":"scroll","background-type":"","background-media":"","overlay-type":"","overlay-color":"","overlay-opacity":"","overlay-gradient":""},"tablet":{"background-color":"","background-image":"","background-repeat":"repeat","background-position":"center center","background-size":"auto","background-attachment":"scroll","background-type":"","background-media":"","overlay-type":"","overlay-color":"","overlay-opacity":"","overlay-gradient":""},"mobile":{"background-color":"","background-image":"","background-repeat":"repeat","background-position":"center center","background-size":"auto","background-attachment":"scroll","background-type":"","background-media":"","overlay-type":"","overlay-color":"","overlay-opacity":"","overlay-gradient":""}},"ast-content-background-meta":{"desktop":{"background-color":"var(--ast-global-color-5)","background-image":"","background-repeat":"repeat","background-position":"center center","background-size":"auto","background-attachment":"scroll","background-type":"","background-media":"","overlay-type":"","overlay-color":"","overlay-opacity":"","overlay-gradient":""},"tablet":{"background-color":"var(--ast-global-color-5)","background-image":"","background-repeat":"repeat","background-position":"center center","background-size":"auto","background-attachment":"scroll","background-type":"","background-media":"","overlay-type":"","overlay-color":"","overlay-opacity":"","overlay-gradient":""},"mobile":{"background-color":"var(--ast-global-color-5)","background-image":"","background-repeat":"repeat","background-position":"center center","background-size":"auto","background-attachment":"scroll","background-type":"","background-media":"","overlay-type":"","overlay-color":"","overlay-opacity":"","overlay-gradient":""}},"iawp_total_views":0},"product_brand":[],"product_cat":[54],"product_tag":[],"class_list":{"0":"post-6537","1":"product","2":"type-product","3":"status-publish","4":"has-post-thumbnail","6":"product_cat-rawroots-patsihooldustooted","7":"desktop-align-left","8":"tablet-align-left","9":"mobile-align-left","11":"first","12":"instock","13":"taxable","14":"shipping-taxable","15":"purchasable","16":"product-type-simple"},"yoast_head":"<!-- This site is optimized with the Yoast SEO plugin v27.4 - https:\/\/yoast.com\/product\/yoast-seo-wordpress\/ -->\n<title>Niisutav \u00f5li - 100ml | patsid.ee<\/title>\n<meta name=\"robots\" content=\"index, follow, max-snippet:-1, max-image-preview:large, max-video-preview:-1\" \/>\n<link rel=\"canonical\" href=\"https:\/\/patsid.ee\/en\/product\/niisutav-oli\/\" \/>\n<meta property=\"og:locale\" content=\"en_US\" \/>\n<meta property=\"og:type\" content=\"article\" \/>\n<meta property=\"og:title\" content=\"Niisutav \u00f5li - 100ml | patsid.ee\" \/>\n<meta property=\"og:description\" content=\"Raw Roots Niisutav \u00f5li on 100% orgaaniline ja intensiivne naha- ning juuksehooldustoode. Taastab peanaha loomuliku tasakaalu ning leevendab ja ennetab peanaha s\u00fcgelust, kuivust v\u00f5i ketendamist ja muid naha\u00e4rritusi. Niisutava \u00f5li aluseks on puhtad orgaanilised taimsed \u00f5lid, mis sisaldavad asendamatuid rasvhappeid, mis on vajalikud naha optimaalseks toimimiseks. Orgaaniline jojoba-, avokaado- ja priimula\u00f5li ravivad ja rahustab peanahka ning sobivad eriti h\u00e4sti tundlikule ja probleemsele nahale. Selle \u00f5liga on juuksed tugevdatud, pehmendatud ja toidetud looduslike antioks\u00fcdantide, vitamiinide ja mineraalidega.\" \/>\n<meta property=\"og:url\" content=\"https:\/\/patsid.ee\/en\/product\/niisutav-oli\/\" \/>\n<meta property=\"og:site_name\" content=\"patsid.ee\" \/>\n<meta property=\"article:publisher\" content=\"https:\/\/www.facebook.com\/rastadehooldus\" \/>\n<meta property=\"article:modified_time\" content=\"2026-04-18T11:21:22+00:00\" \/>\n<meta property=\"og:image\" content=\"https:\/\/patsid.ee\/wp-content\/uploads\/2026\/04\/HydratingOil.webp\" \/>\n\t<meta property=\"og:image:width\" content=\"1200\" \/>\n\t<meta property=\"og:image:height\" content=\"1200\" \/>\n\t<meta property=\"og:image:type\" content=\"image\/webp\" \/>\n<meta name=\"twitter:card\" content=\"summary_large_image\" \/>\n<meta name=\"twitter:label1\" content=\"Est. reading time\" \/>\n\t<meta name=\"twitter:data1\" content=\"2 minutes\" \/>\n<script type=\"application\/ld+json\" class=\"yoast-schema-graph\">{\"@context\":\"https:\\\/\\\/schema.org\",\"@graph\":[{\"@type\":\"WebPage\",\"@id\":\"https:\\\/\\\/patsid.ee\\\/product\\\/niisutav-oli\\\/\",\"url\":\"https:\\\/\\\/patsid.ee\\\/product\\\/niisutav-oli\\\/\",\"name\":\"Niisutav \u00f5li - 100ml | patsid.ee\",\"isPartOf\":{\"@id\":\"https:\\\/\\\/patsid.ee\\\/#website\"},\"primaryImageOfPage\":{\"@id\":\"https:\\\/\\\/patsid.ee\\\/product\\\/niisutav-oli\\\/#primaryimage\"},\"image\":{\"@id\":\"https:\\\/\\\/patsid.ee\\\/product\\\/niisutav-oli\\\/#primaryimage\"},\"thumbnailUrl\":\"https:\\\/\\\/patsid.ee\\\/wp-content\\\/uploads\\\/2026\\\/04\\\/HydratingOil.webp\",\"datePublished\":\"2026-04-17T06:45:22+00:00\",\"dateModified\":\"2026-04-18T11:21:22+00:00\",\"breadcrumb\":{\"@id\":\"https:\\\/\\\/patsid.ee\\\/product\\\/niisutav-oli\\\/#breadcrumb\"},\"inLanguage\":\"en-US\",\"potentialAction\":[{\"@type\":\"ReadAction\",\"target\":[\"https:\\\/\\\/patsid.ee\\\/product\\\/niisutav-oli\\\/\"]}]},{\"@type\":\"ImageObject\",\"inLanguage\":\"en-US\",\"@id\":\"https:\\\/\\\/patsid.ee\\\/product\\\/niisutav-oli\\\/#primaryimage\",\"url\":\"https:\\\/\\\/patsid.ee\\\/wp-content\\\/uploads\\\/2026\\\/04\\\/HydratingOil.webp\",\"contentUrl\":\"https:\\\/\\\/patsid.ee\\\/wp-content\\\/uploads\\\/2026\\\/04\\\/HydratingOil.webp\",\"width\":1200,\"height\":1200,\"caption\":\"Niisutav \u00f5li\"},{\"@type\":\"BreadcrumbList\",\"@id\":\"https:\\\/\\\/patsid.ee\\\/product\\\/niisutav-oli\\\/#breadcrumb\",\"itemListElement\":[{\"@type\":\"ListItem\",\"position\":1,\"name\":\"Home\",\"item\":\"https:\\\/\\\/patsid.ee\\\/\"},{\"@type\":\"ListItem\",\"position\":2,\"name\":\"Niisutav \u00f5li &#8211; 100ml\"}]},{\"@type\":\"WebSite\",\"@id\":\"https:\\\/\\\/patsid.ee\\\/#website\",\"url\":\"https:\\\/\\\/patsid.ee\\\/\",\"name\":\"RAP Rastade hooldus\",\"description\":\"Afropatsid, lokipatsid ja rastapatsid \u2014 teenused, kursused ja e-pood\",\"publisher\":{\"@id\":\"https:\\\/\\\/patsid.ee\\\/#organization\"},\"potentialAction\":[{\"@type\":\"SearchAction\",\"target\":{\"@type\":\"EntryPoint\",\"urlTemplate\":\"https:\\\/\\\/patsid.ee\\\/?s={search_term_string}\"},\"query-input\":{\"@type\":\"PropertyValueSpecification\",\"valueRequired\":true,\"valueName\":\"search_term_string\"}}],\"inLanguage\":\"en-US\"},{\"@type\":\"Organization\",\"@id\":\"https:\\\/\\\/patsid.ee\\\/#organization\",\"name\":\"RAP Rastade hooldus\",\"url\":\"https:\\\/\\\/patsid.ee\\\/\",\"logo\":{\"@type\":\"ImageObject\",\"inLanguage\":\"en-US\",\"@id\":\"https:\\\/\\\/patsid.ee\\\/#\\\/schema\\\/logo\\\/image\\\/\",\"url\":\"https:\\\/\\\/patsid.ee\\\/wp-content\\\/uploads\\\/2025\\\/08\\\/cropped-5.png\",\"contentUrl\":\"https:\\\/\\\/patsid.ee\\\/wp-content\\\/uploads\\\/2025\\\/08\\\/cropped-5.png\",\"width\":500,\"height\":500,\"caption\":\"RAP Rastade hooldus\"},\"image\":{\"@id\":\"https:\\\/\\\/patsid.ee\\\/#\\\/schema\\\/logo\\\/image\\\/\"},\"sameAs\":[\"https:\\\/\\\/www.facebook.com\\\/rastadehooldus\",\"https:\\\/\\\/www.instagram.com\\\/raprastadafrodpunutised\\\/\"]}]}<\/script>\n<!-- \/ Yoast SEO plugin. -->","yoast_head_json":{"title":"Niisutav \u00f5li - 100ml | patsid.ee","robots":{"index":"index","follow":"follow","max-snippet":"max-snippet:-1","max-image-preview":"max-image-preview:large","max-video-preview":"max-video-preview:-1"},"canonical":"https:\/\/patsid.ee\/en\/product\/niisutav-oli\/","og_locale":"en_US","og_type":"article","og_title":"Niisutav \u00f5li - 100ml | patsid.ee","og_description":"Raw Roots Niisutav \u00f5li on 100% orgaaniline ja intensiivne naha- ning juuksehooldustoode. Taastab peanaha loomuliku tasakaalu ning leevendab ja ennetab peanaha s\u00fcgelust, kuivust v\u00f5i ketendamist ja muid naha\u00e4rritusi. Niisutava \u00f5li aluseks on puhtad orgaanilised taimsed \u00f5lid, mis sisaldavad asendamatuid rasvhappeid, mis on vajalikud naha optimaalseks toimimiseks. Orgaaniline jojoba-, avokaado- ja priimula\u00f5li ravivad ja rahustab peanahka ning sobivad eriti h\u00e4sti tundlikule ja probleemsele nahale. Selle \u00f5liga on juuksed tugevdatud, pehmendatud ja toidetud looduslike antioks\u00fcdantide, vitamiinide ja mineraalidega.","og_url":"https:\/\/patsid.ee\/en\/product\/niisutav-oli\/","og_site_name":"patsid.ee","article_publisher":"https:\/\/www.facebook.com\/rastadehooldus","article_modified_time":"2026-04-18T11:21:22+00:00","og_image":[{"width":1200,"height":1200,"url":"https:\/\/patsid.ee\/wp-content\/uploads\/2026\/04\/HydratingOil.webp","type":"image\/webp"}],"twitter_card":"summary_large_image","twitter_misc":{"Est. reading time":"2 minutes"},"schema":{"@context":"https:\/\/schema.org","@graph":[{"@type":"WebPage","@id":"https:\/\/patsid.ee\/product\/niisutav-oli\/","url":"https:\/\/patsid.ee\/product\/niisutav-oli\/","name":"Niisutav \u00f5li - 100ml | patsid.ee","isPartOf":{"@id":"https:\/\/patsid.ee\/#website"},"primaryImageOfPage":{"@id":"https:\/\/patsid.ee\/product\/niisutav-oli\/#primaryimage"},"image":{"@id":"https:\/\/patsid.ee\/product\/niisutav-oli\/#primaryimage"},"thumbnailUrl":"https:\/\/patsid.ee\/wp-content\/uploads\/2026\/04\/HydratingOil.webp","datePublished":"2026-04-17T06:45:22+00:00","dateModified":"2026-04-18T11:21:22+00:00","breadcrumb":{"@id":"https:\/\/patsid.ee\/product\/niisutav-oli\/#breadcrumb"},"inLanguage":"en-US","potentialAction":[{"@type":"ReadAction","target":["https:\/\/patsid.ee\/product\/niisutav-oli\/"]}]},{"@type":"ImageObject","inLanguage":"en-US","@id":"https:\/\/patsid.ee\/product\/niisutav-oli\/#primaryimage","url":"https:\/\/patsid.ee\/wp-content\/uploads\/2026\/04\/HydratingOil.webp","contentUrl":"https:\/\/patsid.ee\/wp-content\/uploads\/2026\/04\/HydratingOil.webp","width":1200,"height":1200,"caption":"Niisutav \u00f5li"},{"@type":"BreadcrumbList","@id":"https:\/\/patsid.ee\/product\/niisutav-oli\/#breadcrumb","itemListElement":[{"@type":"ListItem","position":1,"name":"Home","item":"https:\/\/patsid.ee\/"},{"@type":"ListItem","position":2,"name":"Niisutav \u00f5li &#8211; 100ml"}]},{"@type":"WebSite","@id":"https:\/\/patsid.ee\/#website","url":"https:\/\/patsid.ee\/","name":"RAP Rastade hooldus","description":"Afropatsid, lokipatsid ja rastapatsid \u2014 teenused, kursused ja e-pood","publisher":{"@id":"https:\/\/patsid.ee\/#organization"},"potentialAction":[{"@type":"SearchAction","target":{"@type":"EntryPoint","urlTemplate":"https:\/\/patsid.ee\/?s={search_term_string}"},"query-input":{"@type":"PropertyValueSpecification","valueRequired":true,"valueName":"search_term_string"}}],"inLanguage":"en-US"},{"@type":"Organization","@id":"https:\/\/patsid.ee\/#organization","name":"RAP Rastade hooldus","url":"https:\/\/patsid.ee\/","logo":{"@type":"ImageObject","inLanguage":"en-US","@id":"https:\/\/patsid.ee\/#\/schema\/logo\/image\/","url":"https:\/\/patsid.ee\/wp-content\/uploads\/2025\/08\/cropped-5.png","contentUrl":"https:\/\/patsid.ee\/wp-content\/uploads\/2025\/08\/cropped-5.png","width":500,"height":500,"caption":"RAP Rastade hooldus"},"image":{"@id":"https:\/\/patsid.ee\/#\/schema\/logo\/image\/"},"sameAs":["https:\/\/www.facebook.com\/rastadehooldus","https:\/\/www.instagram.com\/raprastadafrodpunutised\/"]}]}},"_links":{"self":[{"href":"https:\/\/patsid.ee\/en\/wp-json\/wp\/v2\/product\/6537","targetHints":{"allow":["GET"]}}],"collection":[{"href":"https:\/\/patsid.ee\/en\/wp-json\/wp\/v2\/product"}],"about":[{"href":"https:\/\/patsid.ee\/en\/wp-json\/wp\/v2\/types\/product"}],"wp:featuredmedia":[{"embeddable":true,"href":"https:\/\/patsid.ee\/en\/wp-json\/wp\/v2\/media\/6538"}],"wp:attachment":[{"href":"https:\/\/patsid.ee\/en\/wp-json\/wp\/v2\/media?parent=6537"}],"wp:term":[{"taxonomy":"product_brand","embeddable":true,"href":"https:\/\/patsid.ee\/en\/wp-json\/wp\/v2\/product_brand?post=6537"},{"taxonomy":"product_cat","embeddable":true,"href":"https:\/\/patsid.ee\/en\/wp-json\/wp\/v2\/product_cat?post=6537"},{"taxonomy":"product_tag","embeddable":true,"href":"https:\/\/patsid.ee\/en\/wp-json\/wp\/v2\/product_tag?post=6537"}],"curies":[{"name":"wp","href":"https:\/\/api.w.org\/{rel}","templated":true}]}}