{"id":6531,"date":"2026-04-17T08:24:21","date_gmt":"2026-04-17T06:24:21","guid":{"rendered":"https:\/\/patsid.ee\/?post_type=product&#038;p=6531"},"modified":"2026-04-18T13:22:28","modified_gmt":"2026-04-18T11:22:28","slug":"pinguldav-geel","status":"publish","type":"product","link":"https:\/\/patsid.ee\/en\/product\/pinguldav-geel\/","title":{"rendered":"Pinguldav geel &#8211; 200ml"},"content":{"rendered":"<p>Pinguldav geel Aaloe ja Manukaga on orgaaniline luksuslik geel lokkis juustele, lokkidele ja s\u00e4brulistele rastapatsidele.<br \/>\nSee on loomulikult pinguldav geel rastapatsidele ja kr\u00e4sus juustele. Orgaaniline<br \/>\nsertifitseeritud aaloe vera koondab juukseid, annab niisutust ja kindlat kinnitust ning on t\u00f5hus<br \/>\nvahend k\u00f5\u00f5ma, s\u00fcgeleva ja \u00e4rritunud peanaha vastu. Koos manukaga hooldab see juukseid<br \/>\ns\u00fcgavuti ja hoiab tervena. Manuka neutraliseerib staatilised s\u00e4rtsused juuksed ning j\u00e4tab<br \/>\njuuksed l\u00e4ikivaks, fikseerituks ja hoolitsetuks.<\/p>\n<p>Pinguldav juuksegeel ei sisalda sulfaate, silikooni, mineraal\u00f5lisid ja kuivatavat alkoholi, vaid<br \/>\nainult puhtaid ja aktiivseid koostisosi. K\u00f5ik koostisained on j\u00e4\u00e4givabad, vees lahustuvad ja<br \/>\nvegan. Orgaanilised eeterlikud \u00f5lid, mida leiate RAW ROOTsi pinguldavast juuksegeelist on<br \/>\nantibakteriaalse toimega ning annavad v\u00e4rske magusa lavendli ja v\u00e4rske greibi l\u00f5hna. Lisaks on<br \/>\nsee suurep\u00e4rane p\u00e4ikesep\u00f5letuse ja p\u00e4ikese-ekseemi raviks. Aloe vera ja manuka aitavad<br \/>\ntaastada \u00e4rritunud peanahka lisades niiskust ja samal ajal muutes naha elastseks.<\/p>\n<p>Koostis: Aqua (vesi), Leptospermum Scopariumi oks\/\u00f5is\/leht (manuka) vesi*, Saccharum Officinarum<br \/>\n(sahharoos)*, Aloe Barbadensise lehemahl (aloe vera) pulber*, karrageen (mereumbrohi), Citrus<br \/>\nParadisi koor (greip*) , Lavandula Hybrida (lavendli) \u00f5li*, Citrus Aurantifolia Peel (laimi) \u00f5li<br \/>\nekspresseeritud*, naatriumbensoaat (naatriumbensoaat\/atamon), limoneen**, linalool**,<br \/>\ntsitraal**.<\/p>\n<p>* = Organic ingredient. ** = Content of essential oil.<\/p>\n<p>Kasutusjuhend: P\u00e4rast juuste pesemist ja r\u00e4tikuga kuivatamist kandke geeli peopesade vahele umbes hernetera-suurune kogus ja lisage seej\u00e4rel juustele\/ patsidele. Kui teil on rastapatsid, siis hooldage 1-2 rastapatsi korraga, nii et olete kindel, et see jaotub \u00fchtlaselt. Laske juustel \u00f5hu k\u00e4es kuivada v\u00f5i kasutage f\u00f6\u00f6ni madalal kuumusel, et juukseid mitte kuivatada ega p\u00f5letada.<\/p>","protected":false},"excerpt":{"rendered":"<p>Pinguldav geel Aaloe ja Manukaga on orgaaniline luksuslik geel lokkis juustele, lokkidele ja s\u00e4brulistele rastapatsidele.<br \/>\nSee on loomulikult pinguldav geel rastapatsidele ja kr\u00e4sus juustele. Orgaaniline<br \/>\nsertifitseeritud aaloe vera koondab juukseid, annab niisutust ja kindlat kinnitust ning on t\u00f5hus<br \/>\nvahend k\u00f5\u00f5ma, s\u00fcgeleva ja \u00e4rritunud peanaha vastu. Koos manukaga hooldab see juukseid<br \/>\ns\u00fcgavuti ja hoiab tervena. Manuka neutraliseerib staatilised s\u00e4rtsused juuksed ning j\u00e4tab<br \/>\njuuksed l\u00e4ikivaks, fikseerituks ja hoolitsetuks.<\/p>","protected":false},"featured_media":6532,"template":"","meta":{"site-sidebar-layout":"default","site-content-layout":"","ast-site-content-layout":"default","site-content-style":"default","site-sidebar-style":"default","ast-global-header-display":"","ast-banner-title-visibility":"","ast-main-header-display":"","ast-hfb-above-header-display":"","ast-hfb-below-header-display":"","ast-hfb-mobile-header-display":"","site-post-title":"","ast-breadcrumbs-content":"","ast-featured-img":"","footer-sml-layout":"","ast-disable-related-posts":"","theme-transparent-header-meta":"default","adv-header-id-meta":"","stick-header-meta":"","header-above-stick-meta":"","header-main-stick-meta":"","header-below-stick-meta":"","astra-migrate-meta-layouts":"set","ast-page-background-enabled":"default","ast-page-background-meta":{"desktop":{"background-color":"","background-image":"","background-repeat":"repeat","background-position":"center center","background-size":"auto","background-attachment":"scroll","background-type":"","background-media":"","overlay-type":"","overlay-color":"","overlay-opacity":"","overlay-gradient":""},"tablet":{"background-color":"","background-image":"","background-repeat":"repeat","background-position":"center center","background-size":"auto","background-attachment":"scroll","background-type":"","background-media":"","overlay-type":"","overlay-color":"","overlay-opacity":"","overlay-gradient":""},"mobile":{"background-color":"","background-image":"","background-repeat":"repeat","background-position":"center center","background-size":"auto","background-attachment":"scroll","background-type":"","background-media":"","overlay-type":"","overlay-color":"","overlay-opacity":"","overlay-gradient":""}},"ast-content-background-meta":{"desktop":{"background-color":"var(--ast-global-color-5)","background-image":"","background-repeat":"repeat","background-position":"center center","background-size":"auto","background-attachment":"scroll","background-type":"","background-media":"","overlay-type":"","overlay-color":"","overlay-opacity":"","overlay-gradient":""},"tablet":{"background-color":"var(--ast-global-color-5)","background-image":"","background-repeat":"repeat","background-position":"center center","background-size":"auto","background-attachment":"scroll","background-type":"","background-media":"","overlay-type":"","overlay-color":"","overlay-opacity":"","overlay-gradient":""},"mobile":{"background-color":"var(--ast-global-color-5)","background-image":"","background-repeat":"repeat","background-position":"center center","background-size":"auto","background-attachment":"scroll","background-type":"","background-media":"","overlay-type":"","overlay-color":"","overlay-opacity":"","overlay-gradient":""}},"iawp_total_views":0},"product_brand":[],"product_cat":[54],"product_tag":[],"class_list":{"0":"post-6531","1":"product","2":"type-product","3":"status-publish","4":"has-post-thumbnail","6":"product_cat-rawroots-patsihooldustooted","7":"desktop-align-left","8":"tablet-align-left","9":"mobile-align-left","11":"first","12":"instock","13":"taxable","14":"shipping-taxable","15":"purchasable","16":"product-type-simple"},"yoast_head":"<!-- This site is optimized with the Yoast SEO plugin v27.4 - https:\/\/yoast.com\/product\/yoast-seo-wordpress\/ -->\n<title>Pinguldav geel - 200ml | patsid.ee<\/title>\n<meta name=\"robots\" content=\"index, follow, max-snippet:-1, max-image-preview:large, max-video-preview:-1\" \/>\n<link rel=\"canonical\" href=\"https:\/\/patsid.ee\/en\/product\/pinguldav-geel\/\" \/>\n<meta property=\"og:locale\" content=\"en_US\" \/>\n<meta property=\"og:type\" content=\"article\" \/>\n<meta property=\"og:title\" content=\"Pinguldav geel - 200ml | patsid.ee\" \/>\n<meta property=\"og:description\" content=\"Pinguldav geel Aaloe ja Manukaga on orgaaniline luksuslik geel lokkis juustele, lokkidele ja s\u00e4brulistele rastapatsidele. See on loomulikult pinguldav geel rastapatsidele ja kr\u00e4sus juustele. Orgaaniline sertifitseeritud aaloe vera koondab juukseid, annab niisutust ja kindlat kinnitust ning on t\u00f5hus vahend k\u00f5\u00f5ma, s\u00fcgeleva ja \u00e4rritunud peanaha vastu. Koos manukaga hooldab see juukseid s\u00fcgavuti ja hoiab tervena. Manuka neutraliseerib staatilised s\u00e4rtsused juuksed ning j\u00e4tab juuksed l\u00e4ikivaks, fikseerituks ja hoolitsetuks.\" \/>\n<meta property=\"og:url\" content=\"https:\/\/patsid.ee\/en\/product\/pinguldav-geel\/\" \/>\n<meta property=\"og:site_name\" content=\"patsid.ee\" \/>\n<meta property=\"article:publisher\" content=\"https:\/\/www.facebook.com\/rastadehooldus\" \/>\n<meta property=\"article:modified_time\" content=\"2026-04-18T11:22:28+00:00\" \/>\n<meta property=\"og:image\" content=\"https:\/\/patsid.ee\/wp-content\/uploads\/2026\/04\/TighteningGel-AloeManuka.webp\" \/>\n\t<meta property=\"og:image:width\" content=\"1200\" \/>\n\t<meta property=\"og:image:height\" content=\"1200\" \/>\n\t<meta property=\"og:image:type\" content=\"image\/webp\" \/>\n<meta name=\"twitter:card\" content=\"summary_large_image\" \/>\n<meta name=\"twitter:label1\" content=\"Est. reading time\" \/>\n\t<meta name=\"twitter:data1\" content=\"2 minutes\" \/>\n<script type=\"application\/ld+json\" class=\"yoast-schema-graph\">{\"@context\":\"https:\\\/\\\/schema.org\",\"@graph\":[{\"@type\":\"WebPage\",\"@id\":\"https:\\\/\\\/patsid.ee\\\/product\\\/pinguldav-geel\\\/\",\"url\":\"https:\\\/\\\/patsid.ee\\\/product\\\/pinguldav-geel\\\/\",\"name\":\"Pinguldav geel - 200ml | patsid.ee\",\"isPartOf\":{\"@id\":\"https:\\\/\\\/patsid.ee\\\/#website\"},\"primaryImageOfPage\":{\"@id\":\"https:\\\/\\\/patsid.ee\\\/product\\\/pinguldav-geel\\\/#primaryimage\"},\"image\":{\"@id\":\"https:\\\/\\\/patsid.ee\\\/product\\\/pinguldav-geel\\\/#primaryimage\"},\"thumbnailUrl\":\"https:\\\/\\\/patsid.ee\\\/wp-content\\\/uploads\\\/2026\\\/04\\\/TighteningGel-AloeManuka.webp\",\"datePublished\":\"2026-04-17T06:24:21+00:00\",\"dateModified\":\"2026-04-18T11:22:28+00:00\",\"breadcrumb\":{\"@id\":\"https:\\\/\\\/patsid.ee\\\/product\\\/pinguldav-geel\\\/#breadcrumb\"},\"inLanguage\":\"en-US\",\"potentialAction\":[{\"@type\":\"ReadAction\",\"target\":[\"https:\\\/\\\/patsid.ee\\\/product\\\/pinguldav-geel\\\/\"]}]},{\"@type\":\"ImageObject\",\"inLanguage\":\"en-US\",\"@id\":\"https:\\\/\\\/patsid.ee\\\/product\\\/pinguldav-geel\\\/#primaryimage\",\"url\":\"https:\\\/\\\/patsid.ee\\\/wp-content\\\/uploads\\\/2026\\\/04\\\/TighteningGel-AloeManuka.webp\",\"contentUrl\":\"https:\\\/\\\/patsid.ee\\\/wp-content\\\/uploads\\\/2026\\\/04\\\/TighteningGel-AloeManuka.webp\",\"width\":1200,\"height\":1200,\"caption\":\"Pinguldav geel\"},{\"@type\":\"BreadcrumbList\",\"@id\":\"https:\\\/\\\/patsid.ee\\\/product\\\/pinguldav-geel\\\/#breadcrumb\",\"itemListElement\":[{\"@type\":\"ListItem\",\"position\":1,\"name\":\"Home\",\"item\":\"https:\\\/\\\/patsid.ee\\\/\"},{\"@type\":\"ListItem\",\"position\":2,\"name\":\"Pinguldav geel &#8211; 200ml\"}]},{\"@type\":\"WebSite\",\"@id\":\"https:\\\/\\\/patsid.ee\\\/#website\",\"url\":\"https:\\\/\\\/patsid.ee\\\/\",\"name\":\"RAP Rastade hooldus\",\"description\":\"Afropatsid, lokipatsid ja rastapatsid \u2014 teenused, kursused ja e-pood\",\"publisher\":{\"@id\":\"https:\\\/\\\/patsid.ee\\\/#organization\"},\"potentialAction\":[{\"@type\":\"SearchAction\",\"target\":{\"@type\":\"EntryPoint\",\"urlTemplate\":\"https:\\\/\\\/patsid.ee\\\/?s={search_term_string}\"},\"query-input\":{\"@type\":\"PropertyValueSpecification\",\"valueRequired\":true,\"valueName\":\"search_term_string\"}}],\"inLanguage\":\"en-US\"},{\"@type\":\"Organization\",\"@id\":\"https:\\\/\\\/patsid.ee\\\/#organization\",\"name\":\"RAP Rastade hooldus\",\"url\":\"https:\\\/\\\/patsid.ee\\\/\",\"logo\":{\"@type\":\"ImageObject\",\"inLanguage\":\"en-US\",\"@id\":\"https:\\\/\\\/patsid.ee\\\/#\\\/schema\\\/logo\\\/image\\\/\",\"url\":\"https:\\\/\\\/patsid.ee\\\/wp-content\\\/uploads\\\/2025\\\/08\\\/cropped-5.png\",\"contentUrl\":\"https:\\\/\\\/patsid.ee\\\/wp-content\\\/uploads\\\/2025\\\/08\\\/cropped-5.png\",\"width\":500,\"height\":500,\"caption\":\"RAP Rastade hooldus\"},\"image\":{\"@id\":\"https:\\\/\\\/patsid.ee\\\/#\\\/schema\\\/logo\\\/image\\\/\"},\"sameAs\":[\"https:\\\/\\\/www.facebook.com\\\/rastadehooldus\",\"https:\\\/\\\/www.instagram.com\\\/raprastadafrodpunutised\\\/\"]}]}<\/script>\n<!-- \/ Yoast SEO plugin. -->","yoast_head_json":{"title":"Pinguldav geel - 200ml | patsid.ee","robots":{"index":"index","follow":"follow","max-snippet":"max-snippet:-1","max-image-preview":"max-image-preview:large","max-video-preview":"max-video-preview:-1"},"canonical":"https:\/\/patsid.ee\/en\/product\/pinguldav-geel\/","og_locale":"en_US","og_type":"article","og_title":"Pinguldav geel - 200ml | patsid.ee","og_description":"Pinguldav geel Aaloe ja Manukaga on orgaaniline luksuslik geel lokkis juustele, lokkidele ja s\u00e4brulistele rastapatsidele. See on loomulikult pinguldav geel rastapatsidele ja kr\u00e4sus juustele. Orgaaniline sertifitseeritud aaloe vera koondab juukseid, annab niisutust ja kindlat kinnitust ning on t\u00f5hus vahend k\u00f5\u00f5ma, s\u00fcgeleva ja \u00e4rritunud peanaha vastu. Koos manukaga hooldab see juukseid s\u00fcgavuti ja hoiab tervena. Manuka neutraliseerib staatilised s\u00e4rtsused juuksed ning j\u00e4tab juuksed l\u00e4ikivaks, fikseerituks ja hoolitsetuks.","og_url":"https:\/\/patsid.ee\/en\/product\/pinguldav-geel\/","og_site_name":"patsid.ee","article_publisher":"https:\/\/www.facebook.com\/rastadehooldus","article_modified_time":"2026-04-18T11:22:28+00:00","og_image":[{"width":1200,"height":1200,"url":"https:\/\/patsid.ee\/wp-content\/uploads\/2026\/04\/TighteningGel-AloeManuka.webp","type":"image\/webp"}],"twitter_card":"summary_large_image","twitter_misc":{"Est. reading time":"2 minutes"},"schema":{"@context":"https:\/\/schema.org","@graph":[{"@type":"WebPage","@id":"https:\/\/patsid.ee\/product\/pinguldav-geel\/","url":"https:\/\/patsid.ee\/product\/pinguldav-geel\/","name":"Pinguldav geel - 200ml | patsid.ee","isPartOf":{"@id":"https:\/\/patsid.ee\/#website"},"primaryImageOfPage":{"@id":"https:\/\/patsid.ee\/product\/pinguldav-geel\/#primaryimage"},"image":{"@id":"https:\/\/patsid.ee\/product\/pinguldav-geel\/#primaryimage"},"thumbnailUrl":"https:\/\/patsid.ee\/wp-content\/uploads\/2026\/04\/TighteningGel-AloeManuka.webp","datePublished":"2026-04-17T06:24:21+00:00","dateModified":"2026-04-18T11:22:28+00:00","breadcrumb":{"@id":"https:\/\/patsid.ee\/product\/pinguldav-geel\/#breadcrumb"},"inLanguage":"en-US","potentialAction":[{"@type":"ReadAction","target":["https:\/\/patsid.ee\/product\/pinguldav-geel\/"]}]},{"@type":"ImageObject","inLanguage":"en-US","@id":"https:\/\/patsid.ee\/product\/pinguldav-geel\/#primaryimage","url":"https:\/\/patsid.ee\/wp-content\/uploads\/2026\/04\/TighteningGel-AloeManuka.webp","contentUrl":"https:\/\/patsid.ee\/wp-content\/uploads\/2026\/04\/TighteningGel-AloeManuka.webp","width":1200,"height":1200,"caption":"Pinguldav geel"},{"@type":"BreadcrumbList","@id":"https:\/\/patsid.ee\/product\/pinguldav-geel\/#breadcrumb","itemListElement":[{"@type":"ListItem","position":1,"name":"Home","item":"https:\/\/patsid.ee\/"},{"@type":"ListItem","position":2,"name":"Pinguldav geel &#8211; 200ml"}]},{"@type":"WebSite","@id":"https:\/\/patsid.ee\/#website","url":"https:\/\/patsid.ee\/","name":"RAP Rastade hooldus","description":"Afropatsid, lokipatsid ja rastapatsid \u2014 teenused, kursused ja e-pood","publisher":{"@id":"https:\/\/patsid.ee\/#organization"},"potentialAction":[{"@type":"SearchAction","target":{"@type":"EntryPoint","urlTemplate":"https:\/\/patsid.ee\/?s={search_term_string}"},"query-input":{"@type":"PropertyValueSpecification","valueRequired":true,"valueName":"search_term_string"}}],"inLanguage":"en-US"},{"@type":"Organization","@id":"https:\/\/patsid.ee\/#organization","name":"RAP Rastade hooldus","url":"https:\/\/patsid.ee\/","logo":{"@type":"ImageObject","inLanguage":"en-US","@id":"https:\/\/patsid.ee\/#\/schema\/logo\/image\/","url":"https:\/\/patsid.ee\/wp-content\/uploads\/2025\/08\/cropped-5.png","contentUrl":"https:\/\/patsid.ee\/wp-content\/uploads\/2025\/08\/cropped-5.png","width":500,"height":500,"caption":"RAP Rastade hooldus"},"image":{"@id":"https:\/\/patsid.ee\/#\/schema\/logo\/image\/"},"sameAs":["https:\/\/www.facebook.com\/rastadehooldus","https:\/\/www.instagram.com\/raprastadafrodpunutised\/"]}]}},"_links":{"self":[{"href":"https:\/\/patsid.ee\/en\/wp-json\/wp\/v2\/product\/6531","targetHints":{"allow":["GET"]}}],"collection":[{"href":"https:\/\/patsid.ee\/en\/wp-json\/wp\/v2\/product"}],"about":[{"href":"https:\/\/patsid.ee\/en\/wp-json\/wp\/v2\/types\/product"}],"wp:featuredmedia":[{"embeddable":true,"href":"https:\/\/patsid.ee\/en\/wp-json\/wp\/v2\/media\/6532"}],"wp:attachment":[{"href":"https:\/\/patsid.ee\/en\/wp-json\/wp\/v2\/media?parent=6531"}],"wp:term":[{"taxonomy":"product_brand","embeddable":true,"href":"https:\/\/patsid.ee\/en\/wp-json\/wp\/v2\/product_brand?post=6531"},{"taxonomy":"product_cat","embeddable":true,"href":"https:\/\/patsid.ee\/en\/wp-json\/wp\/v2\/product_cat?post=6531"},{"taxonomy":"product_tag","embeddable":true,"href":"https:\/\/patsid.ee\/en\/wp-json\/wp\/v2\/product_tag?post=6531"}],"curies":[{"name":"wp","href":"https:\/\/api.w.org\/{rel}","templated":true}]}}