{"id":6525,"date":"2026-04-17T08:11:12","date_gmt":"2026-04-17T06:11:12","guid":{"rendered":"https:\/\/patsid.ee\/?post_type=product&#038;p=6525"},"modified":"2026-04-18T13:23:55","modified_gmt":"2026-04-18T11:23:55","slug":"kuivsampoon-lukustuspuuder","status":"publish","type":"product","link":"https:\/\/patsid.ee\/en\/product\/kuivsampoon-lukustuspuuder\/","title":{"rendered":"Kuiv\u0161ampoon, lukustuspuuder &#8211; 30g"},"content":{"rendered":"<p>A perfect combination of natural and organic ingredients designed to absorb excess oil<br \/>\n, texturize and lock up dreadlocks.<\/p>\n<p>Kuiv\u0161ampoon sobib suurep\u00e4raselt kasutamiseks juuksepesu vahepeal, kui olete liikvel.<br \/>\nKuiv\u0161ampoon on teie parim s\u00f5ber n\u00e4iteks festivalidel, et v\u00e4rskendada juukseid ja lisada vol\u00fc\u00fcmi.<br \/>\nKuiv\u0161ampoon\/ lukustav puuder aitavab hallata lahtiseid juukseid ning annavab hoolduse ajal<br \/>\ntekstuuri ja haarde ning aitavab rastapatse kiiremini ja lihtsamalt hooldada.<br \/>\nMeie kuiv\u0161ampoon\/ lukustuspuuder on j\u00e4\u00e4givaba ning ei sisalda vaiku ega oksiide, mida on raske<br \/>\njuustest v\u00e4lja pesta.<\/p>\n<p>Kuiv\u0161ampoon sisaldab ainult looduslikke koostisosi:<br \/>\nOrgaaniline noolejuure pulber annab kerge, pehme ja siidise viimistluse, imades samal ajal<br \/>\njuustest liigset \u00f5li.<br \/>\nOrgaaniline kobediatomiitmuld sisaldab suures koguses r\u00e4nidioksiidi, mis stimuleerib loomulikku<br \/>\njuuste kasvu ja tugevdab juukseid.<br \/>\nRassouli savil on juukseid puhastav toime ning see muudab juuksed pehmeks, l\u00e4ikivaks ja<br \/>\njuhitavaks. Bentoniitsavi eemaldab \u00f5rnalt liigse \u00f5li, samal ajal eemaldamata looduslikke ja vajalikke \u00f5lisid.<\/p>\n<p>Koostis: <em>Maranta arundinacea (nool) juurepulber*, Diatomiitmuld (savi)*, Maroko laava (rhassoul) savi,<\/em><br \/>\n<em>Bentoniit (prantsuse savi).<\/em><\/p>\n<p><em>*= Organic ingredients<\/em><\/p>\n<p>Kasutusjuhend: Kuiv\u0161ampoon\/puuder puistatakse juustesse juuksejuurte l\u00e4hedale. Masseeri pulber juustesse.<br \/>\nLisa kuiv\u0161ampooni v\u00e4hehaaval, sest liigne kasutamine v\u00f5ib muuta juuksed liigselt tolmuseks ja<br \/>\nj\u00e4igaks. V\u00e4ikse koguse v\u00f5ib raputada ka k\u00e4tele, et see siis juuksejuurtele kanda.<\/p>\n<p>Patside puhul kandke toode otse lahtistele juustele vahetult enne patsi k\u00e4te vahel rullimist v\u00f5i p\u00e4rip\u00e4eva h\u00f5\u00f5rumist.<\/p>\n<p>Kuiv\u0161ampoon muudab ka rastapatside loomise lihtsamaks. Pudistage enne tagasikammimist kammile veidi lukustavat pulbrit\u2026 kuid pidage meeles, et<br \/>\nv\u00e4hem on parem.<\/p>","protected":false},"excerpt":{"rendered":"<p>A perfect combination of natural and organic ingredients designed to absorb excess oil<br \/>\n, texturize and lock up dreadlocks.<\/p>\n<p>Kuiv\u0161ampoon sobib suurep\u00e4raselt kasutamiseks juuksepesu vahepeal, kui olete liikvel. Kuiv\u0161ampoon on teie parim s\u00f5ber n\u00e4iteks festivalidel, et v\u00e4rskendada juukseid ja lisada vol\u00fc\u00fcmi. Kuiv\u0161ampoon\/ lukustuspuuder aitavab hallata lahtiseid juukseid ning annab hoolduse ajal tekstuuri ja haarde ning aitab rastapatse kiiremini ja lihtsamalt hooldada. Meie kuiv\u0161ampoon\/ lukustuspuuder on j\u00e4\u00e4givaba ning ei sisalda vaiku ega oksiide, mida on raske juustest v\u00e4lja pesta.<\/p>","protected":false},"featured_media":6526,"template":"","meta":{"site-sidebar-layout":"default","site-content-layout":"","ast-site-content-layout":"default","site-content-style":"default","site-sidebar-style":"default","ast-global-header-display":"","ast-banner-title-visibility":"","ast-main-header-display":"","ast-hfb-above-header-display":"","ast-hfb-below-header-display":"","ast-hfb-mobile-header-display":"","site-post-title":"","ast-breadcrumbs-content":"","ast-featured-img":"","footer-sml-layout":"","ast-disable-related-posts":"","theme-transparent-header-meta":"default","adv-header-id-meta":"","stick-header-meta":"","header-above-stick-meta":"","header-main-stick-meta":"","header-below-stick-meta":"","astra-migrate-meta-layouts":"set","ast-page-background-enabled":"default","ast-page-background-meta":{"desktop":{"background-color":"","background-image":"","background-repeat":"repeat","background-position":"center center","background-size":"auto","background-attachment":"scroll","background-type":"","background-media":"","overlay-type":"","overlay-color":"","overlay-opacity":"","overlay-gradient":""},"tablet":{"background-color":"","background-image":"","background-repeat":"repeat","background-position":"center center","background-size":"auto","background-attachment":"scroll","background-type":"","background-media":"","overlay-type":"","overlay-color":"","overlay-opacity":"","overlay-gradient":""},"mobile":{"background-color":"","background-image":"","background-repeat":"repeat","background-position":"center center","background-size":"auto","background-attachment":"scroll","background-type":"","background-media":"","overlay-type":"","overlay-color":"","overlay-opacity":"","overlay-gradient":""}},"ast-content-background-meta":{"desktop":{"background-color":"var(--ast-global-color-5)","background-image":"","background-repeat":"repeat","background-position":"center center","background-size":"auto","background-attachment":"scroll","background-type":"","background-media":"","overlay-type":"","overlay-color":"","overlay-opacity":"","overlay-gradient":""},"tablet":{"background-color":"var(--ast-global-color-5)","background-image":"","background-repeat":"repeat","background-position":"center center","background-size":"auto","background-attachment":"scroll","background-type":"","background-media":"","overlay-type":"","overlay-color":"","overlay-opacity":"","overlay-gradient":""},"mobile":{"background-color":"var(--ast-global-color-5)","background-image":"","background-repeat":"repeat","background-position":"center center","background-size":"auto","background-attachment":"scroll","background-type":"","background-media":"","overlay-type":"","overlay-color":"","overlay-opacity":"","overlay-gradient":""}},"iawp_total_views":0},"product_brand":[],"product_cat":[54],"product_tag":[],"class_list":{"0":"post-6525","1":"product","2":"type-product","3":"status-publish","4":"has-post-thumbnail","6":"product_cat-rawroots-patsihooldustooted","7":"desktop-align-left","8":"tablet-align-left","9":"mobile-align-left","11":"first","12":"instock","13":"taxable","14":"shipping-taxable","15":"purchasable","16":"product-type-simple"},"yoast_head":"<!-- This site is optimized with the Yoast SEO plugin v27.4 - https:\/\/yoast.com\/product\/yoast-seo-wordpress\/ -->\n<title>Kuiv\u0161ampoon, lukustuspuuder - 30g | patsid.ee<\/title>\n<meta name=\"robots\" content=\"index, follow, max-snippet:-1, max-image-preview:large, max-video-preview:-1\" \/>\n<link rel=\"canonical\" href=\"https:\/\/patsid.ee\/en\/product\/kuivsampoon-lukustuspuuder\/\" \/>\n<meta property=\"og:locale\" content=\"en_US\" \/>\n<meta property=\"og:type\" content=\"article\" \/>\n<meta property=\"og:title\" content=\"Kuiv\u0161ampoon, lukustuspuuder - 30g | patsid.ee\" \/>\n<meta property=\"og:description\" content=\"T\u00e4iuslik kombinatsioon looduslikest ja orgaanilistest koostisosadest, mis on loodud liigse rasu imamiseks, puhastamiseks ja rastapatside lukustamiseks.  Kuiv\u0161ampoon sobib suurep\u00e4raselt kasutamiseks juuksepesu vahepeal, kui olete liikvel. Kuiv\u0161ampoon on teie parim s\u00f5ber n\u00e4iteks festivalidel, et v\u00e4rskendada juukseid ja lisada vol\u00fc\u00fcmi. Kuiv\u0161ampoon\/ lukustuspuuder aitavab hallata lahtiseid juukseid ning annab hoolduse ajal tekstuuri ja haarde ning aitab rastapatse kiiremini ja lihtsamalt hooldada. Meie kuiv\u0161ampoon\/ lukustuspuuder on j\u00e4\u00e4givaba ning ei sisalda vaiku ega oksiide, mida on raske juustest v\u00e4lja pesta.\" \/>\n<meta property=\"og:url\" content=\"https:\/\/patsid.ee\/en\/product\/kuivsampoon-lukustuspuuder\/\" \/>\n<meta property=\"og:site_name\" content=\"patsid.ee\" \/>\n<meta property=\"article:publisher\" content=\"https:\/\/www.facebook.com\/rastadehooldus\" \/>\n<meta property=\"article:modified_time\" content=\"2026-04-18T11:23:55+00:00\" \/>\n<meta property=\"og:image\" content=\"https:\/\/patsid.ee\/wp-content\/uploads\/2026\/04\/DryShampoo_LockPowder-2.webp\" \/>\n\t<meta property=\"og:image:width\" content=\"2000\" \/>\n\t<meta property=\"og:image:height\" content=\"2000\" \/>\n\t<meta property=\"og:image:type\" content=\"image\/webp\" \/>\n<meta name=\"twitter:card\" content=\"summary_large_image\" \/>\n<meta name=\"twitter:label1\" content=\"Est. reading time\" \/>\n\t<meta name=\"twitter:data1\" content=\"2 minutes\" \/>\n<script type=\"application\/ld+json\" class=\"yoast-schema-graph\">{\"@context\":\"https:\\\/\\\/schema.org\",\"@graph\":[{\"@type\":\"WebPage\",\"@id\":\"https:\\\/\\\/patsid.ee\\\/product\\\/kuivsampoon-lukustuspuuder\\\/\",\"url\":\"https:\\\/\\\/patsid.ee\\\/product\\\/kuivsampoon-lukustuspuuder\\\/\",\"name\":\"Kuiv\u0161ampoon, lukustuspuuder - 30g | patsid.ee\",\"isPartOf\":{\"@id\":\"https:\\\/\\\/patsid.ee\\\/#website\"},\"primaryImageOfPage\":{\"@id\":\"https:\\\/\\\/patsid.ee\\\/product\\\/kuivsampoon-lukustuspuuder\\\/#primaryimage\"},\"image\":{\"@id\":\"https:\\\/\\\/patsid.ee\\\/product\\\/kuivsampoon-lukustuspuuder\\\/#primaryimage\"},\"thumbnailUrl\":\"https:\\\/\\\/patsid.ee\\\/wp-content\\\/uploads\\\/2026\\\/04\\\/DryShampoo_LockPowder-2.webp\",\"datePublished\":\"2026-04-17T06:11:12+00:00\",\"dateModified\":\"2026-04-18T11:23:55+00:00\",\"breadcrumb\":{\"@id\":\"https:\\\/\\\/patsid.ee\\\/product\\\/kuivsampoon-lukustuspuuder\\\/#breadcrumb\"},\"inLanguage\":\"en-US\",\"potentialAction\":[{\"@type\":\"ReadAction\",\"target\":[\"https:\\\/\\\/patsid.ee\\\/product\\\/kuivsampoon-lukustuspuuder\\\/\"]}]},{\"@type\":\"ImageObject\",\"inLanguage\":\"en-US\",\"@id\":\"https:\\\/\\\/patsid.ee\\\/product\\\/kuivsampoon-lukustuspuuder\\\/#primaryimage\",\"url\":\"https:\\\/\\\/patsid.ee\\\/wp-content\\\/uploads\\\/2026\\\/04\\\/DryShampoo_LockPowder-2.webp\",\"contentUrl\":\"https:\\\/\\\/patsid.ee\\\/wp-content\\\/uploads\\\/2026\\\/04\\\/DryShampoo_LockPowder-2.webp\",\"width\":2000,\"height\":2000,\"caption\":\"Kuiv\u0161ampoon, lukustuspuuder\"},{\"@type\":\"BreadcrumbList\",\"@id\":\"https:\\\/\\\/patsid.ee\\\/product\\\/kuivsampoon-lukustuspuuder\\\/#breadcrumb\",\"itemListElement\":[{\"@type\":\"ListItem\",\"position\":1,\"name\":\"Home\",\"item\":\"https:\\\/\\\/patsid.ee\\\/\"},{\"@type\":\"ListItem\",\"position\":2,\"name\":\"Kuiv\u0161ampoon, lukustuspuuder &#8211; 30g\"}]},{\"@type\":\"WebSite\",\"@id\":\"https:\\\/\\\/patsid.ee\\\/#website\",\"url\":\"https:\\\/\\\/patsid.ee\\\/\",\"name\":\"RAP Rastade hooldus\",\"description\":\"Afropatsid, lokipatsid ja rastapatsid \u2014 teenused, kursused ja e-pood\",\"publisher\":{\"@id\":\"https:\\\/\\\/patsid.ee\\\/#organization\"},\"potentialAction\":[{\"@type\":\"SearchAction\",\"target\":{\"@type\":\"EntryPoint\",\"urlTemplate\":\"https:\\\/\\\/patsid.ee\\\/?s={search_term_string}\"},\"query-input\":{\"@type\":\"PropertyValueSpecification\",\"valueRequired\":true,\"valueName\":\"search_term_string\"}}],\"inLanguage\":\"en-US\"},{\"@type\":\"Organization\",\"@id\":\"https:\\\/\\\/patsid.ee\\\/#organization\",\"name\":\"RAP Rastade hooldus\",\"url\":\"https:\\\/\\\/patsid.ee\\\/\",\"logo\":{\"@type\":\"ImageObject\",\"inLanguage\":\"en-US\",\"@id\":\"https:\\\/\\\/patsid.ee\\\/#\\\/schema\\\/logo\\\/image\\\/\",\"url\":\"https:\\\/\\\/patsid.ee\\\/wp-content\\\/uploads\\\/2025\\\/08\\\/cropped-5.png\",\"contentUrl\":\"https:\\\/\\\/patsid.ee\\\/wp-content\\\/uploads\\\/2025\\\/08\\\/cropped-5.png\",\"width\":500,\"height\":500,\"caption\":\"RAP Rastade hooldus\"},\"image\":{\"@id\":\"https:\\\/\\\/patsid.ee\\\/#\\\/schema\\\/logo\\\/image\\\/\"},\"sameAs\":[\"https:\\\/\\\/www.facebook.com\\\/rastadehooldus\",\"https:\\\/\\\/www.instagram.com\\\/raprastadafrodpunutised\\\/\"]}]}<\/script>\n<!-- \/ Yoast SEO plugin. -->","yoast_head_json":{"title":"Kuiv\u0161ampoon, lukustuspuuder - 30g | patsid.ee","robots":{"index":"index","follow":"follow","max-snippet":"max-snippet:-1","max-image-preview":"max-image-preview:large","max-video-preview":"max-video-preview:-1"},"canonical":"https:\/\/patsid.ee\/en\/product\/kuivsampoon-lukustuspuuder\/","og_locale":"en_US","og_type":"article","og_title":"Kuiv\u0161ampoon, lukustuspuuder - 30g | patsid.ee","og_description":"T\u00e4iuslik kombinatsioon looduslikest ja orgaanilistest koostisosadest, mis on loodud liigse rasu imamiseks, puhastamiseks ja rastapatside lukustamiseks.  Kuiv\u0161ampoon sobib suurep\u00e4raselt kasutamiseks juuksepesu vahepeal, kui olete liikvel. Kuiv\u0161ampoon on teie parim s\u00f5ber n\u00e4iteks festivalidel, et v\u00e4rskendada juukseid ja lisada vol\u00fc\u00fcmi. Kuiv\u0161ampoon\/ lukustuspuuder aitavab hallata lahtiseid juukseid ning annab hoolduse ajal tekstuuri ja haarde ning aitab rastapatse kiiremini ja lihtsamalt hooldada. Meie kuiv\u0161ampoon\/ lukustuspuuder on j\u00e4\u00e4givaba ning ei sisalda vaiku ega oksiide, mida on raske juustest v\u00e4lja pesta.","og_url":"https:\/\/patsid.ee\/en\/product\/kuivsampoon-lukustuspuuder\/","og_site_name":"patsid.ee","article_publisher":"https:\/\/www.facebook.com\/rastadehooldus","article_modified_time":"2026-04-18T11:23:55+00:00","og_image":[{"width":2000,"height":2000,"url":"https:\/\/patsid.ee\/wp-content\/uploads\/2026\/04\/DryShampoo_LockPowder-2.webp","type":"image\/webp"}],"twitter_card":"summary_large_image","twitter_misc":{"Est. reading time":"2 minutes"},"schema":{"@context":"https:\/\/schema.org","@graph":[{"@type":"WebPage","@id":"https:\/\/patsid.ee\/product\/kuivsampoon-lukustuspuuder\/","url":"https:\/\/patsid.ee\/product\/kuivsampoon-lukustuspuuder\/","name":"Kuiv\u0161ampoon, lukustuspuuder - 30g | patsid.ee","isPartOf":{"@id":"https:\/\/patsid.ee\/#website"},"primaryImageOfPage":{"@id":"https:\/\/patsid.ee\/product\/kuivsampoon-lukustuspuuder\/#primaryimage"},"image":{"@id":"https:\/\/patsid.ee\/product\/kuivsampoon-lukustuspuuder\/#primaryimage"},"thumbnailUrl":"https:\/\/patsid.ee\/wp-content\/uploads\/2026\/04\/DryShampoo_LockPowder-2.webp","datePublished":"2026-04-17T06:11:12+00:00","dateModified":"2026-04-18T11:23:55+00:00","breadcrumb":{"@id":"https:\/\/patsid.ee\/product\/kuivsampoon-lukustuspuuder\/#breadcrumb"},"inLanguage":"en-US","potentialAction":[{"@type":"ReadAction","target":["https:\/\/patsid.ee\/product\/kuivsampoon-lukustuspuuder\/"]}]},{"@type":"ImageObject","inLanguage":"en-US","@id":"https:\/\/patsid.ee\/product\/kuivsampoon-lukustuspuuder\/#primaryimage","url":"https:\/\/patsid.ee\/wp-content\/uploads\/2026\/04\/DryShampoo_LockPowder-2.webp","contentUrl":"https:\/\/patsid.ee\/wp-content\/uploads\/2026\/04\/DryShampoo_LockPowder-2.webp","width":2000,"height":2000,"caption":"Kuiv\u0161ampoon, lukustuspuuder"},{"@type":"BreadcrumbList","@id":"https:\/\/patsid.ee\/product\/kuivsampoon-lukustuspuuder\/#breadcrumb","itemListElement":[{"@type":"ListItem","position":1,"name":"Home","item":"https:\/\/patsid.ee\/"},{"@type":"ListItem","position":2,"name":"Kuiv\u0161ampoon, lukustuspuuder &#8211; 30g"}]},{"@type":"WebSite","@id":"https:\/\/patsid.ee\/#website","url":"https:\/\/patsid.ee\/","name":"RAP Rastade hooldus","description":"Afropatsid, lokipatsid ja rastapatsid \u2014 teenused, kursused ja e-pood","publisher":{"@id":"https:\/\/patsid.ee\/#organization"},"potentialAction":[{"@type":"SearchAction","target":{"@type":"EntryPoint","urlTemplate":"https:\/\/patsid.ee\/?s={search_term_string}"},"query-input":{"@type":"PropertyValueSpecification","valueRequired":true,"valueName":"search_term_string"}}],"inLanguage":"en-US"},{"@type":"Organization","@id":"https:\/\/patsid.ee\/#organization","name":"RAP Rastade hooldus","url":"https:\/\/patsid.ee\/","logo":{"@type":"ImageObject","inLanguage":"en-US","@id":"https:\/\/patsid.ee\/#\/schema\/logo\/image\/","url":"https:\/\/patsid.ee\/wp-content\/uploads\/2025\/08\/cropped-5.png","contentUrl":"https:\/\/patsid.ee\/wp-content\/uploads\/2025\/08\/cropped-5.png","width":500,"height":500,"caption":"RAP Rastade hooldus"},"image":{"@id":"https:\/\/patsid.ee\/#\/schema\/logo\/image\/"},"sameAs":["https:\/\/www.facebook.com\/rastadehooldus","https:\/\/www.instagram.com\/raprastadafrodpunutised\/"]}]}},"_links":{"self":[{"href":"https:\/\/patsid.ee\/en\/wp-json\/wp\/v2\/product\/6525","targetHints":{"allow":["GET"]}}],"collection":[{"href":"https:\/\/patsid.ee\/en\/wp-json\/wp\/v2\/product"}],"about":[{"href":"https:\/\/patsid.ee\/en\/wp-json\/wp\/v2\/types\/product"}],"wp:featuredmedia":[{"embeddable":true,"href":"https:\/\/patsid.ee\/en\/wp-json\/wp\/v2\/media\/6526"}],"wp:attachment":[{"href":"https:\/\/patsid.ee\/en\/wp-json\/wp\/v2\/media?parent=6525"}],"wp:term":[{"taxonomy":"product_brand","embeddable":true,"href":"https:\/\/patsid.ee\/en\/wp-json\/wp\/v2\/product_brand?post=6525"},{"taxonomy":"product_cat","embeddable":true,"href":"https:\/\/patsid.ee\/en\/wp-json\/wp\/v2\/product_cat?post=6525"},{"taxonomy":"product_tag","embeddable":true,"href":"https:\/\/patsid.ee\/en\/wp-json\/wp\/v2\/product_tag?post=6525"}],"curies":[{"name":"wp","href":"https:\/\/api.w.org\/{rel}","templated":true}]}}