{"id":6521,"date":"2026-04-17T07:54:05","date_gmt":"2026-04-17T05:54:05","guid":{"rendered":"https:\/\/patsid.ee\/?post_type=product&#038;p=6521"},"modified":"2026-04-17T08:48:27","modified_gmt":"2026-04-17T06:48:27","slug":"taimne-sugavpuhastav-sampoon","status":"publish","type":"product","link":"https:\/\/patsid.ee\/en\/product\/taimne-sugavpuhastav-sampoon\/","title":{"rendered":"Taimne s\u00fcgavpuhastav \u0161ampoon &#8211; 215ml"},"content":{"rendered":"<p>Taimne s\u00fcgavpuhastav \u0161ampoon sobib h\u00e4sti normaalsetele ja rasustele juustele \u2013 kui sul on kuivad v\u00f5i normaalsed juuksed, v\u00f5id proovida hoopis RAW ROOTs sarjast niisutavat \u0161ampooni, mis on ka taimep\u00f5hine \u0161ampoon.<\/p>\n<p>See taimne \u0161ampoon on v\u00e4lja t\u00f6\u00f6tatud rastapatsidele ning on seet\u00f5ttu j\u00e4\u00e4gi- ja sulfaadivaba, mist\u00f5ttu ei sisalda see pehmendavaid koostisosi nagu palsam, silikoon ega sulfaadid.<\/p>\n<p>Pajukoore ekstrakt on p\u00f5hikoostisosa, millel on rahustav toime \u00e4rritunud ja s\u00fcgelevale peanahale ning see on kergelt antiseptiline ja p\u00f5letikuvastane. Ekstrakt muudab rastapatsid pehmeks, l\u00e4ikivaks ja hoolitsetuks. Puhtad eeterlikud \u00f5lid orgaanilisest teepuust ja seedripuust aitavad puhastada ja stimuleerida peanahka, samuti ennetavad seente, bakterite teket ja samuti ennetavad ka juuste v\u00e4ljalangemist. Lisaks j\u00e4tab see juustele loomuliku v\u00e4rskendava l\u00f5hna ning muudab juuksed kergeks ja \u00f5huliseks. Orgaanilise pajukoore, n\u00f5gese, salvei ja raudrohu segu v\u00f5ib leevendada s\u00fcgelevat peanahka ja ennetada\/v\u00f5idelda ketendava peanahaga, puhastades samal ajal juukseid\/rastapatse.<\/p>\n<p>See \u0161ampoon ei sisalda sulfaate, parabeene, sls-i, kunstlikke l\u00f5hna- ja v\u00e4rvaineid, naftakeemiatooteid, formaldeh\u00fc\u00fcdi, mineraal\u00f5lisid, palmi\u00f5li ja fenoks\u00fcetanooli, PEG-i ja pent\u00fcleengl\u00fckooli. RAW ROOTsi k\u00e4sit\u00f6\u00f6na valminud tooted sisaldavad ainult puhtaid ja looduslikke koostisosi Sinu juuste, peanaha ja rastapatside hooldamiseks!<\/p>\n<p>Koostis: Aqua, laur\u00fc\u00fclgl\u00fckosiid (suhkrust saadud), Enterococcus Faecium\/Lactobacillus\/Salix Purpurea (paju) koor*\/leht\/vars\/puit\/askorbiinhape\/gl\u00fckonolaktoonfermendi ekstraktifiltraat, kokamidoprop\u00fc\u00fclbetain (ekstraheeritud suhkrukookosp\u00e4hklist). saadud), Melaleuca Alternifolia lehtede (teepuu) \u00f5li*, Mentha Piperita (piparm\u00fcndi) \u00f5li*, Urtica Dioica (n\u00f5gese) ekstrakt*, Cedrus Atlantica (seeder)\u00f5li*, Salvia Officinalis (salvei) ekstrakt*, Achillea Millefolium (Yarrow) Ekstrakt*, \u00f5unasiidri\u00e4\u00e4dikas*, naatriumbensoaat, naatriumkloriid, sidrunhape, gl\u00fckonolaktoon, askorbiinhape, kaaliumsorbaat, limoneen**.<\/p>\n<p>* = Orgaaniline.** = Sisaldab eeterlikke \u00f5lisid<\/p>\n<p>Kasutusjuhend:\u00a0Kuna see \u0161ampoon on valmistatud ilma sulfaatideta, vahutab see v\u00e4hem, soovi korral peske juukseid kaks korda. Masseeri \u0161ampoon m\u00e4rgadesse juustesse peanaha juurde. Keskenduge peamiselt peanahale, seej\u00e4rel kandke \u0161ampooni juukseid pigistades juurtest otsteni.<br \/>\nLoputage korralikult ja korrake vastavalt vajadusele.<\/p>\n<p>Taimse s\u00fcgavpuhastava \u0161ampooni eelised:<\/p>\n<ul>\n<li>J\u00e4\u00e4kideta \u0161ampoon, mis j\u00e4tab teie rastapatsid puhtaks, v\u00e4rskeks\u00a0ja pehmeks.<\/li>\n<li>Keeps the hair or dreadlocks clean and free from buildup.<\/li>\n<li>Leevendab s\u00fcgelevat ja \u00e4rritunud peanahka.<\/li>\n<\/ul>","protected":false},"excerpt":{"rendered":"<p>Taimne s\u00fcgavpuhastav \u0161ampoon sobib h\u00e4sti normaalsetele ja rasustele juustele \u2013 kui sul on kuivad v\u00f5i normaalsed juuksed, v\u00f5id proovida hoopis RAW ROOTs sarjast niisutavat \u0161ampooni, mis on loomulikult ka taimep\u00f5hine \u0161ampoon.<\/p>\n<p>See taimne \u0161ampoon on v\u00e4lja t\u00f6\u00f6tatud rastapatsidele ning on seet\u00f5ttu j\u00e4\u00e4gi- ja sulfaadivaba, mist\u00f5ttu ei sisalda see pehmendavaid koostisosi nagu palsam, silikoon ega sulfaadid.<\/p>\n<p>Pajukoore ekstrakt on p\u00f5hikoostisosa, millel on rahustav toime \u00e4rritunud ja s\u00fcgelevale peanahale ning see on kergelt antiseptiline ja p\u00f5letikuvastane. Ekstrakt muudab rastapatsid pehmeks, l\u00e4ikivaks ja hoolitsetuks.<\/p>","protected":false},"featured_media":6522,"template":"","meta":{"site-sidebar-layout":"default","site-content-layout":"","ast-site-content-layout":"default","site-content-style":"default","site-sidebar-style":"default","ast-global-header-display":"","ast-banner-title-visibility":"","ast-main-header-display":"","ast-hfb-above-header-display":"","ast-hfb-below-header-display":"","ast-hfb-mobile-header-display":"","site-post-title":"","ast-breadcrumbs-content":"","ast-featured-img":"","footer-sml-layout":"","ast-disable-related-posts":"","theme-transparent-header-meta":"default","adv-header-id-meta":"","stick-header-meta":"","header-above-stick-meta":"","header-main-stick-meta":"","header-below-stick-meta":"","astra-migrate-meta-layouts":"set","ast-page-background-enabled":"default","ast-page-background-meta":{"desktop":{"background-color":"","background-image":"","background-repeat":"repeat","background-position":"center center","background-size":"auto","background-attachment":"scroll","background-type":"","background-media":"","overlay-type":"","overlay-color":"","overlay-opacity":"","overlay-gradient":""},"tablet":{"background-color":"","background-image":"","background-repeat":"repeat","background-position":"center center","background-size":"auto","background-attachment":"scroll","background-type":"","background-media":"","overlay-type":"","overlay-color":"","overlay-opacity":"","overlay-gradient":""},"mobile":{"background-color":"","background-image":"","background-repeat":"repeat","background-position":"center center","background-size":"auto","background-attachment":"scroll","background-type":"","background-media":"","overlay-type":"","overlay-color":"","overlay-opacity":"","overlay-gradient":""}},"ast-content-background-meta":{"desktop":{"background-color":"var(--ast-global-color-5)","background-image":"","background-repeat":"repeat","background-position":"center center","background-size":"auto","background-attachment":"scroll","background-type":"","background-media":"","overlay-type":"","overlay-color":"","overlay-opacity":"","overlay-gradient":""},"tablet":{"background-color":"var(--ast-global-color-5)","background-image":"","background-repeat":"repeat","background-position":"center center","background-size":"auto","background-attachment":"scroll","background-type":"","background-media":"","overlay-type":"","overlay-color":"","overlay-opacity":"","overlay-gradient":""},"mobile":{"background-color":"var(--ast-global-color-5)","background-image":"","background-repeat":"repeat","background-position":"center center","background-size":"auto","background-attachment":"scroll","background-type":"","background-media":"","overlay-type":"","overlay-color":"","overlay-opacity":"","overlay-gradient":""}},"iawp_total_views":0},"product_brand":[],"product_cat":[54],"product_tag":[],"class_list":{"0":"post-6521","1":"product","2":"type-product","3":"status-publish","4":"has-post-thumbnail","6":"product_cat-rawroots-patsihooldustooted","7":"desktop-align-left","8":"tablet-align-left","9":"mobile-align-left","11":"first","12":"outofstock","13":"taxable","14":"shipping-taxable","15":"purchasable","16":"product-type-simple"},"yoast_head":"<!-- This site is optimized with the Yoast SEO plugin v27.4 - https:\/\/yoast.com\/product\/yoast-seo-wordpress\/ -->\n<title>Taimne s\u00fcgavpuhastav \u0161ampoon - 215ml | patsid.ee<\/title>\n<meta name=\"robots\" content=\"index, follow, max-snippet:-1, max-image-preview:large, max-video-preview:-1\" \/>\n<link rel=\"canonical\" href=\"https:\/\/patsid.ee\/en\/product\/taimne-sugavpuhastav-sampoon\/\" \/>\n<meta property=\"og:locale\" content=\"en_US\" \/>\n<meta property=\"og:type\" content=\"article\" \/>\n<meta property=\"og:title\" content=\"Taimne s\u00fcgavpuhastav \u0161ampoon - 215ml | patsid.ee\" \/>\n<meta property=\"og:description\" content=\"Taimne s\u00fcgavpuhastav \u0161ampoon sobib h\u00e4sti normaalsetele ja rasustele juustele \u2013 kui sul on kuivad v\u00f5i normaalsed juuksed, v\u00f5id proovida hoopis RAW ROOTs sarjast niisutavat \u0161ampooni, mis on loomulikult ka taimep\u00f5hine \u0161ampoon.  See taimne \u0161ampoon on v\u00e4lja t\u00f6\u00f6tatud rastapatsidele ning on seet\u00f5ttu j\u00e4\u00e4gi- ja sulfaadivaba, mist\u00f5ttu ei sisalda see pehmendavaid koostisosi nagu palsam, silikoon ega sulfaadid.  Pajukoore ekstrakt on p\u00f5hikoostisosa, millel on rahustav toime \u00e4rritunud ja s\u00fcgelevale peanahale ning see on kergelt antiseptiline ja p\u00f5letikuvastane. Ekstrakt muudab rastapatsid pehmeks, l\u00e4ikivaks ja hoolitsetuks.\" \/>\n<meta property=\"og:url\" content=\"https:\/\/patsid.ee\/en\/product\/taimne-sugavpuhastav-sampoon\/\" \/>\n<meta property=\"og:site_name\" content=\"patsid.ee\" \/>\n<meta property=\"article:publisher\" content=\"https:\/\/www.facebook.com\/rastadehooldus\" \/>\n<meta property=\"article:modified_time\" content=\"2026-04-17T06:48:27+00:00\" \/>\n<meta property=\"og:image\" content=\"https:\/\/patsid.ee\/wp-content\/uploads\/2026\/04\/HerbalCleanserShampoo-215.webp\" \/>\n\t<meta property=\"og:image:width\" content=\"1200\" \/>\n\t<meta property=\"og:image:height\" content=\"1200\" \/>\n\t<meta property=\"og:image:type\" content=\"image\/webp\" \/>\n<meta name=\"twitter:card\" content=\"summary_large_image\" \/>\n<meta name=\"twitter:label1\" content=\"Est. reading time\" \/>\n\t<meta name=\"twitter:data1\" content=\"2 minutes\" \/>\n<script type=\"application\/ld+json\" class=\"yoast-schema-graph\">{\"@context\":\"https:\\\/\\\/schema.org\",\"@graph\":[{\"@type\":\"WebPage\",\"@id\":\"https:\\\/\\\/patsid.ee\\\/product\\\/taimne-sugavpuhastav-sampoon\\\/\",\"url\":\"https:\\\/\\\/patsid.ee\\\/product\\\/taimne-sugavpuhastav-sampoon\\\/\",\"name\":\"Taimne s\u00fcgavpuhastav \u0161ampoon - 215ml | patsid.ee\",\"isPartOf\":{\"@id\":\"https:\\\/\\\/patsid.ee\\\/#website\"},\"primaryImageOfPage\":{\"@id\":\"https:\\\/\\\/patsid.ee\\\/product\\\/taimne-sugavpuhastav-sampoon\\\/#primaryimage\"},\"image\":{\"@id\":\"https:\\\/\\\/patsid.ee\\\/product\\\/taimne-sugavpuhastav-sampoon\\\/#primaryimage\"},\"thumbnailUrl\":\"https:\\\/\\\/patsid.ee\\\/wp-content\\\/uploads\\\/2026\\\/04\\\/HerbalCleanserShampoo-215.webp\",\"datePublished\":\"2026-04-17T05:54:05+00:00\",\"dateModified\":\"2026-04-17T06:48:27+00:00\",\"breadcrumb\":{\"@id\":\"https:\\\/\\\/patsid.ee\\\/product\\\/taimne-sugavpuhastav-sampoon\\\/#breadcrumb\"},\"inLanguage\":\"en-US\",\"potentialAction\":[{\"@type\":\"ReadAction\",\"target\":[\"https:\\\/\\\/patsid.ee\\\/product\\\/taimne-sugavpuhastav-sampoon\\\/\"]}]},{\"@type\":\"ImageObject\",\"inLanguage\":\"en-US\",\"@id\":\"https:\\\/\\\/patsid.ee\\\/product\\\/taimne-sugavpuhastav-sampoon\\\/#primaryimage\",\"url\":\"https:\\\/\\\/patsid.ee\\\/wp-content\\\/uploads\\\/2026\\\/04\\\/HerbalCleanserShampoo-215.webp\",\"contentUrl\":\"https:\\\/\\\/patsid.ee\\\/wp-content\\\/uploads\\\/2026\\\/04\\\/HerbalCleanserShampoo-215.webp\",\"width\":1200,\"height\":1200,\"caption\":\"Taimne s\u00fcgavpuhastav \u0161ampoon\"},{\"@type\":\"BreadcrumbList\",\"@id\":\"https:\\\/\\\/patsid.ee\\\/product\\\/taimne-sugavpuhastav-sampoon\\\/#breadcrumb\",\"itemListElement\":[{\"@type\":\"ListItem\",\"position\":1,\"name\":\"Home\",\"item\":\"https:\\\/\\\/patsid.ee\\\/\"},{\"@type\":\"ListItem\",\"position\":2,\"name\":\"Taimne s\u00fcgavpuhastav \u0161ampoon &#8211; 215ml\"}]},{\"@type\":\"WebSite\",\"@id\":\"https:\\\/\\\/patsid.ee\\\/#website\",\"url\":\"https:\\\/\\\/patsid.ee\\\/\",\"name\":\"RAP Rastade hooldus\",\"description\":\"Afropatsid, lokipatsid ja rastapatsid \u2014 teenused, kursused ja e-pood\",\"publisher\":{\"@id\":\"https:\\\/\\\/patsid.ee\\\/#organization\"},\"potentialAction\":[{\"@type\":\"SearchAction\",\"target\":{\"@type\":\"EntryPoint\",\"urlTemplate\":\"https:\\\/\\\/patsid.ee\\\/?s={search_term_string}\"},\"query-input\":{\"@type\":\"PropertyValueSpecification\",\"valueRequired\":true,\"valueName\":\"search_term_string\"}}],\"inLanguage\":\"en-US\"},{\"@type\":\"Organization\",\"@id\":\"https:\\\/\\\/patsid.ee\\\/#organization\",\"name\":\"RAP Rastade hooldus\",\"url\":\"https:\\\/\\\/patsid.ee\\\/\",\"logo\":{\"@type\":\"ImageObject\",\"inLanguage\":\"en-US\",\"@id\":\"https:\\\/\\\/patsid.ee\\\/#\\\/schema\\\/logo\\\/image\\\/\",\"url\":\"https:\\\/\\\/patsid.ee\\\/wp-content\\\/uploads\\\/2025\\\/08\\\/cropped-5.png\",\"contentUrl\":\"https:\\\/\\\/patsid.ee\\\/wp-content\\\/uploads\\\/2025\\\/08\\\/cropped-5.png\",\"width\":500,\"height\":500,\"caption\":\"RAP Rastade hooldus\"},\"image\":{\"@id\":\"https:\\\/\\\/patsid.ee\\\/#\\\/schema\\\/logo\\\/image\\\/\"},\"sameAs\":[\"https:\\\/\\\/www.facebook.com\\\/rastadehooldus\",\"https:\\\/\\\/www.instagram.com\\\/raprastadafrodpunutised\\\/\"]}]}<\/script>\n<!-- \/ Yoast SEO plugin. -->","yoast_head_json":{"title":"Taimne s\u00fcgavpuhastav \u0161ampoon - 215ml | patsid.ee","robots":{"index":"index","follow":"follow","max-snippet":"max-snippet:-1","max-image-preview":"max-image-preview:large","max-video-preview":"max-video-preview:-1"},"canonical":"https:\/\/patsid.ee\/en\/product\/taimne-sugavpuhastav-sampoon\/","og_locale":"en_US","og_type":"article","og_title":"Taimne s\u00fcgavpuhastav \u0161ampoon - 215ml | patsid.ee","og_description":"Taimne s\u00fcgavpuhastav \u0161ampoon sobib h\u00e4sti normaalsetele ja rasustele juustele \u2013 kui sul on kuivad v\u00f5i normaalsed juuksed, v\u00f5id proovida hoopis RAW ROOTs sarjast niisutavat \u0161ampooni, mis on loomulikult ka taimep\u00f5hine \u0161ampoon.  See taimne \u0161ampoon on v\u00e4lja t\u00f6\u00f6tatud rastapatsidele ning on seet\u00f5ttu j\u00e4\u00e4gi- ja sulfaadivaba, mist\u00f5ttu ei sisalda see pehmendavaid koostisosi nagu palsam, silikoon ega sulfaadid.  Pajukoore ekstrakt on p\u00f5hikoostisosa, millel on rahustav toime \u00e4rritunud ja s\u00fcgelevale peanahale ning see on kergelt antiseptiline ja p\u00f5letikuvastane. Ekstrakt muudab rastapatsid pehmeks, l\u00e4ikivaks ja hoolitsetuks.","og_url":"https:\/\/patsid.ee\/en\/product\/taimne-sugavpuhastav-sampoon\/","og_site_name":"patsid.ee","article_publisher":"https:\/\/www.facebook.com\/rastadehooldus","article_modified_time":"2026-04-17T06:48:27+00:00","og_image":[{"width":1200,"height":1200,"url":"https:\/\/patsid.ee\/wp-content\/uploads\/2026\/04\/HerbalCleanserShampoo-215.webp","type":"image\/webp"}],"twitter_card":"summary_large_image","twitter_misc":{"Est. reading time":"2 minutes"},"schema":{"@context":"https:\/\/schema.org","@graph":[{"@type":"WebPage","@id":"https:\/\/patsid.ee\/product\/taimne-sugavpuhastav-sampoon\/","url":"https:\/\/patsid.ee\/product\/taimne-sugavpuhastav-sampoon\/","name":"Taimne s\u00fcgavpuhastav \u0161ampoon - 215ml | patsid.ee","isPartOf":{"@id":"https:\/\/patsid.ee\/#website"},"primaryImageOfPage":{"@id":"https:\/\/patsid.ee\/product\/taimne-sugavpuhastav-sampoon\/#primaryimage"},"image":{"@id":"https:\/\/patsid.ee\/product\/taimne-sugavpuhastav-sampoon\/#primaryimage"},"thumbnailUrl":"https:\/\/patsid.ee\/wp-content\/uploads\/2026\/04\/HerbalCleanserShampoo-215.webp","datePublished":"2026-04-17T05:54:05+00:00","dateModified":"2026-04-17T06:48:27+00:00","breadcrumb":{"@id":"https:\/\/patsid.ee\/product\/taimne-sugavpuhastav-sampoon\/#breadcrumb"},"inLanguage":"en-US","potentialAction":[{"@type":"ReadAction","target":["https:\/\/patsid.ee\/product\/taimne-sugavpuhastav-sampoon\/"]}]},{"@type":"ImageObject","inLanguage":"en-US","@id":"https:\/\/patsid.ee\/product\/taimne-sugavpuhastav-sampoon\/#primaryimage","url":"https:\/\/patsid.ee\/wp-content\/uploads\/2026\/04\/HerbalCleanserShampoo-215.webp","contentUrl":"https:\/\/patsid.ee\/wp-content\/uploads\/2026\/04\/HerbalCleanserShampoo-215.webp","width":1200,"height":1200,"caption":"Taimne s\u00fcgavpuhastav \u0161ampoon"},{"@type":"BreadcrumbList","@id":"https:\/\/patsid.ee\/product\/taimne-sugavpuhastav-sampoon\/#breadcrumb","itemListElement":[{"@type":"ListItem","position":1,"name":"Home","item":"https:\/\/patsid.ee\/"},{"@type":"ListItem","position":2,"name":"Taimne s\u00fcgavpuhastav \u0161ampoon &#8211; 215ml"}]},{"@type":"WebSite","@id":"https:\/\/patsid.ee\/#website","url":"https:\/\/patsid.ee\/","name":"RAP Rastade hooldus","description":"Afropatsid, lokipatsid ja rastapatsid \u2014 teenused, kursused ja e-pood","publisher":{"@id":"https:\/\/patsid.ee\/#organization"},"potentialAction":[{"@type":"SearchAction","target":{"@type":"EntryPoint","urlTemplate":"https:\/\/patsid.ee\/?s={search_term_string}"},"query-input":{"@type":"PropertyValueSpecification","valueRequired":true,"valueName":"search_term_string"}}],"inLanguage":"en-US"},{"@type":"Organization","@id":"https:\/\/patsid.ee\/#organization","name":"RAP Rastade hooldus","url":"https:\/\/patsid.ee\/","logo":{"@type":"ImageObject","inLanguage":"en-US","@id":"https:\/\/patsid.ee\/#\/schema\/logo\/image\/","url":"https:\/\/patsid.ee\/wp-content\/uploads\/2025\/08\/cropped-5.png","contentUrl":"https:\/\/patsid.ee\/wp-content\/uploads\/2025\/08\/cropped-5.png","width":500,"height":500,"caption":"RAP Rastade hooldus"},"image":{"@id":"https:\/\/patsid.ee\/#\/schema\/logo\/image\/"},"sameAs":["https:\/\/www.facebook.com\/rastadehooldus","https:\/\/www.instagram.com\/raprastadafrodpunutised\/"]}]}},"_links":{"self":[{"href":"https:\/\/patsid.ee\/en\/wp-json\/wp\/v2\/product\/6521","targetHints":{"allow":["GET"]}}],"collection":[{"href":"https:\/\/patsid.ee\/en\/wp-json\/wp\/v2\/product"}],"about":[{"href":"https:\/\/patsid.ee\/en\/wp-json\/wp\/v2\/types\/product"}],"wp:featuredmedia":[{"embeddable":true,"href":"https:\/\/patsid.ee\/en\/wp-json\/wp\/v2\/media\/6522"}],"wp:attachment":[{"href":"https:\/\/patsid.ee\/en\/wp-json\/wp\/v2\/media?parent=6521"}],"wp:term":[{"taxonomy":"product_brand","embeddable":true,"href":"https:\/\/patsid.ee\/en\/wp-json\/wp\/v2\/product_brand?post=6521"},{"taxonomy":"product_cat","embeddable":true,"href":"https:\/\/patsid.ee\/en\/wp-json\/wp\/v2\/product_cat?post=6521"},{"taxonomy":"product_tag","embeddable":true,"href":"https:\/\/patsid.ee\/en\/wp-json\/wp\/v2\/product_tag?post=6521"}],"curies":[{"name":"wp","href":"https:\/\/api.w.org\/{rel}","templated":true}]}}