{"id":6516,"date":"2026-04-17T07:40:08","date_gmt":"2026-04-17T05:40:08","guid":{"rendered":"https:\/\/patsid.ee\/?post_type=product&#038;p=6516"},"modified":"2026-04-18T13:23:22","modified_gmt":"2026-04-18T11:23:22","slug":"muddy-luxury-tahke-sampoon","status":"publish","type":"product","link":"https:\/\/patsid.ee\/en\/product\/muddy-luxury-tahke-sampoon\/","title":{"rendered":"Muddy Luxury tahke \u0161ampoon &#8211; 105g"},"content":{"rendered":"<p>Muddy Luxury Soap Bar is pure luxury in the shower.<\/p>\n<p>Made of organic vegetable oils from coconut, olive, jojoba and cocoa butter that provides moisture and nourishment to the skin.<br \/>\ntoidavad peanahka. \u00d5lid on valitud spetsiaalselt seet\u00f5ttu, et need niisutavad ja toidavad kuiva<br \/>\npeanahka ning hoiavad juuksed\/patsid loomulikult puhtana.<\/p>\n<p>Muddy Luxury \u0161ampoon p\u00f5hineb Marokos Atlase m\u00e4gedest p\u00e4rit rasuli savil, mis puhastab<br \/>\nloomulikult ja \u00f5rnalt.<\/p>\n<p>\u0160ampoon sisaldab geraaniumi, rosmariini ja pat\u0161uli orgaanilisi eeterlikke \u00f5lisid, mis aitavad<br \/>\nstimuleerida peanahka ja juuste kasvu.<\/p>\n<p>Muddy Luxury \u0161ampoonipulka saab kasutada \u0161ampoonina loomulikele juustele ja<br \/>\nrastapatsidele ning see sobib pesemiseks ka \u00fclej\u00e4\u00e4nud kehale.<\/p>\n<p>100% Natural. 100% Organic.<\/p>\n<p>Koostis: Naatrium-p\u00e4evalilleseemne\u00f5li (Seebistatud p\u00e4evalille\u00f5li*), Sodium Cocoate (Seebistatud kookos\u00f5li*), Aqua,<br \/>\nNaatriumolivaat (Seebistatud oliivi\u00f5li*), Gl\u00fctseriin*, Maroko laava savi, (Appelcider) \u00e4\u00e4dikas*,<br \/>\nNaatriumjojobaat (Seebistatud jojoba\u00f5li*) , Naatriumkakaov\u00f5i (Seebistatud kakaov\u00f5i*), Rosmarinus Officinalis<br \/>\nlehtede (rosmariini)\u00f5li*, Pelargonium Graveolensi lille\u00f5li (Geranium)*, Helianthus Annuus\u2019i seemne<br \/>\n(p\u00e4evalille)\u00f5li*, Cocos Nucifera (kookosp\u00e4hkli) kaabitsa\u00f5li (*, Pat\u0161uli)\u00f5li*, Olea Europaea puuvilja (oliivi\u00f5li)*,<br \/>\nSimmondsia Chinensise seemne (jojoba)\u00f5li*, Theobroma kakaoseemne (kakao)v\u00f5i*, tsitronellool**,<br \/>\nlimoneen**, linalool**, geraniool**, tsitraal* *.<\/p>\n<p>* = Organic ingredient. ** = Content of essential oil.<\/p>\n<p>Kasutusjuhend: Tehke juuksed\/ patsid korralikult m\u00e4rjaks.. Masseerige \u0161ampooniga juuksejuurt ja peanahaka.<br \/>\nKeskenduge peanahale ja seej\u00e4rel kandke \u0161ampooni juurtest otsteni, pigistades vahtu l\u00e4bi<br \/>\njuuste. Loputage korralikult ja korrake vastavalt vajadusele.<\/p>\n<p><strong>IMPORTANT:<\/strong>The soap must dry out between uses.<\/p>","protected":false},"excerpt":{"rendered":"<p>Muddy Luxury Soap Bar is pure luxury in the shower.<\/p>\n<p>Made of organic vegetable oils from coconut, olive, jojoba and cocoa butter that provides moisture and nourishment to the skin.<br \/>\ntoidavad peanahka.<\/p>\n<p>The oils are chosen specifically because they provide moisture and nourishment to dry and exposed scalps and keeps hair naturally clean.<\/p>","protected":false},"featured_media":6517,"template":"","meta":{"site-sidebar-layout":"default","site-content-layout":"","ast-site-content-layout":"default","site-content-style":"default","site-sidebar-style":"default","ast-global-header-display":"","ast-banner-title-visibility":"","ast-main-header-display":"","ast-hfb-above-header-display":"","ast-hfb-below-header-display":"","ast-hfb-mobile-header-display":"","site-post-title":"","ast-breadcrumbs-content":"","ast-featured-img":"","footer-sml-layout":"","ast-disable-related-posts":"","theme-transparent-header-meta":"default","adv-header-id-meta":"","stick-header-meta":"","header-above-stick-meta":"","header-main-stick-meta":"","header-below-stick-meta":"","astra-migrate-meta-layouts":"set","ast-page-background-enabled":"default","ast-page-background-meta":{"desktop":{"background-color":"","background-image":"","background-repeat":"repeat","background-position":"center center","background-size":"auto","background-attachment":"scroll","background-type":"","background-media":"","overlay-type":"","overlay-color":"","overlay-opacity":"","overlay-gradient":""},"tablet":{"background-color":"","background-image":"","background-repeat":"repeat","background-position":"center center","background-size":"auto","background-attachment":"scroll","background-type":"","background-media":"","overlay-type":"","overlay-color":"","overlay-opacity":"","overlay-gradient":""},"mobile":{"background-color":"","background-image":"","background-repeat":"repeat","background-position":"center center","background-size":"auto","background-attachment":"scroll","background-type":"","background-media":"","overlay-type":"","overlay-color":"","overlay-opacity":"","overlay-gradient":""}},"ast-content-background-meta":{"desktop":{"background-color":"var(--ast-global-color-5)","background-image":"","background-repeat":"repeat","background-position":"center center","background-size":"auto","background-attachment":"scroll","background-type":"","background-media":"","overlay-type":"","overlay-color":"","overlay-opacity":"","overlay-gradient":""},"tablet":{"background-color":"var(--ast-global-color-5)","background-image":"","background-repeat":"repeat","background-position":"center center","background-size":"auto","background-attachment":"scroll","background-type":"","background-media":"","overlay-type":"","overlay-color":"","overlay-opacity":"","overlay-gradient":""},"mobile":{"background-color":"var(--ast-global-color-5)","background-image":"","background-repeat":"repeat","background-position":"center center","background-size":"auto","background-attachment":"scroll","background-type":"","background-media":"","overlay-type":"","overlay-color":"","overlay-opacity":"","overlay-gradient":""}},"iawp_total_views":0},"product_brand":[],"product_cat":[54],"product_tag":[],"class_list":{"0":"post-6516","1":"product","2":"type-product","3":"status-publish","4":"has-post-thumbnail","6":"product_cat-rawroots-patsihooldustooted","7":"desktop-align-left","8":"tablet-align-left","9":"mobile-align-left","11":"first","12":"instock","13":"taxable","14":"shipping-taxable","15":"purchasable","16":"product-type-simple"},"yoast_head":"<!-- This site is optimized with the Yoast SEO plugin v27.4 - https:\/\/yoast.com\/product\/yoast-seo-wordpress\/ -->\n<title>Muddy Luxury tahke \u0161ampoon - 105g | patsid.ee<\/title>\n<meta name=\"robots\" content=\"index, follow, max-snippet:-1, max-image-preview:large, max-video-preview:-1\" \/>\n<link rel=\"canonical\" href=\"https:\/\/patsid.ee\/en\/product\/muddy-luxury-tahke-sampoon\/\" \/>\n<meta property=\"og:locale\" content=\"en_US\" \/>\n<meta property=\"og:type\" content=\"article\" \/>\n<meta property=\"og:title\" content=\"Muddy Luxury tahke \u0161ampoon - 105g | patsid.ee\" \/>\n<meta property=\"og:description\" content=\"Muddy Luxury \u0161ampoon on puhas luksus du\u0161i all.  Valmistatud kookos-, oliivi-, jojoba- ja kakaov\u00f5i orgaanilistest taime\u00f5lidest, mis niisutavad ja toidavad peanahka.  \u00d5lid on valitud spetsiaalselt seet\u00f5ttu, et need niisutavad ja toidavad kuiva peanahka ning hoiavad juuksed\/patsid loomulikult puhtana.\" \/>\n<meta property=\"og:url\" content=\"https:\/\/patsid.ee\/en\/product\/muddy-luxury-tahke-sampoon\/\" \/>\n<meta property=\"og:site_name\" content=\"patsid.ee\" \/>\n<meta property=\"article:publisher\" content=\"https:\/\/www.facebook.com\/rastadehooldus\" \/>\n<meta property=\"article:modified_time\" content=\"2026-04-18T11:23:22+00:00\" \/>\n<meta property=\"og:image\" content=\"https:\/\/patsid.ee\/wp-content\/uploads\/2026\/04\/RawrootsMuddyLuxuryDreadlockSoapBar105g1-2.webp\" \/>\n\t<meta property=\"og:image:width\" content=\"1200\" \/>\n\t<meta property=\"og:image:height\" content=\"1202\" \/>\n\t<meta property=\"og:image:type\" content=\"image\/webp\" \/>\n<meta name=\"twitter:card\" content=\"summary_large_image\" \/>\n<meta name=\"twitter:label1\" content=\"Est. reading time\" \/>\n\t<meta name=\"twitter:data1\" content=\"2 minutes\" \/>\n<script type=\"application\/ld+json\" class=\"yoast-schema-graph\">{\"@context\":\"https:\\\/\\\/schema.org\",\"@graph\":[{\"@type\":\"WebPage\",\"@id\":\"https:\\\/\\\/patsid.ee\\\/product\\\/muddy-luxury-tahke-sampoon\\\/\",\"url\":\"https:\\\/\\\/patsid.ee\\\/product\\\/muddy-luxury-tahke-sampoon\\\/\",\"name\":\"Muddy Luxury tahke \u0161ampoon - 105g | patsid.ee\",\"isPartOf\":{\"@id\":\"https:\\\/\\\/patsid.ee\\\/#website\"},\"primaryImageOfPage\":{\"@id\":\"https:\\\/\\\/patsid.ee\\\/product\\\/muddy-luxury-tahke-sampoon\\\/#primaryimage\"},\"image\":{\"@id\":\"https:\\\/\\\/patsid.ee\\\/product\\\/muddy-luxury-tahke-sampoon\\\/#primaryimage\"},\"thumbnailUrl\":\"https:\\\/\\\/patsid.ee\\\/wp-content\\\/uploads\\\/2026\\\/04\\\/RawrootsMuddyLuxuryDreadlockSoapBar105g1-2.webp\",\"datePublished\":\"2026-04-17T05:40:08+00:00\",\"dateModified\":\"2026-04-18T11:23:22+00:00\",\"breadcrumb\":{\"@id\":\"https:\\\/\\\/patsid.ee\\\/product\\\/muddy-luxury-tahke-sampoon\\\/#breadcrumb\"},\"inLanguage\":\"en-US\",\"potentialAction\":[{\"@type\":\"ReadAction\",\"target\":[\"https:\\\/\\\/patsid.ee\\\/product\\\/muddy-luxury-tahke-sampoon\\\/\"]}]},{\"@type\":\"ImageObject\",\"inLanguage\":\"en-US\",\"@id\":\"https:\\\/\\\/patsid.ee\\\/product\\\/muddy-luxury-tahke-sampoon\\\/#primaryimage\",\"url\":\"https:\\\/\\\/patsid.ee\\\/wp-content\\\/uploads\\\/2026\\\/04\\\/RawrootsMuddyLuxuryDreadlockSoapBar105g1-2.webp\",\"contentUrl\":\"https:\\\/\\\/patsid.ee\\\/wp-content\\\/uploads\\\/2026\\\/04\\\/RawrootsMuddyLuxuryDreadlockSoapBar105g1-2.webp\",\"width\":1200,\"height\":1202,\"caption\":\"Muddy Luxury tahke \u0161ampoon\"},{\"@type\":\"BreadcrumbList\",\"@id\":\"https:\\\/\\\/patsid.ee\\\/product\\\/muddy-luxury-tahke-sampoon\\\/#breadcrumb\",\"itemListElement\":[{\"@type\":\"ListItem\",\"position\":1,\"name\":\"Home\",\"item\":\"https:\\\/\\\/patsid.ee\\\/\"},{\"@type\":\"ListItem\",\"position\":2,\"name\":\"Muddy Luxury tahke \u0161ampoon &#8211; 105g\"}]},{\"@type\":\"WebSite\",\"@id\":\"https:\\\/\\\/patsid.ee\\\/#website\",\"url\":\"https:\\\/\\\/patsid.ee\\\/\",\"name\":\"RAP Rastade hooldus\",\"description\":\"Afropatsid, lokipatsid ja rastapatsid \u2014 teenused, kursused ja e-pood\",\"publisher\":{\"@id\":\"https:\\\/\\\/patsid.ee\\\/#organization\"},\"potentialAction\":[{\"@type\":\"SearchAction\",\"target\":{\"@type\":\"EntryPoint\",\"urlTemplate\":\"https:\\\/\\\/patsid.ee\\\/?s={search_term_string}\"},\"query-input\":{\"@type\":\"PropertyValueSpecification\",\"valueRequired\":true,\"valueName\":\"search_term_string\"}}],\"inLanguage\":\"en-US\"},{\"@type\":\"Organization\",\"@id\":\"https:\\\/\\\/patsid.ee\\\/#organization\",\"name\":\"RAP Rastade hooldus\",\"url\":\"https:\\\/\\\/patsid.ee\\\/\",\"logo\":{\"@type\":\"ImageObject\",\"inLanguage\":\"en-US\",\"@id\":\"https:\\\/\\\/patsid.ee\\\/#\\\/schema\\\/logo\\\/image\\\/\",\"url\":\"https:\\\/\\\/patsid.ee\\\/wp-content\\\/uploads\\\/2025\\\/08\\\/cropped-5.png\",\"contentUrl\":\"https:\\\/\\\/patsid.ee\\\/wp-content\\\/uploads\\\/2025\\\/08\\\/cropped-5.png\",\"width\":500,\"height\":500,\"caption\":\"RAP Rastade hooldus\"},\"image\":{\"@id\":\"https:\\\/\\\/patsid.ee\\\/#\\\/schema\\\/logo\\\/image\\\/\"},\"sameAs\":[\"https:\\\/\\\/www.facebook.com\\\/rastadehooldus\",\"https:\\\/\\\/www.instagram.com\\\/raprastadafrodpunutised\\\/\"]}]}<\/script>\n<!-- \/ Yoast SEO plugin. -->","yoast_head_json":{"title":"Muddy Luxury tahke \u0161ampoon - 105g | patsid.ee","robots":{"index":"index","follow":"follow","max-snippet":"max-snippet:-1","max-image-preview":"max-image-preview:large","max-video-preview":"max-video-preview:-1"},"canonical":"https:\/\/patsid.ee\/en\/product\/muddy-luxury-tahke-sampoon\/","og_locale":"en_US","og_type":"article","og_title":"Muddy Luxury tahke \u0161ampoon - 105g | patsid.ee","og_description":"Muddy Luxury \u0161ampoon on puhas luksus du\u0161i all.  Valmistatud kookos-, oliivi-, jojoba- ja kakaov\u00f5i orgaanilistest taime\u00f5lidest, mis niisutavad ja toidavad peanahka.  \u00d5lid on valitud spetsiaalselt seet\u00f5ttu, et need niisutavad ja toidavad kuiva peanahka ning hoiavad juuksed\/patsid loomulikult puhtana.","og_url":"https:\/\/patsid.ee\/en\/product\/muddy-luxury-tahke-sampoon\/","og_site_name":"patsid.ee","article_publisher":"https:\/\/www.facebook.com\/rastadehooldus","article_modified_time":"2026-04-18T11:23:22+00:00","og_image":[{"width":1200,"height":1202,"url":"https:\/\/patsid.ee\/wp-content\/uploads\/2026\/04\/RawrootsMuddyLuxuryDreadlockSoapBar105g1-2.webp","type":"image\/webp"}],"twitter_card":"summary_large_image","twitter_misc":{"Est. reading time":"2 minutes"},"schema":{"@context":"https:\/\/schema.org","@graph":[{"@type":"WebPage","@id":"https:\/\/patsid.ee\/product\/muddy-luxury-tahke-sampoon\/","url":"https:\/\/patsid.ee\/product\/muddy-luxury-tahke-sampoon\/","name":"Muddy Luxury tahke \u0161ampoon - 105g | patsid.ee","isPartOf":{"@id":"https:\/\/patsid.ee\/#website"},"primaryImageOfPage":{"@id":"https:\/\/patsid.ee\/product\/muddy-luxury-tahke-sampoon\/#primaryimage"},"image":{"@id":"https:\/\/patsid.ee\/product\/muddy-luxury-tahke-sampoon\/#primaryimage"},"thumbnailUrl":"https:\/\/patsid.ee\/wp-content\/uploads\/2026\/04\/RawrootsMuddyLuxuryDreadlockSoapBar105g1-2.webp","datePublished":"2026-04-17T05:40:08+00:00","dateModified":"2026-04-18T11:23:22+00:00","breadcrumb":{"@id":"https:\/\/patsid.ee\/product\/muddy-luxury-tahke-sampoon\/#breadcrumb"},"inLanguage":"en-US","potentialAction":[{"@type":"ReadAction","target":["https:\/\/patsid.ee\/product\/muddy-luxury-tahke-sampoon\/"]}]},{"@type":"ImageObject","inLanguage":"en-US","@id":"https:\/\/patsid.ee\/product\/muddy-luxury-tahke-sampoon\/#primaryimage","url":"https:\/\/patsid.ee\/wp-content\/uploads\/2026\/04\/RawrootsMuddyLuxuryDreadlockSoapBar105g1-2.webp","contentUrl":"https:\/\/patsid.ee\/wp-content\/uploads\/2026\/04\/RawrootsMuddyLuxuryDreadlockSoapBar105g1-2.webp","width":1200,"height":1202,"caption":"Muddy Luxury tahke \u0161ampoon"},{"@type":"BreadcrumbList","@id":"https:\/\/patsid.ee\/product\/muddy-luxury-tahke-sampoon\/#breadcrumb","itemListElement":[{"@type":"ListItem","position":1,"name":"Home","item":"https:\/\/patsid.ee\/"},{"@type":"ListItem","position":2,"name":"Muddy Luxury tahke \u0161ampoon &#8211; 105g"}]},{"@type":"WebSite","@id":"https:\/\/patsid.ee\/#website","url":"https:\/\/patsid.ee\/","name":"RAP Rastade hooldus","description":"Afropatsid, lokipatsid ja rastapatsid \u2014 teenused, kursused ja e-pood","publisher":{"@id":"https:\/\/patsid.ee\/#organization"},"potentialAction":[{"@type":"SearchAction","target":{"@type":"EntryPoint","urlTemplate":"https:\/\/patsid.ee\/?s={search_term_string}"},"query-input":{"@type":"PropertyValueSpecification","valueRequired":true,"valueName":"search_term_string"}}],"inLanguage":"en-US"},{"@type":"Organization","@id":"https:\/\/patsid.ee\/#organization","name":"RAP Rastade hooldus","url":"https:\/\/patsid.ee\/","logo":{"@type":"ImageObject","inLanguage":"en-US","@id":"https:\/\/patsid.ee\/#\/schema\/logo\/image\/","url":"https:\/\/patsid.ee\/wp-content\/uploads\/2025\/08\/cropped-5.png","contentUrl":"https:\/\/patsid.ee\/wp-content\/uploads\/2025\/08\/cropped-5.png","width":500,"height":500,"caption":"RAP Rastade hooldus"},"image":{"@id":"https:\/\/patsid.ee\/#\/schema\/logo\/image\/"},"sameAs":["https:\/\/www.facebook.com\/rastadehooldus","https:\/\/www.instagram.com\/raprastadafrodpunutised\/"]}]}},"_links":{"self":[{"href":"https:\/\/patsid.ee\/en\/wp-json\/wp\/v2\/product\/6516","targetHints":{"allow":["GET"]}}],"collection":[{"href":"https:\/\/patsid.ee\/en\/wp-json\/wp\/v2\/product"}],"about":[{"href":"https:\/\/patsid.ee\/en\/wp-json\/wp\/v2\/types\/product"}],"wp:featuredmedia":[{"embeddable":true,"href":"https:\/\/patsid.ee\/en\/wp-json\/wp\/v2\/media\/6517"}],"wp:attachment":[{"href":"https:\/\/patsid.ee\/en\/wp-json\/wp\/v2\/media?parent=6516"}],"wp:term":[{"taxonomy":"product_brand","embeddable":true,"href":"https:\/\/patsid.ee\/en\/wp-json\/wp\/v2\/product_brand?post=6516"},{"taxonomy":"product_cat","embeddable":true,"href":"https:\/\/patsid.ee\/en\/wp-json\/wp\/v2\/product_cat?post=6516"},{"taxonomy":"product_tag","embeddable":true,"href":"https:\/\/patsid.ee\/en\/wp-json\/wp\/v2\/product_tag?post=6516"}],"curies":[{"name":"wp","href":"https:\/\/api.w.org\/{rel}","templated":true}]}}