{"id":6511,"date":"2026-04-17T07:28:23","date_gmt":"2026-04-17T05:28:23","guid":{"rendered":"https:\/\/patsid.ee\/?post_type=product&#038;p=6511"},"modified":"2026-04-17T08:49:46","modified_gmt":"2026-04-17T06:49:46","slug":"greenie-genie-tahke-sampoon","status":"publish","type":"product","link":"https:\/\/patsid.ee\/en\/product\/greenie-genie-tahke-sampoon\/","title":{"rendered":"Greenie Genie tahke \u0161ampoon &#8211; 105g"},"content":{"rendered":"<p>Greenie Genie Natural Shampoo Bar is based on green organic herbals and vegetable oils.<br \/>\nIt has a soft creamy foam and will cleanse and nourishes scalp, hair and dreadlocks.<br \/>\nHemp seed oil, neem and stinging nettle strengthen the hair and scalp are actively fighting against sprinkling and other scalp problems.<\/p>\n<p>The organic essential oils from Tea tree, mint and lemongrass refresh, stimulate the scalp and have a cleansing, antiseptic, itchy and cooling effect.<br \/>\nThe soap is handmade in the traditional way and 100% vegan and cruelty free.<br \/>\nHimalayan salt adds minerals to the skin and gives volume to fine hair.<br \/>\nThe Shampoo bar is made from natural ingredients that are sustainable and do not burden the globe in the same way as synthetic soap ingredients, but in addition there is also something to pick up in relation to waste when you use a soap bar shampoo.<br \/>\nWhen you use a soap bar, you minimize waste as you only use exactly what you need. In addition, all our soap bars come in sustainable packaging!<br \/>\n100% Natural. 100% Organic.<\/p>\n<p>Pange \u0161ampoon kindlasti peale kasutamist seebin\u00f5usse, et v\u00e4ltida seebit\u00fcki lebamist ja vees lahustumist<\/p>\n<p><i>Koostis: Naatriumkookaat (seebistatud kookos\u00f5li*), naatriumolivaat (seebistatud oliivi\u00f5li*), vesivesi, gl\u00fctseriin, naatriumkastoraat (seebistatud kastoor\u00f5li*), naatriumkanepiseemne\u00f5li (seebistatud kanepiseemne\u00f5li*), (appelcider) \u00e4\u00e4dikas*, naatriumneemaat (seebistatud). Neemi\u00f5li*), naatriumkloriid (Himaalaja sool), Illite (roheline savi), Mentha Piperita (piparm\u00fcndi)\u00f5li*, Melaleuca Alternifolia lehe (teepuu)\u00f5li*, Cymbopogon Flexuosus (sidrunheina)\u00f5li*, Urtica Dioica (n\u00f5ges) *, Cocos Nucifera (kookosp\u00e4hkli) \u00f5li*, Olea Europaea puuvilja (oliivi\u00f5li)*, Ricinus Communis seemne (ritsinus)\u00f5li*, Cannabis Sativa seemne (kanepiseemne) \u00f5li*, Helianthus Annuus seemne (p\u00e4evalille)\u00f5li*, Rosmarinus Officinalis Leaf (rosmariini)\u00f5li*, Melia Azadirachta seemne (neem)\u00f5li*, naatrium-p\u00e4evalilleseemne\u00f5li (seebistatud p\u00e4evalille\u00f5li*), limoneen**, linalool**, geraniool**, tsitraal**.\u00a0<\/i><\/p>\n<p><i>* = Organic ingredient.<\/i><\/p>\n<p>Kasutusjuhend: Tehke juuksed\/ patsid korralikult m\u00e4rjaks.. Masseerige \u0161ampooniga juuksejuurt ja peanahaka. Keskenduge peanahale ja seej\u00e4rel kandke \u0161ampooni juurtest otsteni, pigistades vahtu l\u00e4bi juuste. Loputage korralikult ja korrake vastavalt vajadusele.<br \/>\n<strong>IMPORTANT:<\/strong>The soap must dry out between uses.<\/p>","protected":false},"excerpt":{"rendered":"<p>Greenie Genie Natural Shampoo Bar is based on green organic herbals and vegetable oils.<\/p>\n<p>It has a soft creamy foam and will cleanse and nourishes scalp, hair and dreadlocks.<\/p>","protected":false},"featured_media":6512,"template":"","meta":{"site-sidebar-layout":"default","site-content-layout":"","ast-site-content-layout":"default","site-content-style":"default","site-sidebar-style":"default","ast-global-header-display":"","ast-banner-title-visibility":"","ast-main-header-display":"","ast-hfb-above-header-display":"","ast-hfb-below-header-display":"","ast-hfb-mobile-header-display":"","site-post-title":"","ast-breadcrumbs-content":"","ast-featured-img":"","footer-sml-layout":"","ast-disable-related-posts":"","theme-transparent-header-meta":"default","adv-header-id-meta":"","stick-header-meta":"","header-above-stick-meta":"","header-main-stick-meta":"","header-below-stick-meta":"","astra-migrate-meta-layouts":"set","ast-page-background-enabled":"default","ast-page-background-meta":{"desktop":{"background-color":"","background-image":"","background-repeat":"repeat","background-position":"center center","background-size":"auto","background-attachment":"scroll","background-type":"","background-media":"","overlay-type":"","overlay-color":"","overlay-opacity":"","overlay-gradient":""},"tablet":{"background-color":"","background-image":"","background-repeat":"repeat","background-position":"center center","background-size":"auto","background-attachment":"scroll","background-type":"","background-media":"","overlay-type":"","overlay-color":"","overlay-opacity":"","overlay-gradient":""},"mobile":{"background-color":"","background-image":"","background-repeat":"repeat","background-position":"center center","background-size":"auto","background-attachment":"scroll","background-type":"","background-media":"","overlay-type":"","overlay-color":"","overlay-opacity":"","overlay-gradient":""}},"ast-content-background-meta":{"desktop":{"background-color":"var(--ast-global-color-5)","background-image":"","background-repeat":"repeat","background-position":"center center","background-size":"auto","background-attachment":"scroll","background-type":"","background-media":"","overlay-type":"","overlay-color":"","overlay-opacity":"","overlay-gradient":""},"tablet":{"background-color":"var(--ast-global-color-5)","background-image":"","background-repeat":"repeat","background-position":"center center","background-size":"auto","background-attachment":"scroll","background-type":"","background-media":"","overlay-type":"","overlay-color":"","overlay-opacity":"","overlay-gradient":""},"mobile":{"background-color":"var(--ast-global-color-5)","background-image":"","background-repeat":"repeat","background-position":"center center","background-size":"auto","background-attachment":"scroll","background-type":"","background-media":"","overlay-type":"","overlay-color":"","overlay-opacity":"","overlay-gradient":""}},"iawp_total_views":1},"product_brand":[],"product_cat":[54],"product_tag":[],"class_list":{"0":"post-6511","1":"product","2":"type-product","3":"status-publish","4":"has-post-thumbnail","6":"product_cat-rawroots-patsihooldustooted","7":"desktop-align-left","8":"tablet-align-left","9":"mobile-align-left","11":"first","12":"outofstock","13":"taxable","14":"shipping-taxable","15":"purchasable","16":"product-type-simple"},"yoast_head":"<!-- This site is optimized with the Yoast SEO plugin v27.4 - https:\/\/yoast.com\/product\/yoast-seo-wordpress\/ -->\n<title>Greenie Genie tahke \u0161ampoon - 105g | patsid.ee<\/title>\n<meta name=\"robots\" content=\"index, follow, max-snippet:-1, max-image-preview:large, max-video-preview:-1\" \/>\n<link rel=\"canonical\" href=\"https:\/\/patsid.ee\/en\/product\/greenie-genie-tahke-sampoon\/\" \/>\n<meta property=\"og:locale\" content=\"en_US\" \/>\n<meta property=\"og:type\" content=\"article\" \/>\n<meta property=\"og:title\" content=\"Greenie Genie tahke \u0161ampoon - 105g | patsid.ee\" \/>\n<meta property=\"og:description\" content=\"Greenie Genie on looduslik \u0161ampoon kehale ja juustele, mis puhastab ja toidab teie juukseid ning peanahka looduslike ja orgaaniliste koostisosadega.  See \u0161ampoon on k\u00e4sitsi valmistatud taimsetest ja looduslikest koostisosadest normaalsete v\u00f5i rasuste juuste hooldamiseks ning aitab probleemse peanaha puhul. Greenie Genie \u0161ampoon on praktiline kaks-\u00fches looduslik \u0161ampoon, mida saab kasutada kogu kehal ja juustes, kuna see ei sisalda midagi kahjulikku juustele, peanahale ega kehale.\" \/>\n<meta property=\"og:url\" content=\"https:\/\/patsid.ee\/en\/product\/greenie-genie-tahke-sampoon\/\" \/>\n<meta property=\"og:site_name\" content=\"patsid.ee\" \/>\n<meta property=\"article:publisher\" content=\"https:\/\/www.facebook.com\/rastadehooldus\" \/>\n<meta property=\"article:modified_time\" content=\"2026-04-17T06:49:46+00:00\" \/>\n<meta property=\"og:image\" content=\"https:\/\/patsid.ee\/wp-content\/uploads\/2026\/04\/RawrootsGreenieGenieDreadlockSoapBar105g11.webp\" \/>\n\t<meta property=\"og:image:width\" content=\"1200\" \/>\n\t<meta property=\"og:image:height\" content=\"1200\" \/>\n\t<meta property=\"og:image:type\" content=\"image\/webp\" \/>\n<meta name=\"twitter:card\" content=\"summary_large_image\" \/>\n<meta name=\"twitter:label1\" content=\"Est. reading time\" \/>\n\t<meta name=\"twitter:data1\" content=\"2 minutes\" \/>\n<script type=\"application\/ld+json\" class=\"yoast-schema-graph\">{\"@context\":\"https:\\\/\\\/schema.org\",\"@graph\":[{\"@type\":\"WebPage\",\"@id\":\"https:\\\/\\\/patsid.ee\\\/product\\\/greenie-genie-tahke-sampoon\\\/\",\"url\":\"https:\\\/\\\/patsid.ee\\\/product\\\/greenie-genie-tahke-sampoon\\\/\",\"name\":\"Greenie Genie tahke \u0161ampoon - 105g | patsid.ee\",\"isPartOf\":{\"@id\":\"https:\\\/\\\/patsid.ee\\\/#website\"},\"primaryImageOfPage\":{\"@id\":\"https:\\\/\\\/patsid.ee\\\/product\\\/greenie-genie-tahke-sampoon\\\/#primaryimage\"},\"image\":{\"@id\":\"https:\\\/\\\/patsid.ee\\\/product\\\/greenie-genie-tahke-sampoon\\\/#primaryimage\"},\"thumbnailUrl\":\"https:\\\/\\\/patsid.ee\\\/wp-content\\\/uploads\\\/2026\\\/04\\\/RawrootsGreenieGenieDreadlockSoapBar105g11.webp\",\"datePublished\":\"2026-04-17T05:28:23+00:00\",\"dateModified\":\"2026-04-17T06:49:46+00:00\",\"breadcrumb\":{\"@id\":\"https:\\\/\\\/patsid.ee\\\/product\\\/greenie-genie-tahke-sampoon\\\/#breadcrumb\"},\"inLanguage\":\"en-US\",\"potentialAction\":[{\"@type\":\"ReadAction\",\"target\":[\"https:\\\/\\\/patsid.ee\\\/product\\\/greenie-genie-tahke-sampoon\\\/\"]}]},{\"@type\":\"ImageObject\",\"inLanguage\":\"en-US\",\"@id\":\"https:\\\/\\\/patsid.ee\\\/product\\\/greenie-genie-tahke-sampoon\\\/#primaryimage\",\"url\":\"https:\\\/\\\/patsid.ee\\\/wp-content\\\/uploads\\\/2026\\\/04\\\/RawrootsGreenieGenieDreadlockSoapBar105g11.webp\",\"contentUrl\":\"https:\\\/\\\/patsid.ee\\\/wp-content\\\/uploads\\\/2026\\\/04\\\/RawrootsGreenieGenieDreadlockSoapBar105g11.webp\",\"width\":1200,\"height\":1200,\"caption\":\"Greenie Genie tahke \u0161ampoon\"},{\"@type\":\"BreadcrumbList\",\"@id\":\"https:\\\/\\\/patsid.ee\\\/product\\\/greenie-genie-tahke-sampoon\\\/#breadcrumb\",\"itemListElement\":[{\"@type\":\"ListItem\",\"position\":1,\"name\":\"Home\",\"item\":\"https:\\\/\\\/patsid.ee\\\/\"},{\"@type\":\"ListItem\",\"position\":2,\"name\":\"Greenie Genie tahke \u0161ampoon &#8211; 105g\"}]},{\"@type\":\"WebSite\",\"@id\":\"https:\\\/\\\/patsid.ee\\\/#website\",\"url\":\"https:\\\/\\\/patsid.ee\\\/\",\"name\":\"RAP Rastade hooldus\",\"description\":\"Afropatsid, lokipatsid ja rastapatsid \u2014 teenused, kursused ja e-pood\",\"publisher\":{\"@id\":\"https:\\\/\\\/patsid.ee\\\/#organization\"},\"potentialAction\":[{\"@type\":\"SearchAction\",\"target\":{\"@type\":\"EntryPoint\",\"urlTemplate\":\"https:\\\/\\\/patsid.ee\\\/?s={search_term_string}\"},\"query-input\":{\"@type\":\"PropertyValueSpecification\",\"valueRequired\":true,\"valueName\":\"search_term_string\"}}],\"inLanguage\":\"en-US\"},{\"@type\":\"Organization\",\"@id\":\"https:\\\/\\\/patsid.ee\\\/#organization\",\"name\":\"RAP Rastade hooldus\",\"url\":\"https:\\\/\\\/patsid.ee\\\/\",\"logo\":{\"@type\":\"ImageObject\",\"inLanguage\":\"en-US\",\"@id\":\"https:\\\/\\\/patsid.ee\\\/#\\\/schema\\\/logo\\\/image\\\/\",\"url\":\"https:\\\/\\\/patsid.ee\\\/wp-content\\\/uploads\\\/2025\\\/08\\\/cropped-5.png\",\"contentUrl\":\"https:\\\/\\\/patsid.ee\\\/wp-content\\\/uploads\\\/2025\\\/08\\\/cropped-5.png\",\"width\":500,\"height\":500,\"caption\":\"RAP Rastade hooldus\"},\"image\":{\"@id\":\"https:\\\/\\\/patsid.ee\\\/#\\\/schema\\\/logo\\\/image\\\/\"},\"sameAs\":[\"https:\\\/\\\/www.facebook.com\\\/rastadehooldus\",\"https:\\\/\\\/www.instagram.com\\\/raprastadafrodpunutised\\\/\"]}]}<\/script>\n<!-- \/ Yoast SEO plugin. -->","yoast_head_json":{"title":"Greenie Genie tahke \u0161ampoon - 105g | patsid.ee","robots":{"index":"index","follow":"follow","max-snippet":"max-snippet:-1","max-image-preview":"max-image-preview:large","max-video-preview":"max-video-preview:-1"},"canonical":"https:\/\/patsid.ee\/en\/product\/greenie-genie-tahke-sampoon\/","og_locale":"en_US","og_type":"article","og_title":"Greenie Genie tahke \u0161ampoon - 105g | patsid.ee","og_description":"Greenie Genie on looduslik \u0161ampoon kehale ja juustele, mis puhastab ja toidab teie juukseid ning peanahka looduslike ja orgaaniliste koostisosadega.  See \u0161ampoon on k\u00e4sitsi valmistatud taimsetest ja looduslikest koostisosadest normaalsete v\u00f5i rasuste juuste hooldamiseks ning aitab probleemse peanaha puhul. Greenie Genie \u0161ampoon on praktiline kaks-\u00fches looduslik \u0161ampoon, mida saab kasutada kogu kehal ja juustes, kuna see ei sisalda midagi kahjulikku juustele, peanahale ega kehale.","og_url":"https:\/\/patsid.ee\/en\/product\/greenie-genie-tahke-sampoon\/","og_site_name":"patsid.ee","article_publisher":"https:\/\/www.facebook.com\/rastadehooldus","article_modified_time":"2026-04-17T06:49:46+00:00","og_image":[{"width":1200,"height":1200,"url":"https:\/\/patsid.ee\/wp-content\/uploads\/2026\/04\/RawrootsGreenieGenieDreadlockSoapBar105g11.webp","type":"image\/webp"}],"twitter_card":"summary_large_image","twitter_misc":{"Est. reading time":"2 minutes"},"schema":{"@context":"https:\/\/schema.org","@graph":[{"@type":"WebPage","@id":"https:\/\/patsid.ee\/product\/greenie-genie-tahke-sampoon\/","url":"https:\/\/patsid.ee\/product\/greenie-genie-tahke-sampoon\/","name":"Greenie Genie tahke \u0161ampoon - 105g | patsid.ee","isPartOf":{"@id":"https:\/\/patsid.ee\/#website"},"primaryImageOfPage":{"@id":"https:\/\/patsid.ee\/product\/greenie-genie-tahke-sampoon\/#primaryimage"},"image":{"@id":"https:\/\/patsid.ee\/product\/greenie-genie-tahke-sampoon\/#primaryimage"},"thumbnailUrl":"https:\/\/patsid.ee\/wp-content\/uploads\/2026\/04\/RawrootsGreenieGenieDreadlockSoapBar105g11.webp","datePublished":"2026-04-17T05:28:23+00:00","dateModified":"2026-04-17T06:49:46+00:00","breadcrumb":{"@id":"https:\/\/patsid.ee\/product\/greenie-genie-tahke-sampoon\/#breadcrumb"},"inLanguage":"en-US","potentialAction":[{"@type":"ReadAction","target":["https:\/\/patsid.ee\/product\/greenie-genie-tahke-sampoon\/"]}]},{"@type":"ImageObject","inLanguage":"en-US","@id":"https:\/\/patsid.ee\/product\/greenie-genie-tahke-sampoon\/#primaryimage","url":"https:\/\/patsid.ee\/wp-content\/uploads\/2026\/04\/RawrootsGreenieGenieDreadlockSoapBar105g11.webp","contentUrl":"https:\/\/patsid.ee\/wp-content\/uploads\/2026\/04\/RawrootsGreenieGenieDreadlockSoapBar105g11.webp","width":1200,"height":1200,"caption":"Greenie Genie tahke \u0161ampoon"},{"@type":"BreadcrumbList","@id":"https:\/\/patsid.ee\/product\/greenie-genie-tahke-sampoon\/#breadcrumb","itemListElement":[{"@type":"ListItem","position":1,"name":"Home","item":"https:\/\/patsid.ee\/"},{"@type":"ListItem","position":2,"name":"Greenie Genie tahke \u0161ampoon &#8211; 105g"}]},{"@type":"WebSite","@id":"https:\/\/patsid.ee\/#website","url":"https:\/\/patsid.ee\/","name":"RAP Rastade hooldus","description":"Afropatsid, lokipatsid ja rastapatsid \u2014 teenused, kursused ja e-pood","publisher":{"@id":"https:\/\/patsid.ee\/#organization"},"potentialAction":[{"@type":"SearchAction","target":{"@type":"EntryPoint","urlTemplate":"https:\/\/patsid.ee\/?s={search_term_string}"},"query-input":{"@type":"PropertyValueSpecification","valueRequired":true,"valueName":"search_term_string"}}],"inLanguage":"en-US"},{"@type":"Organization","@id":"https:\/\/patsid.ee\/#organization","name":"RAP Rastade hooldus","url":"https:\/\/patsid.ee\/","logo":{"@type":"ImageObject","inLanguage":"en-US","@id":"https:\/\/patsid.ee\/#\/schema\/logo\/image\/","url":"https:\/\/patsid.ee\/wp-content\/uploads\/2025\/08\/cropped-5.png","contentUrl":"https:\/\/patsid.ee\/wp-content\/uploads\/2025\/08\/cropped-5.png","width":500,"height":500,"caption":"RAP Rastade hooldus"},"image":{"@id":"https:\/\/patsid.ee\/#\/schema\/logo\/image\/"},"sameAs":["https:\/\/www.facebook.com\/rastadehooldus","https:\/\/www.instagram.com\/raprastadafrodpunutised\/"]}]}},"_links":{"self":[{"href":"https:\/\/patsid.ee\/en\/wp-json\/wp\/v2\/product\/6511","targetHints":{"allow":["GET"]}}],"collection":[{"href":"https:\/\/patsid.ee\/en\/wp-json\/wp\/v2\/product"}],"about":[{"href":"https:\/\/patsid.ee\/en\/wp-json\/wp\/v2\/types\/product"}],"wp:featuredmedia":[{"embeddable":true,"href":"https:\/\/patsid.ee\/en\/wp-json\/wp\/v2\/media\/6512"}],"wp:attachment":[{"href":"https:\/\/patsid.ee\/en\/wp-json\/wp\/v2\/media?parent=6511"}],"wp:term":[{"taxonomy":"product_brand","embeddable":true,"href":"https:\/\/patsid.ee\/en\/wp-json\/wp\/v2\/product_brand?post=6511"},{"taxonomy":"product_cat","embeddable":true,"href":"https:\/\/patsid.ee\/en\/wp-json\/wp\/v2\/product_cat?post=6511"},{"taxonomy":"product_tag","embeddable":true,"href":"https:\/\/patsid.ee\/en\/wp-json\/wp\/v2\/product_tag?post=6511"}],"curies":[{"name":"wp","href":"https:\/\/api.w.org\/{rel}","templated":true}]}}