{"id":6392,"date":"2026-04-10T14:12:34","date_gmt":"2026-04-10T12:12:34","guid":{"rendered":"https:\/\/patsid.ee\/?post_type=product&#038;p=6392"},"modified":"2026-04-10T14:19:00","modified_gmt":"2026-04-10T12:19:00","slug":"afropatsimaterjal-kanekalon-100g","status":"publish","type":"product","link":"https:\/\/patsid.ee\/en\/product\/afropatsimaterjal-kanekalon-100g\/","title":{"rendered":"Afropatsimaterjal kanekalon &#8211; B1 &#8211; 100g"},"content":{"rendered":"<h3 data-start=\"63\" data-end=\"105\"><span role=\"text\"><strong data-start=\"67\" data-end=\"105\">Afropatsimaterjal Kanekalon \u2013 100g<\/strong><\/span><\/h3>\n<p data-start=\"107\" data-end=\"246\">Kanekalon patsimaterjal afropatside ja punutiste tegemiseks. Hea valik nii algajale kui ka tegijale patsipunujale.<\/p>\n<hr data-start=\"248\" data-end=\"251\" \/>\n<h3 data-start=\"253\" data-end=\"270\"><span role=\"text\"><strong data-start=\"257\" data-end=\"270\">Omadused:<\/strong><\/span><\/h3>\n<p data-start=\"272\" data-end=\"396\">\u2714 Kerge ja h\u00e4sti k\u00e4sitletav<br data-start=\"299\" data-end=\"302\" \/>\u2714 P\u00fcsib punutuna vormis<br data-start=\"325\" data-end=\"328\" \/>\u2714 Hea haarduvus punumisel<br data-start=\"353\" data-end=\"356\" \/>\u2714 Sobib erinevate patsitehnikate jaoks<\/p>\n<hr data-start=\"398\" data-end=\"401\" \/>\n<h3 data-start=\"403\" data-end=\"422\"><span role=\"text\"><strong data-start=\"407\" data-end=\"422\">Toote info:<\/strong><\/span><\/h3>\n<ul data-start=\"424\" data-end=\"522\">\n<li data-start=\"424\" data-end=\"451\"><strong data-start=\"426\" data-end=\"439\">Materjal:<\/strong> Kanekalon<\/li>\n<li data-start=\"452\" data-end=\"470\"><strong data-start=\"454\" data-end=\"463\">Kaal:<\/strong> 100g<\/li>\n<li data-start=\"452\" data-end=\"470\"><strong data-start=\"463\" data-end=\"474\">Pikkus:<\/strong> 60 cm<\/li>\n<li data-start=\"471\" data-end=\"522\"><strong data-start=\"473\" data-end=\"485\">Kasutus:<\/strong> Afropatsid, rastapatsid, punutised<\/li>\n<\/ul>\n<hr data-start=\"524\" data-end=\"527\" \/>\n<h3 data-start=\"529\" data-end=\"543\"><span role=\"text\"><strong data-start=\"533\" data-end=\"543\">Kogus:<\/strong><\/span><\/h3>\n<p data-start=\"545\" data-end=\"599\">Terve pea jaoks arvestada:<br data-start=\"574\" data-end=\"577\" \/>umbes 400g \u2013 600g<\/p>","protected":false},"excerpt":{"rendered":"<p data-start=\"75\" data-end=\"262\">Kanekalon patsimaterjal afropatside ja punutiste tegemiseks. Kerge, h\u00e4sti k\u00e4sitletav ja p\u00fcsib punutuna vormis. Sobib nii algajale kui ka tegijale patsipunujale. Pikkus 60 cm, 100g pakk.<\/p>\n<p data-start=\"264\" data-end=\"308\" data-is-last-node=\"\" data-is-only-node=\"\">Terve pea jaoks arvestada umbes 400g \u2013 600g.<\/p>","protected":false},"featured_media":6400,"template":"","meta":{"site-sidebar-layout":"default","site-content-layout":"","ast-site-content-layout":"default","site-content-style":"default","site-sidebar-style":"default","ast-global-header-display":"","ast-banner-title-visibility":"","ast-main-header-display":"","ast-hfb-above-header-display":"","ast-hfb-below-header-display":"","ast-hfb-mobile-header-display":"","site-post-title":"","ast-breadcrumbs-content":"","ast-featured-img":"","footer-sml-layout":"","ast-disable-related-posts":"","theme-transparent-header-meta":"default","adv-header-id-meta":"","stick-header-meta":"","header-above-stick-meta":"","header-main-stick-meta":"","header-below-stick-meta":"","astra-migrate-meta-layouts":"set","ast-page-background-enabled":"default","ast-page-background-meta":{"desktop":{"background-color":"","background-image":"","background-repeat":"repeat","background-position":"center center","background-size":"auto","background-attachment":"scroll","background-type":"","background-media":"","overlay-type":"","overlay-color":"","overlay-opacity":"","overlay-gradient":""},"tablet":{"background-color":"","background-image":"","background-repeat":"repeat","background-position":"center center","background-size":"auto","background-attachment":"scroll","background-type":"","background-media":"","overlay-type":"","overlay-color":"","overlay-opacity":"","overlay-gradient":""},"mobile":{"background-color":"","background-image":"","background-repeat":"repeat","background-position":"center center","background-size":"auto","background-attachment":"scroll","background-type":"","background-media":"","overlay-type":"","overlay-color":"","overlay-opacity":"","overlay-gradient":""}},"ast-content-background-meta":{"desktop":{"background-color":"var(--ast-global-color-5)","background-image":"","background-repeat":"repeat","background-position":"center center","background-size":"auto","background-attachment":"scroll","background-type":"","background-media":"","overlay-type":"","overlay-color":"","overlay-opacity":"","overlay-gradient":""},"tablet":{"background-color":"var(--ast-global-color-5)","background-image":"","background-repeat":"repeat","background-position":"center center","background-size":"auto","background-attachment":"scroll","background-type":"","background-media":"","overlay-type":"","overlay-color":"","overlay-opacity":"","overlay-gradient":""},"mobile":{"background-color":"var(--ast-global-color-5)","background-image":"","background-repeat":"repeat","background-position":"center center","background-size":"auto","background-attachment":"scroll","background-type":"","background-media":"","overlay-type":"","overlay-color":"","overlay-opacity":"","overlay-gradient":""}},"iawp_total_views":0},"product_brand":[],"product_cat":[57,50],"product_tag":[],"class_list":{"0":"post-6392","1":"product","2":"type-product","3":"status-publish","4":"has-post-thumbnail","6":"product_cat-afropatsimaterjal-kanekalon","7":"product_cat-patsimaterjal","8":"desktop-align-left","9":"tablet-align-left","10":"mobile-align-left","12":"first","13":"instock","14":"sale","15":"purchasable","16":"product-type-simple"},"yoast_head":"<!-- This site is optimized with the Yoast SEO plugin v27.3 - https:\/\/yoast.com\/product\/yoast-seo-wordpress\/ -->\n<title>Afropatsimaterjal kanekalon - B1 - 100g | patsid.ee<\/title>\n<meta name=\"description\" content=\"Kvaliteetne kanekalon patsimaterjal afropatside ja punutiste tegemiseks. Kerge, h\u00e4sti k\u00e4sitletav ja p\u00fcsib vormis. Sobib nii algajale kui ka tegijale.\" \/>\n<meta name=\"robots\" content=\"index, follow, max-snippet:-1, max-image-preview:large, max-video-preview:-1\" \/>\n<link rel=\"canonical\" href=\"https:\/\/patsid.ee\/en\/product\/afropatsimaterjal-kanekalon-100g\/\" \/>\n<meta property=\"og:locale\" content=\"en_US\" \/>\n<meta property=\"og:type\" content=\"article\" \/>\n<meta property=\"og:title\" content=\"Afropatsimaterjal kanekalon - B1 - 100g | patsid.ee\" \/>\n<meta property=\"og:description\" content=\"Kvaliteetne kanekalon patsimaterjal afropatside ja punutiste tegemiseks. Kerge, h\u00e4sti k\u00e4sitletav ja p\u00fcsib vormis. Sobib nii algajale kui ka tegijale.\" \/>\n<meta property=\"og:url\" content=\"https:\/\/patsid.ee\/en\/product\/afropatsimaterjal-kanekalon-100g\/\" \/>\n<meta property=\"og:site_name\" content=\"patsid.ee\" \/>\n<meta property=\"article:publisher\" content=\"https:\/\/www.facebook.com\/rastadehooldus\" \/>\n<meta property=\"article:modified_time\" content=\"2026-04-10T12:19:00+00:00\" \/>\n<meta property=\"og:image\" content=\"https:\/\/patsid.ee\/wp-content\/uploads\/2024\/01\/409531071_307039085631456_5918846746954858531_n.jpg\" \/>\n\t<meta property=\"og:image:width\" content=\"1536\" \/>\n\t<meta property=\"og:image:height\" content=\"2048\" \/>\n\t<meta property=\"og:image:type\" content=\"image\/jpeg\" \/>\n<meta name=\"twitter:card\" content=\"summary_large_image\" \/>\n<meta name=\"twitter:label1\" content=\"Est. reading time\" \/>\n\t<meta name=\"twitter:data1\" content=\"1 minute\" \/>\n<script type=\"application\/ld+json\" class=\"yoast-schema-graph\">{\"@context\":\"https:\\\/\\\/schema.org\",\"@graph\":[{\"@type\":\"WebPage\",\"@id\":\"https:\\\/\\\/patsid.ee\\\/product\\\/afropatsimaterjal-kanekalon-100g\\\/\",\"url\":\"https:\\\/\\\/patsid.ee\\\/product\\\/afropatsimaterjal-kanekalon-100g\\\/\",\"name\":\"Afropatsimaterjal kanekalon - B1 - 100g | patsid.ee\",\"isPartOf\":{\"@id\":\"https:\\\/\\\/patsid.ee\\\/#website\"},\"primaryImageOfPage\":{\"@id\":\"https:\\\/\\\/patsid.ee\\\/product\\\/afropatsimaterjal-kanekalon-100g\\\/#primaryimage\"},\"image\":{\"@id\":\"https:\\\/\\\/patsid.ee\\\/product\\\/afropatsimaterjal-kanekalon-100g\\\/#primaryimage\"},\"thumbnailUrl\":\"https:\\\/\\\/patsid.ee\\\/wp-content\\\/uploads\\\/2026\\\/04\\\/KKB1.avif\",\"datePublished\":\"2026-04-10T12:12:34+00:00\",\"dateModified\":\"2026-04-10T12:19:00+00:00\",\"description\":\"Kvaliteetne kanekalon patsimaterjal afropatside ja punutiste tegemiseks. Kerge, h\u00e4sti k\u00e4sitletav ja p\u00fcsib vormis. Sobib nii algajale kui ka tegijale.\",\"breadcrumb\":{\"@id\":\"https:\\\/\\\/patsid.ee\\\/product\\\/afropatsimaterjal-kanekalon-100g\\\/#breadcrumb\"},\"inLanguage\":\"en-US\",\"potentialAction\":[{\"@type\":\"ReadAction\",\"target\":[\"https:\\\/\\\/patsid.ee\\\/product\\\/afropatsimaterjal-kanekalon-100g\\\/\"]}]},{\"@type\":\"ImageObject\",\"inLanguage\":\"en-US\",\"@id\":\"https:\\\/\\\/patsid.ee\\\/product\\\/afropatsimaterjal-kanekalon-100g\\\/#primaryimage\",\"url\":\"https:\\\/\\\/patsid.ee\\\/wp-content\\\/uploads\\\/2026\\\/04\\\/KKB1.avif\",\"contentUrl\":\"https:\\\/\\\/patsid.ee\\\/wp-content\\\/uploads\\\/2026\\\/04\\\/KKB1.avif\",\"width\":800,\"height\":800,\"caption\":\"Afropatsimaterjal kanekalon 100g 60 cm punutiste jaoks\"},{\"@type\":\"BreadcrumbList\",\"@id\":\"https:\\\/\\\/patsid.ee\\\/product\\\/afropatsimaterjal-kanekalon-100g\\\/#breadcrumb\",\"itemListElement\":[{\"@type\":\"ListItem\",\"position\":1,\"name\":\"Home\",\"item\":\"https:\\\/\\\/patsid.ee\\\/\"},{\"@type\":\"ListItem\",\"position\":2,\"name\":\"Afropatsimaterjal kanekalon &#8211; B1 &#8211; 100g\"}]},{\"@type\":\"WebSite\",\"@id\":\"https:\\\/\\\/patsid.ee\\\/#website\",\"url\":\"https:\\\/\\\/patsid.ee\\\/\",\"name\":\"RAP Rastade hooldus\",\"description\":\"Afropatsid, lokipatsid ja rastapatsid \u2014 teenused, kursused ja e-pood\",\"publisher\":{\"@id\":\"https:\\\/\\\/patsid.ee\\\/#organization\"},\"potentialAction\":[{\"@type\":\"SearchAction\",\"target\":{\"@type\":\"EntryPoint\",\"urlTemplate\":\"https:\\\/\\\/patsid.ee\\\/?s={search_term_string}\"},\"query-input\":{\"@type\":\"PropertyValueSpecification\",\"valueRequired\":true,\"valueName\":\"search_term_string\"}}],\"inLanguage\":\"en-US\"},{\"@type\":\"Organization\",\"@id\":\"https:\\\/\\\/patsid.ee\\\/#organization\",\"name\":\"RAP Rastade hooldus\",\"url\":\"https:\\\/\\\/patsid.ee\\\/\",\"logo\":{\"@type\":\"ImageObject\",\"inLanguage\":\"en-US\",\"@id\":\"https:\\\/\\\/patsid.ee\\\/#\\\/schema\\\/logo\\\/image\\\/\",\"url\":\"https:\\\/\\\/patsid.ee\\\/wp-content\\\/uploads\\\/2025\\\/08\\\/cropped-5.png\",\"contentUrl\":\"https:\\\/\\\/patsid.ee\\\/wp-content\\\/uploads\\\/2025\\\/08\\\/cropped-5.png\",\"width\":500,\"height\":500,\"caption\":\"RAP Rastade hooldus\"},\"image\":{\"@id\":\"https:\\\/\\\/patsid.ee\\\/#\\\/schema\\\/logo\\\/image\\\/\"},\"sameAs\":[\"https:\\\/\\\/www.facebook.com\\\/rastadehooldus\",\"https:\\\/\\\/www.instagram.com\\\/raprastadafrodpunutised\\\/\"]}]}<\/script>\n<!-- \/ Yoast SEO plugin. -->","yoast_head_json":{"title":"Afropatsimaterjal kanekalon - B1 - 100g | patsid.ee","description":"Kvaliteetne kanekalon patsimaterjal afropatside ja punutiste tegemiseks. Kerge, h\u00e4sti k\u00e4sitletav ja p\u00fcsib vormis. Sobib nii algajale kui ka tegijale.","robots":{"index":"index","follow":"follow","max-snippet":"max-snippet:-1","max-image-preview":"max-image-preview:large","max-video-preview":"max-video-preview:-1"},"canonical":"https:\/\/patsid.ee\/en\/product\/afropatsimaterjal-kanekalon-100g\/","og_locale":"en_US","og_type":"article","og_title":"Afropatsimaterjal kanekalon - B1 - 100g | patsid.ee","og_description":"Kvaliteetne kanekalon patsimaterjal afropatside ja punutiste tegemiseks. Kerge, h\u00e4sti k\u00e4sitletav ja p\u00fcsib vormis. Sobib nii algajale kui ka tegijale.","og_url":"https:\/\/patsid.ee\/en\/product\/afropatsimaterjal-kanekalon-100g\/","og_site_name":"patsid.ee","article_publisher":"https:\/\/www.facebook.com\/rastadehooldus","article_modified_time":"2026-04-10T12:19:00+00:00","og_image":[{"width":1536,"height":2048,"url":"https:\/\/patsid.ee\/wp-content\/uploads\/2024\/01\/409531071_307039085631456_5918846746954858531_n.jpg","type":"image\/jpeg"}],"twitter_card":"summary_large_image","twitter_misc":{"Est. reading time":"1 minute"},"schema":{"@context":"https:\/\/schema.org","@graph":[{"@type":"WebPage","@id":"https:\/\/patsid.ee\/product\/afropatsimaterjal-kanekalon-100g\/","url":"https:\/\/patsid.ee\/product\/afropatsimaterjal-kanekalon-100g\/","name":"Afropatsimaterjal kanekalon - B1 - 100g | patsid.ee","isPartOf":{"@id":"https:\/\/patsid.ee\/#website"},"primaryImageOfPage":{"@id":"https:\/\/patsid.ee\/product\/afropatsimaterjal-kanekalon-100g\/#primaryimage"},"image":{"@id":"https:\/\/patsid.ee\/product\/afropatsimaterjal-kanekalon-100g\/#primaryimage"},"thumbnailUrl":"https:\/\/patsid.ee\/wp-content\/uploads\/2026\/04\/KKB1.avif","datePublished":"2026-04-10T12:12:34+00:00","dateModified":"2026-04-10T12:19:00+00:00","description":"Kvaliteetne kanekalon patsimaterjal afropatside ja punutiste tegemiseks. Kerge, h\u00e4sti k\u00e4sitletav ja p\u00fcsib vormis. Sobib nii algajale kui ka tegijale.","breadcrumb":{"@id":"https:\/\/patsid.ee\/product\/afropatsimaterjal-kanekalon-100g\/#breadcrumb"},"inLanguage":"en-US","potentialAction":[{"@type":"ReadAction","target":["https:\/\/patsid.ee\/product\/afropatsimaterjal-kanekalon-100g\/"]}]},{"@type":"ImageObject","inLanguage":"en-US","@id":"https:\/\/patsid.ee\/product\/afropatsimaterjal-kanekalon-100g\/#primaryimage","url":"https:\/\/patsid.ee\/wp-content\/uploads\/2026\/04\/KKB1.avif","contentUrl":"https:\/\/patsid.ee\/wp-content\/uploads\/2026\/04\/KKB1.avif","width":800,"height":800,"caption":"Afropatsimaterjal kanekalon 100g 60 cm punutiste jaoks"},{"@type":"BreadcrumbList","@id":"https:\/\/patsid.ee\/product\/afropatsimaterjal-kanekalon-100g\/#breadcrumb","itemListElement":[{"@type":"ListItem","position":1,"name":"Home","item":"https:\/\/patsid.ee\/"},{"@type":"ListItem","position":2,"name":"Afropatsimaterjal kanekalon &#8211; B1 &#8211; 100g"}]},{"@type":"WebSite","@id":"https:\/\/patsid.ee\/#website","url":"https:\/\/patsid.ee\/","name":"RAP Rastade hooldus","description":"Afropatsid, lokipatsid ja rastapatsid \u2014 teenused, kursused ja e-pood","publisher":{"@id":"https:\/\/patsid.ee\/#organization"},"potentialAction":[{"@type":"SearchAction","target":{"@type":"EntryPoint","urlTemplate":"https:\/\/patsid.ee\/?s={search_term_string}"},"query-input":{"@type":"PropertyValueSpecification","valueRequired":true,"valueName":"search_term_string"}}],"inLanguage":"en-US"},{"@type":"Organization","@id":"https:\/\/patsid.ee\/#organization","name":"RAP Rastade hooldus","url":"https:\/\/patsid.ee\/","logo":{"@type":"ImageObject","inLanguage":"en-US","@id":"https:\/\/patsid.ee\/#\/schema\/logo\/image\/","url":"https:\/\/patsid.ee\/wp-content\/uploads\/2025\/08\/cropped-5.png","contentUrl":"https:\/\/patsid.ee\/wp-content\/uploads\/2025\/08\/cropped-5.png","width":500,"height":500,"caption":"RAP Rastade hooldus"},"image":{"@id":"https:\/\/patsid.ee\/#\/schema\/logo\/image\/"},"sameAs":["https:\/\/www.facebook.com\/rastadehooldus","https:\/\/www.instagram.com\/raprastadafrodpunutised\/"]}]}},"_links":{"self":[{"href":"https:\/\/patsid.ee\/en\/wp-json\/wp\/v2\/product\/6392","targetHints":{"allow":["GET"]}}],"collection":[{"href":"https:\/\/patsid.ee\/en\/wp-json\/wp\/v2\/product"}],"about":[{"href":"https:\/\/patsid.ee\/en\/wp-json\/wp\/v2\/types\/product"}],"wp:featuredmedia":[{"embeddable":true,"href":"https:\/\/patsid.ee\/en\/wp-json\/wp\/v2\/media\/6400"}],"wp:attachment":[{"href":"https:\/\/patsid.ee\/en\/wp-json\/wp\/v2\/media?parent=6392"}],"wp:term":[{"taxonomy":"product_brand","embeddable":true,"href":"https:\/\/patsid.ee\/en\/wp-json\/wp\/v2\/product_brand?post=6392"},{"taxonomy":"product_cat","embeddable":true,"href":"https:\/\/patsid.ee\/en\/wp-json\/wp\/v2\/product_cat?post=6392"},{"taxonomy":"product_tag","embeddable":true,"href":"https:\/\/patsid.ee\/en\/wp-json\/wp\/v2\/product_tag?post=6392"}],"curies":[{"name":"wp","href":"https:\/\/api.w.org\/{rel}","templated":true}]}}