{"id":5037,"date":"2026-03-07T19:58:31","date_gmt":"2026-03-07T17:58:31","guid":{"rendered":"https:\/\/patsid.ee\/?post_type=product&#038;p=5037"},"modified":"2026-03-07T20:05:59","modified_gmt":"2026-03-07T18:05:59","slug":"niisutav-sampoon","status":"publish","type":"product","link":"https:\/\/patsid.ee\/en\/product\/niisutav-sampoon\/","title":{"rendered":"Hydrating shampoo"},"content":{"rendered":"<p>RAW ROOTs Orgaaniline niisutav \u0161ampoon on valmistatud taimeekstraktidest, mis taastavad rastapatside ja peanaha loomuliku niiskustasakaalu. See leevendab ebamugavustunnet ja ketendamist ning aitab peanaha s\u00fcgeluse vastu.<br \/>\nSee h\u00e4mmastav niisutav \u0161ampoon taaselustab kuiva ketendava peanaha ja j\u00e4tab juuksed kergeks, tugevdatuks, \u00fclipehmeks ja v\u00e4ga meeldivalt l\u00f5hnavaks. \u0160ampoon on vegan ning p\u00f5hineb taimeekstraktidel, mis s\u00e4ilitavad naha loomulikke rasvu ja hooldavad juukseid.<br \/>\nSee \u0161ampoon on sulfaadivaba, j\u00e4\u00e4givaba ning \u00f5rn nahale ja peanahale. Soovitatav \u00f5hukestele juustele ja seda saab kasutada peanaha probleemide korral, nagu ketendav nahk, kuiv nahk, \u00e4rritus ja s\u00fcgelus.<\/p>\n<ul>\n<li>Lightweight and residue-free, leaving the scalp and dreadlocks refreshed, hydrated, and clean.<\/li>\n<li>Relieves itching and dryness, promoting scalp comfort and health.<\/li>\n<li>Sulfaadivaba ja v\u00e4ga \u00f5rn teie nahale ja peanahale, pH v\u00e4\u00e4rtusega 4,5Niisutava \u0161ampooni aktiivsed koostisosad aitavad tervendada teie juukseid ja peanahka H\u00fcdrol\u00fc\u00fcsitud maisi- ja peediekstrakt annab loomuliku vajaliku niiskustaseme ja kaitseb juuste v\u00e4rvi tuhmumise eest.<br \/>\nOrgaaniline raudrohi, kummel, lavendel ja saialill rahustavad, ravivad ja leevendavad peanaha ebamugavustunnet ja s\u00fcgelust. Niisutavas \u0161ampoonis on kurereha, lavendli, rosmariini ja eukal\u00fcpti orgaaniliste eeterlike \u00f5lide v\u00e4rsked ja puhtad l\u00f5hnad. Teie juuksed on r\u00f5\u00f5msamad kui kunagi varem. Niisutava \u0161ampooni pH on 4,5 ja normaalse peanaha pH v\u00e4\u00e4rtus on umbes 5,5 ja juuste enda pH v\u00e4\u00e4rtus on umbes 3,6, nii et see aitab tasakaalustada peanahka ning hoida juuksed\/ patsid terved ja l\u00e4ikivad.Meie niisutav \u0161ampoon on t\u00e4ielikult sulfaadi- ja j\u00e4\u00e4givaba. Asjaolu, et see on j\u00e4\u00e4givaba, t\u00e4hendab, et see ei sisalda ebaloomulikke pehmendavaid koostisosi nagu silikoon. Niisutav \u0161ampoon on lisaks sulfaadivaba, mis t\u00e4hendab, et see ei sisalda sulfaate. Selle asemel s\u00e4ilitab see niisutav \u0161ampoon teie juuste loomuliku niiskuse, muutes need pehmeks ja tugevamaks.<\/li>\n<\/ul>","protected":false},"excerpt":{"rendered":"<div class=\"elementor-element elementor-element-32df6091 elementor-hidden-mobile elementor-widget elementor-widget-text-editor\" data-id=\"32df6091\" data-element_type=\"widget\" data-e-type=\"widget\" data-widget_type=\"text-editor.default\">\n<div class=\"elementor-widget-container\">RAW ROOTs Orgaaniline niisutav \u0161ampoon on valmistatud taimeekstraktidest, mis taastavad rastapatside ja peanaha loomuliku niiskustasakaalu. See leevendab ebamugavustunnet ja ketendamist ning aitab peanaha s\u00fcgeluse vastu. See h\u00e4mmastav niisutav \u0161ampoon taaselustab kuiva ketendava peanaha ja j\u00e4tab juuksed kergeks, tugevdatuks, \u00fclipehmeks ja v\u00e4ga meeldivalt l\u00f5hnavaks. \u0160ampoon on vegan ning p\u00f5hineb taimeekstraktidel, mis s\u00e4ilitavad naha loomulikke rasvu ja hooldavad juukseid. See \u0161ampoon on sulfaadivaba, j\u00e4\u00e4givaba ning \u00f5rn nahale ja peanahale. Soovitatav \u00f5hukestele juustele ja seda saab kasutada peanaha probleemide korral, nagu ketendav nahk, kuiv nahk, \u00e4rritus ja s\u00fcgelus.<\/div>\n<\/div>","protected":false},"featured_media":5038,"template":"","meta":{"site-sidebar-layout":"default","site-content-layout":"","ast-site-content-layout":"default","site-content-style":"default","site-sidebar-style":"default","ast-global-header-display":"","ast-banner-title-visibility":"","ast-main-header-display":"","ast-hfb-above-header-display":"","ast-hfb-below-header-display":"","ast-hfb-mobile-header-display":"","site-post-title":"","ast-breadcrumbs-content":"","ast-featured-img":"","footer-sml-layout":"","ast-disable-related-posts":"","theme-transparent-header-meta":"default","adv-header-id-meta":"","stick-header-meta":"","header-above-stick-meta":"","header-main-stick-meta":"","header-below-stick-meta":"","astra-migrate-meta-layouts":"set","ast-page-background-enabled":"default","ast-page-background-meta":{"desktop":{"background-color":"","background-image":"","background-repeat":"repeat","background-position":"center center","background-size":"auto","background-attachment":"scroll","background-type":"","background-media":"","overlay-type":"","overlay-color":"","overlay-opacity":"","overlay-gradient":""},"tablet":{"background-color":"","background-image":"","background-repeat":"repeat","background-position":"center center","background-size":"auto","background-attachment":"scroll","background-type":"","background-media":"","overlay-type":"","overlay-color":"","overlay-opacity":"","overlay-gradient":""},"mobile":{"background-color":"","background-image":"","background-repeat":"repeat","background-position":"center center","background-size":"auto","background-attachment":"scroll","background-type":"","background-media":"","overlay-type":"","overlay-color":"","overlay-opacity":"","overlay-gradient":""}},"ast-content-background-meta":{"desktop":{"background-color":"var(--ast-global-color-5)","background-image":"","background-repeat":"repeat","background-position":"center center","background-size":"auto","background-attachment":"scroll","background-type":"","background-media":"","overlay-type":"","overlay-color":"","overlay-opacity":"","overlay-gradient":""},"tablet":{"background-color":"var(--ast-global-color-5)","background-image":"","background-repeat":"repeat","background-position":"center center","background-size":"auto","background-attachment":"scroll","background-type":"","background-media":"","overlay-type":"","overlay-color":"","overlay-opacity":"","overlay-gradient":""},"mobile":{"background-color":"var(--ast-global-color-5)","background-image":"","background-repeat":"repeat","background-position":"center center","background-size":"auto","background-attachment":"scroll","background-type":"","background-media":"","overlay-type":"","overlay-color":"","overlay-opacity":"","overlay-gradient":""}},"iawp_total_views":6},"product_brand":[],"product_cat":[54],"product_tag":[],"class_list":{"0":"post-5037","1":"product","2":"type-product","3":"status-publish","4":"has-post-thumbnail","6":"product_cat-rawroots-patsihooldustooted","7":"desktop-align-left","8":"tablet-align-left","9":"mobile-align-left","11":"first","12":"instock","13":"taxable","14":"shipping-taxable","15":"purchasable","16":"product-type-simple"},"yoast_head":"<!-- This site is optimized with the Yoast SEO plugin v27.4 - https:\/\/yoast.com\/product\/yoast-seo-wordpress\/ -->\n<title>Niisutav \u0161ampoon | patsid.ee<\/title>\n<meta name=\"robots\" content=\"index, follow, max-snippet:-1, max-image-preview:large, max-video-preview:-1\" \/>\n<link rel=\"canonical\" href=\"https:\/\/patsid.ee\/en\/product\/niisutav-sampoon\/\" \/>\n<meta property=\"og:locale\" content=\"en_US\" \/>\n<meta property=\"og:type\" content=\"article\" \/>\n<meta property=\"og:title\" content=\"Niisutav \u0161ampoon | patsid.ee\" \/>\n<meta property=\"og:description\" content=\"RAW ROOTs Orgaaniline niisutav \u0161ampoon on valmistatud taimeekstraktidest, mis taastavad rastapatside ja peanaha loomuliku niiskustasakaalu. See leevendab ebamugavustunnet ja ketendamist ning aitab peanaha s\u00fcgeluse vastu. See h\u00e4mmastav niisutav \u0161ampoon taaselustab kuiva ketendava peanaha ja j\u00e4tab juuksed kergeks, tugevdatuks, \u00fclipehmeks ja v\u00e4ga meeldivalt l\u00f5hnavaks. \u0160ampoon on vegan ning p\u00f5hineb taimeekstraktidel, mis s\u00e4ilitavad naha loomulikke rasvu ja hooldavad juukseid. See \u0161ampoon on sulfaadivaba, j\u00e4\u00e4givaba ning \u00f5rn nahale ja peanahale. Soovitatav \u00f5hukestele juustele ja seda saab kasutada peanaha probleemide korral, nagu ketendav nahk, kuiv nahk, \u00e4rritus ja s\u00fcgelus.\" \/>\n<meta property=\"og:url\" content=\"https:\/\/patsid.ee\/en\/product\/niisutav-sampoon\/\" \/>\n<meta property=\"og:site_name\" content=\"patsid.ee\" \/>\n<meta property=\"article:publisher\" content=\"https:\/\/www.facebook.com\/rastadehooldus\" \/>\n<meta property=\"article:modified_time\" content=\"2026-03-07T18:05:59+00:00\" \/>\n<meta property=\"og:image\" content=\"https:\/\/patsid.ee\/wp-content\/uploads\/2026\/03\/IMG_0706.jpg\" \/>\n\t<meta property=\"og:image:width\" content=\"2048\" \/>\n\t<meta property=\"og:image:height\" content=\"2048\" \/>\n\t<meta property=\"og:image:type\" content=\"image\/jpeg\" \/>\n<meta name=\"twitter:card\" content=\"summary_large_image\" \/>\n<meta name=\"twitter:label1\" content=\"Est. reading time\" \/>\n\t<meta name=\"twitter:data1\" content=\"2 minutes\" \/>\n<script type=\"application\/ld+json\" class=\"yoast-schema-graph\">{\"@context\":\"https:\\\/\\\/schema.org\",\"@graph\":[{\"@type\":\"WebPage\",\"@id\":\"https:\\\/\\\/patsid.ee\\\/product\\\/niisutav-sampoon\\\/\",\"url\":\"https:\\\/\\\/patsid.ee\\\/product\\\/niisutav-sampoon\\\/\",\"name\":\"Niisutav \u0161ampoon | patsid.ee\",\"isPartOf\":{\"@id\":\"https:\\\/\\\/patsid.ee\\\/#website\"},\"primaryImageOfPage\":{\"@id\":\"https:\\\/\\\/patsid.ee\\\/product\\\/niisutav-sampoon\\\/#primaryimage\"},\"image\":{\"@id\":\"https:\\\/\\\/patsid.ee\\\/product\\\/niisutav-sampoon\\\/#primaryimage\"},\"thumbnailUrl\":\"https:\\\/\\\/patsid.ee\\\/wp-content\\\/uploads\\\/2026\\\/03\\\/IMG_0706.jpg\",\"datePublished\":\"2026-03-07T17:58:31+00:00\",\"dateModified\":\"2026-03-07T18:05:59+00:00\",\"breadcrumb\":{\"@id\":\"https:\\\/\\\/patsid.ee\\\/product\\\/niisutav-sampoon\\\/#breadcrumb\"},\"inLanguage\":\"en-US\",\"potentialAction\":[{\"@type\":\"ReadAction\",\"target\":[\"https:\\\/\\\/patsid.ee\\\/product\\\/niisutav-sampoon\\\/\"]}]},{\"@type\":\"ImageObject\",\"inLanguage\":\"en-US\",\"@id\":\"https:\\\/\\\/patsid.ee\\\/product\\\/niisutav-sampoon\\\/#primaryimage\",\"url\":\"https:\\\/\\\/patsid.ee\\\/wp-content\\\/uploads\\\/2026\\\/03\\\/IMG_0706.jpg\",\"contentUrl\":\"https:\\\/\\\/patsid.ee\\\/wp-content\\\/uploads\\\/2026\\\/03\\\/IMG_0706.jpg\",\"width\":2048,\"height\":2048,\"caption\":\"RawRoots niisutav \u0161ampoon\"},{\"@type\":\"BreadcrumbList\",\"@id\":\"https:\\\/\\\/patsid.ee\\\/product\\\/niisutav-sampoon\\\/#breadcrumb\",\"itemListElement\":[{\"@type\":\"ListItem\",\"position\":1,\"name\":\"Home\",\"item\":\"https:\\\/\\\/patsid.ee\\\/\"},{\"@type\":\"ListItem\",\"position\":2,\"name\":\"Niisutav \u0161ampoon\"}]},{\"@type\":\"WebSite\",\"@id\":\"https:\\\/\\\/patsid.ee\\\/#website\",\"url\":\"https:\\\/\\\/patsid.ee\\\/\",\"name\":\"RAP Rastade hooldus\",\"description\":\"Afropatsid, lokipatsid ja rastapatsid \u2014 teenused, kursused ja e-pood\",\"publisher\":{\"@id\":\"https:\\\/\\\/patsid.ee\\\/#organization\"},\"potentialAction\":[{\"@type\":\"SearchAction\",\"target\":{\"@type\":\"EntryPoint\",\"urlTemplate\":\"https:\\\/\\\/patsid.ee\\\/?s={search_term_string}\"},\"query-input\":{\"@type\":\"PropertyValueSpecification\",\"valueRequired\":true,\"valueName\":\"search_term_string\"}}],\"inLanguage\":\"en-US\"},{\"@type\":\"Organization\",\"@id\":\"https:\\\/\\\/patsid.ee\\\/#organization\",\"name\":\"RAP Rastade hooldus\",\"url\":\"https:\\\/\\\/patsid.ee\\\/\",\"logo\":{\"@type\":\"ImageObject\",\"inLanguage\":\"en-US\",\"@id\":\"https:\\\/\\\/patsid.ee\\\/#\\\/schema\\\/logo\\\/image\\\/\",\"url\":\"https:\\\/\\\/patsid.ee\\\/wp-content\\\/uploads\\\/2025\\\/08\\\/cropped-5.png\",\"contentUrl\":\"https:\\\/\\\/patsid.ee\\\/wp-content\\\/uploads\\\/2025\\\/08\\\/cropped-5.png\",\"width\":500,\"height\":500,\"caption\":\"RAP Rastade hooldus\"},\"image\":{\"@id\":\"https:\\\/\\\/patsid.ee\\\/#\\\/schema\\\/logo\\\/image\\\/\"},\"sameAs\":[\"https:\\\/\\\/www.facebook.com\\\/rastadehooldus\",\"https:\\\/\\\/www.instagram.com\\\/raprastadafrodpunutised\\\/\"]}]}<\/script>\n<!-- \/ Yoast SEO plugin. -->","yoast_head_json":{"title":"Niisutav \u0161ampoon | patsid.ee","robots":{"index":"index","follow":"follow","max-snippet":"max-snippet:-1","max-image-preview":"max-image-preview:large","max-video-preview":"max-video-preview:-1"},"canonical":"https:\/\/patsid.ee\/en\/product\/niisutav-sampoon\/","og_locale":"en_US","og_type":"article","og_title":"Niisutav \u0161ampoon | patsid.ee","og_description":"RAW ROOTs Orgaaniline niisutav \u0161ampoon on valmistatud taimeekstraktidest, mis taastavad rastapatside ja peanaha loomuliku niiskustasakaalu. See leevendab ebamugavustunnet ja ketendamist ning aitab peanaha s\u00fcgeluse vastu. See h\u00e4mmastav niisutav \u0161ampoon taaselustab kuiva ketendava peanaha ja j\u00e4tab juuksed kergeks, tugevdatuks, \u00fclipehmeks ja v\u00e4ga meeldivalt l\u00f5hnavaks. \u0160ampoon on vegan ning p\u00f5hineb taimeekstraktidel, mis s\u00e4ilitavad naha loomulikke rasvu ja hooldavad juukseid. See \u0161ampoon on sulfaadivaba, j\u00e4\u00e4givaba ning \u00f5rn nahale ja peanahale. Soovitatav \u00f5hukestele juustele ja seda saab kasutada peanaha probleemide korral, nagu ketendav nahk, kuiv nahk, \u00e4rritus ja s\u00fcgelus.","og_url":"https:\/\/patsid.ee\/en\/product\/niisutav-sampoon\/","og_site_name":"patsid.ee","article_publisher":"https:\/\/www.facebook.com\/rastadehooldus","article_modified_time":"2026-03-07T18:05:59+00:00","og_image":[{"width":2048,"height":2048,"url":"https:\/\/patsid.ee\/wp-content\/uploads\/2026\/03\/IMG_0706.jpg","type":"image\/jpeg"}],"twitter_card":"summary_large_image","twitter_misc":{"Est. reading time":"2 minutes"},"schema":{"@context":"https:\/\/schema.org","@graph":[{"@type":"WebPage","@id":"https:\/\/patsid.ee\/product\/niisutav-sampoon\/","url":"https:\/\/patsid.ee\/product\/niisutav-sampoon\/","name":"Niisutav \u0161ampoon | patsid.ee","isPartOf":{"@id":"https:\/\/patsid.ee\/#website"},"primaryImageOfPage":{"@id":"https:\/\/patsid.ee\/product\/niisutav-sampoon\/#primaryimage"},"image":{"@id":"https:\/\/patsid.ee\/product\/niisutav-sampoon\/#primaryimage"},"thumbnailUrl":"https:\/\/patsid.ee\/wp-content\/uploads\/2026\/03\/IMG_0706.jpg","datePublished":"2026-03-07T17:58:31+00:00","dateModified":"2026-03-07T18:05:59+00:00","breadcrumb":{"@id":"https:\/\/patsid.ee\/product\/niisutav-sampoon\/#breadcrumb"},"inLanguage":"en-US","potentialAction":[{"@type":"ReadAction","target":["https:\/\/patsid.ee\/product\/niisutav-sampoon\/"]}]},{"@type":"ImageObject","inLanguage":"en-US","@id":"https:\/\/patsid.ee\/product\/niisutav-sampoon\/#primaryimage","url":"https:\/\/patsid.ee\/wp-content\/uploads\/2026\/03\/IMG_0706.jpg","contentUrl":"https:\/\/patsid.ee\/wp-content\/uploads\/2026\/03\/IMG_0706.jpg","width":2048,"height":2048,"caption":"RawRoots niisutav \u0161ampoon"},{"@type":"BreadcrumbList","@id":"https:\/\/patsid.ee\/product\/niisutav-sampoon\/#breadcrumb","itemListElement":[{"@type":"ListItem","position":1,"name":"Home","item":"https:\/\/patsid.ee\/"},{"@type":"ListItem","position":2,"name":"Niisutav \u0161ampoon"}]},{"@type":"WebSite","@id":"https:\/\/patsid.ee\/#website","url":"https:\/\/patsid.ee\/","name":"RAP Rastade hooldus","description":"Afropatsid, lokipatsid ja rastapatsid \u2014 teenused, kursused ja e-pood","publisher":{"@id":"https:\/\/patsid.ee\/#organization"},"potentialAction":[{"@type":"SearchAction","target":{"@type":"EntryPoint","urlTemplate":"https:\/\/patsid.ee\/?s={search_term_string}"},"query-input":{"@type":"PropertyValueSpecification","valueRequired":true,"valueName":"search_term_string"}}],"inLanguage":"en-US"},{"@type":"Organization","@id":"https:\/\/patsid.ee\/#organization","name":"RAP Rastade hooldus","url":"https:\/\/patsid.ee\/","logo":{"@type":"ImageObject","inLanguage":"en-US","@id":"https:\/\/patsid.ee\/#\/schema\/logo\/image\/","url":"https:\/\/patsid.ee\/wp-content\/uploads\/2025\/08\/cropped-5.png","contentUrl":"https:\/\/patsid.ee\/wp-content\/uploads\/2025\/08\/cropped-5.png","width":500,"height":500,"caption":"RAP Rastade hooldus"},"image":{"@id":"https:\/\/patsid.ee\/#\/schema\/logo\/image\/"},"sameAs":["https:\/\/www.facebook.com\/rastadehooldus","https:\/\/www.instagram.com\/raprastadafrodpunutised\/"]}]}},"_links":{"self":[{"href":"https:\/\/patsid.ee\/en\/wp-json\/wp\/v2\/product\/5037","targetHints":{"allow":["GET"]}}],"collection":[{"href":"https:\/\/patsid.ee\/en\/wp-json\/wp\/v2\/product"}],"about":[{"href":"https:\/\/patsid.ee\/en\/wp-json\/wp\/v2\/types\/product"}],"wp:featuredmedia":[{"embeddable":true,"href":"https:\/\/patsid.ee\/en\/wp-json\/wp\/v2\/media\/5038"}],"wp:attachment":[{"href":"https:\/\/patsid.ee\/en\/wp-json\/wp\/v2\/media?parent=5037"}],"wp:term":[{"taxonomy":"product_brand","embeddable":true,"href":"https:\/\/patsid.ee\/en\/wp-json\/wp\/v2\/product_brand?post=5037"},{"taxonomy":"product_cat","embeddable":true,"href":"https:\/\/patsid.ee\/en\/wp-json\/wp\/v2\/product_cat?post=5037"},{"taxonomy":"product_tag","embeddable":true,"href":"https:\/\/patsid.ee\/en\/wp-json\/wp\/v2\/product_tag?post=5037"}],"curies":[{"name":"wp","href":"https:\/\/api.w.org\/{rel}","templated":true}]}}