{"id":5020,"date":"2026-03-07T15:45:25","date_gmt":"2026-03-07T13:45:25","guid":{"rendered":"https:\/\/patsid.ee\/?post_type=product&#038;p=5020"},"modified":"2026-04-19T22:35:42","modified_gmt":"2026-04-19T20:35:42","slug":"juukseniit-patside-kinnitamiseks","status":"publish","type":"product","link":"https:\/\/patsid.ee\/en\/product\/juukseniit-patside-kinnitamiseks\/","title":{"rendered":"Juukseniit"},"content":{"rendered":"<p data-start=\"0\" data-end=\"48\"><strong data-start=\"0\" data-end=\"48\">Juukseniit patside ja parukate kinnitamiseks<\/strong><\/p>\n<p data-start=\"50\" data-end=\"246\">Tugev ja vastupidav juukseniit, mis on m\u00f5eldud patside ning parukate ja tress-pikenduste kinnitamiseks. Sobib h\u00e4sti kasutamiseks nii professionaalsetele patsipunujaile kui ka neile, kes alles \u00f5pivad.<\/p>\n<p data-start=\"248\" data-end=\"437\">Niidikinnitus hoiab patsi, pikenduse v\u00f5i paruka kindlalt paigal ja aitab tagada korrektse ning p\u00fcsiva tulemuse. Niit on vastupidav ning ei hargne t\u00f6\u00f6 k\u00e4igus, mis teeb selle kasutamise mugavaks ja usaldusv\u00e4\u00e4rseks.<\/p>\n<p data-start=\"555\" data-end=\"568\"><strong data-start=\"555\" data-end=\"568\">Omadused:<\/strong><\/p>\n<p data-start=\"570\" data-end=\"740\" data-is-last-node=\"\" data-is-only-node=\"\">\u2022 tugev ja vastupidav niit, mis ei l\u00e4he katki<br data-start=\"596\" data-end=\"599\" \/>\u2022 Niidi otsad ei hargne\u00a0<br data-start=\"626\" data-end=\"629\" \/>\u2022 sobib patside kinnitamiseks<br data-start=\"658\" data-end=\"661\" \/>\u2022 sobib parukate kinnitamiseks<br data-start=\"691\" data-end=\"694\" data-is-only-node=\"\" \/>\u2022 sobib kasutamiseks nii kodus kui ka salongis<\/p>","protected":false},"excerpt":{"rendered":"<p>Juukseniit patside ja parukate kinnitamiseks Tugev ja vastupidav juukseniit, mis on m\u00f5eldud patside ning parukate ja tress-pikenduste kinnitamiseks. Sobib h\u00e4sti kasutamiseks nii professionaalsetele patsipunujaile kui ka neile, kes alles \u00f5pivad. Niidikinnitus hoiab patsi, pikenduse v\u00f5i paruka kindlalt paigal ja aitab tagada korrektse ning p\u00fcsiva tulemuse. Niit on vastupidav ning ei hargne t\u00f6\u00f6 k\u00e4igus, mis teeb selle kasutamise mugavaks ja usaldusv\u00e4\u00e4rseks. Omadused: \u2022 tugev ja vastupidav niit, mis ei l\u00e4he katki\u2022 Niidi otsad ei hargne\u00a0\u2022 sobib patside kinnitamiseks\u2022 sobib parukate kinnitamiseks\u2022 sobib kasutamiseks nii kodus kui ka salongis<\/p>","protected":false},"featured_media":5021,"template":"","meta":{"site-sidebar-layout":"default","site-content-layout":"","ast-site-content-layout":"default","site-content-style":"default","site-sidebar-style":"default","ast-global-header-display":"","ast-banner-title-visibility":"","ast-main-header-display":"","ast-hfb-above-header-display":"","ast-hfb-below-header-display":"","ast-hfb-mobile-header-display":"","site-post-title":"","ast-breadcrumbs-content":"","ast-featured-img":"","footer-sml-layout":"","ast-disable-related-posts":"","theme-transparent-header-meta":"default","adv-header-id-meta":"","stick-header-meta":"","header-above-stick-meta":"","header-main-stick-meta":"","header-below-stick-meta":"","astra-migrate-meta-layouts":"set","ast-page-background-enabled":"default","ast-page-background-meta":{"desktop":{"background-color":"","background-image":"","background-repeat":"repeat","background-position":"center center","background-size":"auto","background-attachment":"scroll","background-type":"","background-media":"","overlay-type":"","overlay-color":"","overlay-opacity":"","overlay-gradient":""},"tablet":{"background-color":"","background-image":"","background-repeat":"repeat","background-position":"center center","background-size":"auto","background-attachment":"scroll","background-type":"","background-media":"","overlay-type":"","overlay-color":"","overlay-opacity":"","overlay-gradient":""},"mobile":{"background-color":"","background-image":"","background-repeat":"repeat","background-position":"center center","background-size":"auto","background-attachment":"scroll","background-type":"","background-media":"","overlay-type":"","overlay-color":"","overlay-opacity":"","overlay-gradient":""}},"ast-content-background-meta":{"desktop":{"background-color":"var(--ast-global-color-5)","background-image":"","background-repeat":"repeat","background-position":"center center","background-size":"auto","background-attachment":"scroll","background-type":"","background-media":"","overlay-type":"","overlay-color":"","overlay-opacity":"","overlay-gradient":""},"tablet":{"background-color":"var(--ast-global-color-5)","background-image":"","background-repeat":"repeat","background-position":"center center","background-size":"auto","background-attachment":"scroll","background-type":"","background-media":"","overlay-type":"","overlay-color":"","overlay-opacity":"","overlay-gradient":""},"mobile":{"background-color":"var(--ast-global-color-5)","background-image":"","background-repeat":"repeat","background-position":"center center","background-size":"auto","background-attachment":"scroll","background-type":"","background-media":"","overlay-type":"","overlay-color":"","overlay-opacity":"","overlay-gradient":""}},"iawp_total_views":36},"product_brand":[],"product_cat":[53],"product_tag":[],"class_list":{"0":"post-5020","1":"product","2":"type-product","3":"status-publish","4":"has-post-thumbnail","6":"product_cat-patsipunuja-toovahendid","7":"desktop-align-left","8":"tablet-align-left","9":"mobile-align-left","11":"first","12":"instock","13":"purchasable","14":"product-type-variable"},"yoast_head":"<!-- This site is optimized with the Yoast SEO plugin v27.4 - https:\/\/yoast.com\/product\/yoast-seo-wordpress\/ -->\n<title>Juukseniit | patsid.ee<\/title>\n<meta name=\"description\" content=\"Tugev ja vastupidav juukseniit patside ja parukate kinnitamiseks. Niit ei hargne ning sobib kasutamiseks nii professionaalidele kui ka koduseks kasutamiseks.\" \/>\n<meta name=\"robots\" content=\"index, follow, max-snippet:-1, max-image-preview:large, max-video-preview:-1\" \/>\n<link rel=\"canonical\" href=\"https:\/\/patsid.ee\/en\/product\/juukseniit-patside-kinnitamiseks\/\" \/>\n<meta property=\"og:locale\" content=\"en_US\" \/>\n<meta property=\"og:type\" content=\"article\" \/>\n<meta property=\"og:title\" content=\"Juukseniit | patsid.ee\" \/>\n<meta property=\"og:description\" content=\"Tugev ja vastupidav juukseniit patside ja parukate kinnitamiseks. Niit ei hargne ning sobib kasutamiseks nii professionaalidele kui ka koduseks kasutamiseks.\" \/>\n<meta property=\"og:url\" content=\"https:\/\/patsid.ee\/en\/product\/juukseniit-patside-kinnitamiseks\/\" \/>\n<meta property=\"og:site_name\" content=\"patsid.ee\" \/>\n<meta property=\"article:publisher\" content=\"https:\/\/www.facebook.com\/rastadehooldus\" \/>\n<meta property=\"article:modified_time\" content=\"2026-04-19T20:35:42+00:00\" \/>\n<meta property=\"og:image\" content=\"https:\/\/patsid.ee\/wp-content\/uploads\/2026\/03\/juukseniidid.jpg\" \/>\n\t<meta property=\"og:image:width\" content=\"1536\" \/>\n\t<meta property=\"og:image:height\" content=\"1024\" \/>\n\t<meta property=\"og:image:type\" content=\"image\/jpeg\" \/>\n<meta name=\"twitter:card\" content=\"summary_large_image\" \/>\n<meta name=\"twitter:label1\" content=\"Est. reading time\" \/>\n\t<meta name=\"twitter:data1\" content=\"1 minute\" \/>\n<script type=\"application\/ld+json\" class=\"yoast-schema-graph\">{\"@context\":\"https:\\\/\\\/schema.org\",\"@graph\":[{\"@type\":\"WebPage\",\"@id\":\"https:\\\/\\\/patsid.ee\\\/product\\\/juukseniit-patside-kinnitamiseks\\\/\",\"url\":\"https:\\\/\\\/patsid.ee\\\/product\\\/juukseniit-patside-kinnitamiseks\\\/\",\"name\":\"Juukseniit | patsid.ee\",\"isPartOf\":{\"@id\":\"https:\\\/\\\/patsid.ee\\\/#website\"},\"primaryImageOfPage\":{\"@id\":\"https:\\\/\\\/patsid.ee\\\/product\\\/juukseniit-patside-kinnitamiseks\\\/#primaryimage\"},\"image\":{\"@id\":\"https:\\\/\\\/patsid.ee\\\/product\\\/juukseniit-patside-kinnitamiseks\\\/#primaryimage\"},\"thumbnailUrl\":\"https:\\\/\\\/patsid.ee\\\/wp-content\\\/uploads\\\/2026\\\/03\\\/juukseniidid.jpg\",\"datePublished\":\"2026-03-07T13:45:25+00:00\",\"dateModified\":\"2026-04-19T20:35:42+00:00\",\"description\":\"Tugev ja vastupidav juukseniit patside ja parukate kinnitamiseks. Niit ei hargne ning sobib kasutamiseks nii professionaalidele kui ka koduseks kasutamiseks.\",\"breadcrumb\":{\"@id\":\"https:\\\/\\\/patsid.ee\\\/product\\\/juukseniit-patside-kinnitamiseks\\\/#breadcrumb\"},\"inLanguage\":\"en-US\",\"potentialAction\":[{\"@type\":\"ReadAction\",\"target\":[\"https:\\\/\\\/patsid.ee\\\/product\\\/juukseniit-patside-kinnitamiseks\\\/\"]}]},{\"@type\":\"ImageObject\",\"inLanguage\":\"en-US\",\"@id\":\"https:\\\/\\\/patsid.ee\\\/product\\\/juukseniit-patside-kinnitamiseks\\\/#primaryimage\",\"url\":\"https:\\\/\\\/patsid.ee\\\/wp-content\\\/uploads\\\/2026\\\/03\\\/juukseniidid.jpg\",\"contentUrl\":\"https:\\\/\\\/patsid.ee\\\/wp-content\\\/uploads\\\/2026\\\/03\\\/juukseniidid.jpg\",\"width\":1536,\"height\":1024,\"caption\":\"Juukseniit patside ja parukate kinnitamiseks \u2013 saadaval erinevates toonides\"},{\"@type\":\"BreadcrumbList\",\"@id\":\"https:\\\/\\\/patsid.ee\\\/product\\\/juukseniit-patside-kinnitamiseks\\\/#breadcrumb\",\"itemListElement\":[{\"@type\":\"ListItem\",\"position\":1,\"name\":\"Home\",\"item\":\"https:\\\/\\\/patsid.ee\\\/\"},{\"@type\":\"ListItem\",\"position\":2,\"name\":\"Juukseniit\"}]},{\"@type\":\"WebSite\",\"@id\":\"https:\\\/\\\/patsid.ee\\\/#website\",\"url\":\"https:\\\/\\\/patsid.ee\\\/\",\"name\":\"RAP Rastade hooldus\",\"description\":\"Afropatsid, lokipatsid ja rastapatsid \u2014 teenused, kursused ja e-pood\",\"publisher\":{\"@id\":\"https:\\\/\\\/patsid.ee\\\/#organization\"},\"potentialAction\":[{\"@type\":\"SearchAction\",\"target\":{\"@type\":\"EntryPoint\",\"urlTemplate\":\"https:\\\/\\\/patsid.ee\\\/?s={search_term_string}\"},\"query-input\":{\"@type\":\"PropertyValueSpecification\",\"valueRequired\":true,\"valueName\":\"search_term_string\"}}],\"inLanguage\":\"en-US\"},{\"@type\":\"Organization\",\"@id\":\"https:\\\/\\\/patsid.ee\\\/#organization\",\"name\":\"RAP Rastade hooldus\",\"url\":\"https:\\\/\\\/patsid.ee\\\/\",\"logo\":{\"@type\":\"ImageObject\",\"inLanguage\":\"en-US\",\"@id\":\"https:\\\/\\\/patsid.ee\\\/#\\\/schema\\\/logo\\\/image\\\/\",\"url\":\"https:\\\/\\\/patsid.ee\\\/wp-content\\\/uploads\\\/2025\\\/08\\\/cropped-5.png\",\"contentUrl\":\"https:\\\/\\\/patsid.ee\\\/wp-content\\\/uploads\\\/2025\\\/08\\\/cropped-5.png\",\"width\":500,\"height\":500,\"caption\":\"RAP Rastade hooldus\"},\"image\":{\"@id\":\"https:\\\/\\\/patsid.ee\\\/#\\\/schema\\\/logo\\\/image\\\/\"},\"sameAs\":[\"https:\\\/\\\/www.facebook.com\\\/rastadehooldus\",\"https:\\\/\\\/www.instagram.com\\\/raprastadafrodpunutised\\\/\"]}]}<\/script>\n<!-- \/ Yoast SEO plugin. -->","yoast_head_json":{"title":"Juukseniit | patsid.ee","description":"Tugev ja vastupidav juukseniit patside ja parukate kinnitamiseks. Niit ei hargne ning sobib kasutamiseks nii professionaalidele kui ka koduseks kasutamiseks.","robots":{"index":"index","follow":"follow","max-snippet":"max-snippet:-1","max-image-preview":"max-image-preview:large","max-video-preview":"max-video-preview:-1"},"canonical":"https:\/\/patsid.ee\/en\/product\/juukseniit-patside-kinnitamiseks\/","og_locale":"en_US","og_type":"article","og_title":"Juukseniit | patsid.ee","og_description":"Tugev ja vastupidav juukseniit patside ja parukate kinnitamiseks. Niit ei hargne ning sobib kasutamiseks nii professionaalidele kui ka koduseks kasutamiseks.","og_url":"https:\/\/patsid.ee\/en\/product\/juukseniit-patside-kinnitamiseks\/","og_site_name":"patsid.ee","article_publisher":"https:\/\/www.facebook.com\/rastadehooldus","article_modified_time":"2026-04-19T20:35:42+00:00","og_image":[{"width":1536,"height":1024,"url":"https:\/\/patsid.ee\/wp-content\/uploads\/2026\/03\/juukseniidid.jpg","type":"image\/jpeg"}],"twitter_card":"summary_large_image","twitter_misc":{"Est. reading time":"1 minute"},"schema":{"@context":"https:\/\/schema.org","@graph":[{"@type":"WebPage","@id":"https:\/\/patsid.ee\/product\/juukseniit-patside-kinnitamiseks\/","url":"https:\/\/patsid.ee\/product\/juukseniit-patside-kinnitamiseks\/","name":"Juukseniit | patsid.ee","isPartOf":{"@id":"https:\/\/patsid.ee\/#website"},"primaryImageOfPage":{"@id":"https:\/\/patsid.ee\/product\/juukseniit-patside-kinnitamiseks\/#primaryimage"},"image":{"@id":"https:\/\/patsid.ee\/product\/juukseniit-patside-kinnitamiseks\/#primaryimage"},"thumbnailUrl":"https:\/\/patsid.ee\/wp-content\/uploads\/2026\/03\/juukseniidid.jpg","datePublished":"2026-03-07T13:45:25+00:00","dateModified":"2026-04-19T20:35:42+00:00","description":"Tugev ja vastupidav juukseniit patside ja parukate kinnitamiseks. Niit ei hargne ning sobib kasutamiseks nii professionaalidele kui ka koduseks kasutamiseks.","breadcrumb":{"@id":"https:\/\/patsid.ee\/product\/juukseniit-patside-kinnitamiseks\/#breadcrumb"},"inLanguage":"en-US","potentialAction":[{"@type":"ReadAction","target":["https:\/\/patsid.ee\/product\/juukseniit-patside-kinnitamiseks\/"]}]},{"@type":"ImageObject","inLanguage":"en-US","@id":"https:\/\/patsid.ee\/product\/juukseniit-patside-kinnitamiseks\/#primaryimage","url":"https:\/\/patsid.ee\/wp-content\/uploads\/2026\/03\/juukseniidid.jpg","contentUrl":"https:\/\/patsid.ee\/wp-content\/uploads\/2026\/03\/juukseniidid.jpg","width":1536,"height":1024,"caption":"Juukseniit patside ja parukate kinnitamiseks \u2013 saadaval erinevates toonides"},{"@type":"BreadcrumbList","@id":"https:\/\/patsid.ee\/product\/juukseniit-patside-kinnitamiseks\/#breadcrumb","itemListElement":[{"@type":"ListItem","position":1,"name":"Home","item":"https:\/\/patsid.ee\/"},{"@type":"ListItem","position":2,"name":"Juukseniit"}]},{"@type":"WebSite","@id":"https:\/\/patsid.ee\/#website","url":"https:\/\/patsid.ee\/","name":"RAP Rastade hooldus","description":"Afropatsid, lokipatsid ja rastapatsid \u2014 teenused, kursused ja e-pood","publisher":{"@id":"https:\/\/patsid.ee\/#organization"},"potentialAction":[{"@type":"SearchAction","target":{"@type":"EntryPoint","urlTemplate":"https:\/\/patsid.ee\/?s={search_term_string}"},"query-input":{"@type":"PropertyValueSpecification","valueRequired":true,"valueName":"search_term_string"}}],"inLanguage":"en-US"},{"@type":"Organization","@id":"https:\/\/patsid.ee\/#organization","name":"RAP Rastade hooldus","url":"https:\/\/patsid.ee\/","logo":{"@type":"ImageObject","inLanguage":"en-US","@id":"https:\/\/patsid.ee\/#\/schema\/logo\/image\/","url":"https:\/\/patsid.ee\/wp-content\/uploads\/2025\/08\/cropped-5.png","contentUrl":"https:\/\/patsid.ee\/wp-content\/uploads\/2025\/08\/cropped-5.png","width":500,"height":500,"caption":"RAP Rastade hooldus"},"image":{"@id":"https:\/\/patsid.ee\/#\/schema\/logo\/image\/"},"sameAs":["https:\/\/www.facebook.com\/rastadehooldus","https:\/\/www.instagram.com\/raprastadafrodpunutised\/"]}]}},"_links":{"self":[{"href":"https:\/\/patsid.ee\/en\/wp-json\/wp\/v2\/product\/5020","targetHints":{"allow":["GET"]}}],"collection":[{"href":"https:\/\/patsid.ee\/en\/wp-json\/wp\/v2\/product"}],"about":[{"href":"https:\/\/patsid.ee\/en\/wp-json\/wp\/v2\/types\/product"}],"wp:featuredmedia":[{"embeddable":true,"href":"https:\/\/patsid.ee\/en\/wp-json\/wp\/v2\/media\/5021"}],"wp:attachment":[{"href":"https:\/\/patsid.ee\/en\/wp-json\/wp\/v2\/media?parent=5020"}],"wp:term":[{"taxonomy":"product_brand","embeddable":true,"href":"https:\/\/patsid.ee\/en\/wp-json\/wp\/v2\/product_brand?post=5020"},{"taxonomy":"product_cat","embeddable":true,"href":"https:\/\/patsid.ee\/en\/wp-json\/wp\/v2\/product_cat?post=5020"},{"taxonomy":"product_tag","embeddable":true,"href":"https:\/\/patsid.ee\/en\/wp-json\/wp\/v2\/product_tag?post=5020"}],"curies":[{"name":"wp","href":"https:\/\/api.w.org\/{rel}","templated":true}]}}