{"id":5006,"date":"2026-03-05T00:03:08","date_gmt":"2026-03-04T22:03:08","guid":{"rendered":"https:\/\/patsid.ee\/?post_type=product&#038;p=5006"},"modified":"2026-03-07T17:48:09","modified_gmt":"2026-03-07T15:48:09","slug":"salgupuu","status":"publish","type":"product","link":"https:\/\/patsid.ee\/en\/product\/salgupuu\/","title":{"rendered":"Salgupuu"},"content":{"rendered":"<h2 data-start=\"93\" data-end=\"127\">Salgupuu patside valmistamiseks<\/h2>\n<p data-start=\"129\" data-end=\"336\">Salgupuu on praktiline t\u00f6\u00f6riist patside valmistamiseks, mis aitab juuksesalgud punumise ajal kindlalt fikseerida. See v\u00f5imaldab teha korraga mitut punutist ning hoida t\u00f6\u00f6protsessi organiseerituna ja mugavana.<\/p>\n<p data-start=\"338\" data-end=\"550\">Salgupuu k\u00fcljes olevad konksud on m\u00f5eldud pikkade afro- ja rastapatside tegemiseks\/punumiseks. Punumise k\u00e4igus saab valmiva punutise \u00fcmber konksu keerata, nii ei pea tooliga edasi-tagasi liikuma ning t\u00f6\u00f6 muutub sujuvamaks ja kiiremaks.<\/p>\n<p data-start=\"552\" data-end=\"640\">Salgupuu kinnitatakse pitskruvidega laua k\u00fclge.<\/p>\n<p data-start=\"642\" data-end=\"748\">See t\u00f6\u00f6riist on eriti kasulik inimestele, kes valmistavad patsikomplekte p\u00e4he punumiseks.<\/p>\n<p data-start=\"750\" data-end=\"861\">Sobib:<br \/>\n\u2022 DE rastapatside valmistamiseks<br data-start=\"814\" data-end=\"817\" \/>\u2022 DE afropatside valmistamiseks<br data-start=\"832\" data-end=\"835\" \/>\u2022 DE miksitud patsikomplekti valmistamiseks<\/p>\n<p data-start=\"863\" data-end=\"974\">Salgupuu aitab hoida patsimaterjali kindlalt paigal ning v\u00f5imaldab keskenduda t\u00e4ielikult punumise kvaliteedile.<\/p>\n<p>Ps! Salgupuu on k\u00e4sit\u00f6\u00f6na valmiv. Kui laos hetkel ei ole siis palun kirjuta info@patsid.ee<\/p>","protected":false},"excerpt":{"rendered":"<p>Salgupuu on praktiline t\u00f6\u00f6riist patside valmistamiseks, mis aitab juuksesalgud punumise ajal kindlalt fikseerida. V\u00f5imaldab teha korraga mitu punutist ning hoida t\u00f6\u00f6 organiseerituna. Punumise k\u00e4igus saab valmiva punutise \u00fcmber konksu keerata, nii ei pea tooliga edasi-tagasi liikuma ning t\u00f6\u00f6 muutub sujuvamaks ja kiiremaks.<br \/>\nSalgupuu valmib k\u00e4sit\u00f6\u00f6na, kui laos ei ole, siis kirjuta info@patsid.ee<\/p>","protected":false},"featured_media":5007,"template":"","meta":{"site-sidebar-layout":"default","site-content-layout":"","ast-site-content-layout":"default","site-content-style":"default","site-sidebar-style":"default","ast-global-header-display":"","ast-banner-title-visibility":"","ast-main-header-display":"","ast-hfb-above-header-display":"","ast-hfb-below-header-display":"","ast-hfb-mobile-header-display":"","site-post-title":"","ast-breadcrumbs-content":"","ast-featured-img":"","footer-sml-layout":"","ast-disable-related-posts":"","theme-transparent-header-meta":"default","adv-header-id-meta":"","stick-header-meta":"","header-above-stick-meta":"","header-main-stick-meta":"","header-below-stick-meta":"","astra-migrate-meta-layouts":"set","ast-page-background-enabled":"default","ast-page-background-meta":{"desktop":{"background-color":"","background-image":"","background-repeat":"repeat","background-position":"center center","background-size":"auto","background-attachment":"scroll","background-type":"","background-media":"","overlay-type":"","overlay-color":"","overlay-opacity":"","overlay-gradient":""},"tablet":{"background-color":"","background-image":"","background-repeat":"repeat","background-position":"center center","background-size":"auto","background-attachment":"scroll","background-type":"","background-media":"","overlay-type":"","overlay-color":"","overlay-opacity":"","overlay-gradient":""},"mobile":{"background-color":"","background-image":"","background-repeat":"repeat","background-position":"center center","background-size":"auto","background-attachment":"scroll","background-type":"","background-media":"","overlay-type":"","overlay-color":"","overlay-opacity":"","overlay-gradient":""}},"ast-content-background-meta":{"desktop":{"background-color":"var(--ast-global-color-5)","background-image":"","background-repeat":"repeat","background-position":"center center","background-size":"auto","background-attachment":"scroll","background-type":"","background-media":"","overlay-type":"","overlay-color":"","overlay-opacity":"","overlay-gradient":""},"tablet":{"background-color":"var(--ast-global-color-5)","background-image":"","background-repeat":"repeat","background-position":"center center","background-size":"auto","background-attachment":"scroll","background-type":"","background-media":"","overlay-type":"","overlay-color":"","overlay-opacity":"","overlay-gradient":""},"mobile":{"background-color":"var(--ast-global-color-5)","background-image":"","background-repeat":"repeat","background-position":"center center","background-size":"auto","background-attachment":"scroll","background-type":"","background-media":"","overlay-type":"","overlay-color":"","overlay-opacity":"","overlay-gradient":""}},"iawp_total_views":17},"product_brand":[],"product_cat":[53],"product_tag":[],"class_list":{"0":"post-5006","1":"product","2":"type-product","3":"status-publish","4":"has-post-thumbnail","6":"product_cat-patsipunuja-toovahendid","7":"desktop-align-left","8":"tablet-align-left","9":"mobile-align-left","11":"first","12":"instock","13":"sale","14":"purchasable","15":"product-type-simple"},"yoast_head":"<!-- This site is optimized with the Yoast SEO plugin v27.4 - https:\/\/yoast.com\/product\/yoast-seo-wordpress\/ -->\n<title>Salgupuu | patsid.ee<\/title>\n<meta name=\"description\" content=\"Salgupuu patside valmistamiseks. V\u00f5imaldab fikseerida juuksesalgud ja teha korraga mitu punutist. Sobib DE rastapatside, DE afropatside ja patsikomplektide valmistamiseks.\" \/>\n<meta name=\"robots\" content=\"index, follow, max-snippet:-1, max-image-preview:large, max-video-preview:-1\" \/>\n<link rel=\"canonical\" href=\"https:\/\/patsid.ee\/en\/product\/salgupuu\/\" \/>\n<meta property=\"og:locale\" content=\"en_US\" \/>\n<meta property=\"og:type\" content=\"article\" \/>\n<meta property=\"og:title\" content=\"Salgupuu | patsid.ee\" \/>\n<meta property=\"og:description\" content=\"Salgupuu patside valmistamiseks. V\u00f5imaldab fikseerida juuksesalgud ja teha korraga mitu punutist. Sobib DE rastapatside, DE afropatside ja patsikomplektide valmistamiseks.\" \/>\n<meta property=\"og:url\" content=\"https:\/\/patsid.ee\/en\/product\/salgupuu\/\" \/>\n<meta property=\"og:site_name\" content=\"patsid.ee\" \/>\n<meta property=\"article:publisher\" content=\"https:\/\/www.facebook.com\/rastadehooldus\" \/>\n<meta property=\"article:modified_time\" content=\"2026-03-07T15:48:09+00:00\" \/>\n<meta property=\"og:image\" content=\"https:\/\/patsid.ee\/wp-content\/uploads\/2026\/03\/salgupuu-1.jpg\" \/>\n\t<meta property=\"og:image:width\" content=\"497\" \/>\n\t<meta property=\"og:image:height\" content=\"627\" \/>\n\t<meta property=\"og:image:type\" content=\"image\/jpeg\" \/>\n<meta name=\"twitter:card\" content=\"summary_large_image\" \/>\n<meta name=\"twitter:label1\" content=\"Est. reading time\" \/>\n\t<meta name=\"twitter:data1\" content=\"1 minute\" \/>\n<script type=\"application\/ld+json\" class=\"yoast-schema-graph\">{\"@context\":\"https:\\\/\\\/schema.org\",\"@graph\":[{\"@type\":\"WebPage\",\"@id\":\"https:\\\/\\\/patsid.ee\\\/product\\\/salgupuu\\\/\",\"url\":\"https:\\\/\\\/patsid.ee\\\/product\\\/salgupuu\\\/\",\"name\":\"Salgupuu | patsid.ee\",\"isPartOf\":{\"@id\":\"https:\\\/\\\/patsid.ee\\\/#website\"},\"primaryImageOfPage\":{\"@id\":\"https:\\\/\\\/patsid.ee\\\/product\\\/salgupuu\\\/#primaryimage\"},\"image\":{\"@id\":\"https:\\\/\\\/patsid.ee\\\/product\\\/salgupuu\\\/#primaryimage\"},\"thumbnailUrl\":\"https:\\\/\\\/patsid.ee\\\/wp-content\\\/uploads\\\/2026\\\/03\\\/salgupuu-1.jpg\",\"datePublished\":\"2026-03-04T22:03:08+00:00\",\"dateModified\":\"2026-03-07T15:48:09+00:00\",\"description\":\"Salgupuu patside valmistamiseks. V\u00f5imaldab fikseerida juuksesalgud ja teha korraga mitu punutist. Sobib DE rastapatside, DE afropatside ja patsikomplektide valmistamiseks.\",\"breadcrumb\":{\"@id\":\"https:\\\/\\\/patsid.ee\\\/product\\\/salgupuu\\\/#breadcrumb\"},\"inLanguage\":\"en-US\",\"potentialAction\":[{\"@type\":\"ReadAction\",\"target\":[\"https:\\\/\\\/patsid.ee\\\/product\\\/salgupuu\\\/\"]}]},{\"@type\":\"ImageObject\",\"inLanguage\":\"en-US\",\"@id\":\"https:\\\/\\\/patsid.ee\\\/product\\\/salgupuu\\\/#primaryimage\",\"url\":\"https:\\\/\\\/patsid.ee\\\/wp-content\\\/uploads\\\/2026\\\/03\\\/salgupuu-1.jpg\",\"contentUrl\":\"https:\\\/\\\/patsid.ee\\\/wp-content\\\/uploads\\\/2026\\\/03\\\/salgupuu-1.jpg\",\"width\":497,\"height\":627,\"caption\":\"T\u00f6\u00f6riist patsikomplektide valmistamiseks.\"},{\"@type\":\"BreadcrumbList\",\"@id\":\"https:\\\/\\\/patsid.ee\\\/product\\\/salgupuu\\\/#breadcrumb\",\"itemListElement\":[{\"@type\":\"ListItem\",\"position\":1,\"name\":\"Home\",\"item\":\"https:\\\/\\\/patsid.ee\\\/\"},{\"@type\":\"ListItem\",\"position\":2,\"name\":\"Salgupuu\"}]},{\"@type\":\"WebSite\",\"@id\":\"https:\\\/\\\/patsid.ee\\\/#website\",\"url\":\"https:\\\/\\\/patsid.ee\\\/\",\"name\":\"RAP Rastade hooldus\",\"description\":\"Afropatsid, lokipatsid ja rastapatsid \u2014 teenused, kursused ja e-pood\",\"publisher\":{\"@id\":\"https:\\\/\\\/patsid.ee\\\/#organization\"},\"potentialAction\":[{\"@type\":\"SearchAction\",\"target\":{\"@type\":\"EntryPoint\",\"urlTemplate\":\"https:\\\/\\\/patsid.ee\\\/?s={search_term_string}\"},\"query-input\":{\"@type\":\"PropertyValueSpecification\",\"valueRequired\":true,\"valueName\":\"search_term_string\"}}],\"inLanguage\":\"en-US\"},{\"@type\":\"Organization\",\"@id\":\"https:\\\/\\\/patsid.ee\\\/#organization\",\"name\":\"RAP Rastade hooldus\",\"url\":\"https:\\\/\\\/patsid.ee\\\/\",\"logo\":{\"@type\":\"ImageObject\",\"inLanguage\":\"en-US\",\"@id\":\"https:\\\/\\\/patsid.ee\\\/#\\\/schema\\\/logo\\\/image\\\/\",\"url\":\"https:\\\/\\\/patsid.ee\\\/wp-content\\\/uploads\\\/2025\\\/08\\\/cropped-5.png\",\"contentUrl\":\"https:\\\/\\\/patsid.ee\\\/wp-content\\\/uploads\\\/2025\\\/08\\\/cropped-5.png\",\"width\":500,\"height\":500,\"caption\":\"RAP Rastade hooldus\"},\"image\":{\"@id\":\"https:\\\/\\\/patsid.ee\\\/#\\\/schema\\\/logo\\\/image\\\/\"},\"sameAs\":[\"https:\\\/\\\/www.facebook.com\\\/rastadehooldus\",\"https:\\\/\\\/www.instagram.com\\\/raprastadafrodpunutised\\\/\"]}]}<\/script>\n<!-- \/ Yoast SEO plugin. -->","yoast_head_json":{"title":"Salgupuu | patsid.ee","description":"Salgupuu patside valmistamiseks. V\u00f5imaldab fikseerida juuksesalgud ja teha korraga mitu punutist. Sobib DE rastapatside, DE afropatside ja patsikomplektide valmistamiseks.","robots":{"index":"index","follow":"follow","max-snippet":"max-snippet:-1","max-image-preview":"max-image-preview:large","max-video-preview":"max-video-preview:-1"},"canonical":"https:\/\/patsid.ee\/en\/product\/salgupuu\/","og_locale":"en_US","og_type":"article","og_title":"Salgupuu | patsid.ee","og_description":"Salgupuu patside valmistamiseks. V\u00f5imaldab fikseerida juuksesalgud ja teha korraga mitu punutist. Sobib DE rastapatside, DE afropatside ja patsikomplektide valmistamiseks.","og_url":"https:\/\/patsid.ee\/en\/product\/salgupuu\/","og_site_name":"patsid.ee","article_publisher":"https:\/\/www.facebook.com\/rastadehooldus","article_modified_time":"2026-03-07T15:48:09+00:00","og_image":[{"width":497,"height":627,"url":"https:\/\/patsid.ee\/wp-content\/uploads\/2026\/03\/salgupuu-1.jpg","type":"image\/jpeg"}],"twitter_card":"summary_large_image","twitter_misc":{"Est. reading time":"1 minute"},"schema":{"@context":"https:\/\/schema.org","@graph":[{"@type":"WebPage","@id":"https:\/\/patsid.ee\/product\/salgupuu\/","url":"https:\/\/patsid.ee\/product\/salgupuu\/","name":"Salgupuu | patsid.ee","isPartOf":{"@id":"https:\/\/patsid.ee\/#website"},"primaryImageOfPage":{"@id":"https:\/\/patsid.ee\/product\/salgupuu\/#primaryimage"},"image":{"@id":"https:\/\/patsid.ee\/product\/salgupuu\/#primaryimage"},"thumbnailUrl":"https:\/\/patsid.ee\/wp-content\/uploads\/2026\/03\/salgupuu-1.jpg","datePublished":"2026-03-04T22:03:08+00:00","dateModified":"2026-03-07T15:48:09+00:00","description":"Salgupuu patside valmistamiseks. V\u00f5imaldab fikseerida juuksesalgud ja teha korraga mitu punutist. Sobib DE rastapatside, DE afropatside ja patsikomplektide valmistamiseks.","breadcrumb":{"@id":"https:\/\/patsid.ee\/product\/salgupuu\/#breadcrumb"},"inLanguage":"en-US","potentialAction":[{"@type":"ReadAction","target":["https:\/\/patsid.ee\/product\/salgupuu\/"]}]},{"@type":"ImageObject","inLanguage":"en-US","@id":"https:\/\/patsid.ee\/product\/salgupuu\/#primaryimage","url":"https:\/\/patsid.ee\/wp-content\/uploads\/2026\/03\/salgupuu-1.jpg","contentUrl":"https:\/\/patsid.ee\/wp-content\/uploads\/2026\/03\/salgupuu-1.jpg","width":497,"height":627,"caption":"T\u00f6\u00f6riist patsikomplektide valmistamiseks."},{"@type":"BreadcrumbList","@id":"https:\/\/patsid.ee\/product\/salgupuu\/#breadcrumb","itemListElement":[{"@type":"ListItem","position":1,"name":"Home","item":"https:\/\/patsid.ee\/"},{"@type":"ListItem","position":2,"name":"Salgupuu"}]},{"@type":"WebSite","@id":"https:\/\/patsid.ee\/#website","url":"https:\/\/patsid.ee\/","name":"RAP Rastade hooldus","description":"Afropatsid, lokipatsid ja rastapatsid \u2014 teenused, kursused ja e-pood","publisher":{"@id":"https:\/\/patsid.ee\/#organization"},"potentialAction":[{"@type":"SearchAction","target":{"@type":"EntryPoint","urlTemplate":"https:\/\/patsid.ee\/?s={search_term_string}"},"query-input":{"@type":"PropertyValueSpecification","valueRequired":true,"valueName":"search_term_string"}}],"inLanguage":"en-US"},{"@type":"Organization","@id":"https:\/\/patsid.ee\/#organization","name":"RAP Rastade hooldus","url":"https:\/\/patsid.ee\/","logo":{"@type":"ImageObject","inLanguage":"en-US","@id":"https:\/\/patsid.ee\/#\/schema\/logo\/image\/","url":"https:\/\/patsid.ee\/wp-content\/uploads\/2025\/08\/cropped-5.png","contentUrl":"https:\/\/patsid.ee\/wp-content\/uploads\/2025\/08\/cropped-5.png","width":500,"height":500,"caption":"RAP Rastade hooldus"},"image":{"@id":"https:\/\/patsid.ee\/#\/schema\/logo\/image\/"},"sameAs":["https:\/\/www.facebook.com\/rastadehooldus","https:\/\/www.instagram.com\/raprastadafrodpunutised\/"]}]}},"_links":{"self":[{"href":"https:\/\/patsid.ee\/en\/wp-json\/wp\/v2\/product\/5006","targetHints":{"allow":["GET"]}}],"collection":[{"href":"https:\/\/patsid.ee\/en\/wp-json\/wp\/v2\/product"}],"about":[{"href":"https:\/\/patsid.ee\/en\/wp-json\/wp\/v2\/types\/product"}],"wp:featuredmedia":[{"embeddable":true,"href":"https:\/\/patsid.ee\/en\/wp-json\/wp\/v2\/media\/5007"}],"wp:attachment":[{"href":"https:\/\/patsid.ee\/en\/wp-json\/wp\/v2\/media?parent=5006"}],"wp:term":[{"taxonomy":"product_brand","embeddable":true,"href":"https:\/\/patsid.ee\/en\/wp-json\/wp\/v2\/product_brand?post=5006"},{"taxonomy":"product_cat","embeddable":true,"href":"https:\/\/patsid.ee\/en\/wp-json\/wp\/v2\/product_cat?post=5006"},{"taxonomy":"product_tag","embeddable":true,"href":"https:\/\/patsid.ee\/en\/wp-json\/wp\/v2\/product_tag?post=5006"}],"curies":[{"name":"wp","href":"https:\/\/api.w.org\/{rel}","templated":true}]}}