{"id":5001,"date":"2026-03-04T22:21:28","date_gmt":"2026-03-04T20:21:28","guid":{"rendered":"https:\/\/patsid.ee\/?post_type=product&#038;p=5001"},"modified":"2026-04-02T10:02:31","modified_gmt":"2026-04-02T08:02:31","slug":"harjutuspea-inimese-juustega","status":"publish","type":"product","link":"https:\/\/patsid.ee\/en\/product\/harjutuspea-inimese-juustega\/","title":{"rendered":"Harjutuspea inimese juustega"},"content":{"rendered":"<p data-start=\"0\" data-end=\"57\"><strong data-start=\"0\" data-end=\"57\">Mannekeeni harjutuspea patside punumise harjutamiseks<\/strong><\/p>\n<p data-start=\"59\" data-end=\"307\">Kvaliteetne mannekeeni harjutuspea on ideaalne t\u00f6\u00f6vahend patside punumise \u00f5ppimiseks ja erinevate tehnikate harjutamiseks. Sobib suurep\u00e4raselt nii algajatele kui ka neile, kes soovivad oma oskusi edasi arendada enne p\u00e4ris kliendi juustele punumist.<\/p>\n<p data-start=\"309\" data-end=\"534\">Harjutuspea v\u00f5imaldab rahulikult \u00f5ppida juuksejaotusi, patside alustamist ning erinevaid punumistehnikaid. T\u00e4nu inimjuukseid meenutavale materjalile on v\u00f5imalik teha realistlikku harjutust ning katsetada erinevaid t\u00f6\u00f6v\u00f5tteid.<\/p>\n<p data-start=\"536\" data-end=\"739\">Sobib kasutamiseks:<br \/>\n\u2022 afropatside harjutamiseks<br data-start=\"583\" data-end=\"586\" \/>\u2022 lokipatside harjutamiseks<br data-start=\"613\" data-end=\"616\" \/>\u2022 juuksejaotuste \u00f5ppimiseks<br data-start=\"643\" data-end=\"646\" \/>\u2022 patside alustamise ja kinnitamise harjutamiseks<br data-start=\"695\" data-end=\"698\" \/>\u2022 mannekeeni peal t\u00f6\u00f6tempo arendamiseks<\/p>\n<p data-start=\"292\" data-end=\"306\"><strong data-start=\"292\" data-end=\"306\">T\u00e4psem toote info<\/strong><\/p>\n<p data-start=\"308\" data-end=\"476\">\u2022 Juuste materjal: 100% inimjuuksed<br data-start=\"343\" data-end=\"346\" \/>\u2022 Juuste v\u00e4rv: tumepruun\/ heledam pruun ( valitakse juhuslikult)\u00a0<br data-start=\"384\" data-end=\"387\" \/>\u2022 Juuste pikkus: umbes 15-20 cm\u00a0<br data-start=\"432\" data-end=\"435\" \/>\u2022 Juukset\u00fc\u00fcp: sirge \/ kergelt laineline<\/p>\n<p data-start=\"478\" data-end=\"557\">\u2022 Pea \u00fcmberm\u00f5\u00f5t: umbes 45 cm<br data-start=\"506\" data-end=\"509\" \/>\u2022 Pea t\u00fc\u00fcp: k\u00e4sitsi valmistatud mannekeeni pea<\/p>\n<p data-start=\"559\" data-end=\"616\">\u2022 Kaal: umbes 620 g<\/p>\n<p data-start=\"741\" data-end=\"887\" data-is-last-node=\"\" data-is-only-node=\"\">See on praktiline t\u00f6\u00f6vahend juuksurile, patsipunujale, juuksestilistile, kes soovib oma oskusi turvaliselt ja rahulikult arendada enne p\u00e4ris klientidega t\u00f6\u00f6tamist.<\/p>","protected":false},"excerpt":{"rendered":"<p>Mannekeeni harjutuspea patside punumise harjutamiseks Kvaliteetne mannekeeni harjutuspea on ideaalne t\u00f6\u00f6vahend patside punumise \u00f5ppimiseks ja erinevate tehnikate harjutamiseks. Sobib suurep\u00e4raselt nii algajatele kui ka neile, kes soovivad oma oskusi edasi arendada enne p\u00e4ris kliendi juustele punumist. Harjutuspea v\u00f5imaldab rahulikult \u00f5ppida juuksejaotusi, patside alustamist ning erinevaid punumistehnikaid. T\u00e4nu inimjuukseid meenutavale materjalile on v\u00f5imalik teha realistlikku harjutust ning katsetada erinevaid t\u00f6\u00f6v\u00f5tteid. Sobib kasutamiseks: \u2022 afropatside harjutamiseks\u2022 lokipatside harjutamiseks\u2022 juuksejaotuste \u00f5ppimiseks\u2022 patside alustamise ja kinnitamise harjutamiseks\u2022 mannekeeni peal t\u00f6\u00f6tempo arendamiseks T\u00e4psem toote info \u2022 Juuste materjal: 100% inimjuuksed\u2022 Juuste v\u00e4rv: tumepruun\/ heledam pruun ( valitakse juhuslikult)\u00a0\u2022 Juuste pikkus: umbes 15-20 cm\u00a0\u2022 Juukset\u00fc\u00fcp: sirge \/ kergelt laineline \u2022 Pea \u00fcmberm\u00f5\u00f5t: umbes 45 cm\u2022 Pea t\u00fc\u00fcp: k\u00e4sitsi valmistatud mannekeeni pea \u2022 Kaal: umbes 620 g See on praktiline t\u00f6\u00f6vahend juuksurile, patsipunujale, juuksestilistile, kes soovib oma oskusi turvaliselt ja rahulikult arendada enne p\u00e4ris klientidega t\u00f6\u00f6tamist.<\/p>","protected":false},"featured_media":5002,"template":"","meta":{"site-sidebar-layout":"default","site-content-layout":"","ast-site-content-layout":"default","site-content-style":"default","site-sidebar-style":"default","ast-global-header-display":"","ast-banner-title-visibility":"","ast-main-header-display":"","ast-hfb-above-header-display":"","ast-hfb-below-header-display":"","ast-hfb-mobile-header-display":"","site-post-title":"","ast-breadcrumbs-content":"","ast-featured-img":"","footer-sml-layout":"","ast-disable-related-posts":"","theme-transparent-header-meta":"default","adv-header-id-meta":"","stick-header-meta":"","header-above-stick-meta":"","header-main-stick-meta":"","header-below-stick-meta":"","astra-migrate-meta-layouts":"set","ast-page-background-enabled":"default","ast-page-background-meta":{"desktop":{"background-color":"","background-image":"","background-repeat":"repeat","background-position":"center center","background-size":"auto","background-attachment":"scroll","background-type":"","background-media":"","overlay-type":"","overlay-color":"","overlay-opacity":"","overlay-gradient":""},"tablet":{"background-color":"","background-image":"","background-repeat":"repeat","background-position":"center center","background-size":"auto","background-attachment":"scroll","background-type":"","background-media":"","overlay-type":"","overlay-color":"","overlay-opacity":"","overlay-gradient":""},"mobile":{"background-color":"","background-image":"","background-repeat":"repeat","background-position":"center center","background-size":"auto","background-attachment":"scroll","background-type":"","background-media":"","overlay-type":"","overlay-color":"","overlay-opacity":"","overlay-gradient":""}},"ast-content-background-meta":{"desktop":{"background-color":"var(--ast-global-color-5)","background-image":"","background-repeat":"repeat","background-position":"center center","background-size":"auto","background-attachment":"scroll","background-type":"","background-media":"","overlay-type":"","overlay-color":"","overlay-opacity":"","overlay-gradient":""},"tablet":{"background-color":"var(--ast-global-color-5)","background-image":"","background-repeat":"repeat","background-position":"center center","background-size":"auto","background-attachment":"scroll","background-type":"","background-media":"","overlay-type":"","overlay-color":"","overlay-opacity":"","overlay-gradient":""},"mobile":{"background-color":"var(--ast-global-color-5)","background-image":"","background-repeat":"repeat","background-position":"center center","background-size":"auto","background-attachment":"scroll","background-type":"","background-media":"","overlay-type":"","overlay-color":"","overlay-opacity":"","overlay-gradient":""}},"iawp_total_views":20},"product_brand":[],"product_cat":[59],"product_tag":[],"class_list":{"0":"post-5001","1":"product","2":"type-product","3":"status-publish","4":"has-post-thumbnail","6":"product_cat-harjutuspea-inimese-juustega","7":"desktop-align-left","8":"tablet-align-left","9":"mobile-align-left","11":"first","12":"instock","13":"sale","14":"purchasable","15":"product-type-simple"},"yoast_head":"<!-- This site is optimized with the Yoast SEO plugin v27.4 - https:\/\/yoast.com\/product\/yoast-seo-wordpress\/ -->\n<title>Harjutuspea inimese juustega | patsid.ee<\/title>\n<meta name=\"description\" content=\"Harjutuspea inimjuustega patside punumise \u00f5ppimiseks. Sobib afropatside ja lokipatside harjutamiseks, juuksejaotuste tegemiseks ja punumistehnika arendamiseks.\" \/>\n<meta name=\"robots\" content=\"index, follow, max-snippet:-1, max-image-preview:large, max-video-preview:-1\" \/>\n<link rel=\"canonical\" href=\"https:\/\/patsid.ee\/en\/product\/harjutuspea-inimese-juustega\/\" \/>\n<meta property=\"og:locale\" content=\"en_US\" \/>\n<meta property=\"og:type\" content=\"article\" \/>\n<meta property=\"og:title\" content=\"Harjutuspea inimese juustega | patsid.ee\" \/>\n<meta property=\"og:description\" content=\"Harjutuspea inimjuustega patside punumise \u00f5ppimiseks. Sobib afropatside ja lokipatside harjutamiseks, juuksejaotuste tegemiseks ja punumistehnika arendamiseks.\" \/>\n<meta property=\"og:url\" content=\"https:\/\/patsid.ee\/en\/product\/harjutuspea-inimese-juustega\/\" \/>\n<meta property=\"og:site_name\" content=\"patsid.ee\" \/>\n<meta property=\"article:publisher\" content=\"https:\/\/www.facebook.com\/rastadehooldus\" \/>\n<meta property=\"article:modified_time\" content=\"2026-04-02T08:02:31+00:00\" \/>\n<meta property=\"og:image\" content=\"https:\/\/patsid.ee\/wp-content\/uploads\/2026\/03\/Mannekeeni-pea.jpg\" \/>\n\t<meta property=\"og:image:width\" content=\"1040\" \/>\n\t<meta property=\"og:image:height\" content=\"914\" \/>\n\t<meta property=\"og:image:type\" content=\"image\/jpeg\" \/>\n<meta name=\"twitter:card\" content=\"summary_large_image\" \/>\n<meta name=\"twitter:label1\" content=\"Est. reading time\" \/>\n\t<meta name=\"twitter:data1\" content=\"1 minute\" \/>\n<script type=\"application\/ld+json\" class=\"yoast-schema-graph\">{\"@context\":\"https:\\\/\\\/schema.org\",\"@graph\":[{\"@type\":\"WebPage\",\"@id\":\"https:\\\/\\\/patsid.ee\\\/product\\\/harjutuspea-inimese-juustega\\\/\",\"url\":\"https:\\\/\\\/patsid.ee\\\/product\\\/harjutuspea-inimese-juustega\\\/\",\"name\":\"Harjutuspea inimese juustega | patsid.ee\",\"isPartOf\":{\"@id\":\"https:\\\/\\\/patsid.ee\\\/#website\"},\"primaryImageOfPage\":{\"@id\":\"https:\\\/\\\/patsid.ee\\\/product\\\/harjutuspea-inimese-juustega\\\/#primaryimage\"},\"image\":{\"@id\":\"https:\\\/\\\/patsid.ee\\\/product\\\/harjutuspea-inimese-juustega\\\/#primaryimage\"},\"thumbnailUrl\":\"https:\\\/\\\/patsid.ee\\\/wp-content\\\/uploads\\\/2026\\\/03\\\/Mannekeeni-pea.jpg\",\"datePublished\":\"2026-03-04T20:21:28+00:00\",\"dateModified\":\"2026-04-02T08:02:31+00:00\",\"description\":\"Harjutuspea inimjuustega patside punumise \u00f5ppimiseks. Sobib afropatside ja lokipatside harjutamiseks, juuksejaotuste tegemiseks ja punumistehnika arendamiseks.\",\"breadcrumb\":{\"@id\":\"https:\\\/\\\/patsid.ee\\\/product\\\/harjutuspea-inimese-juustega\\\/#breadcrumb\"},\"inLanguage\":\"en-US\",\"potentialAction\":[{\"@type\":\"ReadAction\",\"target\":[\"https:\\\/\\\/patsid.ee\\\/product\\\/harjutuspea-inimese-juustega\\\/\"]}]},{\"@type\":\"ImageObject\",\"inLanguage\":\"en-US\",\"@id\":\"https:\\\/\\\/patsid.ee\\\/product\\\/harjutuspea-inimese-juustega\\\/#primaryimage\",\"url\":\"https:\\\/\\\/patsid.ee\\\/wp-content\\\/uploads\\\/2026\\\/03\\\/Mannekeeni-pea.jpg\",\"contentUrl\":\"https:\\\/\\\/patsid.ee\\\/wp-content\\\/uploads\\\/2026\\\/03\\\/Mannekeeni-pea.jpg\",\"width\":1040,\"height\":914,\"caption\":\"Harjutuspea patside punumise \u00f5ppimiseks. harjutuspea juuksev\u00e4rv valitakse juhuslikult.\"},{\"@type\":\"BreadcrumbList\",\"@id\":\"https:\\\/\\\/patsid.ee\\\/product\\\/harjutuspea-inimese-juustega\\\/#breadcrumb\",\"itemListElement\":[{\"@type\":\"ListItem\",\"position\":1,\"name\":\"Home\",\"item\":\"https:\\\/\\\/patsid.ee\\\/\"},{\"@type\":\"ListItem\",\"position\":2,\"name\":\"Harjutuspea inimese juustega\"}]},{\"@type\":\"WebSite\",\"@id\":\"https:\\\/\\\/patsid.ee\\\/#website\",\"url\":\"https:\\\/\\\/patsid.ee\\\/\",\"name\":\"RAP Rastade hooldus\",\"description\":\"Afropatsid, lokipatsid ja rastapatsid \u2014 teenused, kursused ja e-pood\",\"publisher\":{\"@id\":\"https:\\\/\\\/patsid.ee\\\/#organization\"},\"potentialAction\":[{\"@type\":\"SearchAction\",\"target\":{\"@type\":\"EntryPoint\",\"urlTemplate\":\"https:\\\/\\\/patsid.ee\\\/?s={search_term_string}\"},\"query-input\":{\"@type\":\"PropertyValueSpecification\",\"valueRequired\":true,\"valueName\":\"search_term_string\"}}],\"inLanguage\":\"en-US\"},{\"@type\":\"Organization\",\"@id\":\"https:\\\/\\\/patsid.ee\\\/#organization\",\"name\":\"RAP Rastade hooldus\",\"url\":\"https:\\\/\\\/patsid.ee\\\/\",\"logo\":{\"@type\":\"ImageObject\",\"inLanguage\":\"en-US\",\"@id\":\"https:\\\/\\\/patsid.ee\\\/#\\\/schema\\\/logo\\\/image\\\/\",\"url\":\"https:\\\/\\\/patsid.ee\\\/wp-content\\\/uploads\\\/2025\\\/08\\\/cropped-5.png\",\"contentUrl\":\"https:\\\/\\\/patsid.ee\\\/wp-content\\\/uploads\\\/2025\\\/08\\\/cropped-5.png\",\"width\":500,\"height\":500,\"caption\":\"RAP Rastade hooldus\"},\"image\":{\"@id\":\"https:\\\/\\\/patsid.ee\\\/#\\\/schema\\\/logo\\\/image\\\/\"},\"sameAs\":[\"https:\\\/\\\/www.facebook.com\\\/rastadehooldus\",\"https:\\\/\\\/www.instagram.com\\\/raprastadafrodpunutised\\\/\"]}]}<\/script>\n<!-- \/ Yoast SEO plugin. -->","yoast_head_json":{"title":"Harjutuspea inimese juustega | patsid.ee","description":"Harjutuspea inimjuustega patside punumise \u00f5ppimiseks. Sobib afropatside ja lokipatside harjutamiseks, juuksejaotuste tegemiseks ja punumistehnika arendamiseks.","robots":{"index":"index","follow":"follow","max-snippet":"max-snippet:-1","max-image-preview":"max-image-preview:large","max-video-preview":"max-video-preview:-1"},"canonical":"https:\/\/patsid.ee\/en\/product\/harjutuspea-inimese-juustega\/","og_locale":"en_US","og_type":"article","og_title":"Harjutuspea inimese juustega | patsid.ee","og_description":"Harjutuspea inimjuustega patside punumise \u00f5ppimiseks. Sobib afropatside ja lokipatside harjutamiseks, juuksejaotuste tegemiseks ja punumistehnika arendamiseks.","og_url":"https:\/\/patsid.ee\/en\/product\/harjutuspea-inimese-juustega\/","og_site_name":"patsid.ee","article_publisher":"https:\/\/www.facebook.com\/rastadehooldus","article_modified_time":"2026-04-02T08:02:31+00:00","og_image":[{"width":1040,"height":914,"url":"https:\/\/patsid.ee\/wp-content\/uploads\/2026\/03\/Mannekeeni-pea.jpg","type":"image\/jpeg"}],"twitter_card":"summary_large_image","twitter_misc":{"Est. reading time":"1 minute"},"schema":{"@context":"https:\/\/schema.org","@graph":[{"@type":"WebPage","@id":"https:\/\/patsid.ee\/product\/harjutuspea-inimese-juustega\/","url":"https:\/\/patsid.ee\/product\/harjutuspea-inimese-juustega\/","name":"Harjutuspea inimese juustega | patsid.ee","isPartOf":{"@id":"https:\/\/patsid.ee\/#website"},"primaryImageOfPage":{"@id":"https:\/\/patsid.ee\/product\/harjutuspea-inimese-juustega\/#primaryimage"},"image":{"@id":"https:\/\/patsid.ee\/product\/harjutuspea-inimese-juustega\/#primaryimage"},"thumbnailUrl":"https:\/\/patsid.ee\/wp-content\/uploads\/2026\/03\/Mannekeeni-pea.jpg","datePublished":"2026-03-04T20:21:28+00:00","dateModified":"2026-04-02T08:02:31+00:00","description":"Harjutuspea inimjuustega patside punumise \u00f5ppimiseks. Sobib afropatside ja lokipatside harjutamiseks, juuksejaotuste tegemiseks ja punumistehnika arendamiseks.","breadcrumb":{"@id":"https:\/\/patsid.ee\/product\/harjutuspea-inimese-juustega\/#breadcrumb"},"inLanguage":"en-US","potentialAction":[{"@type":"ReadAction","target":["https:\/\/patsid.ee\/product\/harjutuspea-inimese-juustega\/"]}]},{"@type":"ImageObject","inLanguage":"en-US","@id":"https:\/\/patsid.ee\/product\/harjutuspea-inimese-juustega\/#primaryimage","url":"https:\/\/patsid.ee\/wp-content\/uploads\/2026\/03\/Mannekeeni-pea.jpg","contentUrl":"https:\/\/patsid.ee\/wp-content\/uploads\/2026\/03\/Mannekeeni-pea.jpg","width":1040,"height":914,"caption":"Harjutuspea patside punumise \u00f5ppimiseks. harjutuspea juuksev\u00e4rv valitakse juhuslikult."},{"@type":"BreadcrumbList","@id":"https:\/\/patsid.ee\/product\/harjutuspea-inimese-juustega\/#breadcrumb","itemListElement":[{"@type":"ListItem","position":1,"name":"Home","item":"https:\/\/patsid.ee\/"},{"@type":"ListItem","position":2,"name":"Harjutuspea inimese juustega"}]},{"@type":"WebSite","@id":"https:\/\/patsid.ee\/#website","url":"https:\/\/patsid.ee\/","name":"RAP Rastade hooldus","description":"Afropatsid, lokipatsid ja rastapatsid \u2014 teenused, kursused ja e-pood","publisher":{"@id":"https:\/\/patsid.ee\/#organization"},"potentialAction":[{"@type":"SearchAction","target":{"@type":"EntryPoint","urlTemplate":"https:\/\/patsid.ee\/?s={search_term_string}"},"query-input":{"@type":"PropertyValueSpecification","valueRequired":true,"valueName":"search_term_string"}}],"inLanguage":"en-US"},{"@type":"Organization","@id":"https:\/\/patsid.ee\/#organization","name":"RAP Rastade hooldus","url":"https:\/\/patsid.ee\/","logo":{"@type":"ImageObject","inLanguage":"en-US","@id":"https:\/\/patsid.ee\/#\/schema\/logo\/image\/","url":"https:\/\/patsid.ee\/wp-content\/uploads\/2025\/08\/cropped-5.png","contentUrl":"https:\/\/patsid.ee\/wp-content\/uploads\/2025\/08\/cropped-5.png","width":500,"height":500,"caption":"RAP Rastade hooldus"},"image":{"@id":"https:\/\/patsid.ee\/#\/schema\/logo\/image\/"},"sameAs":["https:\/\/www.facebook.com\/rastadehooldus","https:\/\/www.instagram.com\/raprastadafrodpunutised\/"]}]}},"_links":{"self":[{"href":"https:\/\/patsid.ee\/en\/wp-json\/wp\/v2\/product\/5001","targetHints":{"allow":["GET"]}}],"collection":[{"href":"https:\/\/patsid.ee\/en\/wp-json\/wp\/v2\/product"}],"about":[{"href":"https:\/\/patsid.ee\/en\/wp-json\/wp\/v2\/types\/product"}],"wp:featuredmedia":[{"embeddable":true,"href":"https:\/\/patsid.ee\/en\/wp-json\/wp\/v2\/media\/5002"}],"wp:attachment":[{"href":"https:\/\/patsid.ee\/en\/wp-json\/wp\/v2\/media?parent=5001"}],"wp:term":[{"taxonomy":"product_brand","embeddable":true,"href":"https:\/\/patsid.ee\/en\/wp-json\/wp\/v2\/product_brand?post=5001"},{"taxonomy":"product_cat","embeddable":true,"href":"https:\/\/patsid.ee\/en\/wp-json\/wp\/v2\/product_cat?post=5001"},{"taxonomy":"product_tag","embeddable":true,"href":"https:\/\/patsid.ee\/en\/wp-json\/wp\/v2\/product_tag?post=5001"}],"curies":[{"name":"wp","href":"https:\/\/api.w.org\/{rel}","templated":true}]}}