{"id":4986,"date":"2026-05-14T14:45:42","date_gmt":"2026-05-14T11:45:42","guid":{"rendered":"https:\/\/patsid.ee\/?post_type=product&#038;p=4986"},"modified":"2026-05-14T15:30:23","modified_gmt":"2026-05-14T12:30:23","slug":"patsipunuja-stardikomplekt-afropatsid-ja-lokipatsid","status":"publish","type":"product","link":"https:\/\/patsid.ee\/en\/product\/patsipunuja-stardikomplekt-afropatsid-ja-lokipatsid\/","title":{"rendered":"Patsipunuja stardikomplekt (afropatsid ja lokipatsid)"},"content":{"rendered":"<p data-start=\"0\" data-end=\"87\"><strong data-start=\"0\" data-end=\"87\">Patsipunuja stardikomplekt \u2013 k\u00f5ik vajalik alustavale patsipunujaile \u00fches komplektis<\/strong><\/p>\n<p data-start=\"89\" data-end=\"382\">See stardikomplekt on loodud spetsiaalselt neile, kes soovivad \u00f5ppida ja harjutada patsipunumist v\u00f5i alustada oma teekonda patsipunujana. Komplekt sisaldab t\u00f6\u00f6vahendeid, millega saad kohe t\u00f6\u00f6le hakata \u2014 nii mannekeeni peal harjutades kui ka p\u00e4ris inimese juustele punudes.<\/p>\n<p data-start=\"384\" data-end=\"454\">Sobib ideaalselt algajale, kursusel osalejale v\u00f5i hobikorras punujale.<\/p>\n<p data-start=\"456\" data-end=\"478\"><strong data-start=\"456\" data-end=\"478\">Komplekt sisaldab:<\/strong><\/p>\n<p data-start=\"480\" data-end=\"679\">\u2022 Patsimaterjal nii afropatside kui lokipatside punumise jaoks ( afropatsimaterjal terve pea jaoks ja lokipatsimaterjal terve pea jaoks)<br \/>\nPane t\u00e4hele! Materjal valitakse juhuslikult.\u00a0 Erinevad v\u00e4rvid l\u00e4bisegi.<br data-start=\"518\" data-end=\"521\" \/>\u2022 Kammid ja harjad<br data-start=\"543\" data-end=\"546\" \/>\u2022 Klambrid<br data-start=\"577\" data-end=\"580\" \/>\u2022 K\u00e4\u00e4rid ( 3 erinevat)<br data-start=\"588\" data-end=\"591\" \/>\u2022 Vajalikud v\u00e4iksemad t\u00f6\u00f6vahendid ( patsikummid kolmed erinevad)<br \/>\n\u2022 Kinnitusvahendid<br \/>\n\u2022 Harjutuspea (Inimese juustega)<\/p>\n<p data-start=\"782\" data-end=\"800\"><strong data-start=\"782\" data-end=\"800\">Kellele sobib:<\/strong><\/p>\n<p data-start=\"802\" data-end=\"951\">\u2713 Algajale patsipunujale<br data-start=\"827\" data-end=\"830\" \/>\u2713 E-kursuse \u00f5ppijale<br data-start=\"850\" data-end=\"853\" \/>\u2713 Mannekeeni peal harjutamiseks<br data-start=\"884\" data-end=\"887\" \/>\u2713 Koduseks kasutamiseks<\/p>\n<p data-start=\"953\" data-end=\"1078\">Stardikomplekt aitab v\u00e4ltida olukorda, kus pead vajalikke t\u00f6\u00f6riistu eraldi otsima v\u00f5i tellima \u2014 k\u00f5ik p\u00f5hiline on kohe olemas.<\/p>\n<p data-start=\"1080\" data-end=\"1182\">Ideaalne kingitus inimesele, kes soovib \u00f5ppida afropatside, lokipatside v\u00f5i teiste punutiste tegemist.<\/p>","protected":false},"excerpt":{"rendered":"<p data-start=\"0\" data-end=\"85\">Patsipunuja stardikomplekt \u2013 k\u00f5ik vajalik alustavale patsipunujaile \u00fches komplektis \u2728<\/p>\n<p data-start=\"87\" data-end=\"339\">See komplekt on loodud neile, kes soovivad \u00f5ppida ja harjutada patsipunumist v\u00f5i alustada oma teekonda patsipunuja maailmas. Komplekt sisaldab praktilisi t\u00f6\u00f6vahendeid, millega saad kohe harjutama hakata \u2014 nii mannekeeni peas kui p\u00e4ris juustele punudes.<\/p>\n<p data-start=\"341\" data-end=\"534\">Komplekt sisaldab:<br \/>\n\u2022 Harjutusmaterjali patside punumiseks<br data-start=\"398\" data-end=\"401\" \/>\u2022 Vajalikud kammid ja klambrid<br data-start=\"431\" data-end=\"434\" \/>\u2022 3 erinevat k\u00e4\u00e4ri<br data-start=\"452\" data-end=\"455\" \/>\u2022 Patsikummid ja v\u00e4iksemad t\u00f6\u00f6vahendid<br data-start=\"493\" data-end=\"496\" \/>\u2022 Naturaalsete juustega harjutuspead<\/p>\n<p data-start=\"536\" data-end=\"671\">Sobib ideaalselt:<br \/>\n\u2713 Algajale patsipunujale<br data-start=\"578\" data-end=\"581\" \/>\u2713 E-kursuse \u00f5ppijale<br data-start=\"601\" data-end=\"604\" \/>\u2713 Koduseks harjutamiseks<br data-start=\"628\" data-end=\"631\" \/>\u2713 Kingituseks loomingulisele inimesele<\/p>\n<p data-start=\"673\" data-end=\"763\" data-is-last-node=\"\" data-is-only-node=\"\">K\u00f5ik p\u00f5hiline on \u00fches komplektis olemas \u2014 et saaksid keskenduda \u00f5ppimisele ja loomisele \ud83d\udc9b<\/p>","protected":false},"featured_media":6710,"template":"","meta":{"site-sidebar-layout":"default","site-content-layout":"","ast-site-content-layout":"default","site-content-style":"default","site-sidebar-style":"default","ast-global-header-display":"","ast-banner-title-visibility":"","ast-main-header-display":"","ast-hfb-above-header-display":"","ast-hfb-below-header-display":"","ast-hfb-mobile-header-display":"","site-post-title":"","ast-breadcrumbs-content":"","ast-featured-img":"","footer-sml-layout":"","ast-disable-related-posts":"","theme-transparent-header-meta":"default","adv-header-id-meta":"","stick-header-meta":"","header-above-stick-meta":"","header-main-stick-meta":"","header-below-stick-meta":"","astra-migrate-meta-layouts":"set","ast-page-background-enabled":"default","ast-page-background-meta":{"desktop":{"background-color":"","background-image":"","background-repeat":"repeat","background-position":"center center","background-size":"auto","background-attachment":"scroll","background-type":"","background-media":"","overlay-type":"","overlay-color":"","overlay-opacity":"","overlay-gradient":""},"tablet":{"background-color":"","background-image":"","background-repeat":"repeat","background-position":"center center","background-size":"auto","background-attachment":"scroll","background-type":"","background-media":"","overlay-type":"","overlay-color":"","overlay-opacity":"","overlay-gradient":""},"mobile":{"background-color":"","background-image":"","background-repeat":"repeat","background-position":"center center","background-size":"auto","background-attachment":"scroll","background-type":"","background-media":"","overlay-type":"","overlay-color":"","overlay-opacity":"","overlay-gradient":""}},"ast-content-background-meta":{"desktop":{"background-color":"var(--ast-global-color-5)","background-image":"","background-repeat":"repeat","background-position":"center center","background-size":"auto","background-attachment":"scroll","background-type":"","background-media":"","overlay-type":"","overlay-color":"","overlay-opacity":"","overlay-gradient":""},"tablet":{"background-color":"var(--ast-global-color-5)","background-image":"","background-repeat":"repeat","background-position":"center center","background-size":"auto","background-attachment":"scroll","background-type":"","background-media":"","overlay-type":"","overlay-color":"","overlay-opacity":"","overlay-gradient":""},"mobile":{"background-color":"var(--ast-global-color-5)","background-image":"","background-repeat":"repeat","background-position":"center center","background-size":"auto","background-attachment":"scroll","background-type":"","background-media":"","overlay-type":"","overlay-color":"","overlay-opacity":"","overlay-gradient":""}},"iawp_total_views":0},"product_brand":[],"product_cat":[53],"product_tag":[],"class_list":{"0":"post-4986","1":"product","2":"type-product","3":"status-publish","4":"has-post-thumbnail","6":"product_cat-patsipunuja-toovahendid","7":"desktop-align-left","8":"tablet-align-left","9":"mobile-align-left","11":"first","12":"instock","13":"sale","14":"purchasable","15":"product-type-simple"},"yoast_head":"<!-- This site is optimized with the Yoast SEO plugin v27.6 - https:\/\/yoast.com\/product\/yoast-seo-wordpress\/ -->\n<title>Patsipunuja stardikomplekt (afropatsid ja lokipatsid) | patsid.ee<\/title>\n<meta name=\"description\" content=\"Patsipunuja stardikomplekt algajale \u2013 k\u00f5ik vajalik afropatside ja lokipatside \u00f5ppimiseks \u00fches komplektis. Sobib harjutamiseks, e-kursuse k\u00f5rvale ja koduseks kasutamiseks.\" \/>\n<meta name=\"robots\" content=\"index, follow, max-snippet:-1, max-image-preview:large, max-video-preview:-1\" \/>\n<link rel=\"canonical\" href=\"https:\/\/patsid.ee\/en\/product\/patsipunuja-stardikomplekt-afropatsid-ja-lokipatsid\/\" \/>\n<meta property=\"og:locale\" content=\"en_US\" \/>\n<meta property=\"og:type\" content=\"article\" \/>\n<meta property=\"og:title\" content=\"Patsipunuja stardikomplekt (afropatsid ja lokipatsid) | patsid.ee\" \/>\n<meta property=\"og:description\" content=\"Patsipunuja stardikomplekt algajale \u2013 k\u00f5ik vajalik afropatside ja lokipatside \u00f5ppimiseks \u00fches komplektis. Sobib harjutamiseks, e-kursuse k\u00f5rvale ja koduseks kasutamiseks.\" \/>\n<meta property=\"og:url\" content=\"https:\/\/patsid.ee\/en\/product\/patsipunuja-stardikomplekt-afropatsid-ja-lokipatsid\/\" \/>\n<meta property=\"og:site_name\" content=\"patsid.ee\" \/>\n<meta property=\"article:publisher\" content=\"https:\/\/www.facebook.com\/rastadehooldus\" \/>\n<meta property=\"article:modified_time\" content=\"2026-05-14T12:30:23+00:00\" \/>\n<meta property=\"og:image\" content=\"https:\/\/patsid.ee\/wp-content\/uploads\/2026\/05\/7ba74e03-f2a4-494c-90f5-80854149ddf9-1.jpg\" \/>\n\t<meta property=\"og:image:width\" content=\"1536\" \/>\n\t<meta property=\"og:image:height\" content=\"1024\" \/>\n\t<meta property=\"og:image:type\" content=\"image\/jpeg\" \/>\n<meta name=\"twitter:card\" content=\"summary_large_image\" \/>\n<meta name=\"twitter:label1\" content=\"Est. reading time\" \/>\n\t<meta name=\"twitter:data1\" content=\"1 minute\" \/>\n<script type=\"application\/ld+json\" class=\"yoast-schema-graph\">{\"@context\":\"https:\\\/\\\/schema.org\",\"@graph\":[{\"@type\":\"WebPage\",\"@id\":\"https:\\\/\\\/patsid.ee\\\/product\\\/patsipunuja-stardikomplekt-afropatsid-ja-lokipatsid\\\/\",\"url\":\"https:\\\/\\\/patsid.ee\\\/product\\\/patsipunuja-stardikomplekt-afropatsid-ja-lokipatsid\\\/\",\"name\":\"Patsipunuja stardikomplekt (afropatsid ja lokipatsid) | patsid.ee\",\"isPartOf\":{\"@id\":\"https:\\\/\\\/patsid.ee\\\/#website\"},\"primaryImageOfPage\":{\"@id\":\"https:\\\/\\\/patsid.ee\\\/product\\\/patsipunuja-stardikomplekt-afropatsid-ja-lokipatsid\\\/#primaryimage\"},\"image\":{\"@id\":\"https:\\\/\\\/patsid.ee\\\/product\\\/patsipunuja-stardikomplekt-afropatsid-ja-lokipatsid\\\/#primaryimage\"},\"thumbnailUrl\":\"https:\\\/\\\/patsid.ee\\\/wp-content\\\/uploads\\\/2026\\\/05\\\/7ba74e03-f2a4-494c-90f5-80854149ddf9-1.jpg\",\"datePublished\":\"2026-05-14T11:45:42+00:00\",\"dateModified\":\"2026-05-14T12:30:23+00:00\",\"description\":\"Patsipunuja stardikomplekt algajale \u2013 k\u00f5ik vajalik afropatside ja lokipatside \u00f5ppimiseks \u00fches komplektis. Sobib harjutamiseks, e-kursuse k\u00f5rvale ja koduseks kasutamiseks.\",\"breadcrumb\":{\"@id\":\"https:\\\/\\\/patsid.ee\\\/product\\\/patsipunuja-stardikomplekt-afropatsid-ja-lokipatsid\\\/#breadcrumb\"},\"inLanguage\":\"en-US\",\"potentialAction\":[{\"@type\":\"ReadAction\",\"target\":[\"https:\\\/\\\/patsid.ee\\\/product\\\/patsipunuja-stardikomplekt-afropatsid-ja-lokipatsid\\\/\"]}]},{\"@type\":\"ImageObject\",\"inLanguage\":\"en-US\",\"@id\":\"https:\\\/\\\/patsid.ee\\\/product\\\/patsipunuja-stardikomplekt-afropatsid-ja-lokipatsid\\\/#primaryimage\",\"url\":\"https:\\\/\\\/patsid.ee\\\/wp-content\\\/uploads\\\/2026\\\/05\\\/7ba74e03-f2a4-494c-90f5-80854149ddf9-1.jpg\",\"contentUrl\":\"https:\\\/\\\/patsid.ee\\\/wp-content\\\/uploads\\\/2026\\\/05\\\/7ba74e03-f2a4-494c-90f5-80854149ddf9-1.jpg\",\"width\":1536,\"height\":1024,\"caption\":\"Patsipunuja Stardikomplekt\"},{\"@type\":\"BreadcrumbList\",\"@id\":\"https:\\\/\\\/patsid.ee\\\/product\\\/patsipunuja-stardikomplekt-afropatsid-ja-lokipatsid\\\/#breadcrumb\",\"itemListElement\":[{\"@type\":\"ListItem\",\"position\":1,\"name\":\"Home\",\"item\":\"https:\\\/\\\/patsid.ee\\\/\"},{\"@type\":\"ListItem\",\"position\":2,\"name\":\"Patsipunuja stardikomplekt (afropatsid ja lokipatsid)\"}]},{\"@type\":\"WebSite\",\"@id\":\"https:\\\/\\\/patsid.ee\\\/#website\",\"url\":\"https:\\\/\\\/patsid.ee\\\/\",\"name\":\"RAP Rastade hooldus\",\"description\":\"Afropatsid, lokipatsid ja rastapatsid \u2014 teenused, kursused ja e-pood\",\"publisher\":{\"@id\":\"https:\\\/\\\/patsid.ee\\\/#organization\"},\"potentialAction\":[{\"@type\":\"SearchAction\",\"target\":{\"@type\":\"EntryPoint\",\"urlTemplate\":\"https:\\\/\\\/patsid.ee\\\/?s={search_term_string}\"},\"query-input\":{\"@type\":\"PropertyValueSpecification\",\"valueRequired\":true,\"valueName\":\"search_term_string\"}}],\"inLanguage\":\"en-US\"},{\"@type\":\"Organization\",\"@id\":\"https:\\\/\\\/patsid.ee\\\/#organization\",\"name\":\"RAP Rastade hooldus\",\"url\":\"https:\\\/\\\/patsid.ee\\\/\",\"logo\":{\"@type\":\"ImageObject\",\"inLanguage\":\"en-US\",\"@id\":\"https:\\\/\\\/patsid.ee\\\/#\\\/schema\\\/logo\\\/image\\\/\",\"url\":\"https:\\\/\\\/patsid.ee\\\/wp-content\\\/uploads\\\/2025\\\/08\\\/cropped-5.png\",\"contentUrl\":\"https:\\\/\\\/patsid.ee\\\/wp-content\\\/uploads\\\/2025\\\/08\\\/cropped-5.png\",\"width\":500,\"height\":500,\"caption\":\"RAP Rastade hooldus\"},\"image\":{\"@id\":\"https:\\\/\\\/patsid.ee\\\/#\\\/schema\\\/logo\\\/image\\\/\"},\"sameAs\":[\"https:\\\/\\\/www.facebook.com\\\/rastadehooldus\",\"https:\\\/\\\/www.instagram.com\\\/raprastadafrodpunutised\\\/\"]}]}<\/script>\n<!-- \/ Yoast SEO plugin. -->","yoast_head_json":{"title":"Patsipunuja stardikomplekt (afropatsid ja lokipatsid) | patsid.ee","description":"Patsipunuja stardikomplekt algajale \u2013 k\u00f5ik vajalik afropatside ja lokipatside \u00f5ppimiseks \u00fches komplektis. Sobib harjutamiseks, e-kursuse k\u00f5rvale ja koduseks kasutamiseks.","robots":{"index":"index","follow":"follow","max-snippet":"max-snippet:-1","max-image-preview":"max-image-preview:large","max-video-preview":"max-video-preview:-1"},"canonical":"https:\/\/patsid.ee\/en\/product\/patsipunuja-stardikomplekt-afropatsid-ja-lokipatsid\/","og_locale":"en_US","og_type":"article","og_title":"Patsipunuja stardikomplekt (afropatsid ja lokipatsid) | patsid.ee","og_description":"Patsipunuja stardikomplekt algajale \u2013 k\u00f5ik vajalik afropatside ja lokipatside \u00f5ppimiseks \u00fches komplektis. Sobib harjutamiseks, e-kursuse k\u00f5rvale ja koduseks kasutamiseks.","og_url":"https:\/\/patsid.ee\/en\/product\/patsipunuja-stardikomplekt-afropatsid-ja-lokipatsid\/","og_site_name":"patsid.ee","article_publisher":"https:\/\/www.facebook.com\/rastadehooldus","article_modified_time":"2026-05-14T12:30:23+00:00","og_image":[{"width":1536,"height":1024,"url":"https:\/\/patsid.ee\/wp-content\/uploads\/2026\/05\/7ba74e03-f2a4-494c-90f5-80854149ddf9-1.jpg","type":"image\/jpeg"}],"twitter_card":"summary_large_image","twitter_misc":{"Est. reading time":"1 minute"},"schema":{"@context":"https:\/\/schema.org","@graph":[{"@type":"WebPage","@id":"https:\/\/patsid.ee\/product\/patsipunuja-stardikomplekt-afropatsid-ja-lokipatsid\/","url":"https:\/\/patsid.ee\/product\/patsipunuja-stardikomplekt-afropatsid-ja-lokipatsid\/","name":"Patsipunuja stardikomplekt (afropatsid ja lokipatsid) | patsid.ee","isPartOf":{"@id":"https:\/\/patsid.ee\/#website"},"primaryImageOfPage":{"@id":"https:\/\/patsid.ee\/product\/patsipunuja-stardikomplekt-afropatsid-ja-lokipatsid\/#primaryimage"},"image":{"@id":"https:\/\/patsid.ee\/product\/patsipunuja-stardikomplekt-afropatsid-ja-lokipatsid\/#primaryimage"},"thumbnailUrl":"https:\/\/patsid.ee\/wp-content\/uploads\/2026\/05\/7ba74e03-f2a4-494c-90f5-80854149ddf9-1.jpg","datePublished":"2026-05-14T11:45:42+00:00","dateModified":"2026-05-14T12:30:23+00:00","description":"Patsipunuja stardikomplekt algajale \u2013 k\u00f5ik vajalik afropatside ja lokipatside \u00f5ppimiseks \u00fches komplektis. Sobib harjutamiseks, e-kursuse k\u00f5rvale ja koduseks kasutamiseks.","breadcrumb":{"@id":"https:\/\/patsid.ee\/product\/patsipunuja-stardikomplekt-afropatsid-ja-lokipatsid\/#breadcrumb"},"inLanguage":"en-US","potentialAction":[{"@type":"ReadAction","target":["https:\/\/patsid.ee\/product\/patsipunuja-stardikomplekt-afropatsid-ja-lokipatsid\/"]}]},{"@type":"ImageObject","inLanguage":"en-US","@id":"https:\/\/patsid.ee\/product\/patsipunuja-stardikomplekt-afropatsid-ja-lokipatsid\/#primaryimage","url":"https:\/\/patsid.ee\/wp-content\/uploads\/2026\/05\/7ba74e03-f2a4-494c-90f5-80854149ddf9-1.jpg","contentUrl":"https:\/\/patsid.ee\/wp-content\/uploads\/2026\/05\/7ba74e03-f2a4-494c-90f5-80854149ddf9-1.jpg","width":1536,"height":1024,"caption":"Patsipunuja Stardikomplekt"},{"@type":"BreadcrumbList","@id":"https:\/\/patsid.ee\/product\/patsipunuja-stardikomplekt-afropatsid-ja-lokipatsid\/#breadcrumb","itemListElement":[{"@type":"ListItem","position":1,"name":"Home","item":"https:\/\/patsid.ee\/"},{"@type":"ListItem","position":2,"name":"Patsipunuja stardikomplekt (afropatsid ja lokipatsid)"}]},{"@type":"WebSite","@id":"https:\/\/patsid.ee\/#website","url":"https:\/\/patsid.ee\/","name":"RAP Rastade hooldus","description":"Afropatsid, lokipatsid ja rastapatsid \u2014 teenused, kursused ja e-pood","publisher":{"@id":"https:\/\/patsid.ee\/#organization"},"potentialAction":[{"@type":"SearchAction","target":{"@type":"EntryPoint","urlTemplate":"https:\/\/patsid.ee\/?s={search_term_string}"},"query-input":{"@type":"PropertyValueSpecification","valueRequired":true,"valueName":"search_term_string"}}],"inLanguage":"en-US"},{"@type":"Organization","@id":"https:\/\/patsid.ee\/#organization","name":"RAP Rastade hooldus","url":"https:\/\/patsid.ee\/","logo":{"@type":"ImageObject","inLanguage":"en-US","@id":"https:\/\/patsid.ee\/#\/schema\/logo\/image\/","url":"https:\/\/patsid.ee\/wp-content\/uploads\/2025\/08\/cropped-5.png","contentUrl":"https:\/\/patsid.ee\/wp-content\/uploads\/2025\/08\/cropped-5.png","width":500,"height":500,"caption":"RAP Rastade hooldus"},"image":{"@id":"https:\/\/patsid.ee\/#\/schema\/logo\/image\/"},"sameAs":["https:\/\/www.facebook.com\/rastadehooldus","https:\/\/www.instagram.com\/raprastadafrodpunutised\/"]}]}},"_links":{"self":[{"href":"https:\/\/patsid.ee\/en\/wp-json\/wp\/v2\/product\/4986","targetHints":{"allow":["GET"]}}],"collection":[{"href":"https:\/\/patsid.ee\/en\/wp-json\/wp\/v2\/product"}],"about":[{"href":"https:\/\/patsid.ee\/en\/wp-json\/wp\/v2\/types\/product"}],"wp:featuredmedia":[{"embeddable":true,"href":"https:\/\/patsid.ee\/en\/wp-json\/wp\/v2\/media\/6710"}],"wp:attachment":[{"href":"https:\/\/patsid.ee\/en\/wp-json\/wp\/v2\/media?parent=4986"}],"wp:term":[{"taxonomy":"product_brand","embeddable":true,"href":"https:\/\/patsid.ee\/en\/wp-json\/wp\/v2\/product_brand?post=4986"},{"taxonomy":"product_cat","embeddable":true,"href":"https:\/\/patsid.ee\/en\/wp-json\/wp\/v2\/product_cat?post=4986"},{"taxonomy":"product_tag","embeddable":true,"href":"https:\/\/patsid.ee\/en\/wp-json\/wp\/v2\/product_tag?post=4986"}],"curies":[{"name":"wp","href":"https:\/\/api.w.org\/{rel}","templated":true}]}}