{"id":4929,"date":"2026-02-13T14:02:49","date_gmt":"2026-02-13T14:02:49","guid":{"rendered":"https:\/\/patsid.ee\/?post_type=product&#038;p=4929"},"modified":"2026-02-13T14:02:49","modified_gmt":"2026-02-13T14:02:49","slug":"lokipatside-paigaldus-100-ettemaks","status":"publish","type":"product","link":"https:\/\/patsid.ee\/en\/product\/lokipatside-paigaldus-100-ettemaks\/","title":{"rendered":"Lokipatside teenus ( 100% ettemaks )"},"content":{"rendered":"<p data-start=\"820\" data-end=\"918\">Tasudes kogu summa ette, on sinu lokipatside teenus t\u00e4ielikult tasutud ning broneering kinnitatud.<\/p>\n<p data-start=\"920\" data-end=\"1000\">\u26a0\ufe0f Enne tasumist palun konsulteeri minuga, et kinnitada sobivus ja aja saadavus.<\/p>\n<p data-start=\"1002\" data-end=\"1104\">P\u00e4rast ostu sooritamist v\u00f5etakse sinuga \u00fchendust, et kokku leppida sobiv aeg ning t\u00e4psustada detailid.<\/p>\n<p data-start=\"1106\" data-end=\"1129\"><strong data-start=\"1106\" data-end=\"1129\">Info teenuse kohta:<\/strong><\/p>\n<p data-start=\"1131\" data-end=\"1279\">\u2022 T\u00e4ispea lokipatside paigaldusteenus<br data-start=\"1162\" data-end=\"1165\" \/>\u2022 Teenus toimub salongis Viljandis<br data-start=\"1199\" data-end=\"1202\" \/>\u2022 Kestus umbes 4\u20135 tundi<\/p>\n<p data-start=\"1281\" data-end=\"1293\"><strong data-start=\"1281\" data-end=\"1293\">Oluline:<\/strong><\/p>\n<p data-start=\"1295\" data-end=\"1362\">\u2022 Ettemaks ei kuulu tagastamisele.<br data-start=\"1328\" data-end=\"1331\" \/>\u2022 Aega saab muuta v\u00f5i edasi l\u00fckata kokkuleppel<\/p>","protected":false},"excerpt":{"rendered":"<p>T\u00e4ielik ettemaks lokipatside paigaldamise teenuse eest.<br data-start=\"391\" data-end=\"394\" \/>Peale tasumist v\u00f5etakse sinuga \u00fchendust aja kokkuleppimiseks.<br data-start=\"455\" data-end=\"458\" \/>\u26a0\ufe0f Enne tasumist palun konsulteeri aja ja teenuse osas minuga.<\/p>\n<figure id=\"attachment_4931\" aria-describedby=\"caption-attachment-4931\" style=\"width: 240px\" class=\"wp-caption alignnone\"><img fetchpriority=\"high\" decoding=\"async\" class=\"size-medium wp-image-4931\" src=\"https:\/\/patsid.ee\/wp-content\/uploads\/2026\/02\/triinu-240x300.jpg\" alt=\"Lokipatside paigaldus terve pea. Pikkade lokkidega punutised\" width=\"240\" height=\"300\" srcset=\"https:\/\/patsid.ee\/wp-content\/uploads\/2026\/02\/triinu-240x300.jpg 240w, https:\/\/patsid.ee\/wp-content\/uploads\/2026\/02\/triinu-600x750.jpg 600w, https:\/\/patsid.ee\/wp-content\/uploads\/2026\/02\/triinu-819x1024.jpg 819w, https:\/\/patsid.ee\/wp-content\/uploads\/2026\/02\/triinu-768x960.jpg 768w, https:\/\/patsid.ee\/wp-content\/uploads\/2026\/02\/triinu-10x12.jpg 10w, https:\/\/patsid.ee\/wp-content\/uploads\/2026\/02\/triinu.jpg 1080w\" sizes=\"(max-width: 240px) 100vw, 240px\" \/><figcaption id=\"caption-attachment-4931\" class=\"wp-caption-text\">T\u00e4ispea lokipatsid \u2014 efektne ja pilkup\u00fc\u00fcdev tulemus<\/figcaption><\/figure>","protected":false},"featured_media":4931,"template":"","meta":{"site-sidebar-layout":"default","site-content-layout":"","ast-site-content-layout":"default","site-content-style":"default","site-sidebar-style":"default","ast-global-header-display":"","ast-banner-title-visibility":"","ast-main-header-display":"","ast-hfb-above-header-display":"","ast-hfb-below-header-display":"","ast-hfb-mobile-header-display":"","site-post-title":"","ast-breadcrumbs-content":"","ast-featured-img":"","footer-sml-layout":"","ast-disable-related-posts":"","theme-transparent-header-meta":"default","adv-header-id-meta":"","stick-header-meta":"","header-above-stick-meta":"","header-main-stick-meta":"","header-below-stick-meta":"","astra-migrate-meta-layouts":"set","ast-page-background-enabled":"default","ast-page-background-meta":{"desktop":{"background-color":"","background-image":"","background-repeat":"repeat","background-position":"center center","background-size":"auto","background-attachment":"scroll","background-type":"","background-media":"","overlay-type":"","overlay-color":"","overlay-opacity":"","overlay-gradient":""},"tablet":{"background-color":"","background-image":"","background-repeat":"repeat","background-position":"center center","background-size":"auto","background-attachment":"scroll","background-type":"","background-media":"","overlay-type":"","overlay-color":"","overlay-opacity":"","overlay-gradient":""},"mobile":{"background-color":"","background-image":"","background-repeat":"repeat","background-position":"center center","background-size":"auto","background-attachment":"scroll","background-type":"","background-media":"","overlay-type":"","overlay-color":"","overlay-opacity":"","overlay-gradient":""}},"ast-content-background-meta":{"desktop":{"background-color":"var(--ast-global-color-5)","background-image":"","background-repeat":"repeat","background-position":"center center","background-size":"auto","background-attachment":"scroll","background-type":"","background-media":"","overlay-type":"","overlay-color":"","overlay-opacity":"","overlay-gradient":""},"tablet":{"background-color":"var(--ast-global-color-5)","background-image":"","background-repeat":"repeat","background-position":"center center","background-size":"auto","background-attachment":"scroll","background-type":"","background-media":"","overlay-type":"","overlay-color":"","overlay-opacity":"","overlay-gradient":""},"mobile":{"background-color":"var(--ast-global-color-5)","background-image":"","background-repeat":"repeat","background-position":"center center","background-size":"auto","background-attachment":"scroll","background-type":"","background-media":"","overlay-type":"","overlay-color":"","overlay-opacity":"","overlay-gradient":""}},"iawp_total_views":3},"product_brand":[],"product_cat":[22],"product_tag":[],"class_list":{"0":"post-4929","1":"product","2":"type-product","3":"status-publish","4":"has-post-thumbnail","6":"product_cat-teenuse-eest-tasumine","7":"desktop-align-left","8":"tablet-align-left","9":"mobile-align-left","11":"first","12":"instock","13":"virtual","14":"purchasable","15":"product-type-simple"},"yoast_head":"<!-- This site is optimized with the Yoast SEO plugin v27.4 - https:\/\/yoast.com\/product\/yoast-seo-wordpress\/ -->\n<title>Lokipatside teenus ( 100% ettemaks ) | patsid.ee<\/title>\n<meta name=\"description\" content=\"\ud83d\udc49Lokipatside paigaldus Viljandis. Tasumine 100% ettemaksuna. Enne ostu palun konsulteeri aja ja teenuse sobivuse osas. Professionaalne ja efektne tulemus.\" \/>\n<meta name=\"robots\" content=\"index, follow, max-snippet:-1, max-image-preview:large, max-video-preview:-1\" \/>\n<link rel=\"canonical\" href=\"https:\/\/patsid.ee\/en\/product\/lokipatside-paigaldus-100-ettemaks\/\" \/>\n<meta property=\"og:locale\" content=\"en_US\" \/>\n<meta property=\"og:type\" content=\"article\" \/>\n<meta property=\"og:title\" content=\"Lokipatside teenus ( 100% ettemaks ) | patsid.ee\" \/>\n<meta property=\"og:description\" content=\"\ud83d\udc49Lokipatside paigaldus Viljandis. Tasumine 100% ettemaksuna. Enne ostu palun konsulteeri aja ja teenuse sobivuse osas. Professionaalne ja efektne tulemus.\" \/>\n<meta property=\"og:url\" content=\"https:\/\/patsid.ee\/en\/product\/lokipatside-paigaldus-100-ettemaks\/\" \/>\n<meta property=\"og:site_name\" content=\"patsid.ee\" \/>\n<meta property=\"article:publisher\" content=\"https:\/\/www.facebook.com\/rastadehooldus\" \/>\n<meta property=\"og:image\" content=\"https:\/\/patsid.ee\/wp-content\/uploads\/2026\/02\/triinu.jpg\" \/>\n\t<meta property=\"og:image:width\" content=\"1080\" \/>\n\t<meta property=\"og:image:height\" content=\"1350\" \/>\n\t<meta property=\"og:image:type\" content=\"image\/jpeg\" \/>\n<meta name=\"twitter:card\" content=\"summary_large_image\" \/>\n<meta name=\"twitter:label1\" content=\"Est. reading time\" \/>\n\t<meta name=\"twitter:data1\" content=\"1 minute\" \/>\n<script type=\"application\/ld+json\" class=\"yoast-schema-graph\">{\"@context\":\"https:\\\/\\\/schema.org\",\"@graph\":[{\"@type\":\"WebPage\",\"@id\":\"https:\\\/\\\/patsid.ee\\\/product\\\/lokipatside-paigaldus-100-ettemaks\\\/\",\"url\":\"https:\\\/\\\/patsid.ee\\\/product\\\/lokipatside-paigaldus-100-ettemaks\\\/\",\"name\":\"Lokipatside teenus ( 100% ettemaks ) | patsid.ee\",\"isPartOf\":{\"@id\":\"https:\\\/\\\/patsid.ee\\\/#website\"},\"primaryImageOfPage\":{\"@id\":\"https:\\\/\\\/patsid.ee\\\/product\\\/lokipatside-paigaldus-100-ettemaks\\\/#primaryimage\"},\"image\":{\"@id\":\"https:\\\/\\\/patsid.ee\\\/product\\\/lokipatside-paigaldus-100-ettemaks\\\/#primaryimage\"},\"thumbnailUrl\":\"https:\\\/\\\/patsid.ee\\\/wp-content\\\/uploads\\\/2026\\\/02\\\/triinu.jpg\",\"datePublished\":\"2026-02-13T14:02:49+00:00\",\"description\":\"\ud83d\udc49Lokipatside paigaldus Viljandis. Tasumine 100% ettemaksuna. Enne ostu palun konsulteeri aja ja teenuse sobivuse osas. Professionaalne ja efektne tulemus.\",\"breadcrumb\":{\"@id\":\"https:\\\/\\\/patsid.ee\\\/product\\\/lokipatside-paigaldus-100-ettemaks\\\/#breadcrumb\"},\"inLanguage\":\"en-US\",\"potentialAction\":[{\"@type\":\"ReadAction\",\"target\":[\"https:\\\/\\\/patsid.ee\\\/product\\\/lokipatside-paigaldus-100-ettemaks\\\/\"]}]},{\"@type\":\"ImageObject\",\"inLanguage\":\"en-US\",\"@id\":\"https:\\\/\\\/patsid.ee\\\/product\\\/lokipatside-paigaldus-100-ettemaks\\\/#primaryimage\",\"url\":\"https:\\\/\\\/patsid.ee\\\/wp-content\\\/uploads\\\/2026\\\/02\\\/triinu.jpg\",\"contentUrl\":\"https:\\\/\\\/patsid.ee\\\/wp-content\\\/uploads\\\/2026\\\/02\\\/triinu.jpg\",\"width\":1080,\"height\":1350,\"caption\":\"T\u00e4ispea lokipatsid \u2014 efektne ja pilkup\u00fc\u00fcdev tulemus\"},{\"@type\":\"BreadcrumbList\",\"@id\":\"https:\\\/\\\/patsid.ee\\\/product\\\/lokipatside-paigaldus-100-ettemaks\\\/#breadcrumb\",\"itemListElement\":[{\"@type\":\"ListItem\",\"position\":1,\"name\":\"Home\",\"item\":\"https:\\\/\\\/patsid.ee\\\/\"},{\"@type\":\"ListItem\",\"position\":2,\"name\":\"Lokipatside teenus ( 100% ettemaks )\"}]},{\"@type\":\"WebSite\",\"@id\":\"https:\\\/\\\/patsid.ee\\\/#website\",\"url\":\"https:\\\/\\\/patsid.ee\\\/\",\"name\":\"RAP Rastade hooldus\",\"description\":\"Afropatsid, lokipatsid ja rastapatsid \u2014 teenused, kursused ja e-pood\",\"publisher\":{\"@id\":\"https:\\\/\\\/patsid.ee\\\/#organization\"},\"potentialAction\":[{\"@type\":\"SearchAction\",\"target\":{\"@type\":\"EntryPoint\",\"urlTemplate\":\"https:\\\/\\\/patsid.ee\\\/?s={search_term_string}\"},\"query-input\":{\"@type\":\"PropertyValueSpecification\",\"valueRequired\":true,\"valueName\":\"search_term_string\"}}],\"inLanguage\":\"en-US\"},{\"@type\":\"Organization\",\"@id\":\"https:\\\/\\\/patsid.ee\\\/#organization\",\"name\":\"RAP Rastade hooldus\",\"url\":\"https:\\\/\\\/patsid.ee\\\/\",\"logo\":{\"@type\":\"ImageObject\",\"inLanguage\":\"en-US\",\"@id\":\"https:\\\/\\\/patsid.ee\\\/#\\\/schema\\\/logo\\\/image\\\/\",\"url\":\"https:\\\/\\\/patsid.ee\\\/wp-content\\\/uploads\\\/2025\\\/08\\\/cropped-5.png\",\"contentUrl\":\"https:\\\/\\\/patsid.ee\\\/wp-content\\\/uploads\\\/2025\\\/08\\\/cropped-5.png\",\"width\":500,\"height\":500,\"caption\":\"RAP Rastade hooldus\"},\"image\":{\"@id\":\"https:\\\/\\\/patsid.ee\\\/#\\\/schema\\\/logo\\\/image\\\/\"},\"sameAs\":[\"https:\\\/\\\/www.facebook.com\\\/rastadehooldus\",\"https:\\\/\\\/www.instagram.com\\\/raprastadafrodpunutised\\\/\"]}]}<\/script>\n<!-- \/ Yoast SEO plugin. -->","yoast_head_json":{"title":"Lokipatside teenus ( 100% ettemaks ) | patsid.ee","description":"\ud83d\udc49Lokipatside paigaldus Viljandis. Tasumine 100% ettemaksuna. Enne ostu palun konsulteeri aja ja teenuse sobivuse osas. Professionaalne ja efektne tulemus.","robots":{"index":"index","follow":"follow","max-snippet":"max-snippet:-1","max-image-preview":"max-image-preview:large","max-video-preview":"max-video-preview:-1"},"canonical":"https:\/\/patsid.ee\/en\/product\/lokipatside-paigaldus-100-ettemaks\/","og_locale":"en_US","og_type":"article","og_title":"Lokipatside teenus ( 100% ettemaks ) | patsid.ee","og_description":"\ud83d\udc49Lokipatside paigaldus Viljandis. Tasumine 100% ettemaksuna. Enne ostu palun konsulteeri aja ja teenuse sobivuse osas. Professionaalne ja efektne tulemus.","og_url":"https:\/\/patsid.ee\/en\/product\/lokipatside-paigaldus-100-ettemaks\/","og_site_name":"patsid.ee","article_publisher":"https:\/\/www.facebook.com\/rastadehooldus","og_image":[{"width":1080,"height":1350,"url":"https:\/\/patsid.ee\/wp-content\/uploads\/2026\/02\/triinu.jpg","type":"image\/jpeg"}],"twitter_card":"summary_large_image","twitter_misc":{"Est. reading time":"1 minute"},"schema":{"@context":"https:\/\/schema.org","@graph":[{"@type":"WebPage","@id":"https:\/\/patsid.ee\/product\/lokipatside-paigaldus-100-ettemaks\/","url":"https:\/\/patsid.ee\/product\/lokipatside-paigaldus-100-ettemaks\/","name":"Lokipatside teenus ( 100% ettemaks ) | patsid.ee","isPartOf":{"@id":"https:\/\/patsid.ee\/#website"},"primaryImageOfPage":{"@id":"https:\/\/patsid.ee\/product\/lokipatside-paigaldus-100-ettemaks\/#primaryimage"},"image":{"@id":"https:\/\/patsid.ee\/product\/lokipatside-paigaldus-100-ettemaks\/#primaryimage"},"thumbnailUrl":"https:\/\/patsid.ee\/wp-content\/uploads\/2026\/02\/triinu.jpg","datePublished":"2026-02-13T14:02:49+00:00","description":"\ud83d\udc49Lokipatside paigaldus Viljandis. Tasumine 100% ettemaksuna. Enne ostu palun konsulteeri aja ja teenuse sobivuse osas. Professionaalne ja efektne tulemus.","breadcrumb":{"@id":"https:\/\/patsid.ee\/product\/lokipatside-paigaldus-100-ettemaks\/#breadcrumb"},"inLanguage":"en-US","potentialAction":[{"@type":"ReadAction","target":["https:\/\/patsid.ee\/product\/lokipatside-paigaldus-100-ettemaks\/"]}]},{"@type":"ImageObject","inLanguage":"en-US","@id":"https:\/\/patsid.ee\/product\/lokipatside-paigaldus-100-ettemaks\/#primaryimage","url":"https:\/\/patsid.ee\/wp-content\/uploads\/2026\/02\/triinu.jpg","contentUrl":"https:\/\/patsid.ee\/wp-content\/uploads\/2026\/02\/triinu.jpg","width":1080,"height":1350,"caption":"T\u00e4ispea lokipatsid \u2014 efektne ja pilkup\u00fc\u00fcdev tulemus"},{"@type":"BreadcrumbList","@id":"https:\/\/patsid.ee\/product\/lokipatside-paigaldus-100-ettemaks\/#breadcrumb","itemListElement":[{"@type":"ListItem","position":1,"name":"Home","item":"https:\/\/patsid.ee\/"},{"@type":"ListItem","position":2,"name":"Lokipatside teenus ( 100% ettemaks )"}]},{"@type":"WebSite","@id":"https:\/\/patsid.ee\/#website","url":"https:\/\/patsid.ee\/","name":"RAP Rastade hooldus","description":"Afropatsid, lokipatsid ja rastapatsid \u2014 teenused, kursused ja e-pood","publisher":{"@id":"https:\/\/patsid.ee\/#organization"},"potentialAction":[{"@type":"SearchAction","target":{"@type":"EntryPoint","urlTemplate":"https:\/\/patsid.ee\/?s={search_term_string}"},"query-input":{"@type":"PropertyValueSpecification","valueRequired":true,"valueName":"search_term_string"}}],"inLanguage":"en-US"},{"@type":"Organization","@id":"https:\/\/patsid.ee\/#organization","name":"RAP Rastade hooldus","url":"https:\/\/patsid.ee\/","logo":{"@type":"ImageObject","inLanguage":"en-US","@id":"https:\/\/patsid.ee\/#\/schema\/logo\/image\/","url":"https:\/\/patsid.ee\/wp-content\/uploads\/2025\/08\/cropped-5.png","contentUrl":"https:\/\/patsid.ee\/wp-content\/uploads\/2025\/08\/cropped-5.png","width":500,"height":500,"caption":"RAP Rastade hooldus"},"image":{"@id":"https:\/\/patsid.ee\/#\/schema\/logo\/image\/"},"sameAs":["https:\/\/www.facebook.com\/rastadehooldus","https:\/\/www.instagram.com\/raprastadafrodpunutised\/"]}]}},"_links":{"self":[{"href":"https:\/\/patsid.ee\/en\/wp-json\/wp\/v2\/product\/4929","targetHints":{"allow":["GET"]}}],"collection":[{"href":"https:\/\/patsid.ee\/en\/wp-json\/wp\/v2\/product"}],"about":[{"href":"https:\/\/patsid.ee\/en\/wp-json\/wp\/v2\/types\/product"}],"wp:featuredmedia":[{"embeddable":true,"href":"https:\/\/patsid.ee\/en\/wp-json\/wp\/v2\/media\/4931"}],"wp:attachment":[{"href":"https:\/\/patsid.ee\/en\/wp-json\/wp\/v2\/media?parent=4929"}],"wp:term":[{"taxonomy":"product_brand","embeddable":true,"href":"https:\/\/patsid.ee\/en\/wp-json\/wp\/v2\/product_brand?post=4929"},{"taxonomy":"product_cat","embeddable":true,"href":"https:\/\/patsid.ee\/en\/wp-json\/wp\/v2\/product_cat?post=4929"},{"taxonomy":"product_tag","embeddable":true,"href":"https:\/\/patsid.ee\/en\/wp-json\/wp\/v2\/product_tag?post=4929"}],"curies":[{"name":"wp","href":"https:\/\/api.w.org\/{rel}","templated":true}]}}