{"id":5074,"date":"2026-03-16T14:16:12","date_gmt":"2026-03-16T12:16:12","guid":{"rendered":"https:\/\/patsid.ee\/?page_id=5074"},"modified":"2026-03-16T14:22:26","modified_gmt":"2026-03-16T12:22:26","slug":"patsipunuja-kaart","status":"publish","type":"page","link":"https:\/\/patsid.ee\/en\/patsipunuja-kaart\/","title":{"rendered":"Leia patsid.ee koolituse l\u00e4binud patsipunuja enda l\u00e4hedalt"},"content":{"rendered":"<p>Siit kaardilt leiad patsipunujaid, kes on l\u00e4binud patsid.ee koolituse.<br>Vali endale l\u00e4him punuja ja v\u00f5ta temaga otse \u00fchendust, et broneerida aeg patside tegemiseks.<\/p>\n\n\n\n<p>Kui oled samuti l\u00e4binud patsid.ee koolituse ja pakud patsiteenust, saad soovi korral lasta oma nime samuti sellele kaardile lisada. T\u00e4ida selleks allolev vorm ja vaatame sinu andmed \u00fcle.<\/p>\n\n\n\n<iframe \nsrc=\"https:\/\/www.google.com\/maps\/d\/u\/7\/embed?mid=1-hYHc6PlPcfplCzWzmTRQrwXPLfpra8&#038;ehbc=2E312F\"\nwidth=\"100%\"\nheight=\"650\"\nstyle=\"border:0;\"\nloading=\"lazy\">\n<\/iframe>\n\n\n\n<p><\/p>","protected":false},"excerpt":{"rendered":"<p>Siit kaardilt leiad patsipunujaid, kes on l\u00e4binud patsid.ee koolituse.Vali endale l\u00e4him punuja ja v\u00f5ta temaga otse \u00fchendust, et broneerida aeg patside tegemiseks. Kui oled samuti l\u00e4binud patsid.ee koolituse ja pakud patsiteenust, saad soovi korral lasta oma nime samuti sellele kaardile lisada. T\u00e4ida selleks allolev vorm ja vaatame sinu andmed \u00fcle.<\/p>","protected":false},"author":1,"featured_media":0,"parent":0,"menu_order":0,"comment_status":"closed","ping_status":"closed","template":"","meta":{"site-sidebar-layout":"default","site-content-layout":"","ast-site-content-layout":"default","site-content-style":"default","site-sidebar-style":"default","ast-global-header-display":"","ast-banner-title-visibility":"","ast-main-header-display":"","ast-hfb-above-header-display":"","ast-hfb-below-header-display":"","ast-hfb-mobile-header-display":"","site-post-title":"","ast-breadcrumbs-content":"","ast-featured-img":"","footer-sml-layout":"","ast-disable-related-posts":"","theme-transparent-header-meta":"","adv-header-id-meta":"","stick-header-meta":"","header-above-stick-meta":"","header-main-stick-meta":"","header-below-stick-meta":"","astra-migrate-meta-layouts":"set","ast-page-background-enabled":"default","ast-page-background-meta":{"desktop":{"background-color":"","background-image":"","background-repeat":"repeat","background-position":"center center","background-size":"auto","background-attachment":"scroll","background-type":"","background-media":"","overlay-type":"","overlay-color":"","overlay-opacity":"","overlay-gradient":""},"tablet":{"background-color":"","background-image":"","background-repeat":"repeat","background-position":"center center","background-size":"auto","background-attachment":"scroll","background-type":"","background-media":"","overlay-type":"","overlay-color":"","overlay-opacity":"","overlay-gradient":""},"mobile":{"background-color":"","background-image":"","background-repeat":"repeat","background-position":"center center","background-size":"auto","background-attachment":"scroll","background-type":"","background-media":"","overlay-type":"","overlay-color":"","overlay-opacity":"","overlay-gradient":""}},"ast-content-background-meta":{"desktop":{"background-color":"var(--ast-global-color-5)","background-image":"","background-repeat":"repeat","background-position":"center center","background-size":"auto","background-attachment":"scroll","background-type":"","background-media":"","overlay-type":"","overlay-color":"","overlay-opacity":"","overlay-gradient":""},"tablet":{"background-color":"var(--ast-global-color-5)","background-image":"","background-repeat":"repeat","background-position":"center center","background-size":"auto","background-attachment":"scroll","background-type":"","background-media":"","overlay-type":"","overlay-color":"","overlay-opacity":"","overlay-gradient":""},"mobile":{"background-color":"var(--ast-global-color-5)","background-image":"","background-repeat":"repeat","background-position":"center center","background-size":"auto","background-attachment":"scroll","background-type":"","background-media":"","overlay-type":"","overlay-color":"","overlay-opacity":"","overlay-gradient":""}},"iawp_total_views":4,"footnotes":""},"class_list":["post-5074","page","type-page","status-publish","hentry"],"yoast_head":"<!-- This site is optimized with the Yoast SEO plugin v27.5 - https:\/\/yoast.com\/product\/yoast-seo-wordpress\/ -->\n<title>Leia patsid.ee koolituse l\u00e4binud patsipunuja enda l\u00e4hedalt | patsid.ee<\/title>\n<meta name=\"description\" content=\"Leia patsid.ee koolituse l\u00e4binud patsipunuja enda l\u00e4hedalt.Kaardilt leiad erinevates piirkondades tegutsevad patsipunujaid ning saad nendega otse \u00fchendust v\u00f5tta patside tegemiseks.\" \/>\n<meta name=\"robots\" content=\"index, follow, max-snippet:-1, max-image-preview:large, max-video-preview:-1\" \/>\n<link rel=\"canonical\" href=\"https:\/\/patsid.ee\/en\/patsipunuja-kaart\/\" \/>\n<meta property=\"og:locale\" content=\"en_US\" \/>\n<meta property=\"og:type\" content=\"article\" \/>\n<meta property=\"og:title\" content=\"Leia patsid.ee koolituse l\u00e4binud patsipunuja enda l\u00e4hedalt | patsid.ee\" \/>\n<meta property=\"og:description\" content=\"Leia patsid.ee koolituse l\u00e4binud patsipunuja enda l\u00e4hedalt.Kaardilt leiad erinevates piirkondades tegutsevad patsipunujaid ning saad nendega otse \u00fchendust v\u00f5tta patside tegemiseks.\" \/>\n<meta property=\"og:url\" content=\"https:\/\/patsid.ee\/en\/patsipunuja-kaart\/\" \/>\n<meta property=\"og:site_name\" content=\"patsid.ee\" \/>\n<meta property=\"article:publisher\" content=\"https:\/\/www.facebook.com\/rastadehooldus\" \/>\n<meta property=\"article:modified_time\" content=\"2026-03-16T12:22:26+00:00\" \/>\n<meta property=\"og:image\" content=\"https:\/\/patsid.ee\/wp-content\/uploads\/2024\/01\/409531071_307039085631456_5918846746954858531_n.jpg\" \/>\n\t<meta property=\"og:image:width\" content=\"1536\" \/>\n\t<meta property=\"og:image:height\" content=\"2048\" \/>\n\t<meta property=\"og:image:type\" content=\"image\/jpeg\" \/>\n<meta name=\"twitter:card\" content=\"summary_large_image\" \/>\n<meta name=\"twitter:label1\" content=\"Est. reading time\" \/>\n\t<meta name=\"twitter:data1\" content=\"1 minute\" \/>\n<script type=\"application\/ld+json\" class=\"yoast-schema-graph\">{\"@context\":\"https:\\\/\\\/schema.org\",\"@graph\":[{\"@type\":\"WebPage\",\"@id\":\"https:\\\/\\\/patsid.ee\\\/patsipunuja-kaart\\\/\",\"url\":\"https:\\\/\\\/patsid.ee\\\/patsipunuja-kaart\\\/\",\"name\":\"Leia patsid.ee koolituse l\u00e4binud patsipunuja enda l\u00e4hedalt | patsid.ee\",\"isPartOf\":{\"@id\":\"https:\\\/\\\/patsid.ee\\\/#website\"},\"datePublished\":\"2026-03-16T12:16:12+00:00\",\"dateModified\":\"2026-03-16T12:22:26+00:00\",\"description\":\"Leia patsid.ee koolituse l\u00e4binud patsipunuja enda l\u00e4hedalt.Kaardilt leiad erinevates piirkondades tegutsevad patsipunujaid ning saad nendega otse \u00fchendust v\u00f5tta patside tegemiseks.\",\"breadcrumb\":{\"@id\":\"https:\\\/\\\/patsid.ee\\\/patsipunuja-kaart\\\/#breadcrumb\"},\"inLanguage\":\"en-US\",\"potentialAction\":[{\"@type\":\"ReadAction\",\"target\":[\"https:\\\/\\\/patsid.ee\\\/patsipunuja-kaart\\\/\"]}]},{\"@type\":\"BreadcrumbList\",\"@id\":\"https:\\\/\\\/patsid.ee\\\/patsipunuja-kaart\\\/#breadcrumb\",\"itemListElement\":[{\"@type\":\"ListItem\",\"position\":1,\"name\":\"Home\",\"item\":\"https:\\\/\\\/patsid.ee\\\/\"},{\"@type\":\"ListItem\",\"position\":2,\"name\":\"Leia patsid.ee koolituse l\u00e4binud patsipunuja enda l\u00e4hedalt\"}]},{\"@type\":\"WebSite\",\"@id\":\"https:\\\/\\\/patsid.ee\\\/#website\",\"url\":\"https:\\\/\\\/patsid.ee\\\/\",\"name\":\"RAP Rastade hooldus\",\"description\":\"Afropatsid, lokipatsid ja rastapatsid \u2014 teenused, kursused ja e-pood\",\"publisher\":{\"@id\":\"https:\\\/\\\/patsid.ee\\\/#organization\"},\"potentialAction\":[{\"@type\":\"SearchAction\",\"target\":{\"@type\":\"EntryPoint\",\"urlTemplate\":\"https:\\\/\\\/patsid.ee\\\/?s={search_term_string}\"},\"query-input\":{\"@type\":\"PropertyValueSpecification\",\"valueRequired\":true,\"valueName\":\"search_term_string\"}}],\"inLanguage\":\"en-US\"},{\"@type\":\"Organization\",\"@id\":\"https:\\\/\\\/patsid.ee\\\/#organization\",\"name\":\"RAP Rastade hooldus\",\"url\":\"https:\\\/\\\/patsid.ee\\\/\",\"logo\":{\"@type\":\"ImageObject\",\"inLanguage\":\"en-US\",\"@id\":\"https:\\\/\\\/patsid.ee\\\/#\\\/schema\\\/logo\\\/image\\\/\",\"url\":\"https:\\\/\\\/patsid.ee\\\/wp-content\\\/uploads\\\/2025\\\/08\\\/cropped-5.png\",\"contentUrl\":\"https:\\\/\\\/patsid.ee\\\/wp-content\\\/uploads\\\/2025\\\/08\\\/cropped-5.png\",\"width\":500,\"height\":500,\"caption\":\"RAP Rastade hooldus\"},\"image\":{\"@id\":\"https:\\\/\\\/patsid.ee\\\/#\\\/schema\\\/logo\\\/image\\\/\"},\"sameAs\":[\"https:\\\/\\\/www.facebook.com\\\/rastadehooldus\",\"https:\\\/\\\/www.instagram.com\\\/raprastadafrodpunutised\\\/\"]}]}<\/script>\n<!-- \/ Yoast SEO plugin. -->","yoast_head_json":{"title":"Leia patsid.ee koolituse l\u00e4binud patsipunuja enda l\u00e4hedalt | patsid.ee","description":"Leia patsid.ee koolituse l\u00e4binud patsipunuja enda l\u00e4hedalt.Kaardilt leiad erinevates piirkondades tegutsevad patsipunujaid ning saad nendega otse \u00fchendust v\u00f5tta patside tegemiseks.","robots":{"index":"index","follow":"follow","max-snippet":"max-snippet:-1","max-image-preview":"max-image-preview:large","max-video-preview":"max-video-preview:-1"},"canonical":"https:\/\/patsid.ee\/en\/patsipunuja-kaart\/","og_locale":"en_US","og_type":"article","og_title":"Leia patsid.ee koolituse l\u00e4binud patsipunuja enda l\u00e4hedalt | patsid.ee","og_description":"Leia patsid.ee koolituse l\u00e4binud patsipunuja enda l\u00e4hedalt.Kaardilt leiad erinevates piirkondades tegutsevad patsipunujaid ning saad nendega otse \u00fchendust v\u00f5tta patside tegemiseks.","og_url":"https:\/\/patsid.ee\/en\/patsipunuja-kaart\/","og_site_name":"patsid.ee","article_publisher":"https:\/\/www.facebook.com\/rastadehooldus","article_modified_time":"2026-03-16T12:22:26+00:00","og_image":[{"width":1536,"height":2048,"url":"https:\/\/patsid.ee\/wp-content\/uploads\/2024\/01\/409531071_307039085631456_5918846746954858531_n.jpg","type":"image\/jpeg"}],"twitter_card":"summary_large_image","twitter_misc":{"Est. reading time":"1 minute"},"schema":{"@context":"https:\/\/schema.org","@graph":[{"@type":"WebPage","@id":"https:\/\/patsid.ee\/patsipunuja-kaart\/","url":"https:\/\/patsid.ee\/patsipunuja-kaart\/","name":"Leia patsid.ee koolituse l\u00e4binud patsipunuja enda l\u00e4hedalt | patsid.ee","isPartOf":{"@id":"https:\/\/patsid.ee\/#website"},"datePublished":"2026-03-16T12:16:12+00:00","dateModified":"2026-03-16T12:22:26+00:00","description":"Leia patsid.ee koolituse l\u00e4binud patsipunuja enda l\u00e4hedalt.Kaardilt leiad erinevates piirkondades tegutsevad patsipunujaid ning saad nendega otse \u00fchendust v\u00f5tta patside tegemiseks.","breadcrumb":{"@id":"https:\/\/patsid.ee\/patsipunuja-kaart\/#breadcrumb"},"inLanguage":"en-US","potentialAction":[{"@type":"ReadAction","target":["https:\/\/patsid.ee\/patsipunuja-kaart\/"]}]},{"@type":"BreadcrumbList","@id":"https:\/\/patsid.ee\/patsipunuja-kaart\/#breadcrumb","itemListElement":[{"@type":"ListItem","position":1,"name":"Home","item":"https:\/\/patsid.ee\/"},{"@type":"ListItem","position":2,"name":"Leia patsid.ee koolituse l\u00e4binud patsipunuja enda l\u00e4hedalt"}]},{"@type":"WebSite","@id":"https:\/\/patsid.ee\/#website","url":"https:\/\/patsid.ee\/","name":"RAP Rastade hooldus","description":"Afropatsid, lokipatsid ja rastapatsid \u2014 teenused, kursused ja e-pood","publisher":{"@id":"https:\/\/patsid.ee\/#organization"},"potentialAction":[{"@type":"SearchAction","target":{"@type":"EntryPoint","urlTemplate":"https:\/\/patsid.ee\/?s={search_term_string}"},"query-input":{"@type":"PropertyValueSpecification","valueRequired":true,"valueName":"search_term_string"}}],"inLanguage":"en-US"},{"@type":"Organization","@id":"https:\/\/patsid.ee\/#organization","name":"RAP Rastade hooldus","url":"https:\/\/patsid.ee\/","logo":{"@type":"ImageObject","inLanguage":"en-US","@id":"https:\/\/patsid.ee\/#\/schema\/logo\/image\/","url":"https:\/\/patsid.ee\/wp-content\/uploads\/2025\/08\/cropped-5.png","contentUrl":"https:\/\/patsid.ee\/wp-content\/uploads\/2025\/08\/cropped-5.png","width":500,"height":500,"caption":"RAP Rastade hooldus"},"image":{"@id":"https:\/\/patsid.ee\/#\/schema\/logo\/image\/"},"sameAs":["https:\/\/www.facebook.com\/rastadehooldus","https:\/\/www.instagram.com\/raprastadafrodpunutised\/"]}]}},"_links":{"self":[{"href":"https:\/\/patsid.ee\/en\/wp-json\/wp\/v2\/pages\/5074","targetHints":{"allow":["GET"]}}],"collection":[{"href":"https:\/\/patsid.ee\/en\/wp-json\/wp\/v2\/pages"}],"about":[{"href":"https:\/\/patsid.ee\/en\/wp-json\/wp\/v2\/types\/page"}],"author":[{"embeddable":true,"href":"https:\/\/patsid.ee\/en\/wp-json\/wp\/v2\/users\/1"}],"replies":[{"embeddable":true,"href":"https:\/\/patsid.ee\/en\/wp-json\/wp\/v2\/comments?post=5074"}],"version-history":[{"count":3,"href":"https:\/\/patsid.ee\/en\/wp-json\/wp\/v2\/pages\/5074\/revisions"}],"predecessor-version":[{"id":5077,"href":"https:\/\/patsid.ee\/en\/wp-json\/wp\/v2\/pages\/5074\/revisions\/5077"}],"wp:attachment":[{"href":"https:\/\/patsid.ee\/en\/wp-json\/wp\/v2\/media?parent=5074"}],"curies":[{"name":"wp","href":"https:\/\/api.w.org\/{rel}","templated":true}]}}