{"id":3427,"date":"2025-03-04T07:24:28","date_gmt":"2025-03-04T07:24:28","guid":{"rendered":"https:\/\/patsid.ee\/?page_id=3427"},"modified":"2025-03-04T07:28:12","modified_gmt":"2025-03-04T07:28:12","slug":"tahke-palsam","status":"publish","type":"page","link":"https:\/\/patsid.ee\/en\/tahke-palsam\/","title":{"rendered":"Tahke palsam"},"content":{"rendered":"<div data-elementor-type=\"wp-page\" data-elementor-id=\"3427\" class=\"elementor elementor-3427\">\n\t\t\t\t<div class=\"elementor-element elementor-element-76b38619 e-flex e-con-boxed wpr-particle-no wpr-jarallax-no wpr-parallax-no wpr-sticky-section-no wpr-equal-height-no e-con e-parent\" data-id=\"76b38619\" data-element_type=\"container\" data-e-type=\"container\" data-settings=\"{&quot;background_background&quot;:&quot;classic&quot;}\">\n\t\t\t\t\t<div class=\"e-con-inner\">\n\t\t<div class=\"elementor-element elementor-element-591de57f e-flex e-con-boxed wpr-particle-no wpr-jarallax-no wpr-parallax-no wpr-sticky-section-no wpr-equal-height-no e-con e-child\" data-id=\"591de57f\" data-element_type=\"container\" data-e-type=\"container\">\n\t\t\t\t\t<div class=\"e-con-inner\">\n\t\t\t\t<div class=\"elementor-element elementor-element-6bfb54e4 elementor-arrows-position-inside elementor-widget elementor-widget-image-carousel\" data-id=\"6bfb54e4\" data-element_type=\"widget\" data-e-type=\"widget\" data-settings=\"{&quot;slides_to_show&quot;:&quot;1&quot;,&quot;navigation&quot;:&quot;arrows&quot;,&quot;autoplay&quot;:&quot;yes&quot;,&quot;pause_on_hover&quot;:&quot;yes&quot;,&quot;pause_on_interaction&quot;:&quot;yes&quot;,&quot;autoplay_speed&quot;:5000,&quot;infinite&quot;:&quot;yes&quot;,&quot;effect&quot;:&quot;slide&quot;,&quot;speed&quot;:500}\" data-widget_type=\"image-carousel.default\">\n\t\t\t\t<div class=\"elementor-widget-container\">\n\t\t\t\t\t\t\t<div class=\"elementor-image-carousel-wrapper swiper\" role=\"region\" aria-roledescription=\"carousel\" aria-label=\"Image Carousel\" dir=\"ltr\">\n\t\t\t<div class=\"elementor-image-carousel swiper-wrapper\" aria-live=\"off\">\n\t\t\t\t\t\t\t\t<div class=\"swiper-slide\" role=\"group\" aria-roledescription=\"slide\" aria-label=\"1 of 3\" data-no-translation-aria-label=\"\"><a data-elementor-open-lightbox=\"yes\" data-elementor-lightbox-slideshow=\"6bfb54e4\" data-e-action-hash=\"#elementor-action%3Aaction%3Dlightbox%26settings%3DeyJpZCI6MzQyNiwidXJsIjoiaHR0cHM6XC9cL3BhdHNpZC5lZVwvd3AtY29udGVudFwvdXBsb2Fkc1wvMjAyNVwvMDNcL1NjcmVlbnNob3QtMjAyNS0wMy0wMy0xOTEzMDMuanBnIiwic2xpZGVzaG93IjoiNmJmYjU0ZTQifQ%3D%3D\" href=\"https:\/\/patsid.ee\/wp-content\/uploads\/2025\/03\/Screenshot-2025-03-03-191303.jpg\"><figure class=\"swiper-slide-inner\"><img decoding=\"async\" class=\"swiper-slide-image\" src=\"https:\/\/patsid.ee\/wp-content\/uploads\/2025\/03\/Screenshot-2025-03-03-191303.jpg\" alt=\"Screenshot 2025-03-03 191303\" \/><\/figure><\/a><\/div><div class=\"swiper-slide\" role=\"group\" aria-roledescription=\"slide\" aria-label=\"2 of 3\" data-no-translation-aria-label=\"\"><a data-elementor-open-lightbox=\"yes\" data-elementor-lightbox-slideshow=\"6bfb54e4\" data-e-action-hash=\"#elementor-action%3Aaction%3Dlightbox%26settings%3DeyJpZCI6MzQyNCwidXJsIjoiaHR0cHM6XC9cL3BhdHNpZC5lZVwvd3AtY29udGVudFwvdXBsb2Fkc1wvMjAyNVwvMDNcL1NjcmVlbnNob3QtMjAyNS0wMy0wMy0xOTE0MjkuanBnIiwic2xpZGVzaG93IjoiNmJmYjU0ZTQifQ%3D%3D\" href=\"https:\/\/patsid.ee\/wp-content\/uploads\/2025\/03\/Screenshot-2025-03-03-191429.jpg\"><figure class=\"swiper-slide-inner\"><img decoding=\"async\" class=\"swiper-slide-image\" src=\"https:\/\/patsid.ee\/wp-content\/uploads\/2025\/03\/Screenshot-2025-03-03-191429.jpg\" alt=\"Screenshot 2025-03-03 191429\" \/><\/figure><\/a><\/div><div class=\"swiper-slide\" role=\"group\" aria-roledescription=\"slide\" aria-label=\"3 of 3\" data-no-translation-aria-label=\"\"><a data-elementor-open-lightbox=\"yes\" data-elementor-lightbox-slideshow=\"6bfb54e4\" data-e-action-hash=\"#elementor-action%3Aaction%3Dlightbox%26settings%3DeyJpZCI6MzQyMywidXJsIjoiaHR0cHM6XC9cL3BhdHNpZC5lZVwvd3AtY29udGVudFwvdXBsb2Fkc1wvMjAyNVwvMDNcL1NjcmVlbnNob3QtMjAyNS0wMy0wMy0xOTExNTAuanBnIiwic2xpZGVzaG93IjoiNmJmYjU0ZTQifQ%3D%3D\" href=\"https:\/\/patsid.ee\/wp-content\/uploads\/2025\/03\/Screenshot-2025-03-03-191150.jpg\"><figure class=\"swiper-slide-inner\"><img decoding=\"async\" class=\"swiper-slide-image\" src=\"https:\/\/patsid.ee\/wp-content\/uploads\/2025\/03\/Screenshot-2025-03-03-191150.jpg\" alt=\"Screenshot 2025-03-03 191150\" \/><\/figure><\/a><\/div>\t\t\t<\/div>\n\t\t\t\t\t\t\t\t\t\t\t\t<div class=\"elementor-swiper-button elementor-swiper-button-prev\" role=\"button\" tabindex=\"0\">\n\t\t\t\t\t\t<svg aria-hidden=\"true\" class=\"e-font-icon-svg e-eicon-chevron-left\" viewbox=\"0 0 1000 1000\" xmlns=\"http:\/\/www.w3.org\/2000\/svg\"><path d=\"M646 125C629 125 613 133 604 142L308 442C296 454 292 471 292 487 292 504 296 521 308 533L604 854C617 867 629 875 646 875 663 875 679 871 692 858 704 846 713 829 713 812 713 796 708 779 692 767L438 487 692 225C700 217 708 204 708 187 708 171 704 154 692 142 675 129 663 125 646 125Z\"><\/path><\/svg>\t\t\t\t\t<\/div>\n\t\t\t\t\t<div class=\"elementor-swiper-button elementor-swiper-button-next\" role=\"button\" tabindex=\"0\">\n\t\t\t\t\t\t<svg aria-hidden=\"true\" class=\"e-font-icon-svg e-eicon-chevron-right\" viewbox=\"0 0 1000 1000\" xmlns=\"http:\/\/www.w3.org\/2000\/svg\"><path d=\"M696 533C708 521 713 504 713 487 713 471 708 454 696 446L400 146C388 133 375 125 354 125 338 125 325 129 313 142 300 154 292 171 292 187 292 204 296 221 308 233L563 492 304 771C292 783 288 800 288 817 288 833 296 850 308 863 321 871 338 875 354 875 371 875 388 867 400 854L696 533Z\"><\/path><\/svg>\t\t\t\t\t<\/div>\n\t\t\t\t\n\t\t\t\t\t\t\t\t\t<\/div>\n\t\t\t\t\t\t<\/div>\n\t\t\t\t<\/div>\n\t\t\t\t\t<\/div>\n\t\t\t\t<\/div>\n\t\t<div class=\"elementor-element elementor-element-7121f2a1 e-flex e-con-boxed wpr-particle-no wpr-jarallax-no wpr-parallax-no wpr-sticky-section-no wpr-equal-height-no e-con e-child\" data-id=\"7121f2a1\" data-element_type=\"container\" data-e-type=\"container\">\n\t\t\t\t\t<div class=\"e-con-inner\">\n\t\t\t\t<div class=\"elementor-element elementor-element-bd3cdb6 elementor-widget elementor-widget-heading\" data-id=\"bd3cdb6\" data-element_type=\"widget\" data-e-type=\"widget\" data-widget_type=\"heading.default\">\n\t\t\t\t<div class=\"elementor-widget-container\">\n\t\t\t\t\t<h1 class=\"elementor-heading-title elementor-size-default\">Conditioner Bar<\/h1>\t\t\t\t<\/div>\n\t\t\t\t<\/div>\n\t\t\t\t<div class=\"elementor-element elementor-element-7e766e6f elementor-widget elementor-widget-text-editor\" data-id=\"7e766e6f\" data-element_type=\"widget\" data-e-type=\"widget\" data-widget_type=\"text-editor.default\">\n\t\t\t\t<div class=\"elementor-widget-container\">\n\t\t\t\t\t\t\t\t\t<p class=\"translation-block\">Conditioner bar designed for the maintenance of both undreaded hair and dreadlocks with exposed ends, as well as the free strands of partial dreadlocks. This versatile conditioner bar is particularly effective for untangling\nand caring for hair, especially when removing synthetic dreadlocks or filtering out dreadlocks.<\/p>\t\t\t\t\t\t\t\t<\/div>\n\t\t\t\t<\/div>\n\t\t\t\t<div class=\"elementor-element elementor-element-12b0f60b elementor-widget elementor-widget-button\" data-id=\"12b0f60b\" data-element_type=\"widget\" data-e-type=\"widget\" data-widget_type=\"button.default\">\n\t\t\t\t<div class=\"elementor-widget-container\">\n\t\t\t\t\t\t\t\t\t<div class=\"elementor-button-wrapper\">\n\t\t\t\t\t<a class=\"elementor-button elementor-button-link elementor-size-sm\" href=\"https:\/\/patsid.ee\/en\/kontakt\/\">\n\t\t\t\t\t\t<span class=\"elementor-button-content-wrapper\">\n\t\t\t\t\t\t\t\t\t<span class=\"elementor-button-text\">I want this!<\/span>\n\t\t\t\t\t<\/span>\n\t\t\t\t\t<\/a>\n\t\t\t\t<\/div>\n\t\t\t\t\t\t\t\t<\/div>\n\t\t\t\t<\/div>\n\t\t\t\t\t<\/div>\n\t\t\t\t<\/div>\n\t\t\t\t\t<\/div>\n\t\t\t\t<\/div>\n\t\t<div class=\"elementor-element elementor-element-42dc1f47 e-flex e-con-boxed wpr-particle-no wpr-jarallax-no wpr-parallax-no wpr-sticky-section-no wpr-equal-height-no e-con e-parent\" data-id=\"42dc1f47\" data-element_type=\"container\" data-e-type=\"container\" data-settings=\"{&quot;background_background&quot;:&quot;classic&quot;}\">\n\t\t\t\t\t<div class=\"e-con-inner\">\n\t\t\t\t<div class=\"elementor-element elementor-element-4290a5e9 elementor-tabs-view-horizontal elementor-widget elementor-widget-tabs\" data-id=\"4290a5e9\" data-element_type=\"widget\" data-e-type=\"widget\" data-widget_type=\"tabs.default\">\n\t\t\t\t<div class=\"elementor-widget-container\">\n\t\t\t\t\t\t\t<div class=\"elementor-tabs\">\n\t\t\t<div class=\"elementor-tabs-wrapper\" role=\"tablist\" >\n\t\t\t\t\t\t\t\t\t<div id=\"elementor-tab-title-1111\" class=\"elementor-tab-title elementor-tab-desktop-title\" aria-selected=\"true\" data-tab=\"1\" role=\"tab\" tabindex=\"0\" aria-controls=\"elementor-tab-content-1111\" aria-expanded=\"false\">Description<\/div>\n\t\t\t\t\t\t\t\t\t<div id=\"elementor-tab-title-1112\" class=\"elementor-tab-title elementor-tab-desktop-title\" aria-selected=\"false\" data-tab=\"2\" role=\"tab\" tabindex=\"-1\" aria-controls=\"elementor-tab-content-1112\" aria-expanded=\"false\">Ingredients<\/div>\n\t\t\t\t\t\t\t\t\t<div id=\"elementor-tab-title-1113\" class=\"elementor-tab-title elementor-tab-desktop-title\" aria-selected=\"false\" data-tab=\"3\" role=\"tab\" tabindex=\"-1\" aria-controls=\"elementor-tab-content-1113\" aria-expanded=\"false\">Instructions<\/div>\n\t\t\t\t\t\t\t<\/div>\n\t\t\t<div class=\"elementor-tabs-content-wrapper\" role=\"tablist\" aria-orientation=\"vertical\">\n\t\t\t\t\t\t\t\t\t<div class=\"elementor-tab-title elementor-tab-mobile-title\" aria-selected=\"true\" data-tab=\"1\" role=\"tab\" tabindex=\"0\" aria-controls=\"elementor-tab-content-1111\" aria-expanded=\"false\">Description<\/div>\n\t\t\t\t\t<div id=\"elementor-tab-content-1111\" class=\"elementor-tab-content elementor-clearfix\" data-tab=\"1\" role=\"tabpanel\" aria-labelledby=\"elementor-tab-title-1111\" tabindex=\"0\" hidden=\"false\"><p class=\"translation-block\">Crafted from a blend of natural vegan ingredients and organic oils, the conditioner bar seals the hair strand,\nproviding suppleness and softness. Enriched with nourishing elements like cocoa butter, jojoba, and broccoli\nseed oil, it moisturizes and fortifies the hair, imparting a shiny and easily manageable texture<\/p><p class=\"translation-block\">Infused with organic essential oils of Ylang Ylang, Patchouli, and Frankincense, this conditioner bar leaves\nbehind a delightful warm and spicy fragrance in the bath.<\/p><\/div>\n\t\t\t\t\t\t\t\t\t<div class=\"elementor-tab-title elementor-tab-mobile-title\" aria-selected=\"false\" data-tab=\"2\" role=\"tab\" tabindex=\"-1\" aria-controls=\"elementor-tab-content-1112\" aria-expanded=\"false\">Ingredients<\/div>\n\t\t\t\t\t<div id=\"elementor-tab-content-1112\" class=\"elementor-tab-content elementor-clearfix\" data-tab=\"2\" role=\"tabpanel\" aria-labelledby=\"elementor-tab-title-1112\" tabindex=\"0\" hidden=\"hidden\"><p class=\"translation-block\">(INCI): Cetearyl Alcohol (and) Behentrimonium Methosulfate (and) Cetyl Alcohol (Plant-Derived Conditioning\nAgent), Theobroma cacao seed (Cocoa) butter*, Cocos nucifera (Coconut) oil*, Brassica oleracea italica\n(broccoli) seed oil* , Simmondsia chinensis seed (Jojoba) oil*, Vinegar (Apple cider)*, Panthenol, Aqua, Linum\nusitatissimum (linseed) seed extract, Salvia hispanica (Chia) seed extract, Benzyl alcohol (and) Dehydroacetic\nacid, Helianthus annuus (sunflower) seed oil*, Rosmarinus officinalis (rosemary) leaf extract*, Boswellia serrata\n(Frankincense) oil*, Cananga odorata flower (Ylang Ylang)oil*, Pogostemon cablin leaf (Patchouli) oil*,\nLimonene**, Linalool**, Geraniol** , Citral**. * = Organic ingredients ** = Content of essential oil<\/p><\/div>\n\t\t\t\t\t\t\t\t\t<div class=\"elementor-tab-title elementor-tab-mobile-title\" aria-selected=\"false\" data-tab=\"3\" role=\"tab\" tabindex=\"-1\" aria-controls=\"elementor-tab-content-1113\" aria-expanded=\"false\">Instructions<\/div>\n\t\t\t\t\t<div id=\"elementor-tab-content-1113\" class=\"elementor-tab-content elementor-clearfix\" data-tab=\"3\" role=\"tabpanel\" aria-labelledby=\"elementor-tab-title-1113\" tabindex=\"0\" hidden=\"hidden\"><p class=\"translation-block\">Rub the conditioner evenly into your open ends of dreadlocks or non-dreaded hair.\nScalp and dreadlocks should be left out.\nLeave it on for a few minutes and then rinse thoroughly.\nTIP:\nGrate and dissolve some of the conditioner bar in a bottle of warm water and use it as a spray conditioner.\nAmount approx. 65g\n\nMassage the conditioner evenly onto the tips of your open-ended dreadlocks or non-dreaded hair, excluding the\nscalp and dreadlocks themselves. Allow it to sit for a few minutes before rinsing thoroughly.<\/p><\/div>\n\t\t\t\t\t\t\t<\/div>\n\t\t<\/div>\n\t\t\t\t\t\t<\/div>\n\t\t\t\t<\/div>\n\t\t\t\t\t<\/div>\n\t\t\t\t<\/div>\n\t\t\t\t<\/div>","protected":false},"excerpt":{"rendered":"<p>Tahke palsam 65g Palsam, mis on m\u00f5eldud lahtistele juustele kui ka lahtiste otstega rastapatsidele, samuti osaliste rastapatsidevabade salkude hooldamiseks. See mitmek\u00fclgne palsam on eriti t\u00f5hus lahtistesse juustesse tekkinud pusadevastu ja rastapatside lahtikammimiseks vajalik. Ja aitab ka kui soovid s\u00fcnteetilisi rastapatsi pikendusieemaldada. K\u00fcsi toodet Tootekirjeldus Koostisosad Kasutusjuhend Tootekirjeldus Looduslike vegan koostisosade ja orgaaniliste \u00f5lide segust valmistatud palsam tihendab juuksekarva, pakkudeselastsust ja pehmust. Rikastatud toitvate elementidega nagu kakaov\u00f5i, jojoba- ja brokoliseemne\u00f5li. Palsamniisutab ja tugevdab juukseid, andes neile l\u00e4ikiva ja kergesti k\u00e4sitletava tekstuuri.Ilang Ylangi, Pat\u0161uli ja viiruki orgaaniliste eeterlike \u00f5lidega rikastatud tahke palsam j\u00e4tab meeldiva l\u00f5hnajuustesse. Juhis:H\u00f5\u00f5ruge tahket palsamit \u00fchtlaselt rastapatside lahtistesse otstesse v\u00f5i lahtistesse juustesse.Peanahk ja rastapatsid tuleks v\u00e4lja j\u00e4tta. J\u00e4tke see m\u00f5neks minutiks m\u00f5juma ja seej\u00e4rel loputage hoolikalt.N\u00d5UANNE:Riivi ja lahusta osa tahkest palsamist soojas veepudelis ning kasuta seda edaspidi ka n\u00e4iteks pihustatavapalsamina.Kogus ca. 65 g Koostisosad (INCI): tsetear\u00fc\u00fclalkohol (ja) behentrimooniummetosulfaat (ja) tset\u00fc\u00fclalkohol (taimne konditsioneer),Theobroma kakaoseemne (kakao) v\u00f5i*, Cocos nucifera (kookosp\u00e4hkli) \u00f5li*, brassica oleracea italica (brokkoli),simondi\u00f5li* (brokkoli) vt. \u00f5li*, \u00e4\u00e4dikas (\u00f5unasiider)*, pantenool, vesi, Linum usitatissimum (linaseemned)seemne ekstrakt, Salvia hispanica (Chia) seemne ekstrakt, bens\u00fc\u00fclalkohol (ja) deh\u00fcdro\u00e4\u00e4dikhape, Helianthusannuus (p\u00e4evalille) seemne\u00f5li*, Rosmarinus officinalis*, rosmariini ekstrakt*, bosmariini ekstrakt*. Canangaodorata lille (Ylang Ylang) \u00f5li*, Pogostemon cablin leaf (pat\u0161uli) \u00f5li*, Limonene**, Linalool**, Geraniol**, Citral**.* = Orgaanilised koostisosad ** = Eeterliku \u00f5li sisaldus Kasutusjuhend Masseerige tahket palsamit \u00fchtlaselt rastapatside lahtistesse otstesse v\u00f5i lahtistesse juustesse, v\u00e4lja arvatudpeanahk ja rastapatsid ise. Enne p\u00f5hjalikku loputamist laske sellel m\u00f5ni minut seista.<\/p>","protected":false},"author":2,"featured_media":0,"parent":0,"menu_order":0,"comment_status":"closed","ping_status":"closed","template":"","meta":{"site-sidebar-layout":"no-sidebar","site-content-layout":"page-builder","ast-site-content-layout":"full-width-container","site-content-style":"default","site-sidebar-style":"default","ast-global-header-display":"","ast-banner-title-visibility":"","ast-main-header-display":"","ast-hfb-above-header-display":"","ast-hfb-below-header-display":"","ast-hfb-mobile-header-display":"","site-post-title":"disabled","ast-breadcrumbs-content":"","ast-featured-img":"disabled","footer-sml-layout":"","ast-disable-related-posts":"","theme-transparent-header-meta":"","adv-header-id-meta":"","stick-header-meta":"","header-above-stick-meta":"","header-main-stick-meta":"","header-below-stick-meta":"","astra-migrate-meta-layouts":"set","ast-page-background-enabled":"default","ast-page-background-meta":{"desktop":{"background-color":"","background-image":"","background-repeat":"repeat","background-position":"center center","background-size":"auto","background-attachment":"scroll","background-type":"","background-media":"","overlay-type":"","overlay-color":"","overlay-opacity":"","overlay-gradient":""},"tablet":{"background-color":"","background-image":"","background-repeat":"repeat","background-position":"center center","background-size":"auto","background-attachment":"scroll","background-type":"","background-media":"","overlay-type":"","overlay-color":"","overlay-opacity":"","overlay-gradient":""},"mobile":{"background-color":"","background-image":"","background-repeat":"repeat","background-position":"center center","background-size":"auto","background-attachment":"scroll","background-type":"","background-media":"","overlay-type":"","overlay-color":"","overlay-opacity":"","overlay-gradient":""}},"ast-content-background-meta":{"desktop":{"background-color":"var(--ast-global-color-5)","background-image":"","background-repeat":"repeat","background-position":"center center","background-size":"auto","background-attachment":"scroll","background-type":"","background-media":"","overlay-type":"","overlay-color":"","overlay-opacity":"","overlay-gradient":""},"tablet":{"background-color":"var(--ast-global-color-5)","background-image":"","background-repeat":"repeat","background-position":"center center","background-size":"auto","background-attachment":"scroll","background-type":"","background-media":"","overlay-type":"","overlay-color":"","overlay-opacity":"","overlay-gradient":""},"mobile":{"background-color":"var(--ast-global-color-5)","background-image":"","background-repeat":"repeat","background-position":"center center","background-size":"auto","background-attachment":"scroll","background-type":"","background-media":"","overlay-type":"","overlay-color":"","overlay-opacity":"","overlay-gradient":""}},"iawp_total_views":11,"footnotes":""},"class_list":["post-3427","page","type-page","status-publish","hentry"],"yoast_head":"<!-- This site is optimized with the Yoast SEO plugin v27.3 - https:\/\/yoast.com\/product\/yoast-seo-wordpress\/ -->\n<title>Tahke palsam | patsid.ee<\/title>\n<meta name=\"description\" content=\"T\u00e4iuslikult jahutav sprei, mis annab kohese leevenduse s\u00fcgelevale, kuivale ja ketendavale nahale. Sobib igale juukset\u00fc\u00fcbile.\" \/>\n<meta name=\"robots\" content=\"index, follow, max-snippet:-1, max-image-preview:large, max-video-preview:-1\" \/>\n<link rel=\"canonical\" href=\"https:\/\/patsid.ee\/en\/tahke-palsam\/\" \/>\n<meta property=\"og:locale\" content=\"en_US\" \/>\n<meta property=\"og:type\" content=\"article\" \/>\n<meta property=\"og:title\" content=\"Tahke palsam | patsid.ee\" \/>\n<meta property=\"og:description\" content=\"T\u00e4iuslikult jahutav sprei, mis annab kohese leevenduse s\u00fcgelevale, kuivale ja ketendavale nahale. Sobib igale juukset\u00fc\u00fcbile.\" \/>\n<meta property=\"og:url\" content=\"https:\/\/patsid.ee\/en\/tahke-palsam\/\" \/>\n<meta property=\"og:site_name\" content=\"patsid.ee\" \/>\n<meta property=\"article:publisher\" content=\"https:\/\/www.facebook.com\/rastadehooldus\" \/>\n<meta property=\"article:modified_time\" content=\"2025-03-04T07:28:12+00:00\" \/>\n<meta property=\"og:image\" content=\"https:\/\/patsid.ee\/wp-content\/uploads\/2025\/03\/Screenshot-2025-03-03-191303.jpg\" \/>\n<meta name=\"twitter:card\" content=\"summary_large_image\" \/>\n<meta name=\"twitter:label1\" content=\"Est. reading time\" \/>\n\t<meta name=\"twitter:data1\" content=\"3 minutes\" \/>\n<script type=\"application\/ld+json\" class=\"yoast-schema-graph\">{\"@context\":\"https:\\\/\\\/schema.org\",\"@graph\":[{\"@type\":\"WebPage\",\"@id\":\"https:\\\/\\\/patsid.ee\\\/tahke-palsam\\\/\",\"url\":\"https:\\\/\\\/patsid.ee\\\/tahke-palsam\\\/\",\"name\":\"Tahke palsam | patsid.ee\",\"isPartOf\":{\"@id\":\"https:\\\/\\\/patsid.ee\\\/#website\"},\"primaryImageOfPage\":{\"@id\":\"https:\\\/\\\/patsid.ee\\\/tahke-palsam\\\/#primaryimage\"},\"image\":{\"@id\":\"https:\\\/\\\/patsid.ee\\\/tahke-palsam\\\/#primaryimage\"},\"thumbnailUrl\":\"https:\\\/\\\/patsid.ee\\\/wp-content\\\/uploads\\\/2025\\\/03\\\/Screenshot-2025-03-03-191303.jpg\",\"datePublished\":\"2025-03-04T07:24:28+00:00\",\"dateModified\":\"2025-03-04T07:28:12+00:00\",\"description\":\"T\u00e4iuslikult jahutav sprei, mis annab kohese leevenduse s\u00fcgelevale, kuivale ja ketendavale nahale. Sobib igale juukset\u00fc\u00fcbile.\",\"breadcrumb\":{\"@id\":\"https:\\\/\\\/patsid.ee\\\/tahke-palsam\\\/#breadcrumb\"},\"inLanguage\":\"en-US\",\"potentialAction\":[{\"@type\":\"ReadAction\",\"target\":[\"https:\\\/\\\/patsid.ee\\\/tahke-palsam\\\/\"]}]},{\"@type\":\"ImageObject\",\"inLanguage\":\"en-US\",\"@id\":\"https:\\\/\\\/patsid.ee\\\/tahke-palsam\\\/#primaryimage\",\"url\":\"https:\\\/\\\/patsid.ee\\\/wp-content\\\/uploads\\\/2025\\\/03\\\/Screenshot-2025-03-03-191303.jpg\",\"contentUrl\":\"https:\\\/\\\/patsid.ee\\\/wp-content\\\/uploads\\\/2025\\\/03\\\/Screenshot-2025-03-03-191303.jpg\"},{\"@type\":\"BreadcrumbList\",\"@id\":\"https:\\\/\\\/patsid.ee\\\/tahke-palsam\\\/#breadcrumb\",\"itemListElement\":[{\"@type\":\"ListItem\",\"position\":1,\"name\":\"Home\",\"item\":\"https:\\\/\\\/patsid.ee\\\/\"},{\"@type\":\"ListItem\",\"position\":2,\"name\":\"Tahke palsam\"}]},{\"@type\":\"WebSite\",\"@id\":\"https:\\\/\\\/patsid.ee\\\/#website\",\"url\":\"https:\\\/\\\/patsid.ee\\\/\",\"name\":\"RAP Rastade hooldus\",\"description\":\"Afropatsid, lokipatsid ja rastapatsid \u2014 teenused, kursused ja e-pood\",\"publisher\":{\"@id\":\"https:\\\/\\\/patsid.ee\\\/#organization\"},\"potentialAction\":[{\"@type\":\"SearchAction\",\"target\":{\"@type\":\"EntryPoint\",\"urlTemplate\":\"https:\\\/\\\/patsid.ee\\\/?s={search_term_string}\"},\"query-input\":{\"@type\":\"PropertyValueSpecification\",\"valueRequired\":true,\"valueName\":\"search_term_string\"}}],\"inLanguage\":\"en-US\"},{\"@type\":\"Organization\",\"@id\":\"https:\\\/\\\/patsid.ee\\\/#organization\",\"name\":\"RAP Rastade hooldus\",\"url\":\"https:\\\/\\\/patsid.ee\\\/\",\"logo\":{\"@type\":\"ImageObject\",\"inLanguage\":\"en-US\",\"@id\":\"https:\\\/\\\/patsid.ee\\\/#\\\/schema\\\/logo\\\/image\\\/\",\"url\":\"https:\\\/\\\/patsid.ee\\\/wp-content\\\/uploads\\\/2025\\\/08\\\/cropped-5.png\",\"contentUrl\":\"https:\\\/\\\/patsid.ee\\\/wp-content\\\/uploads\\\/2025\\\/08\\\/cropped-5.png\",\"width\":500,\"height\":500,\"caption\":\"RAP Rastade hooldus\"},\"image\":{\"@id\":\"https:\\\/\\\/patsid.ee\\\/#\\\/schema\\\/logo\\\/image\\\/\"},\"sameAs\":[\"https:\\\/\\\/www.facebook.com\\\/rastadehooldus\",\"https:\\\/\\\/www.instagram.com\\\/raprastadafrodpunutised\\\/\"]}]}<\/script>\n<!-- \/ Yoast SEO plugin. -->","yoast_head_json":{"title":"Tahke palsam | patsid.ee","description":"T\u00e4iuslikult jahutav sprei, mis annab kohese leevenduse s\u00fcgelevale, kuivale ja ketendavale nahale. Sobib igale juukset\u00fc\u00fcbile.","robots":{"index":"index","follow":"follow","max-snippet":"max-snippet:-1","max-image-preview":"max-image-preview:large","max-video-preview":"max-video-preview:-1"},"canonical":"https:\/\/patsid.ee\/en\/tahke-palsam\/","og_locale":"en_US","og_type":"article","og_title":"Tahke palsam | patsid.ee","og_description":"T\u00e4iuslikult jahutav sprei, mis annab kohese leevenduse s\u00fcgelevale, kuivale ja ketendavale nahale. Sobib igale juukset\u00fc\u00fcbile.","og_url":"https:\/\/patsid.ee\/en\/tahke-palsam\/","og_site_name":"patsid.ee","article_publisher":"https:\/\/www.facebook.com\/rastadehooldus","article_modified_time":"2025-03-04T07:28:12+00:00","og_image":[{"url":"https:\/\/patsid.ee\/wp-content\/uploads\/2025\/03\/Screenshot-2025-03-03-191303.jpg","type":"","width":"","height":""}],"twitter_card":"summary_large_image","twitter_misc":{"Est. reading time":"3 minutes"},"schema":{"@context":"https:\/\/schema.org","@graph":[{"@type":"WebPage","@id":"https:\/\/patsid.ee\/tahke-palsam\/","url":"https:\/\/patsid.ee\/tahke-palsam\/","name":"Tahke palsam | patsid.ee","isPartOf":{"@id":"https:\/\/patsid.ee\/#website"},"primaryImageOfPage":{"@id":"https:\/\/patsid.ee\/tahke-palsam\/#primaryimage"},"image":{"@id":"https:\/\/patsid.ee\/tahke-palsam\/#primaryimage"},"thumbnailUrl":"https:\/\/patsid.ee\/wp-content\/uploads\/2025\/03\/Screenshot-2025-03-03-191303.jpg","datePublished":"2025-03-04T07:24:28+00:00","dateModified":"2025-03-04T07:28:12+00:00","description":"T\u00e4iuslikult jahutav sprei, mis annab kohese leevenduse s\u00fcgelevale, kuivale ja ketendavale nahale. Sobib igale juukset\u00fc\u00fcbile.","breadcrumb":{"@id":"https:\/\/patsid.ee\/tahke-palsam\/#breadcrumb"},"inLanguage":"en-US","potentialAction":[{"@type":"ReadAction","target":["https:\/\/patsid.ee\/tahke-palsam\/"]}]},{"@type":"ImageObject","inLanguage":"en-US","@id":"https:\/\/patsid.ee\/tahke-palsam\/#primaryimage","url":"https:\/\/patsid.ee\/wp-content\/uploads\/2025\/03\/Screenshot-2025-03-03-191303.jpg","contentUrl":"https:\/\/patsid.ee\/wp-content\/uploads\/2025\/03\/Screenshot-2025-03-03-191303.jpg"},{"@type":"BreadcrumbList","@id":"https:\/\/patsid.ee\/tahke-palsam\/#breadcrumb","itemListElement":[{"@type":"ListItem","position":1,"name":"Home","item":"https:\/\/patsid.ee\/"},{"@type":"ListItem","position":2,"name":"Tahke palsam"}]},{"@type":"WebSite","@id":"https:\/\/patsid.ee\/#website","url":"https:\/\/patsid.ee\/","name":"RAP Rastade hooldus","description":"Afropatsid, lokipatsid ja rastapatsid \u2014 teenused, kursused ja e-pood","publisher":{"@id":"https:\/\/patsid.ee\/#organization"},"potentialAction":[{"@type":"SearchAction","target":{"@type":"EntryPoint","urlTemplate":"https:\/\/patsid.ee\/?s={search_term_string}"},"query-input":{"@type":"PropertyValueSpecification","valueRequired":true,"valueName":"search_term_string"}}],"inLanguage":"en-US"},{"@type":"Organization","@id":"https:\/\/patsid.ee\/#organization","name":"RAP Rastade hooldus","url":"https:\/\/patsid.ee\/","logo":{"@type":"ImageObject","inLanguage":"en-US","@id":"https:\/\/patsid.ee\/#\/schema\/logo\/image\/","url":"https:\/\/patsid.ee\/wp-content\/uploads\/2025\/08\/cropped-5.png","contentUrl":"https:\/\/patsid.ee\/wp-content\/uploads\/2025\/08\/cropped-5.png","width":500,"height":500,"caption":"RAP Rastade hooldus"},"image":{"@id":"https:\/\/patsid.ee\/#\/schema\/logo\/image\/"},"sameAs":["https:\/\/www.facebook.com\/rastadehooldus","https:\/\/www.instagram.com\/raprastadafrodpunutised\/"]}]}},"_links":{"self":[{"href":"https:\/\/patsid.ee\/en\/wp-json\/wp\/v2\/pages\/3427","targetHints":{"allow":["GET"]}}],"collection":[{"href":"https:\/\/patsid.ee\/en\/wp-json\/wp\/v2\/pages"}],"about":[{"href":"https:\/\/patsid.ee\/en\/wp-json\/wp\/v2\/types\/page"}],"author":[{"embeddable":true,"href":"https:\/\/patsid.ee\/en\/wp-json\/wp\/v2\/users\/2"}],"replies":[{"embeddable":true,"href":"https:\/\/patsid.ee\/en\/wp-json\/wp\/v2\/comments?post=3427"}],"version-history":[{"count":7,"href":"https:\/\/patsid.ee\/en\/wp-json\/wp\/v2\/pages\/3427\/revisions"}],"predecessor-version":[{"id":3434,"href":"https:\/\/patsid.ee\/en\/wp-json\/wp\/v2\/pages\/3427\/revisions\/3434"}],"wp:attachment":[{"href":"https:\/\/patsid.ee\/en\/wp-json\/wp\/v2\/media?parent=3427"}],"curies":[{"name":"wp","href":"https:\/\/api.w.org\/{rel}","templated":true}]}}