{"id":2660,"date":"2024-02-17T11:49:49","date_gmt":"2024-02-17T11:49:49","guid":{"rendered":"https:\/\/patsid.ee\/?page_id=2660"},"modified":"2025-03-03T17:22:50","modified_gmt":"2025-03-03T17:22:50","slug":"sugavpuhastav-komplekt","status":"publish","type":"page","link":"https:\/\/patsid.ee\/en\/sugavpuhastav-komplekt\/","title":{"rendered":"Deep cleansing kit"},"content":{"rendered":"<div data-elementor-type=\"wp-page\" data-elementor-id=\"2660\" class=\"elementor elementor-2660\">\n\t\t\t\t<div class=\"elementor-element elementor-element-75fce7b7 e-flex e-con-boxed wpr-particle-no wpr-jarallax-no wpr-parallax-no wpr-sticky-section-no wpr-equal-height-no e-con e-parent\" data-id=\"75fce7b7\" data-element_type=\"container\" data-e-type=\"container\" data-settings=\"{&quot;background_background&quot;:&quot;classic&quot;}\">\n\t\t\t\t\t<div class=\"e-con-inner\">\n\t\t<div class=\"elementor-element elementor-element-2d0470ac e-flex e-con-boxed wpr-particle-no wpr-jarallax-no wpr-parallax-no wpr-sticky-section-no wpr-equal-height-no e-con e-child\" data-id=\"2d0470ac\" data-element_type=\"container\" data-e-type=\"container\">\n\t\t\t\t\t<div class=\"e-con-inner\">\n\t\t\t\t<div class=\"elementor-element elementor-element-312aef5a elementor-arrows-position-inside elementor-widget elementor-widget-image-carousel\" data-id=\"312aef5a\" data-element_type=\"widget\" data-e-type=\"widget\" data-settings=\"{&quot;slides_to_show&quot;:&quot;1&quot;,&quot;navigation&quot;:&quot;arrows&quot;,&quot;autoplay&quot;:&quot;yes&quot;,&quot;pause_on_hover&quot;:&quot;yes&quot;,&quot;pause_on_interaction&quot;:&quot;yes&quot;,&quot;autoplay_speed&quot;:5000,&quot;infinite&quot;:&quot;yes&quot;,&quot;effect&quot;:&quot;slide&quot;,&quot;speed&quot;:500}\" data-widget_type=\"image-carousel.default\">\n\t\t\t\t<div class=\"elementor-widget-container\">\n\t\t\t\t\t\t\t<div class=\"elementor-image-carousel-wrapper swiper\" role=\"region\" aria-roledescription=\"carousel\" aria-label=\"Image Carousel\" dir=\"ltr\">\n\t\t\t<div class=\"elementor-image-carousel swiper-wrapper\" aria-live=\"off\">\n\t\t\t\t\t\t\t\t<div class=\"swiper-slide\" role=\"group\" aria-roledescription=\"slide\" aria-label=\"1 of 3\"><a data-elementor-open-lightbox=\"yes\" data-elementor-lightbox-slideshow=\"312aef5a\" data-elementor-lightbox-title=\"S\u00fcgavpuhastav komplekt\" data-e-action-hash=\"#elementor-action%3Aaction%3Dlightbox%26settings%3DeyJpZCI6MjY3MSwidXJsIjoiaHR0cHM6XC9cL3BhdHNpZC5lZVwvd3AtY29udGVudFwvdXBsb2Fkc1wvMjAyNFwvMDJcL0RlZXBDbGVhbnNpbmdLaXQuanBnIiwic2xpZGVzaG93IjoiMzEyYWVmNWEifQ%3D%3D\" href=\"https:\/\/patsid.ee\/wp-content\/uploads\/2024\/02\/DeepCleansingKit.jpg\"><figure class=\"swiper-slide-inner\"><img decoding=\"async\" class=\"swiper-slide-image\" src=\"https:\/\/patsid.ee\/wp-content\/uploads\/2024\/02\/DeepCleansingKit.jpg\" alt=\"S\u00fcgavpuhastav komplekt\" \/><\/figure><\/a><\/div><div class=\"swiper-slide\" role=\"group\" aria-roledescription=\"slide\" aria-label=\"2 of 3\"><a data-elementor-open-lightbox=\"yes\" data-elementor-lightbox-slideshow=\"312aef5a\" data-elementor-lightbox-title=\"S\u00fcgavpuhastav komplekt\" data-e-action-hash=\"#elementor-action%3Aaction%3Dlightbox%26settings%3DeyJpZCI6MjY3MCwidXJsIjoiaHR0cHM6XC9cL3BhdHNpZC5lZVwvd3AtY29udGVudFwvdXBsb2Fkc1wvMjAyNFwvMDJcL0lNR18xNTgyLTEuanBnIiwic2xpZGVzaG93IjoiMzEyYWVmNWEifQ%3D%3D\" href=\"https:\/\/patsid.ee\/wp-content\/uploads\/2024\/02\/IMG_1582-1.jpg\"><figure class=\"swiper-slide-inner\"><img decoding=\"async\" class=\"swiper-slide-image\" src=\"https:\/\/patsid.ee\/wp-content\/uploads\/2024\/02\/IMG_1582-1.jpg\" alt=\"S\u00fcgavpuhastav komplekt\" \/><\/figure><\/a><\/div><div class=\"swiper-slide\" role=\"group\" aria-roledescription=\"slide\" aria-label=\"3 of 3\"><a data-elementor-open-lightbox=\"yes\" data-elementor-lightbox-slideshow=\"312aef5a\" data-elementor-lightbox-title=\"S\u00fcgavpuhastav komplekt\" data-e-action-hash=\"#elementor-action%3Aaction%3Dlightbox%26settings%3DeyJpZCI6MjY2OSwidXJsIjoiaHR0cHM6XC9cL3BhdHNpZC5lZVwvd3AtY29udGVudFwvdXBsb2Fkc1wvMjAyNFwvMDJcL0lNR18xMTQ0LmpwZyIsInNsaWRlc2hvdyI6IjMxMmFlZjVhIn0%3D\" href=\"https:\/\/patsid.ee\/wp-content\/uploads\/2024\/02\/IMG_1144.jpg\"><figure class=\"swiper-slide-inner\"><img decoding=\"async\" class=\"swiper-slide-image\" src=\"https:\/\/patsid.ee\/wp-content\/uploads\/2024\/02\/IMG_1144.jpg\" alt=\"S\u00fcgavpuhastav komplekt\" \/><\/figure><\/a><\/div>\t\t\t<\/div>\n\t\t\t\t\t\t\t\t\t\t\t\t<div class=\"elementor-swiper-button elementor-swiper-button-prev\" role=\"button\" tabindex=\"0\">\n\t\t\t\t\t\t<svg aria-hidden=\"true\" class=\"e-font-icon-svg e-eicon-chevron-left\" viewbox=\"0 0 1000 1000\" xmlns=\"http:\/\/www.w3.org\/2000\/svg\"><path d=\"M646 125C629 125 613 133 604 142L308 442C296 454 292 471 292 487 292 504 296 521 308 533L604 854C617 867 629 875 646 875 663 875 679 871 692 858 704 846 713 829 713 812 713 796 708 779 692 767L438 487 692 225C700 217 708 204 708 187 708 171 704 154 692 142 675 129 663 125 646 125Z\"><\/path><\/svg>\t\t\t\t\t<\/div>\n\t\t\t\t\t<div class=\"elementor-swiper-button elementor-swiper-button-next\" role=\"button\" tabindex=\"0\">\n\t\t\t\t\t\t<svg aria-hidden=\"true\" class=\"e-font-icon-svg e-eicon-chevron-right\" viewbox=\"0 0 1000 1000\" xmlns=\"http:\/\/www.w3.org\/2000\/svg\"><path d=\"M696 533C708 521 713 504 713 487 713 471 708 454 696 446L400 146C388 133 375 125 354 125 338 125 325 129 313 142 300 154 292 171 292 187 292 204 296 221 308 233L563 492 304 771C292 783 288 800 288 817 288 833 296 850 308 863 321 871 338 875 354 875 371 875 388 867 400 854L696 533Z\"><\/path><\/svg>\t\t\t\t\t<\/div>\n\t\t\t\t\n\t\t\t\t\t\t\t\t\t<\/div>\n\t\t\t\t\t\t<\/div>\n\t\t\t\t<\/div>\n\t\t\t\t\t<\/div>\n\t\t\t\t<\/div>\n\t\t<div class=\"elementor-element elementor-element-26599e60 e-flex e-con-boxed wpr-particle-no wpr-jarallax-no wpr-parallax-no wpr-sticky-section-no wpr-equal-height-no e-con e-child\" data-id=\"26599e60\" data-element_type=\"container\" data-e-type=\"container\">\n\t\t\t\t\t<div class=\"e-con-inner\">\n\t\t\t\t<div class=\"elementor-element elementor-element-3da61e08 elementor-widget elementor-widget-heading\" data-id=\"3da61e08\" data-element_type=\"widget\" data-e-type=\"widget\" data-widget_type=\"heading.default\">\n\t\t\t\t<div class=\"elementor-widget-container\">\n\t\t\t\t\t<h1 class=\"elementor-heading-title elementor-size-default\">Deep cleansing kit<\/h1>\t\t\t\t<\/div>\n\t\t\t\t<\/div>\n\t\t\t\t<div class=\"elementor-element elementor-element-461fdb5 elementor-widget elementor-widget-text-editor\" data-id=\"461fdb5\" data-element_type=\"widget\" data-e-type=\"widget\" data-widget_type=\"text-editor.default\">\n\t\t\t\t<div class=\"elementor-widget-container\">\n\t\t\t\t\t\t\t\t\t<p class=\"translation-block\">Clean your dreadlocks in depth and get healthier hair and scalp.\n\nOver time, dirt and product residues accumulate in the hair, and it can be difficult to clean with shampoo.<\/p>\t\t\t\t\t\t\t\t<\/div>\n\t\t\t\t<\/div>\n\t\t\t\t<div class=\"elementor-element elementor-element-720e183c elementor-widget elementor-widget-button\" data-id=\"720e183c\" data-element_type=\"widget\" data-e-type=\"widget\" data-widget_type=\"button.default\">\n\t\t\t\t<div class=\"elementor-widget-container\">\n\t\t\t\t\t\t\t\t\t<div class=\"elementor-button-wrapper\">\n\t\t\t\t\t<a class=\"elementor-button elementor-button-link elementor-size-sm\" href=\"https:\/\/patsid.ee\/en\/kontakt\/\">\n\t\t\t\t\t\t<span class=\"elementor-button-content-wrapper\">\n\t\t\t\t\t\t\t\t\t<span class=\"elementor-button-text\">I want this!<\/span>\n\t\t\t\t\t<\/span>\n\t\t\t\t\t<\/a>\n\t\t\t\t<\/div>\n\t\t\t\t\t\t\t\t<\/div>\n\t\t\t\t<\/div>\n\t\t\t\t\t<\/div>\n\t\t\t\t<\/div>\n\t\t\t\t\t<\/div>\n\t\t\t\t<\/div>\n\t\t<div class=\"elementor-element elementor-element-5fd60a59 e-flex e-con-boxed wpr-particle-no wpr-jarallax-no wpr-parallax-no wpr-sticky-section-no wpr-equal-height-no e-con e-parent\" data-id=\"5fd60a59\" data-element_type=\"container\" data-e-type=\"container\" data-settings=\"{&quot;background_background&quot;:&quot;classic&quot;}\">\n\t\t\t\t\t<div class=\"e-con-inner\">\n\t\t\t\t<div class=\"elementor-element elementor-element-198413d elementor-tabs-view-horizontal elementor-widget elementor-widget-tabs\" data-id=\"198413d\" data-element_type=\"widget\" data-e-type=\"widget\" data-widget_type=\"tabs.default\">\n\t\t\t\t<div class=\"elementor-widget-container\">\n\t\t\t\t\t\t\t<div class=\"elementor-tabs\">\n\t\t\t<div class=\"elementor-tabs-wrapper\" role=\"tablist\" >\n\t\t\t\t\t\t\t\t\t<div id=\"elementor-tab-title-2671\" class=\"elementor-tab-title elementor-tab-desktop-title\" aria-selected=\"true\" data-tab=\"1\" role=\"tab\" tabindex=\"0\" aria-controls=\"elementor-tab-content-2671\" aria-expanded=\"false\">Description<\/div>\n\t\t\t\t\t\t\t\t\t<div id=\"elementor-tab-title-2672\" class=\"elementor-tab-title elementor-tab-desktop-title\" aria-selected=\"false\" data-tab=\"2\" role=\"tab\" tabindex=\"-1\" aria-controls=\"elementor-tab-content-2672\" aria-expanded=\"false\">Ingredients<\/div>\n\t\t\t\t\t\t\t\t\t<div id=\"elementor-tab-title-2673\" class=\"elementor-tab-title elementor-tab-desktop-title\" aria-selected=\"false\" data-tab=\"3\" role=\"tab\" tabindex=\"-1\" aria-controls=\"elementor-tab-content-2673\" aria-expanded=\"false\">Instructions<\/div>\n\t\t\t\t\t\t\t<\/div>\n\t\t\t<div class=\"elementor-tabs-content-wrapper\" role=\"tablist\" aria-orientation=\"vertical\">\n\t\t\t\t\t\t\t\t\t<div class=\"elementor-tab-title elementor-tab-mobile-title\" aria-selected=\"true\" data-tab=\"1\" role=\"tab\" tabindex=\"0\" aria-controls=\"elementor-tab-content-2671\" aria-expanded=\"false\">Description<\/div>\n\t\t\t\t\t<div id=\"elementor-tab-content-2671\" class=\"elementor-tab-content elementor-clearfix\" data-tab=\"1\" role=\"tabpanel\" aria-labelledby=\"elementor-tab-title-2671\" tabindex=\"0\" hidden=\"false\"><p class=\"translation-block\">Clean your dreadlocks in depth and get healthier hair and scalp.\n\nOver time, dirt and product residues accumulate in the hair, and it can be difficult to clean with shampoo.\n\nThis dreadlocks detox is specially formulated to remove build-up and residue from products, sweat and pollution in your dreads.\n\nIt's a unique blend of natural ingredients that will leave your dreadlocks light, clean and fresh.\n\nWe recommend cleaning your dreadlocks with this mixture every 3-4 months.\n\nRaw Roots Dreadlock Detox contains:\nDeep Cleansing bomb consists of baking soda, organic witch hazel, organic apple cider vinegar, organic rosemary oil, organic tea tree and citric acid.\n\nBaking soda, apple cider vinegar and witch hazel extract clean build-up (residues) of shampoo, grease and products from the hair, while tea tree essential oils have antiseptic and antifungal properties and rosemary contains antioxidants that can help with dandruff and scalp problems.\n\nThe apple cider vinegar also helps close the cuticle layer on the hair shaft and the pH neutralizes the hair and scalp.\n\nThe hair becomes shiny, soft and dries faster.<\/p><\/div>\n\t\t\t\t\t\t\t\t\t<div class=\"elementor-tab-title elementor-tab-mobile-title\" aria-selected=\"false\" data-tab=\"2\" role=\"tab\" tabindex=\"-1\" aria-controls=\"elementor-tab-content-2672\" aria-expanded=\"false\">Ingredients<\/div>\n\t\t\t\t\t<div id=\"elementor-tab-content-2672\" class=\"elementor-tab-content elementor-clearfix\" data-tab=\"2\" role=\"tabpanel\" aria-labelledby=\"elementor-tab-title-2672\" tabindex=\"0\" hidden=\"hidden\"><p class=\"translation-block\">Sodium Bicarbonate, Citric Acid, Hamamelis Virginiana Flower (Witch Hazel) Water*, (Appel Cider) Vinegar*, Rosmarinus Officinalis Leaf (Rosemary) Oil*, Melaleuca Alternifolia Leaf (Tea tree) Oil*, Limonen**, linalool**.<\/p><p>* = Organic ingredient. ** = Content of essential oil.<\/p><\/div>\n\t\t\t\t\t\t\t\t\t<div class=\"elementor-tab-title elementor-tab-mobile-title\" aria-selected=\"false\" data-tab=\"3\" role=\"tab\" tabindex=\"-1\" aria-controls=\"elementor-tab-content-2673\" aria-expanded=\"false\">Instructions<\/div>\n\t\t\t\t\t<div id=\"elementor-tab-content-2673\" class=\"elementor-tab-content elementor-clearfix\" data-tab=\"3\" role=\"tabpanel\" aria-labelledby=\"elementor-tab-title-2673\" tabindex=\"0\" hidden=\"hidden\"><p class=\"translation-block\">Fill a tub with warm water and add the Cleansing Bomb. The tub must be large enough for all dreadlocks to be completely submerged in the solution. When the powder is completely dissolved, immerse the dreadlocks in the tub. Keep them in the solution for between 10 and 30 min. Then press impurities and build-up out of the hair and wash with shampoo.<\/p><\/div>\n\t\t\t\t\t\t\t<\/div>\n\t\t<\/div>\n\t\t\t\t\t\t<\/div>\n\t\t\t\t<\/div>\n\t\t\t\t\t<\/div>\n\t\t\t\t<\/div>\n\t\t\t\t<\/div>","protected":false},"excerpt":{"rendered":"<p>S\u00fcgavpuhastav komplekt Puhastage oma rastapatsid p\u00f5hjalikult ja saage tervemad juuksed ja peanahk.Aja jooksul koguneb juustesse mustus ja tootej\u00e4\u00e4gid, mille puhastamine \u0161ampooniga v\u00f5ibosutuda keeruliseks. K\u00fcsi toodet Tootekirjeldus Koostisosad Kasutusjuhend Tootekirjeldus Puhastage oma rastapatsid p\u00f5hjalikult ja saage tervemad juuksed ja peanahk.Aja jooksul koguneb juustesse mustus ja tootej\u00e4\u00e4gid, mille puhastamine \u0161ampooniga v\u00f5ibosutuda keeruliseks.See rastapatside detox on spetsiaalselt v\u00e4lja t\u00f6\u00f6tatud selleks, et eemaldada teie rastadelttoodetelt kogunevad j\u00e4\u00e4gid, higi ja saaste.See on ainulaadne looduslike koostisosade segu, mis j\u00e4tab teie rastapatsid kergeks, puhtaks jav\u00e4rskeks.Soovitame oma rastapatsid selle seguga puhastada iga 3-4 kuu tagant.komplekt sisaldab s\u00fcgavpuhastav pomm koosneb s\u00f6\u00f6gisoodast, orgaanilisest n\u00f5iapuust,orgaanilisest \u00f5unasiidri \u00e4\u00e4dikast, orgaanilisest rosmariini\u00f5list, orgaanilisest teepuust jasidrunhappest. S\u00f6\u00f6gisooda, \u00f5unasiidri \u00e4\u00e4dikas ja n\u00f5iapuu ekstrakt puhastavad juustest\u0161ampooni, rasu ja toodete kogunemist (j\u00e4\u00e4gid), teepuu eeterlikel \u00f5lidel on aga antiseptilisedja seenevastased omadused ning rosmariin sisaldab antioks\u00fcdante, mis v\u00f5ivad aidata k\u00f5\u00f5ma japeanaha probleemide korral.\u00d5unasiidri \u00e4\u00e4dikas aitab sulgeda ka k\u00fc\u00fcnenaha kihti juuksevarrel ning pH neutraliseeribjuukseid ja peanahka.Juuksed muutuvad l\u00e4ikivaks, pehmeks ja kuivavad kiiremini. Koostisosad Rosmarinus Officinalis lehe (rosmariini) \u00f5li*, Melaleuca Alternifolia lehe (teepuu) \u00f5li*, limonen**,linalool**. * Orgaaniline koostisosa. ** Eeterliku \u00f5li sisaldus. Kasutusjuhend T\u00e4itke vann sooja veega ja lisage puhastuspomm.Vann peaks olema piisavalt suur, et k\u00f5ik rastapatsid saaksid t\u00e4ielikult lahusesse uppuda.Kui pulber on t\u00e4ielikult lahustunud, kastke rastapatsid vanni.Hoidke neid lahuses 10 kuni 30 minutit.Seej\u00e4rel suruge mustus ja kogunemine juustest v\u00e4lja ning peske \u0161ampooniga.<\/p>","protected":false},"author":2,"featured_media":0,"parent":0,"menu_order":0,"comment_status":"closed","ping_status":"closed","template":"","meta":{"site-sidebar-layout":"no-sidebar","site-content-layout":"page-builder","ast-site-content-layout":"full-width-container","site-content-style":"default","site-sidebar-style":"default","ast-global-header-display":"","ast-banner-title-visibility":"","ast-main-header-display":"","ast-hfb-above-header-display":"","ast-hfb-below-header-display":"","ast-hfb-mobile-header-display":"","site-post-title":"disabled","ast-breadcrumbs-content":"","ast-featured-img":"disabled","footer-sml-layout":"","ast-disable-related-posts":"","theme-transparent-header-meta":"","adv-header-id-meta":"","stick-header-meta":"","header-above-stick-meta":"","header-main-stick-meta":"","header-below-stick-meta":"","astra-migrate-meta-layouts":"set","ast-page-background-enabled":"default","ast-page-background-meta":{"desktop":{"background-color":"","background-image":"","background-repeat":"repeat","background-position":"center center","background-size":"auto","background-attachment":"scroll","background-type":"","background-media":"","overlay-type":"","overlay-color":"","overlay-opacity":"","overlay-gradient":""},"tablet":{"background-color":"","background-image":"","background-repeat":"repeat","background-position":"center center","background-size":"auto","background-attachment":"scroll","background-type":"","background-media":"","overlay-type":"","overlay-color":"","overlay-opacity":"","overlay-gradient":""},"mobile":{"background-color":"","background-image":"","background-repeat":"repeat","background-position":"center center","background-size":"auto","background-attachment":"scroll","background-type":"","background-media":"","overlay-type":"","overlay-color":"","overlay-opacity":"","overlay-gradient":""}},"ast-content-background-meta":{"desktop":{"background-color":"var(--ast-global-color-5)","background-image":"","background-repeat":"repeat","background-position":"center center","background-size":"auto","background-attachment":"scroll","background-type":"","background-media":"","overlay-type":"","overlay-color":"","overlay-opacity":"","overlay-gradient":""},"tablet":{"background-color":"var(--ast-global-color-5)","background-image":"","background-repeat":"repeat","background-position":"center center","background-size":"auto","background-attachment":"scroll","background-type":"","background-media":"","overlay-type":"","overlay-color":"","overlay-opacity":"","overlay-gradient":""},"mobile":{"background-color":"var(--ast-global-color-5)","background-image":"","background-repeat":"repeat","background-position":"center center","background-size":"auto","background-attachment":"scroll","background-type":"","background-media":"","overlay-type":"","overlay-color":"","overlay-opacity":"","overlay-gradient":""}},"iawp_total_views":35,"footnotes":""},"class_list":["post-2660","page","type-page","status-publish","hentry"],"yoast_head":"<!-- This site is optimized with the Yoast SEO plugin v27.3 - https:\/\/yoast.com\/product\/yoast-seo-wordpress\/ -->\n<title>S\u00fcgavpuhastav komplekt | patsid.ee<\/title>\n<meta name=\"description\" content=\"Puhastage oma rastapatsid p\u00f5hjalikult ja saage tervemad juuksed ning peanahk.\" \/>\n<meta name=\"robots\" content=\"index, follow, max-snippet:-1, max-image-preview:large, max-video-preview:-1\" \/>\n<link rel=\"canonical\" href=\"https:\/\/patsid.ee\/en\/sugavpuhastav-komplekt\/\" \/>\n<meta property=\"og:locale\" content=\"en_US\" \/>\n<meta property=\"og:type\" content=\"article\" \/>\n<meta property=\"og:title\" content=\"S\u00fcgavpuhastav komplekt | patsid.ee\" \/>\n<meta property=\"og:description\" content=\"Puhastage oma rastapatsid p\u00f5hjalikult ja saage tervemad juuksed ning peanahk.\" \/>\n<meta property=\"og:url\" content=\"https:\/\/patsid.ee\/en\/sugavpuhastav-komplekt\/\" \/>\n<meta property=\"og:site_name\" content=\"patsid.ee\" \/>\n<meta property=\"article:publisher\" content=\"https:\/\/www.facebook.com\/rastadehooldus\" \/>\n<meta property=\"article:modified_time\" content=\"2025-03-03T17:22:50+00:00\" \/>\n<meta property=\"og:image\" content=\"https:\/\/patsid.ee\/wp-content\/uploads\/2024\/02\/DeepCleansingKit.jpg\" \/>\n<meta name=\"twitter:card\" content=\"summary_large_image\" \/>\n<meta name=\"twitter:label1\" content=\"Est. reading time\" \/>\n\t<meta name=\"twitter:data1\" content=\"3 minutes\" \/>\n<script type=\"application\/ld+json\" class=\"yoast-schema-graph\">{\"@context\":\"https:\\\/\\\/schema.org\",\"@graph\":[{\"@type\":\"WebPage\",\"@id\":\"https:\\\/\\\/patsid.ee\\\/sugavpuhastav-komplekt\\\/\",\"url\":\"https:\\\/\\\/patsid.ee\\\/sugavpuhastav-komplekt\\\/\",\"name\":\"S\u00fcgavpuhastav komplekt | patsid.ee\",\"isPartOf\":{\"@id\":\"https:\\\/\\\/patsid.ee\\\/#website\"},\"primaryImageOfPage\":{\"@id\":\"https:\\\/\\\/patsid.ee\\\/sugavpuhastav-komplekt\\\/#primaryimage\"},\"image\":{\"@id\":\"https:\\\/\\\/patsid.ee\\\/sugavpuhastav-komplekt\\\/#primaryimage\"},\"thumbnailUrl\":\"https:\\\/\\\/patsid.ee\\\/wp-content\\\/uploads\\\/2024\\\/02\\\/DeepCleansingKit.jpg\",\"datePublished\":\"2024-02-17T11:49:49+00:00\",\"dateModified\":\"2025-03-03T17:22:50+00:00\",\"description\":\"Puhastage oma rastapatsid p\u00f5hjalikult ja saage tervemad juuksed ning peanahk.\",\"breadcrumb\":{\"@id\":\"https:\\\/\\\/patsid.ee\\\/sugavpuhastav-komplekt\\\/#breadcrumb\"},\"inLanguage\":\"en-US\",\"potentialAction\":[{\"@type\":\"ReadAction\",\"target\":[\"https:\\\/\\\/patsid.ee\\\/sugavpuhastav-komplekt\\\/\"]}]},{\"@type\":\"ImageObject\",\"inLanguage\":\"en-US\",\"@id\":\"https:\\\/\\\/patsid.ee\\\/sugavpuhastav-komplekt\\\/#primaryimage\",\"url\":\"https:\\\/\\\/patsid.ee\\\/wp-content\\\/uploads\\\/2024\\\/02\\\/DeepCleansingKit.jpg\",\"contentUrl\":\"https:\\\/\\\/patsid.ee\\\/wp-content\\\/uploads\\\/2024\\\/02\\\/DeepCleansingKit.jpg\"},{\"@type\":\"BreadcrumbList\",\"@id\":\"https:\\\/\\\/patsid.ee\\\/sugavpuhastav-komplekt\\\/#breadcrumb\",\"itemListElement\":[{\"@type\":\"ListItem\",\"position\":1,\"name\":\"Home\",\"item\":\"https:\\\/\\\/patsid.ee\\\/\"},{\"@type\":\"ListItem\",\"position\":2,\"name\":\"S\u00fcgavpuhastav komplekt\"}]},{\"@type\":\"WebSite\",\"@id\":\"https:\\\/\\\/patsid.ee\\\/#website\",\"url\":\"https:\\\/\\\/patsid.ee\\\/\",\"name\":\"RAP Rastade hooldus\",\"description\":\"Afropatsid, lokipatsid ja rastapatsid \u2014 teenused, kursused ja e-pood\",\"publisher\":{\"@id\":\"https:\\\/\\\/patsid.ee\\\/#organization\"},\"potentialAction\":[{\"@type\":\"SearchAction\",\"target\":{\"@type\":\"EntryPoint\",\"urlTemplate\":\"https:\\\/\\\/patsid.ee\\\/?s={search_term_string}\"},\"query-input\":{\"@type\":\"PropertyValueSpecification\",\"valueRequired\":true,\"valueName\":\"search_term_string\"}}],\"inLanguage\":\"en-US\"},{\"@type\":\"Organization\",\"@id\":\"https:\\\/\\\/patsid.ee\\\/#organization\",\"name\":\"RAP Rastade hooldus\",\"url\":\"https:\\\/\\\/patsid.ee\\\/\",\"logo\":{\"@type\":\"ImageObject\",\"inLanguage\":\"en-US\",\"@id\":\"https:\\\/\\\/patsid.ee\\\/#\\\/schema\\\/logo\\\/image\\\/\",\"url\":\"https:\\\/\\\/patsid.ee\\\/wp-content\\\/uploads\\\/2025\\\/08\\\/cropped-5.png\",\"contentUrl\":\"https:\\\/\\\/patsid.ee\\\/wp-content\\\/uploads\\\/2025\\\/08\\\/cropped-5.png\",\"width\":500,\"height\":500,\"caption\":\"RAP Rastade hooldus\"},\"image\":{\"@id\":\"https:\\\/\\\/patsid.ee\\\/#\\\/schema\\\/logo\\\/image\\\/\"},\"sameAs\":[\"https:\\\/\\\/www.facebook.com\\\/rastadehooldus\",\"https:\\\/\\\/www.instagram.com\\\/raprastadafrodpunutised\\\/\"]}]}<\/script>\n<!-- \/ Yoast SEO plugin. -->","yoast_head_json":{"title":"S\u00fcgavpuhastav komplekt | patsid.ee","description":"Puhastage oma rastapatsid p\u00f5hjalikult ja saage tervemad juuksed ning peanahk.","robots":{"index":"index","follow":"follow","max-snippet":"max-snippet:-1","max-image-preview":"max-image-preview:large","max-video-preview":"max-video-preview:-1"},"canonical":"https:\/\/patsid.ee\/en\/sugavpuhastav-komplekt\/","og_locale":"en_US","og_type":"article","og_title":"S\u00fcgavpuhastav komplekt | patsid.ee","og_description":"Puhastage oma rastapatsid p\u00f5hjalikult ja saage tervemad juuksed ning peanahk.","og_url":"https:\/\/patsid.ee\/en\/sugavpuhastav-komplekt\/","og_site_name":"patsid.ee","article_publisher":"https:\/\/www.facebook.com\/rastadehooldus","article_modified_time":"2025-03-03T17:22:50+00:00","og_image":[{"url":"https:\/\/patsid.ee\/wp-content\/uploads\/2024\/02\/DeepCleansingKit.jpg","type":"","width":"","height":""}],"twitter_card":"summary_large_image","twitter_misc":{"Est. reading time":"3 minutes"},"schema":{"@context":"https:\/\/schema.org","@graph":[{"@type":"WebPage","@id":"https:\/\/patsid.ee\/sugavpuhastav-komplekt\/","url":"https:\/\/patsid.ee\/sugavpuhastav-komplekt\/","name":"S\u00fcgavpuhastav komplekt | patsid.ee","isPartOf":{"@id":"https:\/\/patsid.ee\/#website"},"primaryImageOfPage":{"@id":"https:\/\/patsid.ee\/sugavpuhastav-komplekt\/#primaryimage"},"image":{"@id":"https:\/\/patsid.ee\/sugavpuhastav-komplekt\/#primaryimage"},"thumbnailUrl":"https:\/\/patsid.ee\/wp-content\/uploads\/2024\/02\/DeepCleansingKit.jpg","datePublished":"2024-02-17T11:49:49+00:00","dateModified":"2025-03-03T17:22:50+00:00","description":"Puhastage oma rastapatsid p\u00f5hjalikult ja saage tervemad juuksed ning peanahk.","breadcrumb":{"@id":"https:\/\/patsid.ee\/sugavpuhastav-komplekt\/#breadcrumb"},"inLanguage":"en-US","potentialAction":[{"@type":"ReadAction","target":["https:\/\/patsid.ee\/sugavpuhastav-komplekt\/"]}]},{"@type":"ImageObject","inLanguage":"en-US","@id":"https:\/\/patsid.ee\/sugavpuhastav-komplekt\/#primaryimage","url":"https:\/\/patsid.ee\/wp-content\/uploads\/2024\/02\/DeepCleansingKit.jpg","contentUrl":"https:\/\/patsid.ee\/wp-content\/uploads\/2024\/02\/DeepCleansingKit.jpg"},{"@type":"BreadcrumbList","@id":"https:\/\/patsid.ee\/sugavpuhastav-komplekt\/#breadcrumb","itemListElement":[{"@type":"ListItem","position":1,"name":"Home","item":"https:\/\/patsid.ee\/"},{"@type":"ListItem","position":2,"name":"S\u00fcgavpuhastav komplekt"}]},{"@type":"WebSite","@id":"https:\/\/patsid.ee\/#website","url":"https:\/\/patsid.ee\/","name":"RAP Rastade hooldus","description":"Afropatsid, lokipatsid ja rastapatsid \u2014 teenused, kursused ja e-pood","publisher":{"@id":"https:\/\/patsid.ee\/#organization"},"potentialAction":[{"@type":"SearchAction","target":{"@type":"EntryPoint","urlTemplate":"https:\/\/patsid.ee\/?s={search_term_string}"},"query-input":{"@type":"PropertyValueSpecification","valueRequired":true,"valueName":"search_term_string"}}],"inLanguage":"en-US"},{"@type":"Organization","@id":"https:\/\/patsid.ee\/#organization","name":"RAP Rastade hooldus","url":"https:\/\/patsid.ee\/","logo":{"@type":"ImageObject","inLanguage":"en-US","@id":"https:\/\/patsid.ee\/#\/schema\/logo\/image\/","url":"https:\/\/patsid.ee\/wp-content\/uploads\/2025\/08\/cropped-5.png","contentUrl":"https:\/\/patsid.ee\/wp-content\/uploads\/2025\/08\/cropped-5.png","width":500,"height":500,"caption":"RAP Rastade hooldus"},"image":{"@id":"https:\/\/patsid.ee\/#\/schema\/logo\/image\/"},"sameAs":["https:\/\/www.facebook.com\/rastadehooldus","https:\/\/www.instagram.com\/raprastadafrodpunutised\/"]}]}},"_links":{"self":[{"href":"https:\/\/patsid.ee\/en\/wp-json\/wp\/v2\/pages\/2660","targetHints":{"allow":["GET"]}}],"collection":[{"href":"https:\/\/patsid.ee\/en\/wp-json\/wp\/v2\/pages"}],"about":[{"href":"https:\/\/patsid.ee\/en\/wp-json\/wp\/v2\/types\/page"}],"author":[{"embeddable":true,"href":"https:\/\/patsid.ee\/en\/wp-json\/wp\/v2\/users\/2"}],"replies":[{"embeddable":true,"href":"https:\/\/patsid.ee\/en\/wp-json\/wp\/v2\/comments?post=2660"}],"version-history":[{"count":10,"href":"https:\/\/patsid.ee\/en\/wp-json\/wp\/v2\/pages\/2660\/revisions"}],"predecessor-version":[{"id":3380,"href":"https:\/\/patsid.ee\/en\/wp-json\/wp\/v2\/pages\/2660\/revisions\/3380"}],"wp:attachment":[{"href":"https:\/\/patsid.ee\/en\/wp-json\/wp\/v2\/media?parent=2660"}],"curies":[{"name":"wp","href":"https:\/\/api.w.org\/{rel}","templated":true}]}}