{"id":2595,"date":"2024-02-17T11:17:54","date_gmt":"2024-02-17T11:17:54","guid":{"rendered":"https:\/\/patsid.ee\/?page_id=2595"},"modified":"2025-06-07T09:09:45","modified_gmt":"2025-06-07T09:09:45","slug":"acv-taimne-loputus","status":"publish","type":"page","link":"https:\/\/patsid.ee\/en\/acv-taimne-loputus\/","title":{"rendered":"ACV Taimne loputus"},"content":{"rendered":"<div data-elementor-type=\"wp-page\" data-elementor-id=\"2595\" class=\"elementor elementor-2595\">\n\t\t\t\t<div class=\"elementor-element elementor-element-25f72493 e-flex e-con-boxed wpr-particle-no wpr-jarallax-no wpr-parallax-no wpr-sticky-section-no wpr-equal-height-no e-con e-parent\" data-id=\"25f72493\" data-element_type=\"container\" data-e-type=\"container\" data-settings=\"{&quot;background_background&quot;:&quot;classic&quot;}\">\n\t\t\t\t\t<div class=\"e-con-inner\">\n\t\t<div class=\"elementor-element elementor-element-7a0a8c7c e-flex e-con-boxed wpr-particle-no wpr-jarallax-no wpr-parallax-no wpr-sticky-section-no wpr-equal-height-no e-con e-child\" data-id=\"7a0a8c7c\" data-element_type=\"container\" data-e-type=\"container\">\n\t\t\t\t\t<div class=\"e-con-inner\">\n\t\t\t\t<div class=\"elementor-element elementor-element-5ee33d4d elementor-arrows-position-inside elementor-widget elementor-widget-image-carousel\" data-id=\"5ee33d4d\" data-element_type=\"widget\" data-e-type=\"widget\" data-settings=\"{&quot;slides_to_show&quot;:&quot;1&quot;,&quot;navigation&quot;:&quot;arrows&quot;,&quot;autoplay&quot;:&quot;yes&quot;,&quot;pause_on_hover&quot;:&quot;yes&quot;,&quot;pause_on_interaction&quot;:&quot;yes&quot;,&quot;autoplay_speed&quot;:5000,&quot;infinite&quot;:&quot;yes&quot;,&quot;effect&quot;:&quot;slide&quot;,&quot;speed&quot;:500}\" data-widget_type=\"image-carousel.default\">\n\t\t\t\t<div class=\"elementor-widget-container\">\n\t\t\t\t\t\t\t<div class=\"elementor-image-carousel-wrapper swiper\" role=\"region\" aria-roledescription=\"carousel\" aria-label=\"Image Carousel\" dir=\"ltr\">\n\t\t\t<div class=\"elementor-image-carousel swiper-wrapper\" aria-live=\"off\">\n\t\t\t\t\t\t\t\t<div class=\"swiper-slide\" role=\"group\" aria-roledescription=\"slide\" aria-label=\"1 of 2\"><a data-elementor-open-lightbox=\"yes\" data-elementor-lightbox-slideshow=\"5ee33d4d\" data-elementor-lightbox-title=\"ACV Taimne loputus\" data-e-action-hash=\"#elementor-action%3Aaction%3Dlightbox%26settings%3DeyJpZCI6MjYwMSwidXJsIjoiaHR0cHM6XC9cL3BhdHNpZC5lZVwvd3AtY29udGVudFwvdXBsb2Fkc1wvMjAyNFwvMDJcL0lNR18xMTI2LmpwZyIsInNsaWRlc2hvdyI6IjVlZTMzZDRkIn0%3D\" href=\"https:\/\/patsid.ee\/wp-content\/uploads\/2024\/02\/IMG_1126.jpg\"><figure class=\"swiper-slide-inner\"><img decoding=\"async\" class=\"swiper-slide-image\" src=\"https:\/\/patsid.ee\/wp-content\/uploads\/2024\/02\/IMG_1126.jpg\" alt=\"ACV Taimne loputus\" \/><\/figure><\/a><\/div><div class=\"swiper-slide\" role=\"group\" aria-roledescription=\"slide\" aria-label=\"2 of 2\"><a data-elementor-open-lightbox=\"yes\" data-elementor-lightbox-slideshow=\"5ee33d4d\" data-elementor-lightbox-title=\"ACV Taimne loputus\" data-e-action-hash=\"#elementor-action%3Aaction%3Dlightbox%26settings%3DeyJpZCI6MjYwMiwidXJsIjoiaHR0cHM6XC9cL3BhdHNpZC5lZVwvd3AtY29udGVudFwvdXBsb2Fkc1wvMjAyNFwvMDJcL0lNR18xMTI2LTEtMS5qcGciLCJzbGlkZXNob3ciOiI1ZWUzM2Q0ZCJ9\" href=\"https:\/\/patsid.ee\/wp-content\/uploads\/2024\/02\/IMG_1126-1-1.jpg\"><figure class=\"swiper-slide-inner\"><img decoding=\"async\" class=\"swiper-slide-image\" src=\"https:\/\/patsid.ee\/wp-content\/uploads\/2024\/02\/IMG_1126-1-1.jpg\" alt=\"ACV Taimne loputus\" \/><\/figure><\/a><\/div>\t\t\t<\/div>\n\t\t\t\t\t\t\t\t\t\t\t\t<div class=\"elementor-swiper-button elementor-swiper-button-prev\" role=\"button\" tabindex=\"0\">\n\t\t\t\t\t\t<svg aria-hidden=\"true\" class=\"e-font-icon-svg e-eicon-chevron-left\" viewbox=\"0 0 1000 1000\" xmlns=\"http:\/\/www.w3.org\/2000\/svg\"><path d=\"M646 125C629 125 613 133 604 142L308 442C296 454 292 471 292 487 292 504 296 521 308 533L604 854C617 867 629 875 646 875 663 875 679 871 692 858 704 846 713 829 713 812 713 796 708 779 692 767L438 487 692 225C700 217 708 204 708 187 708 171 704 154 692 142 675 129 663 125 646 125Z\"><\/path><\/svg>\t\t\t\t\t<\/div>\n\t\t\t\t\t<div class=\"elementor-swiper-button elementor-swiper-button-next\" role=\"button\" tabindex=\"0\">\n\t\t\t\t\t\t<svg aria-hidden=\"true\" class=\"e-font-icon-svg e-eicon-chevron-right\" viewbox=\"0 0 1000 1000\" xmlns=\"http:\/\/www.w3.org\/2000\/svg\"><path d=\"M696 533C708 521 713 504 713 487 713 471 708 454 696 446L400 146C388 133 375 125 354 125 338 125 325 129 313 142 300 154 292 171 292 187 292 204 296 221 308 233L563 492 304 771C292 783 288 800 288 817 288 833 296 850 308 863 321 871 338 875 354 875 371 875 388 867 400 854L696 533Z\"><\/path><\/svg>\t\t\t\t\t<\/div>\n\t\t\t\t\n\t\t\t\t\t\t\t\t\t<\/div>\n\t\t\t\t\t\t<\/div>\n\t\t\t\t<\/div>\n\t\t\t\t\t<\/div>\n\t\t\t\t<\/div>\n\t\t<div class=\"elementor-element elementor-element-fb56b14 e-flex e-con-boxed wpr-particle-no wpr-jarallax-no wpr-parallax-no wpr-sticky-section-no wpr-equal-height-no e-con e-child\" data-id=\"fb56b14\" data-element_type=\"container\" data-e-type=\"container\">\n\t\t\t\t\t<div class=\"e-con-inner\">\n\t\t\t\t<div class=\"elementor-element elementor-element-2e807eec elementor-widget elementor-widget-heading\" data-id=\"2e807eec\" data-element_type=\"widget\" data-e-type=\"widget\" data-widget_type=\"heading.default\">\n\t\t\t\t<div class=\"elementor-widget-container\">\n\t\t\t\t\t<h1 class=\"elementor-heading-title elementor-size-default\">ACV Taimne loputus<\/h1>\t\t\t\t<\/div>\n\t\t\t\t<\/div>\n\t\t\t\t<div class=\"elementor-element elementor-element-625eaa60 elementor-widget elementor-widget-text-editor\" data-id=\"625eaa60\" data-element_type=\"widget\" data-e-type=\"widget\" data-widget_type=\"text-editor.default\">\n\t\t\t\t<div class=\"elementor-widget-container\">\n\t\t\t\t\t\t\t\t\tACV Rinse on valmistatud puhtalt orgaanilisest \u00f5unasiidri \u00e4\u00e4dikast ja te ei pea muretsema selle\nl\u00f5hna p\u00e4rast. See kaob, kui teie juuksed on kuivad.\n<br\/>\n\u00c4\u00e4dikas aitab sulgeda juuksekutiikulid ning pH neutraliseerib juukseid ja peanahka.\nP\u00e4rast kasutamist on teie juuksed pehmed, l\u00e4ikivad ja kuivavad palju kiiremini kui tavaliselt.\t\t\t\t\t\t\t\t<\/div>\n\t\t\t\t<\/div>\n\t\t\t\t<div class=\"elementor-element elementor-element-6c2a7a42 elementor-widget elementor-widget-button\" data-id=\"6c2a7a42\" data-element_type=\"widget\" data-e-type=\"widget\" data-widget_type=\"button.default\">\n\t\t\t\t<div class=\"elementor-widget-container\">\n\t\t\t\t\t\t\t\t\t<div class=\"elementor-button-wrapper\">\n\t\t\t\t\t<a class=\"elementor-button elementor-button-link elementor-size-sm\" href=\"https:\/\/patsid.ee\/en\/kontakt\/\">\n\t\t\t\t\t\t<span class=\"elementor-button-content-wrapper\">\n\t\t\t\t\t\t\t\t\t<span class=\"elementor-button-text\">I want this!<\/span>\n\t\t\t\t\t<\/span>\n\t\t\t\t\t<\/a>\n\t\t\t\t<\/div>\n\t\t\t\t\t\t\t\t<\/div>\n\t\t\t\t<\/div>\n\t\t\t\t\t<\/div>\n\t\t\t\t<\/div>\n\t\t\t\t\t<\/div>\n\t\t\t\t<\/div>\n\t\t<div class=\"elementor-element elementor-element-9bc5de e-flex e-con-boxed wpr-particle-no wpr-jarallax-no wpr-parallax-no wpr-sticky-section-no wpr-equal-height-no e-con e-parent\" data-id=\"9bc5de\" data-element_type=\"container\" data-e-type=\"container\" data-settings=\"{&quot;background_background&quot;:&quot;classic&quot;}\">\n\t\t\t\t\t<div class=\"e-con-inner\">\n\t\t\t\t<div class=\"elementor-element elementor-element-1cc09bc3 elementor-tabs-view-horizontal elementor-widget elementor-widget-tabs\" data-id=\"1cc09bc3\" data-element_type=\"widget\" data-e-type=\"widget\" data-widget_type=\"tabs.default\">\n\t\t\t\t<div class=\"elementor-widget-container\">\n\t\t\t\t\t\t\t<div class=\"elementor-tabs\">\n\t\t\t<div class=\"elementor-tabs-wrapper\" role=\"tablist\" >\n\t\t\t\t\t\t\t\t\t<div id=\"elementor-tab-title-4821\" class=\"elementor-tab-title elementor-tab-desktop-title\" aria-selected=\"true\" data-tab=\"1\" role=\"tab\" tabindex=\"0\" aria-controls=\"elementor-tab-content-4821\" aria-expanded=\"false\">Description<\/div>\n\t\t\t\t\t\t\t\t\t<div id=\"elementor-tab-title-4822\" class=\"elementor-tab-title elementor-tab-desktop-title\" aria-selected=\"false\" data-tab=\"2\" role=\"tab\" tabindex=\"-1\" aria-controls=\"elementor-tab-content-4822\" aria-expanded=\"false\">Ingredients<\/div>\n\t\t\t\t\t\t\t\t\t<div id=\"elementor-tab-title-4823\" class=\"elementor-tab-title elementor-tab-desktop-title\" aria-selected=\"false\" data-tab=\"3\" role=\"tab\" tabindex=\"-1\" aria-controls=\"elementor-tab-content-4823\" aria-expanded=\"false\">Instructions<\/div>\n\t\t\t\t\t\t\t<\/div>\n\t\t\t<div class=\"elementor-tabs-content-wrapper\" role=\"tablist\" aria-orientation=\"vertical\">\n\t\t\t\t\t\t\t\t\t<div class=\"elementor-tab-title elementor-tab-mobile-title\" aria-selected=\"true\" data-tab=\"1\" role=\"tab\" tabindex=\"0\" aria-controls=\"elementor-tab-content-4821\" aria-expanded=\"false\">Description<\/div>\n\t\t\t\t\t<div id=\"elementor-tab-content-4821\" class=\"elementor-tab-content elementor-clearfix\" data-tab=\"1\" role=\"tabpanel\" aria-labelledby=\"elementor-tab-title-4821\" tabindex=\"0\" hidden=\"false\"><p>ACV Rinse on valmistatud puhtalt orgaanilisest \u00f5unasiidri \u00e4\u00e4dikast ja te ei pea muretsema selle<br \/>l\u00f5hna p\u00e4rast. See kaob, kui teie juuksed on kuivad.<br \/>\u00c4\u00e4dikas aitab sulgeda juuksekutiikulid ning pH neutraliseerib juukseid ja peanahka.<br \/>P\u00e4rast kasutamist on teie juuksed pehmed, l\u00e4ikivad ja kuivavad palju kiiremini kui tavaliselt.<\/p><\/div>\n\t\t\t\t\t\t\t\t\t<div class=\"elementor-tab-title elementor-tab-mobile-title\" aria-selected=\"false\" data-tab=\"2\" role=\"tab\" tabindex=\"-1\" aria-controls=\"elementor-tab-content-4822\" aria-expanded=\"false\">Ingredients<\/div>\n\t\t\t\t\t<div id=\"elementor-tab-content-4822\" class=\"elementor-tab-content elementor-clearfix\" data-tab=\"2\" role=\"tabpanel\" aria-labelledby=\"elementor-tab-title-4822\" tabindex=\"0\" hidden=\"hidden\"><p>Naatriumvesinikkarbonaat, sidrunhape, Hamamelis Virginiana \u00f5ie (n\u00f5iapuu) vesi*, Rosmarinus<br \/>Officinalis lehtede (rosmariini) \u00f5li*, Melaleuca Alternifolia lehtede (teepuu) \u00f5li*, Limonen**,<br \/>Linalool**, (\u00f5una siidri) \u00e4\u00e4dikas*.<\/p><p>* = Orgaaniline koostisosa. ** = eeterliku \u00f5li sisaldus.<\/p><\/div>\n\t\t\t\t\t\t\t\t\t<div class=\"elementor-tab-title elementor-tab-mobile-title\" aria-selected=\"false\" data-tab=\"3\" role=\"tab\" tabindex=\"-1\" aria-controls=\"elementor-tab-content-4823\" aria-expanded=\"false\">Instructions<\/div>\n\t\t\t\t\t<div id=\"elementor-tab-content-4823\" class=\"elementor-tab-content elementor-clearfix\" data-tab=\"3\" role=\"tabpanel\" aria-labelledby=\"elementor-tab-title-4823\" tabindex=\"0\" hidden=\"hidden\"><p><strong>1. samm: &#8211;<\/strong> Kuidas kasutada s\u00fcgavpuhastavat pommi.<br \/>T\u00e4itke vann\/ kauss sooja veega ja pange Cleansing Bomb sisse.<br \/>Valige piisavalt suur vann, et k\u00f5ik teie rastapatsid mahuksid sinna t\u00e4ielikult.<br \/>Kui aine on lahustunud ja ilma t\u00fckkideta, kastke juuksed vanni ja laske neil v\u00e4hemalt 5 minutit<br \/>vees olla. Pigista v\u00e4lja mustus ja sinna kogunenud j\u00e4\u00e4gid ning loputa rohke veega.<br \/><strong>2. samm: \u2013<\/strong> kuidas kasutada ACV loputust.<br \/>T\u00fchjendage vann ja valage \u00f5unasiidri \u00e4\u00e4dikas.<br \/>*Kui soovite l\u00f5hna lisada, v\u00f5ite lisada 10 tilka teepuu\u00f5li, 20 tilka rosmariini v\u00f5i 20 tilka lavendli<br \/>eeterlikku \u00f5li. Lisa kuum vesi, kuni vann on t\u00e4is.<br \/>Laske oma juustel 3-5 minutit leotada.<br \/>Loputage rohke veega.<br \/>*L\u00f5hnaainet pole vaja lisada. \u00c4\u00e4dika l\u00f5hn kaob, kui juuksed on kuivad.<\/p><\/div>\n\t\t\t\t\t\t\t<\/div>\n\t\t<\/div>\n\t\t\t\t\t\t<\/div>\n\t\t\t\t<\/div>\n\t\t\t\t\t<\/div>\n\t\t\t\t<\/div>\n\t\t\t\t<\/div>","protected":false},"excerpt":{"rendered":"<p>ACV Taimne loputus ACV Rinse on valmistatud puhtalt orgaanilisest \u00f5unasiidri \u00e4\u00e4dikast ja te ei pea muretsema selle l\u00f5hna p\u00e4rast. See kaob, kui teie juuksed on kuivad. \u00c4\u00e4dikas aitab sulgeda juuksekutiikulid ning pH neutraliseerib juukseid ja peanahka. P\u00e4rast kasutamist on teie juuksed pehmed, l\u00e4ikivad ja kuivavad palju kiiremini kui tavaliselt. K\u00fcsi toodet Tootekirjeldus Koostisosad Kasutusjuhend Tootekirjeldus ACV Rinse on valmistatud puhtalt orgaanilisest \u00f5unasiidri \u00e4\u00e4dikast ja te ei pea muretsema sellel\u00f5hna p\u00e4rast. See kaob, kui teie juuksed on kuivad.\u00c4\u00e4dikas aitab sulgeda juuksekutiikulid ning pH neutraliseerib juukseid ja peanahka.P\u00e4rast kasutamist on teie juuksed pehmed, l\u00e4ikivad ja kuivavad palju kiiremini kui tavaliselt. Koostisosad Naatriumvesinikkarbonaat, sidrunhape, Hamamelis Virginiana \u00f5ie (n\u00f5iapuu) vesi*, RosmarinusOfficinalis lehtede (rosmariini) \u00f5li*, Melaleuca Alternifolia lehtede (teepuu) \u00f5li*, Limonen**,Linalool**, (\u00f5una siidri) \u00e4\u00e4dikas*. * = Orgaaniline koostisosa. ** = eeterliku \u00f5li sisaldus. Kasutusjuhend 1. samm: &#8211; Kuidas kasutada s\u00fcgavpuhastavat pommi.T\u00e4itke vann\/ kauss sooja veega ja pange Cleansing Bomb sisse.Valige piisavalt suur vann, et k\u00f5ik teie rastapatsid mahuksid sinna t\u00e4ielikult.Kui aine on lahustunud ja ilma t\u00fckkideta, kastke juuksed vanni ja laske neil v\u00e4hemalt 5 minutitvees olla. Pigista v\u00e4lja mustus ja sinna kogunenud j\u00e4\u00e4gid ning loputa rohke veega.2. samm: \u2013 kuidas kasutada ACV loputust.T\u00fchjendage vann ja valage \u00f5unasiidri \u00e4\u00e4dikas.*Kui soovite l\u00f5hna lisada, v\u00f5ite lisada 10 tilka teepuu\u00f5li, 20 tilka rosmariini v\u00f5i 20 tilka lavendlieeterlikku \u00f5li. Lisa kuum vesi, kuni vann on t\u00e4is.Laske oma juustel 3-5 minutit leotada.Loputage rohke veega.*L\u00f5hnaainet pole vaja lisada. \u00c4\u00e4dika l\u00f5hn kaob, kui juuksed on kuivad.<\/p>","protected":false},"author":2,"featured_media":0,"parent":0,"menu_order":0,"comment_status":"closed","ping_status":"closed","template":"","meta":{"site-sidebar-layout":"no-sidebar","site-content-layout":"page-builder","ast-site-content-layout":"full-width-container","site-content-style":"default","site-sidebar-style":"default","ast-global-header-display":"","ast-banner-title-visibility":"","ast-main-header-display":"","ast-hfb-above-header-display":"","ast-hfb-below-header-display":"","ast-hfb-mobile-header-display":"","site-post-title":"disabled","ast-breadcrumbs-content":"","ast-featured-img":"disabled","footer-sml-layout":"","ast-disable-related-posts":"","theme-transparent-header-meta":"","adv-header-id-meta":"","stick-header-meta":"","header-above-stick-meta":"","header-main-stick-meta":"","header-below-stick-meta":"","astra-migrate-meta-layouts":"set","ast-page-background-enabled":"default","ast-page-background-meta":{"desktop":{"background-color":"","background-image":"","background-repeat":"repeat","background-position":"center center","background-size":"auto","background-attachment":"scroll","background-type":"","background-media":"","overlay-type":"","overlay-color":"","overlay-opacity":"","overlay-gradient":""},"tablet":{"background-color":"","background-image":"","background-repeat":"repeat","background-position":"center center","background-size":"auto","background-attachment":"scroll","background-type":"","background-media":"","overlay-type":"","overlay-color":"","overlay-opacity":"","overlay-gradient":""},"mobile":{"background-color":"","background-image":"","background-repeat":"repeat","background-position":"center center","background-size":"auto","background-attachment":"scroll","background-type":"","background-media":"","overlay-type":"","overlay-color":"","overlay-opacity":"","overlay-gradient":""}},"ast-content-background-meta":{"desktop":{"background-color":"var(--ast-global-color-5)","background-image":"","background-repeat":"repeat","background-position":"center center","background-size":"auto","background-attachment":"scroll","background-type":"","background-media":"","overlay-type":"","overlay-color":"","overlay-opacity":"","overlay-gradient":""},"tablet":{"background-color":"var(--ast-global-color-5)","background-image":"","background-repeat":"repeat","background-position":"center center","background-size":"auto","background-attachment":"scroll","background-type":"","background-media":"","overlay-type":"","overlay-color":"","overlay-opacity":"","overlay-gradient":""},"mobile":{"background-color":"var(--ast-global-color-5)","background-image":"","background-repeat":"repeat","background-position":"center center","background-size":"auto","background-attachment":"scroll","background-type":"","background-media":"","overlay-type":"","overlay-color":"","overlay-opacity":"","overlay-gradient":""}},"iawp_total_views":20,"footnotes":""},"class_list":["post-2595","page","type-page","status-publish","hentry"],"yoast_head":"<!-- This site is optimized with the Yoast SEO plugin v27.3 - https:\/\/yoast.com\/product\/yoast-seo-wordpress\/ -->\n<title>ACV Taimne loputus | patsid.ee<\/title>\n<meta name=\"description\" content=\"ACV Rinse on valmistatud puhtalt orgaanilisest \u00f5unasiidri \u00e4\u00e4dikast ja te ei pea muretsema selle l\u00f5hna p\u00e4rast.\" \/>\n<meta name=\"robots\" content=\"index, follow, max-snippet:-1, max-image-preview:large, max-video-preview:-1\" \/>\n<link rel=\"canonical\" href=\"https:\/\/patsid.ee\/en\/acv-taimne-loputus\/\" \/>\n<meta property=\"og:locale\" content=\"en_US\" \/>\n<meta property=\"og:type\" content=\"article\" \/>\n<meta property=\"og:title\" content=\"ACV Taimne loputus | patsid.ee\" \/>\n<meta property=\"og:description\" content=\"ACV Rinse on valmistatud puhtalt orgaanilisest \u00f5unasiidri \u00e4\u00e4dikast ja te ei pea muretsema selle l\u00f5hna p\u00e4rast.\" \/>\n<meta property=\"og:url\" content=\"https:\/\/patsid.ee\/en\/acv-taimne-loputus\/\" \/>\n<meta property=\"og:site_name\" content=\"patsid.ee\" \/>\n<meta property=\"article:publisher\" content=\"https:\/\/www.facebook.com\/rastadehooldus\" \/>\n<meta property=\"article:modified_time\" content=\"2025-06-07T09:09:45+00:00\" \/>\n<meta property=\"og:image\" content=\"https:\/\/patsid.ee\/wp-content\/uploads\/2024\/02\/IMG_1126.jpg\" \/>\n<meta name=\"twitter:card\" content=\"summary_large_image\" \/>\n<meta name=\"twitter:label1\" content=\"Est. reading time\" \/>\n\t<meta name=\"twitter:data1\" content=\"3 minutes\" \/>\n<script type=\"application\/ld+json\" class=\"yoast-schema-graph\">{\"@context\":\"https:\\\/\\\/schema.org\",\"@graph\":[{\"@type\":\"WebPage\",\"@id\":\"https:\\\/\\\/patsid.ee\\\/acv-taimne-loputus\\\/\",\"url\":\"https:\\\/\\\/patsid.ee\\\/acv-taimne-loputus\\\/\",\"name\":\"ACV Taimne loputus | patsid.ee\",\"isPartOf\":{\"@id\":\"https:\\\/\\\/patsid.ee\\\/#website\"},\"primaryImageOfPage\":{\"@id\":\"https:\\\/\\\/patsid.ee\\\/acv-taimne-loputus\\\/#primaryimage\"},\"image\":{\"@id\":\"https:\\\/\\\/patsid.ee\\\/acv-taimne-loputus\\\/#primaryimage\"},\"thumbnailUrl\":\"https:\\\/\\\/patsid.ee\\\/wp-content\\\/uploads\\\/2024\\\/02\\\/IMG_1126.jpg\",\"datePublished\":\"2024-02-17T11:17:54+00:00\",\"dateModified\":\"2025-06-07T09:09:45+00:00\",\"description\":\"ACV Rinse on valmistatud puhtalt orgaanilisest \u00f5unasiidri \u00e4\u00e4dikast ja te ei pea muretsema selle l\u00f5hna p\u00e4rast.\",\"breadcrumb\":{\"@id\":\"https:\\\/\\\/patsid.ee\\\/acv-taimne-loputus\\\/#breadcrumb\"},\"inLanguage\":\"en-US\",\"potentialAction\":[{\"@type\":\"ReadAction\",\"target\":[\"https:\\\/\\\/patsid.ee\\\/acv-taimne-loputus\\\/\"]}]},{\"@type\":\"ImageObject\",\"inLanguage\":\"en-US\",\"@id\":\"https:\\\/\\\/patsid.ee\\\/acv-taimne-loputus\\\/#primaryimage\",\"url\":\"https:\\\/\\\/patsid.ee\\\/wp-content\\\/uploads\\\/2024\\\/02\\\/IMG_1126.jpg\",\"contentUrl\":\"https:\\\/\\\/patsid.ee\\\/wp-content\\\/uploads\\\/2024\\\/02\\\/IMG_1126.jpg\"},{\"@type\":\"BreadcrumbList\",\"@id\":\"https:\\\/\\\/patsid.ee\\\/acv-taimne-loputus\\\/#breadcrumb\",\"itemListElement\":[{\"@type\":\"ListItem\",\"position\":1,\"name\":\"Home\",\"item\":\"https:\\\/\\\/patsid.ee\\\/\"},{\"@type\":\"ListItem\",\"position\":2,\"name\":\"ACV Taimne loputus\"}]},{\"@type\":\"WebSite\",\"@id\":\"https:\\\/\\\/patsid.ee\\\/#website\",\"url\":\"https:\\\/\\\/patsid.ee\\\/\",\"name\":\"RAP Rastade hooldus\",\"description\":\"Afropatsid, lokipatsid ja rastapatsid \u2014 teenused, kursused ja e-pood\",\"publisher\":{\"@id\":\"https:\\\/\\\/patsid.ee\\\/#organization\"},\"potentialAction\":[{\"@type\":\"SearchAction\",\"target\":{\"@type\":\"EntryPoint\",\"urlTemplate\":\"https:\\\/\\\/patsid.ee\\\/?s={search_term_string}\"},\"query-input\":{\"@type\":\"PropertyValueSpecification\",\"valueRequired\":true,\"valueName\":\"search_term_string\"}}],\"inLanguage\":\"en-US\"},{\"@type\":\"Organization\",\"@id\":\"https:\\\/\\\/patsid.ee\\\/#organization\",\"name\":\"RAP Rastade hooldus\",\"url\":\"https:\\\/\\\/patsid.ee\\\/\",\"logo\":{\"@type\":\"ImageObject\",\"inLanguage\":\"en-US\",\"@id\":\"https:\\\/\\\/patsid.ee\\\/#\\\/schema\\\/logo\\\/image\\\/\",\"url\":\"https:\\\/\\\/patsid.ee\\\/wp-content\\\/uploads\\\/2025\\\/08\\\/cropped-5.png\",\"contentUrl\":\"https:\\\/\\\/patsid.ee\\\/wp-content\\\/uploads\\\/2025\\\/08\\\/cropped-5.png\",\"width\":500,\"height\":500,\"caption\":\"RAP Rastade hooldus\"},\"image\":{\"@id\":\"https:\\\/\\\/patsid.ee\\\/#\\\/schema\\\/logo\\\/image\\\/\"},\"sameAs\":[\"https:\\\/\\\/www.facebook.com\\\/rastadehooldus\",\"https:\\\/\\\/www.instagram.com\\\/raprastadafrodpunutised\\\/\"]}]}<\/script>\n<!-- \/ Yoast SEO plugin. -->","yoast_head_json":{"title":"ACV Taimne loputus | patsid.ee","description":"ACV Rinse on valmistatud puhtalt orgaanilisest \u00f5unasiidri \u00e4\u00e4dikast ja te ei pea muretsema selle l\u00f5hna p\u00e4rast.","robots":{"index":"index","follow":"follow","max-snippet":"max-snippet:-1","max-image-preview":"max-image-preview:large","max-video-preview":"max-video-preview:-1"},"canonical":"https:\/\/patsid.ee\/en\/acv-taimne-loputus\/","og_locale":"en_US","og_type":"article","og_title":"ACV Taimne loputus | patsid.ee","og_description":"ACV Rinse on valmistatud puhtalt orgaanilisest \u00f5unasiidri \u00e4\u00e4dikast ja te ei pea muretsema selle l\u00f5hna p\u00e4rast.","og_url":"https:\/\/patsid.ee\/en\/acv-taimne-loputus\/","og_site_name":"patsid.ee","article_publisher":"https:\/\/www.facebook.com\/rastadehooldus","article_modified_time":"2025-06-07T09:09:45+00:00","og_image":[{"url":"https:\/\/patsid.ee\/wp-content\/uploads\/2024\/02\/IMG_1126.jpg","type":"","width":"","height":""}],"twitter_card":"summary_large_image","twitter_misc":{"Est. reading time":"3 minutes"},"schema":{"@context":"https:\/\/schema.org","@graph":[{"@type":"WebPage","@id":"https:\/\/patsid.ee\/acv-taimne-loputus\/","url":"https:\/\/patsid.ee\/acv-taimne-loputus\/","name":"ACV Taimne loputus | patsid.ee","isPartOf":{"@id":"https:\/\/patsid.ee\/#website"},"primaryImageOfPage":{"@id":"https:\/\/patsid.ee\/acv-taimne-loputus\/#primaryimage"},"image":{"@id":"https:\/\/patsid.ee\/acv-taimne-loputus\/#primaryimage"},"thumbnailUrl":"https:\/\/patsid.ee\/wp-content\/uploads\/2024\/02\/IMG_1126.jpg","datePublished":"2024-02-17T11:17:54+00:00","dateModified":"2025-06-07T09:09:45+00:00","description":"ACV Rinse on valmistatud puhtalt orgaanilisest \u00f5unasiidri \u00e4\u00e4dikast ja te ei pea muretsema selle l\u00f5hna p\u00e4rast.","breadcrumb":{"@id":"https:\/\/patsid.ee\/acv-taimne-loputus\/#breadcrumb"},"inLanguage":"en-US","potentialAction":[{"@type":"ReadAction","target":["https:\/\/patsid.ee\/acv-taimne-loputus\/"]}]},{"@type":"ImageObject","inLanguage":"en-US","@id":"https:\/\/patsid.ee\/acv-taimne-loputus\/#primaryimage","url":"https:\/\/patsid.ee\/wp-content\/uploads\/2024\/02\/IMG_1126.jpg","contentUrl":"https:\/\/patsid.ee\/wp-content\/uploads\/2024\/02\/IMG_1126.jpg"},{"@type":"BreadcrumbList","@id":"https:\/\/patsid.ee\/acv-taimne-loputus\/#breadcrumb","itemListElement":[{"@type":"ListItem","position":1,"name":"Home","item":"https:\/\/patsid.ee\/"},{"@type":"ListItem","position":2,"name":"ACV Taimne loputus"}]},{"@type":"WebSite","@id":"https:\/\/patsid.ee\/#website","url":"https:\/\/patsid.ee\/","name":"RAP Rastade hooldus","description":"Afropatsid, lokipatsid ja rastapatsid \u2014 teenused, kursused ja e-pood","publisher":{"@id":"https:\/\/patsid.ee\/#organization"},"potentialAction":[{"@type":"SearchAction","target":{"@type":"EntryPoint","urlTemplate":"https:\/\/patsid.ee\/?s={search_term_string}"},"query-input":{"@type":"PropertyValueSpecification","valueRequired":true,"valueName":"search_term_string"}}],"inLanguage":"en-US"},{"@type":"Organization","@id":"https:\/\/patsid.ee\/#organization","name":"RAP Rastade hooldus","url":"https:\/\/patsid.ee\/","logo":{"@type":"ImageObject","inLanguage":"en-US","@id":"https:\/\/patsid.ee\/#\/schema\/logo\/image\/","url":"https:\/\/patsid.ee\/wp-content\/uploads\/2025\/08\/cropped-5.png","contentUrl":"https:\/\/patsid.ee\/wp-content\/uploads\/2025\/08\/cropped-5.png","width":500,"height":500,"caption":"RAP Rastade hooldus"},"image":{"@id":"https:\/\/patsid.ee\/#\/schema\/logo\/image\/"},"sameAs":["https:\/\/www.facebook.com\/rastadehooldus","https:\/\/www.instagram.com\/raprastadafrodpunutised\/"]}]}},"_links":{"self":[{"href":"https:\/\/patsid.ee\/en\/wp-json\/wp\/v2\/pages\/2595","targetHints":{"allow":["GET"]}}],"collection":[{"href":"https:\/\/patsid.ee\/en\/wp-json\/wp\/v2\/pages"}],"about":[{"href":"https:\/\/patsid.ee\/en\/wp-json\/wp\/v2\/types\/page"}],"author":[{"embeddable":true,"href":"https:\/\/patsid.ee\/en\/wp-json\/wp\/v2\/users\/2"}],"replies":[{"embeddable":true,"href":"https:\/\/patsid.ee\/en\/wp-json\/wp\/v2\/comments?post=2595"}],"version-history":[{"count":10,"href":"https:\/\/patsid.ee\/en\/wp-json\/wp\/v2\/pages\/2595\/revisions"}],"predecessor-version":[{"id":3574,"href":"https:\/\/patsid.ee\/en\/wp-json\/wp\/v2\/pages\/2595\/revisions\/3574"}],"wp:attachment":[{"href":"https:\/\/patsid.ee\/en\/wp-json\/wp\/v2\/media?parent=2595"}],"curies":[{"name":"wp","href":"https:\/\/api.w.org\/{rel}","templated":true}]}}