{"id":1973,"date":"2024-01-12T14:47:36","date_gmt":"2024-01-12T14:47:36","guid":{"rendered":"https:\/\/patsid.ee\/?page_id=1973"},"modified":"2025-06-07T09:24:38","modified_gmt":"2025-06-07T09:24:38","slug":"tehtud-tood","status":"publish","type":"page","link":"https:\/\/patsid.ee\/en\/tehtud-tood\/","title":{"rendered":"Completed work"},"content":{"rendered":"<div data-elementor-type=\"wp-page\" data-elementor-id=\"1973\" class=\"elementor elementor-1973\">\n\t\t\t\t<div class=\"elementor-element elementor-element-95d5a05 e-flex e-con-boxed wpr-particle-no wpr-jarallax-no wpr-parallax-no wpr-sticky-section-no wpr-equal-height-no elementor-invisible e-con e-parent\" data-id=\"95d5a05\" data-element_type=\"container\" data-e-type=\"container\" data-settings=\"{&quot;background_background&quot;:&quot;classic&quot;,&quot;animation&quot;:&quot;slideInDown&quot;}\">\n\t\t\t\t\t<div class=\"e-con-inner\">\n\t\t\t\t<div class=\"elementor-element elementor-element-e59b125 elementor-widget elementor-widget-heading\" data-id=\"e59b125\" data-element_type=\"widget\" data-e-type=\"widget\" data-widget_type=\"heading.default\">\n\t\t\t\t<div class=\"elementor-widget-container\">\n\t\t\t\t\t<h2 class=\"elementor-heading-title elementor-size-default\">Completed work<\/h2>\t\t\t\t<\/div>\n\t\t\t\t<\/div>\n\t\t\t\t\t<\/div>\n\t\t\t\t<\/div>\n\t\t<div class=\"elementor-element elementor-element-852f95d e-flex e-con-boxed wpr-particle-no wpr-jarallax-no wpr-parallax-no wpr-sticky-section-no wpr-equal-height-no e-con e-parent\" data-id=\"852f95d\" data-element_type=\"container\" data-e-type=\"container\" data-settings=\"{&quot;background_background&quot;:&quot;classic&quot;}\">\n\t\t\t\t\t<div class=\"e-con-inner\">\n\t\t<div class=\"elementor-element elementor-element-f6eefcf e-con-full e-flex wpr-particle-no wpr-jarallax-no wpr-parallax-no wpr-sticky-section-no wpr-equal-height-no e-con e-child\" data-id=\"f6eefcf\" data-element_type=\"container\" data-e-type=\"container\">\n\t\t\t\t<div class=\"elementor-element elementor-element-e1eae4f elementor-invisible elementor-widget elementor-widget-heading\" data-id=\"e1eae4f\" data-element_type=\"widget\" data-e-type=\"widget\" data-settings=\"{&quot;_animation&quot;:&quot;slideInRight&quot;,&quot;_animation_delay&quot;:6}\" data-widget_type=\"heading.default\">\n\t\t\t\t<div class=\"elementor-widget-container\">\n\t\t\t\t\t<h1 class=\"elementor-heading-title elementor-size-default\">patsid.ee<\/h1>\t\t\t\t<\/div>\n\t\t\t\t<\/div>\n\t\t\t\t<\/div>\n\t\t<div class=\"elementor-element elementor-element-921bcfc e-con-full e-flex wpr-particle-no wpr-jarallax-no wpr-parallax-no wpr-sticky-section-no wpr-equal-height-no e-con e-child\" data-id=\"921bcfc\" data-element_type=\"container\" data-e-type=\"container\">\n\t\t\t\t<div class=\"elementor-element elementor-element-4902831 elementor-invisible elementor-widget elementor-widget-image\" data-id=\"4902831\" data-element_type=\"widget\" data-e-type=\"widget\" data-settings=\"{&quot;_animation&quot;:&quot;slideInRight&quot;,&quot;_animation_delay&quot;:6}\" data-widget_type=\"image.default\">\n\t\t\t\t<div class=\"elementor-widget-container\">\n\t\t\t\t\t\t\t\t\t\t\t\t\t\t\t<img fetchpriority=\"high\" decoding=\"async\" width=\"300\" height=\"300\" src=\"https:\/\/patsid.ee\/wp-content\/uploads\/2024\/01\/Untitled-design-30-300x300.png\" class=\"attachment-medium size-medium wp-image-1894\" alt=\"Logo\" srcset=\"https:\/\/patsid.ee\/wp-content\/uploads\/2024\/01\/Untitled-design-30-300x300.png 300w, https:\/\/patsid.ee\/wp-content\/uploads\/2024\/01\/Untitled-design-30-100x100.png 100w, https:\/\/patsid.ee\/wp-content\/uploads\/2024\/01\/Untitled-design-30-150x150.png 150w, https:\/\/patsid.ee\/wp-content\/uploads\/2024\/01\/Untitled-design-30-12x12.png 12w, https:\/\/patsid.ee\/wp-content\/uploads\/2024\/01\/Untitled-design-30-160x160.png 160w, https:\/\/patsid.ee\/wp-content\/uploads\/2024\/01\/Untitled-design-30.png 500w\" sizes=\"(max-width: 300px) 100vw, 300px\" \/>\t\t\t\t\t\t\t\t\t\t\t\t\t\t\t<\/div>\n\t\t\t\t<\/div>\n\t\t\t\t<\/div>\n\t\t\t\t\t<\/div>\n\t\t\t\t<\/div>\n\t\t\t\t<\/div>","protected":false},"excerpt":{"rendered":"<p>Tehtud t\u00f6\u00f6d patsid.ee<\/p>","protected":false},"author":1,"featured_media":0,"parent":0,"menu_order":0,"comment_status":"closed","ping_status":"closed","template":"","meta":{"site-sidebar-layout":"no-sidebar","site-content-layout":"page-builder","ast-site-content-layout":"full-width-container","site-content-style":"unboxed","site-sidebar-style":"unboxed","ast-global-header-display":"","ast-banner-title-visibility":"","ast-main-header-display":"","ast-hfb-above-header-display":"","ast-hfb-below-header-display":"","ast-hfb-mobile-header-display":"","site-post-title":"disabled","ast-breadcrumbs-content":"","ast-featured-img":"disabled","footer-sml-layout":"","ast-disable-related-posts":"","theme-transparent-header-meta":"enabled","adv-header-id-meta":"","stick-header-meta":"","header-above-stick-meta":"","header-main-stick-meta":"","header-below-stick-meta":"","astra-migrate-meta-layouts":"set","ast-page-background-enabled":"default","ast-page-background-meta":{"desktop":{"background-color":"","background-image":"","background-repeat":"repeat","background-position":"center center","background-size":"auto","background-attachment":"scroll","background-type":"","background-media":"","overlay-type":"","overlay-color":"","overlay-opacity":"","overlay-gradient":""},"tablet":{"background-color":"","background-image":"","background-repeat":"repeat","background-position":"center center","background-size":"auto","background-attachment":"scroll","background-type":"","background-media":"","overlay-type":"","overlay-color":"","overlay-opacity":"","overlay-gradient":""},"mobile":{"background-color":"","background-image":"","background-repeat":"repeat","background-position":"center center","background-size":"auto","background-attachment":"scroll","background-type":"","background-media":"","overlay-type":"","overlay-color":"","overlay-opacity":"","overlay-gradient":""}},"ast-content-background-meta":{"desktop":{"background-color":"var(--ast-global-color-5)","background-image":"","background-repeat":"repeat","background-position":"center center","background-size":"auto","background-attachment":"scroll","background-type":"","background-media":"","overlay-type":"","overlay-color":"","overlay-opacity":"","overlay-gradient":""},"tablet":{"background-color":"var(--ast-global-color-5)","background-image":"","background-repeat":"repeat","background-position":"center center","background-size":"auto","background-attachment":"scroll","background-type":"","background-media":"","overlay-type":"","overlay-color":"","overlay-opacity":"","overlay-gradient":""},"mobile":{"background-color":"var(--ast-global-color-5)","background-image":"","background-repeat":"repeat","background-position":"center center","background-size":"auto","background-attachment":"scroll","background-type":"","background-media":"","overlay-type":"","overlay-color":"","overlay-opacity":"","overlay-gradient":""}},"iawp_total_views":398,"footnotes":""},"class_list":["post-1973","page","type-page","status-publish","hentry"],"yoast_head":"<!-- This site is optimized with the Yoast SEO plugin v27.3 - https:\/\/yoast.com\/product\/yoast-seo-wordpress\/ -->\n<title>Tehtud t\u00f6\u00f6d | patsid.ee<\/title>\n<meta name=\"robots\" content=\"index, follow, max-snippet:-1, max-image-preview:large, max-video-preview:-1\" \/>\n<link rel=\"canonical\" href=\"https:\/\/patsid.ee\/en\/tehtud-tood\/\" \/>\n<meta property=\"og:locale\" content=\"en_US\" \/>\n<meta property=\"og:type\" content=\"article\" \/>\n<meta property=\"og:title\" content=\"Tehtud t\u00f6\u00f6d | patsid.ee\" \/>\n<meta property=\"og:description\" content=\"Tehtud t\u00f6\u00f6d patsid.ee\" \/>\n<meta property=\"og:url\" content=\"https:\/\/patsid.ee\/en\/tehtud-tood\/\" \/>\n<meta property=\"og:site_name\" content=\"patsid.ee\" \/>\n<meta property=\"article:publisher\" content=\"https:\/\/www.facebook.com\/rastadehooldus\" \/>\n<meta property=\"article:modified_time\" content=\"2025-06-07T09:24:38+00:00\" \/>\n<meta property=\"og:image\" content=\"https:\/\/patsid.ee\/wp-content\/uploads\/2024\/01\/Untitled-design-30-160x160.png\" \/>\n<meta name=\"twitter:card\" content=\"summary_large_image\" \/>\n<meta name=\"twitter:label1\" content=\"Est. reading time\" \/>\n\t<meta name=\"twitter:data1\" content=\"1 minute\" \/>\n<script type=\"application\/ld+json\" class=\"yoast-schema-graph\">{\"@context\":\"https:\\\/\\\/schema.org\",\"@graph\":[{\"@type\":\"WebPage\",\"@id\":\"https:\\\/\\\/patsid.ee\\\/tehtud-tood\\\/\",\"url\":\"https:\\\/\\\/patsid.ee\\\/tehtud-tood\\\/\",\"name\":\"Tehtud t\u00f6\u00f6d | patsid.ee\",\"isPartOf\":{\"@id\":\"https:\\\/\\\/patsid.ee\\\/#website\"},\"primaryImageOfPage\":{\"@id\":\"https:\\\/\\\/patsid.ee\\\/tehtud-tood\\\/#primaryimage\"},\"image\":{\"@id\":\"https:\\\/\\\/patsid.ee\\\/tehtud-tood\\\/#primaryimage\"},\"thumbnailUrl\":\"https:\\\/\\\/patsid.ee\\\/wp-content\\\/uploads\\\/2024\\\/01\\\/Untitled-design-30-160x160.png\",\"datePublished\":\"2024-01-12T14:47:36+00:00\",\"dateModified\":\"2025-06-07T09:24:38+00:00\",\"breadcrumb\":{\"@id\":\"https:\\\/\\\/patsid.ee\\\/tehtud-tood\\\/#breadcrumb\"},\"inLanguage\":\"en-US\",\"potentialAction\":[{\"@type\":\"ReadAction\",\"target\":[\"https:\\\/\\\/patsid.ee\\\/tehtud-tood\\\/\"]}]},{\"@type\":\"ImageObject\",\"inLanguage\":\"en-US\",\"@id\":\"https:\\\/\\\/patsid.ee\\\/tehtud-tood\\\/#primaryimage\",\"url\":\"https:\\\/\\\/patsid.ee\\\/wp-content\\\/uploads\\\/2024\\\/01\\\/Untitled-design-30-160x160.png\",\"contentUrl\":\"https:\\\/\\\/patsid.ee\\\/wp-content\\\/uploads\\\/2024\\\/01\\\/Untitled-design-30-160x160.png\"},{\"@type\":\"BreadcrumbList\",\"@id\":\"https:\\\/\\\/patsid.ee\\\/tehtud-tood\\\/#breadcrumb\",\"itemListElement\":[{\"@type\":\"ListItem\",\"position\":1,\"name\":\"Home\",\"item\":\"https:\\\/\\\/patsid.ee\\\/\"},{\"@type\":\"ListItem\",\"position\":2,\"name\":\"Tehtud t\u00f6\u00f6d\"}]},{\"@type\":\"WebSite\",\"@id\":\"https:\\\/\\\/patsid.ee\\\/#website\",\"url\":\"https:\\\/\\\/patsid.ee\\\/\",\"name\":\"RAP Rastade hooldus\",\"description\":\"Afropatsid, lokipatsid ja rastapatsid \u2014 teenused, kursused ja e-pood\",\"publisher\":{\"@id\":\"https:\\\/\\\/patsid.ee\\\/#organization\"},\"potentialAction\":[{\"@type\":\"SearchAction\",\"target\":{\"@type\":\"EntryPoint\",\"urlTemplate\":\"https:\\\/\\\/patsid.ee\\\/?s={search_term_string}\"},\"query-input\":{\"@type\":\"PropertyValueSpecification\",\"valueRequired\":true,\"valueName\":\"search_term_string\"}}],\"inLanguage\":\"en-US\"},{\"@type\":\"Organization\",\"@id\":\"https:\\\/\\\/patsid.ee\\\/#organization\",\"name\":\"RAP Rastade hooldus\",\"url\":\"https:\\\/\\\/patsid.ee\\\/\",\"logo\":{\"@type\":\"ImageObject\",\"inLanguage\":\"en-US\",\"@id\":\"https:\\\/\\\/patsid.ee\\\/#\\\/schema\\\/logo\\\/image\\\/\",\"url\":\"https:\\\/\\\/patsid.ee\\\/wp-content\\\/uploads\\\/2025\\\/08\\\/cropped-5.png\",\"contentUrl\":\"https:\\\/\\\/patsid.ee\\\/wp-content\\\/uploads\\\/2025\\\/08\\\/cropped-5.png\",\"width\":500,\"height\":500,\"caption\":\"RAP Rastade hooldus\"},\"image\":{\"@id\":\"https:\\\/\\\/patsid.ee\\\/#\\\/schema\\\/logo\\\/image\\\/\"},\"sameAs\":[\"https:\\\/\\\/www.facebook.com\\\/rastadehooldus\",\"https:\\\/\\\/www.instagram.com\\\/raprastadafrodpunutised\\\/\"]}]}<\/script>\n<!-- \/ Yoast SEO plugin. -->","yoast_head_json":{"title":"Tehtud t\u00f6\u00f6d | patsid.ee","robots":{"index":"index","follow":"follow","max-snippet":"max-snippet:-1","max-image-preview":"max-image-preview:large","max-video-preview":"max-video-preview:-1"},"canonical":"https:\/\/patsid.ee\/en\/tehtud-tood\/","og_locale":"en_US","og_type":"article","og_title":"Tehtud t\u00f6\u00f6d | patsid.ee","og_description":"Tehtud t\u00f6\u00f6d patsid.ee","og_url":"https:\/\/patsid.ee\/en\/tehtud-tood\/","og_site_name":"patsid.ee","article_publisher":"https:\/\/www.facebook.com\/rastadehooldus","article_modified_time":"2025-06-07T09:24:38+00:00","og_image":[{"url":"https:\/\/patsid.ee\/wp-content\/uploads\/2024\/01\/Untitled-design-30-160x160.png","type":"","width":"","height":""}],"twitter_card":"summary_large_image","twitter_misc":{"Est. reading time":"1 minute"},"schema":{"@context":"https:\/\/schema.org","@graph":[{"@type":"WebPage","@id":"https:\/\/patsid.ee\/tehtud-tood\/","url":"https:\/\/patsid.ee\/tehtud-tood\/","name":"Tehtud t\u00f6\u00f6d | patsid.ee","isPartOf":{"@id":"https:\/\/patsid.ee\/#website"},"primaryImageOfPage":{"@id":"https:\/\/patsid.ee\/tehtud-tood\/#primaryimage"},"image":{"@id":"https:\/\/patsid.ee\/tehtud-tood\/#primaryimage"},"thumbnailUrl":"https:\/\/patsid.ee\/wp-content\/uploads\/2024\/01\/Untitled-design-30-160x160.png","datePublished":"2024-01-12T14:47:36+00:00","dateModified":"2025-06-07T09:24:38+00:00","breadcrumb":{"@id":"https:\/\/patsid.ee\/tehtud-tood\/#breadcrumb"},"inLanguage":"en-US","potentialAction":[{"@type":"ReadAction","target":["https:\/\/patsid.ee\/tehtud-tood\/"]}]},{"@type":"ImageObject","inLanguage":"en-US","@id":"https:\/\/patsid.ee\/tehtud-tood\/#primaryimage","url":"https:\/\/patsid.ee\/wp-content\/uploads\/2024\/01\/Untitled-design-30-160x160.png","contentUrl":"https:\/\/patsid.ee\/wp-content\/uploads\/2024\/01\/Untitled-design-30-160x160.png"},{"@type":"BreadcrumbList","@id":"https:\/\/patsid.ee\/tehtud-tood\/#breadcrumb","itemListElement":[{"@type":"ListItem","position":1,"name":"Home","item":"https:\/\/patsid.ee\/"},{"@type":"ListItem","position":2,"name":"Tehtud t\u00f6\u00f6d"}]},{"@type":"WebSite","@id":"https:\/\/patsid.ee\/#website","url":"https:\/\/patsid.ee\/","name":"RAP Rastade hooldus","description":"Afropatsid, lokipatsid ja rastapatsid \u2014 teenused, kursused ja e-pood","publisher":{"@id":"https:\/\/patsid.ee\/#organization"},"potentialAction":[{"@type":"SearchAction","target":{"@type":"EntryPoint","urlTemplate":"https:\/\/patsid.ee\/?s={search_term_string}"},"query-input":{"@type":"PropertyValueSpecification","valueRequired":true,"valueName":"search_term_string"}}],"inLanguage":"en-US"},{"@type":"Organization","@id":"https:\/\/patsid.ee\/#organization","name":"RAP Rastade hooldus","url":"https:\/\/patsid.ee\/","logo":{"@type":"ImageObject","inLanguage":"en-US","@id":"https:\/\/patsid.ee\/#\/schema\/logo\/image\/","url":"https:\/\/patsid.ee\/wp-content\/uploads\/2025\/08\/cropped-5.png","contentUrl":"https:\/\/patsid.ee\/wp-content\/uploads\/2025\/08\/cropped-5.png","width":500,"height":500,"caption":"RAP Rastade hooldus"},"image":{"@id":"https:\/\/patsid.ee\/#\/schema\/logo\/image\/"},"sameAs":["https:\/\/www.facebook.com\/rastadehooldus","https:\/\/www.instagram.com\/raprastadafrodpunutised\/"]}]}},"_links":{"self":[{"href":"https:\/\/patsid.ee\/en\/wp-json\/wp\/v2\/pages\/1973","targetHints":{"allow":["GET"]}}],"collection":[{"href":"https:\/\/patsid.ee\/en\/wp-json\/wp\/v2\/pages"}],"about":[{"href":"https:\/\/patsid.ee\/en\/wp-json\/wp\/v2\/types\/page"}],"author":[{"embeddable":true,"href":"https:\/\/patsid.ee\/en\/wp-json\/wp\/v2\/users\/1"}],"replies":[{"embeddable":true,"href":"https:\/\/patsid.ee\/en\/wp-json\/wp\/v2\/comments?post=1973"}],"version-history":[{"count":5,"href":"https:\/\/patsid.ee\/en\/wp-json\/wp\/v2\/pages\/1973\/revisions"}],"predecessor-version":[{"id":3593,"href":"https:\/\/patsid.ee\/en\/wp-json\/wp\/v2\/pages\/1973\/revisions\/3593"}],"wp:attachment":[{"href":"https:\/\/patsid.ee\/en\/wp-json\/wp\/v2\/media?parent=1973"}],"curies":[{"name":"wp","href":"https:\/\/api.w.org\/{rel}","templated":true}]}}